{"id":506,"date":"2026-01-05T11:03:29","date_gmt":"2026-01-05T11:03:29","guid":{"rendered":"https:\/\/www.millboard.com\/en-gb\/?page_id=506"},"modified":"2026-03-09T21:00:56","modified_gmt":"2026-03-09T21:00:56","slug":"nutzungsbedingungen","status":"publish","type":"page","link":"https:\/\/www.millboard.com\/de-de\/vertrauenszentrum\/nutzungsbedingungen\/","title":{"rendered":"Nutzungsbedingungen"},"content":{"rendered":"<header class=\"page-header wp-block alignfull has-brand-1-background-color has-background page-header--type--page has-breadcrumbs\">\n    <div class=\"page-header__inner\">\n                    <!-- Breadcrumbs -->\n            <div class=\"page-header__breadcrumbs\">\n                <nav class=\"breadcrumbs\">\n    <span class=\"breadcrumbs__yoast-wrapper\"><span><a href=\"https:\/\/www.millboard.com\/de-de\/\">Home<\/a><\/span><\/span><\/nav>\n            <\/div>\n        \n        <div class=\"page-header__wrapper\">\n            <div class=\"page-header__image-wrapper page-header__image-wrapper--no-image\">\n                            <\/div>\n\n            <div class=\"page-header__content page-header__content--first\">\n                <div class=\"page-header__header\">\n                    \n                                            <h1 class=\"page-header__heading is-style-typestyle-h1\">Nutzungsbedingungen der Website<\/h1>\n                                    <\/div>\n\n                            <\/div>\n                <div class=\"page-header__content page-header__content--last\">\n                            \n                \n                            <\/div>\n        <\/div>\n    <\/div>\n\n    <\/header>\n\n    <div class=\"woocommerce-notices-wrapper\"><\/div>\n\n\n<p>Haftungsausschluss <\/p>\n\n\n\n<p>Obwohl wir alle Sorgfalt darauf verwendet haben, genaue Informationen zusammenzustellen und diese Website auf dem neuesten Stand zu halten, \u00fcbernimmt The Millboard company Limited keine Gew\u00e4hr f\u00fcr die Richtigkeit oder Anwendbarkeit der Informationen auf dieser Website und kann keine Haftung f\u00fcr Fehler oder Auslassungen \u00fcbernehmen. <\/p>\n\n\n\n<p>Der Inhalt dieser Website dient der allgemeinen Information. <\/p>\n\n\n\n<p>The Millboard company Limited, ihre Mitglieder, Lieferanten und verbundenen Unternehmen haften daher gegen\u00fcber keiner Person f\u00fcr Verluste oder Sch\u00e4den, die durch die Nutzung der in den Materialien auf dieser Website enthaltenen Informationen entstehen k\u00f6nnen. <\/p>\n\n\n\n<p>Diese Website richtet sich an Besucher aus dem Vereinigten K\u00f6nigreich. Personen, die von anderen Standorten aus auf diese Website zugreifen, sind f\u00fcr die Einhaltung der lokalen Gesetze verantwortlich. <\/p>\n\n\n\n<p>The Millboard company Limited hat einige relevante Links nur zu Ihrer Information und zu Ihrem Komfort eingef\u00fcgt. Da wir jedoch keine Kontrolle \u00fcber diese Links von Dritten haben, k\u00f6nnen wir keine Verantwortung f\u00fcr den Inhalt oder die Zuverl\u00e4ssigkeit der verlinkten Websites \u00fcbernehmen. <\/p>\n\n\n\n<p>Der in diesem Haftungsausschluss verwendete Begriff \u201eThe Millboard company Limited\u201c umfasst, sofern nicht anders angegeben, The Millboard company Limited, ihre Mitglieder und verbundenen Unternehmen. <\/p>\n\n\n\n<p>Copyright <\/p>\n\n\n\n<p>Diese Website ist urheberrechtlich gesch\u00fctzt. \u00a9 2025 The Millboard company Limited, sofern nicht anders angegeben. Der Inhalt dieser Website darf ohne vorherige schriftliche Zustimmung von The Millboard company Limited nicht kopiert, ver\u00e4ndert, verbreitet, ver\u00f6ffentlicht oder in einem Netzwerk zur Verf\u00fcgung gestellt werden. Alle anderen Rechte vorbehalten. <\/p>\n\n\n\n<p>Sie k\u00f6nnen gerne einen Link zu dieser Website von Ihrer Website aus einrichten, sofern der Kontext relevant ist und der Link oder seine Beschreibung dem Gesch\u00e4ft von The Millboard company Limited nicht schadet. <\/p>\n\n\n\n<p><\/p>\n","protected":false},"excerpt":{"rendered":"<p>Haftungsausschluss Obwohl wir alle Sorgfalt darauf verwendet haben, genaue Informationen zusammenzustellen und diese Website auf dem neuesten Stand zu halten,&hellip;<\/p>\n","protected":false},"author":10,"featured_media":0,"parent":772,"menu_order":0,"comment_status":"closed","ping_status":"closed","template":"","meta":{"_acf_changed":false,"content-type":"","footnotes":""},"class_list":["post-506","page","type-page","status-publish","hentry"],"acf":[],"yoast_head":"<!-- This site is optimized with the Yoast SEO Premium plugin v27.3 (Yoast SEO v27.3) - https:\/\/yoast.com\/product\/yoast-seo-premium-wordpress\/ -->\n<title>Nutzungsbedingungen - DE-DE - Residential<\/title>\n<meta name=\"robots\" content=\"index, follow, max-snippet:-1, max-image-preview:large, max-video-preview:-1\" \/>\n<link rel=\"canonical\" href=\"https:\/\/www.millboard.com\/de-de\/vertrauenszentrum\/nutzungsbedingungen\/\" \/>\n<meta property=\"og:locale\" content=\"de_DE\" \/>\n<meta property=\"og:type\" content=\"article\" \/>\n<meta property=\"og:title\" content=\"Nutzungsbedingungen\" \/>\n<meta property=\"og:description\" content=\"Haftungsausschluss Obwohl wir alle Sorgfalt darauf verwendet haben, genaue Informationen zusammenzustellen und diese Website auf dem neuesten Stand zu halten,&hellip;\" \/>\n<meta property=\"og:url\" content=\"https:\/\/www.millboard.com\/de-de\/vertrauenszentrum\/nutzungsbedingungen\/\" \/>\n<meta property=\"og:site_name\" content=\"DE-DE - Residential\" \/>\n<meta property=\"article:modified_time\" content=\"2026-03-09T21:00:56+00:00\" \/>\n<meta name=\"twitter:card\" content=\"summary_large_image\" \/>\n<meta name=\"twitter:label1\" content=\"Gesch\u00e4tzte Lesezeit\" \/>\n\t<meta name=\"twitter:data1\" content=\"2\u00a0Minuten\" \/>\n<script type=\"application\/ld+json\" class=\"yoast-schema-graph\">{\"@context\":\"https:\\\/\\\/schema.org\",\"@graph\":[{\"@type\":\"WebPage\",\"@id\":\"https:\\\/\\\/www.millboard.com\\\/de-de\\\/vertrauenszentrum\\\/nutzungsbedingungen\\\/\",\"url\":\"https:\\\/\\\/www.millboard.com\\\/de-de\\\/vertrauenszentrum\\\/nutzungsbedingungen\\\/\",\"name\":\"Nutzungsbedingungen - DE-DE - Residential\",\"isPartOf\":{\"@id\":\"https:\\\/\\\/www.millboard.com\\\/de-de\\\/#website\"},\"datePublished\":\"2026-01-05T11:03:29+00:00\",\"dateModified\":\"2026-03-09T21:00:56+00:00\",\"breadcrumb\":{\"@id\":\"https:\\\/\\\/www.millboard.com\\\/de-de\\\/vertrauenszentrum\\\/nutzungsbedingungen\\\/#breadcrumb\"},\"inLanguage\":\"de\",\"potentialAction\":[{\"@type\":\"ReadAction\",\"target\":[\"https:\\\/\\\/www.millboard.com\\\/de-de\\\/vertrauenszentrum\\\/nutzungsbedingungen\\\/\"]}]},{\"@type\":\"BreadcrumbList\",\"@id\":\"https:\\\/\\\/www.millboard.com\\\/de-de\\\/vertrauenszentrum\\\/nutzungsbedingungen\\\/#breadcrumb\",\"itemListElement\":[{\"@type\":\"ListItem\",\"position\":1,\"name\":\"Home\",\"item\":\"https:\\\/\\\/www.millboard.com\\\/de-de\\\/\"},{\"@type\":\"ListItem\",\"position\":2,\"name\":\"Vertrauenszentrum\",\"item\":\"https:\\\/\\\/www.millboard.com\\\/de-de\\\/vertrauenszentrum\\\/\"},{\"@type\":\"ListItem\",\"position\":3,\"name\":\"Nutzungsbedingungen\"}]},{\"@type\":\"WebSite\",\"@id\":\"https:\\\/\\\/www.millboard.com\\\/de-de\\\/#website\",\"url\":\"https:\\\/\\\/www.millboard.com\\\/de-de\\\/\",\"name\":\"DE-DE - Residential\",\"description\":\"Lebe. Das Leben. Drau\u00dfen.\",\"potentialAction\":[{\"@type\":\"SearchAction\",\"target\":{\"@type\":\"EntryPoint\",\"urlTemplate\":\"https:\\\/\\\/www.millboard.com\\\/de-de\\\/?s={search_term_string}\"},\"query-input\":{\"@type\":\"PropertyValueSpecification\",\"valueRequired\":true,\"valueName\":\"search_term_string\"}}],\"inLanguage\":\"de\"}]}<\/script>\n<!-- \/ Yoast SEO Premium plugin. -->","yoast_head_json":{"title":"Nutzungsbedingungen - DE-DE - Residential","robots":{"index":"index","follow":"follow","max-snippet":"max-snippet:-1","max-image-preview":"max-image-preview:large","max-video-preview":"max-video-preview:-1"},"canonical":"https:\/\/www.millboard.com\/de-de\/vertrauenszentrum\/nutzungsbedingungen\/","og_locale":"de_DE","og_type":"article","og_title":"Nutzungsbedingungen","og_description":"Haftungsausschluss Obwohl wir alle Sorgfalt darauf verwendet haben, genaue Informationen zusammenzustellen und diese Website auf dem neuesten Stand zu halten,&hellip;","og_url":"https:\/\/www.millboard.com\/de-de\/vertrauenszentrum\/nutzungsbedingungen\/","og_site_name":"DE-DE - Residential","article_modified_time":"2026-03-09T21:00:56+00:00","twitter_card":"summary_large_image","twitter_misc":{"Gesch\u00e4tzte Lesezeit":"2\u00a0Minuten"},"schema":{"@context":"https:\/\/schema.org","@graph":[{"@type":"WebPage","@id":"https:\/\/www.millboard.com\/de-de\/vertrauenszentrum\/nutzungsbedingungen\/","url":"https:\/\/www.millboard.com\/de-de\/vertrauenszentrum\/nutzungsbedingungen\/","name":"Nutzungsbedingungen - DE-DE - Residential","isPartOf":{"@id":"https:\/\/www.millboard.com\/de-de\/#website"},"datePublished":"2026-01-05T11:03:29+00:00","dateModified":"2026-03-09T21:00:56+00:00","breadcrumb":{"@id":"https:\/\/www.millboard.com\/de-de\/vertrauenszentrum\/nutzungsbedingungen\/#breadcrumb"},"inLanguage":"de","potentialAction":[{"@type":"ReadAction","target":["https:\/\/www.millboard.com\/de-de\/vertrauenszentrum\/nutzungsbedingungen\/"]}]},{"@type":"BreadcrumbList","@id":"https:\/\/www.millboard.com\/de-de\/vertrauenszentrum\/nutzungsbedingungen\/#breadcrumb","itemListElement":[{"@type":"ListItem","position":1,"name":"Home","item":"https:\/\/www.millboard.com\/de-de\/"},{"@type":"ListItem","position":2,"name":"Vertrauenszentrum","item":"https:\/\/www.millboard.com\/de-de\/vertrauenszentrum\/"},{"@type":"ListItem","position":3,"name":"Nutzungsbedingungen"}]},{"@type":"WebSite","@id":"https:\/\/www.millboard.com\/de-de\/#website","url":"https:\/\/www.millboard.com\/de-de\/","name":"DE-DE - Residential","description":"Lebe. Das Leben. Drau\u00dfen.","potentialAction":[{"@type":"SearchAction","target":{"@type":"EntryPoint","urlTemplate":"https:\/\/www.millboard.com\/de-de\/?s={search_term_string}"},"query-input":{"@type":"PropertyValueSpecification","valueRequired":true,"valueName":"search_term_string"}}],"inLanguage":"de"}]}},"_links":{"self":[{"href":"https:\/\/www.millboard.com\/de-de\/wp-json\/wp\/v2\/pages\/506","targetHints":{"allow":["GET"]}}],"collection":[{"href":"https:\/\/www.millboard.com\/de-de\/wp-json\/wp\/v2\/pages"}],"about":[{"href":"https:\/\/www.millboard.com\/de-de\/wp-json\/wp\/v2\/types\/page"}],"author":[{"embeddable":true,"href":"https:\/\/www.millboard.com\/de-de\/wp-json\/wp\/v2\/users\/10"}],"replies":[{"embeddable":true,"href":"https:\/\/www.millboard.com\/de-de\/wp-json\/wp\/v2\/comments?post=506"}],"version-history":[{"count":3,"href":"https:\/\/www.millboard.com\/de-de\/wp-json\/wp\/v2\/pages\/506\/revisions"}],"predecessor-version":[{"id":10549,"href":"https:\/\/www.millboard.com\/de-de\/wp-json\/wp\/v2\/pages\/506\/revisions\/10549"}],"up":[{"embeddable":true,"href":"https:\/\/www.millboard.com\/de-de\/wp-json\/wp\/v2\/pages\/772"}],"wp:attachment":[{"href":"https:\/\/www.millboard.com\/de-de\/wp-json\/wp\/v2\/media?parent=506"}],"curies":[{"name":"wp","href":"https:\/\/api.w.org\/{rel}","templated":true}]}}