{"id":555,"date":"2026-01-05T12:19:18","date_gmt":"2026-01-05T12:19:18","guid":{"rendered":"https:\/\/www.millboard.com\/en-gb\/?page_id=555"},"modified":"2026-03-09T21:01:11","modified_gmt":"2026-03-09T21:01:11","slug":"garantien","status":"publish","type":"page","link":"https:\/\/www.millboard.com\/de-de\/vertrauenszentrum\/garantien\/","title":{"rendered":"Garantien"},"content":{"rendered":"<header class=\"page-header wp-block alignfull has-brand-1-background-color has-background page-header--type--page has-breadcrumbs\">\n    <div class=\"page-header__inner\">\n                    <!-- Breadcrumbs -->\n            <div class=\"page-header__breadcrumbs\">\n                <nav class=\"breadcrumbs\">\n    <span class=\"breadcrumbs__yoast-wrapper\"><span><a href=\"https:\/\/www.millboard.com\/de-de\/\">Home<\/a><\/span><\/span><\/nav>\n            <\/div>\n        \n        <div class=\"page-header__wrapper\">\n            <div class=\"page-header__image-wrapper page-header__image-wrapper--no-image\">\n                            <\/div>\n\n            <div class=\"page-header__content page-header__content--first\">\n                <div class=\"page-header__header\">\n                    \n                                            <h1 class=\"page-header__heading is-style-typestyle-h1\">Garantien<\/h1>\n                                    <\/div>\n\n                            <\/div>\n                <div class=\"page-header__content page-header__content--last\">\n                                                <div class=\"page-header__description\">\n                        <p>Wir von Millboard sind der Meinung, dass nur das Beste gut genug ist. Daher werden unsere Terrassendielen nach den strengsten Normen hergestellt. Unsere beschr\u00e4nkte Garantie gibt Ihnen die Gewissheit, dass wir hinter unserem Produkt stehen und f\u00fcr Sie da sind, sollte doch etwas nicht in Ordnung sein.<\/p>\n                    <\/div>\n                \n                \n                            <\/div>\n        <\/div>\n    <\/div>\n\n    <\/header>\n\n    <div class=\"woocommerce-notices-wrapper\"><\/div>\n\n\n<p><\/p>\n\n\n\n<p>Wenn Sie Ihre Paneele, Einfassungen oder Blenden von Millboard registrieren, gew\u00e4hren wir Ihnen entweder eine<\/p>\n\n\n\n<p> <a href=\"https:\/\/26853518.fs1.hubspotusercontent-eu1.net\/hubfs\/26853518\/Millboard-25-Year-Limited-Structural-Residential-Warranty-May-2023-German.pdf\">25-j\u00e4hrige beschr\u00e4nkte Konstruktionsgarantie f\u00fcr Terrassendielen<\/a> <\/p>\n\n\n\n<p>oder eine<\/p>\n\n\n\n<p> <a href=\"https:\/\/26853518.fs1.hubspotusercontent-eu1.net\/hubfs\/26853518\/Millboard-10-12-Year-Limited-Structural-Warranty-Oct-2023-German.pdf\">10-j\u00e4hrige beschr\u00e4nkte Konstruktionsgarantie f\u00fcr Terrassendielen<\/a>. <\/p>\n\n\n\n<p>Dies h\u00e4ngt von der Montage der Paneele ab. Sie m\u00fcssen sich innerhalb von 90 Tagen nach dem Kauf registrieren und unsere Durafix\u00ae-Schrauben zur Befestigung der Terrassendielen an der Unterkonstruktion verwenden.<\/p>\n\n\n\n<p>Bei der Registrierung unserer Millboard Envello-Produkte gew\u00e4hren wir Ihnen eine 15-j\u00e4hrige beschr\u00e4nkte Konstruktionsgarantie f\u00fcr Fassaden. Die Registrierung muss innerhalb von 90 Tagen nach dem Kauf erfolgen.  <\/p>\n\n\n\n<p><a href=\"https:\/\/26853518.fs1.hubspotusercontent-eu1.net\/hubfs\/26853518\/Millboard-15-Year-Limited-Structural-Envello-Warranty-May-2023-German.pdf\">15-j\u00e4hrige beschr\u00e4nkte Konstruktionsgarantie f\u00fcr Fassaden<\/a>.  <\/p>\n\n\n\n<p><strong>Bitte bewahren Sie unbedingt eine Kopie des Kaufbelegs f\u00fcr Ihr Millboard-Produkt auf.<\/strong><\/p>\n\n\n<div class=\"gravity-forms wp-block alignfull has-background has-brand-6-background-color\" gravity-forms wp-block alignfull has-background has-brand-6-background-color>\n    <div class=\"gravity-forms__inner\">\n        <div class=\"gravity-forms__grid\">\n            <div class=\"gravity-forms__column gravity-forms__column--content\">\n                <div class=\"gravity-forms__header\">\n                                        \n                                            <h2 id=\"persoenliche-angaben\" class=\"gravity-forms__heading\">\n                            Pers\u00f6nliche Angaben                        <\/h2>\n                    \n                                    <\/div>\n            <\/div>\n\n            <div class=\"gravity-forms__column gravity-forms__column--form\">\n                                                    <div class=\"gravity-forms__form\">\n                        <script charset=\"utf-8\" type=\"text\/javascript\" src=\"\/\/js-eu1.hsforms.net\/forms\/embed\/v2.js\"><\/script>\r\n<script>\r\n  hbspt.forms.create({\r\n    portalId: \"26853518\",\r\n    formId: \"7c634b32-9d8d-4730-8e5d-c50ea280bf0d\",\r\n    region: \"eu1\"\r\n  });\r\n<\/script>                    <\/div>\n                            <\/div>\n        <\/div>\n    <\/div>\n<\/div>\n\n\n\n<p><\/p>\n","protected":false},"excerpt":{"rendered":"<p>Wenn Sie Ihre Paneele, Einfassungen oder Blenden von Millboard registrieren, gew\u00e4hren wir Ihnen entweder eine 25-j\u00e4hrige beschr\u00e4nkte Konstruktionsgarantie f\u00fcr Terrassendielen&hellip;<\/p>\n","protected":false},"author":10,"featured_media":0,"parent":772,"menu_order":0,"comment_status":"closed","ping_status":"closed","template":"","meta":{"_acf_changed":false,"content-type":"","footnotes":""},"class_list":["post-555","page","type-page","status-publish","hentry"],"acf":[],"yoast_head":"<!-- This site is optimized with the Yoast SEO Premium plugin v27.3 (Yoast SEO v27.3) - https:\/\/yoast.com\/product\/yoast-seo-premium-wordpress\/ -->\n<title>Garantien - DE-DE - Residential<\/title>\n<meta name=\"robots\" content=\"index, follow, max-snippet:-1, max-image-preview:large, max-video-preview:-1\" \/>\n<link rel=\"canonical\" href=\"https:\/\/www.millboard.com\/de-de\/vertrauenszentrum\/garantien\/\" \/>\n<meta property=\"og:locale\" content=\"de_DE\" \/>\n<meta property=\"og:type\" content=\"article\" \/>\n<meta property=\"og:title\" content=\"Garantien\" \/>\n<meta property=\"og:description\" content=\"Wenn Sie Ihre Paneele, Einfassungen oder Blenden von Millboard registrieren, gew\u00e4hren wir Ihnen entweder eine 25-j\u00e4hrige beschr\u00e4nkte Konstruktionsgarantie f\u00fcr Terrassendielen&hellip;\" \/>\n<meta property=\"og:url\" content=\"https:\/\/www.millboard.com\/de-de\/vertrauenszentrum\/garantien\/\" \/>\n<meta property=\"og:site_name\" content=\"DE-DE - Residential\" \/>\n<meta property=\"article:modified_time\" content=\"2026-03-09T21:01:11+00:00\" \/>\n<meta name=\"twitter:card\" content=\"summary_large_image\" \/>\n<meta name=\"twitter:label1\" content=\"Gesch\u00e4tzte Lesezeit\" \/>\n\t<meta name=\"twitter:data1\" content=\"1\u00a0Minute\" \/>\n<script type=\"application\/ld+json\" class=\"yoast-schema-graph\">{\"@context\":\"https:\\\/\\\/schema.org\",\"@graph\":[{\"@type\":\"WebPage\",\"@id\":\"https:\\\/\\\/www.millboard.com\\\/de-de\\\/vertrauenszentrum\\\/garantien\\\/\",\"url\":\"https:\\\/\\\/www.millboard.com\\\/de-de\\\/vertrauenszentrum\\\/garantien\\\/\",\"name\":\"Garantien - DE-DE - Residential\",\"isPartOf\":{\"@id\":\"https:\\\/\\\/www.millboard.com\\\/de-de\\\/#website\"},\"datePublished\":\"2026-01-05T12:19:18+00:00\",\"dateModified\":\"2026-03-09T21:01:11+00:00\",\"breadcrumb\":{\"@id\":\"https:\\\/\\\/www.millboard.com\\\/de-de\\\/vertrauenszentrum\\\/garantien\\\/#breadcrumb\"},\"inLanguage\":\"de\",\"potentialAction\":[{\"@type\":\"ReadAction\",\"target\":[\"https:\\\/\\\/www.millboard.com\\\/de-de\\\/vertrauenszentrum\\\/garantien\\\/\"]}]},{\"@type\":\"BreadcrumbList\",\"@id\":\"https:\\\/\\\/www.millboard.com\\\/de-de\\\/vertrauenszentrum\\\/garantien\\\/#breadcrumb\",\"itemListElement\":[{\"@type\":\"ListItem\",\"position\":1,\"name\":\"Home\",\"item\":\"https:\\\/\\\/www.millboard.com\\\/de-de\\\/\"},{\"@type\":\"ListItem\",\"position\":2,\"name\":\"Vertrauenszentrum\",\"item\":\"https:\\\/\\\/www.millboard.com\\\/de-de\\\/vertrauenszentrum\\\/\"},{\"@type\":\"ListItem\",\"position\":3,\"name\":\"Garantien\"}]},{\"@type\":\"WebSite\",\"@id\":\"https:\\\/\\\/www.millboard.com\\\/de-de\\\/#website\",\"url\":\"https:\\\/\\\/www.millboard.com\\\/de-de\\\/\",\"name\":\"DE-DE - Residential\",\"description\":\"Lebe. Das Leben. Drau\u00dfen.\",\"potentialAction\":[{\"@type\":\"SearchAction\",\"target\":{\"@type\":\"EntryPoint\",\"urlTemplate\":\"https:\\\/\\\/www.millboard.com\\\/de-de\\\/?s={search_term_string}\"},\"query-input\":{\"@type\":\"PropertyValueSpecification\",\"valueRequired\":true,\"valueName\":\"search_term_string\"}}],\"inLanguage\":\"de\"}]}<\/script>\n<!-- \/ Yoast SEO Premium plugin. -->","yoast_head_json":{"title":"Garantien - DE-DE - Residential","robots":{"index":"index","follow":"follow","max-snippet":"max-snippet:-1","max-image-preview":"max-image-preview:large","max-video-preview":"max-video-preview:-1"},"canonical":"https:\/\/www.millboard.com\/de-de\/vertrauenszentrum\/garantien\/","og_locale":"de_DE","og_type":"article","og_title":"Garantien","og_description":"Wenn Sie Ihre Paneele, Einfassungen oder Blenden von Millboard registrieren, gew\u00e4hren wir Ihnen entweder eine 25-j\u00e4hrige beschr\u00e4nkte Konstruktionsgarantie f\u00fcr Terrassendielen&hellip;","og_url":"https:\/\/www.millboard.com\/de-de\/vertrauenszentrum\/garantien\/","og_site_name":"DE-DE - Residential","article_modified_time":"2026-03-09T21:01:11+00:00","twitter_card":"summary_large_image","twitter_misc":{"Gesch\u00e4tzte Lesezeit":"1\u00a0Minute"},"schema":{"@context":"https:\/\/schema.org","@graph":[{"@type":"WebPage","@id":"https:\/\/www.millboard.com\/de-de\/vertrauenszentrum\/garantien\/","url":"https:\/\/www.millboard.com\/de-de\/vertrauenszentrum\/garantien\/","name":"Garantien - DE-DE - Residential","isPartOf":{"@id":"https:\/\/www.millboard.com\/de-de\/#website"},"datePublished":"2026-01-05T12:19:18+00:00","dateModified":"2026-03-09T21:01:11+00:00","breadcrumb":{"@id":"https:\/\/www.millboard.com\/de-de\/vertrauenszentrum\/garantien\/#breadcrumb"},"inLanguage":"de","potentialAction":[{"@type":"ReadAction","target":["https:\/\/www.millboard.com\/de-de\/vertrauenszentrum\/garantien\/"]}]},{"@type":"BreadcrumbList","@id":"https:\/\/www.millboard.com\/de-de\/vertrauenszentrum\/garantien\/#breadcrumb","itemListElement":[{"@type":"ListItem","position":1,"name":"Home","item":"https:\/\/www.millboard.com\/de-de\/"},{"@type":"ListItem","position":2,"name":"Vertrauenszentrum","item":"https:\/\/www.millboard.com\/de-de\/vertrauenszentrum\/"},{"@type":"ListItem","position":3,"name":"Garantien"}]},{"@type":"WebSite","@id":"https:\/\/www.millboard.com\/de-de\/#website","url":"https:\/\/www.millboard.com\/de-de\/","name":"DE-DE - Residential","description":"Lebe. Das Leben. Drau\u00dfen.","potentialAction":[{"@type":"SearchAction","target":{"@type":"EntryPoint","urlTemplate":"https:\/\/www.millboard.com\/de-de\/?s={search_term_string}"},"query-input":{"@type":"PropertyValueSpecification","valueRequired":true,"valueName":"search_term_string"}}],"inLanguage":"de"}]}},"_links":{"self":[{"href":"https:\/\/www.millboard.com\/de-de\/wp-json\/wp\/v2\/pages\/555","targetHints":{"allow":["GET"]}}],"collection":[{"href":"https:\/\/www.millboard.com\/de-de\/wp-json\/wp\/v2\/pages"}],"about":[{"href":"https:\/\/www.millboard.com\/de-de\/wp-json\/wp\/v2\/types\/page"}],"author":[{"embeddable":true,"href":"https:\/\/www.millboard.com\/de-de\/wp-json\/wp\/v2\/users\/10"}],"replies":[{"embeddable":true,"href":"https:\/\/www.millboard.com\/de-de\/wp-json\/wp\/v2\/comments?post=555"}],"version-history":[{"count":5,"href":"https:\/\/www.millboard.com\/de-de\/wp-json\/wp\/v2\/pages\/555\/revisions"}],"predecessor-version":[{"id":10551,"href":"https:\/\/www.millboard.com\/de-de\/wp-json\/wp\/v2\/pages\/555\/revisions\/10551"}],"up":[{"embeddable":true,"href":"https:\/\/www.millboard.com\/de-de\/wp-json\/wp\/v2\/pages\/772"}],"wp:attachment":[{"href":"https:\/\/www.millboard.com\/de-de\/wp-json\/wp\/v2\/media?parent=555"}],"curies":[{"name":"wp","href":"https:\/\/api.w.org\/{rel}","templated":true}]}}