{"id":560,"date":"2026-01-05T12:27:07","date_gmt":"2026-01-05T12:27:07","guid":{"rendered":"https:\/\/www.millboard.com\/en-gb\/?page_id=560"},"modified":"2026-03-09T20:52:14","modified_gmt":"2026-03-09T20:52:14","slug":"unterkonstruktionen-faqs","status":"publish","type":"page","link":"https:\/\/www.millboard.com\/de-de\/unterkonstruktionen-faqs\/","title":{"rendered":"Unterkonstruktionen FAQS"},"content":{"rendered":"<header class=\"page-header wp-block alignfull has-brand-1-background-color has-background page-header--type--page has-breadcrumbs\">\n    <div class=\"page-header__inner\">\n                    <!-- Breadcrumbs -->\n            <div class=\"page-header__breadcrumbs\">\n                <nav class=\"breadcrumbs\">\n    <span class=\"breadcrumbs__yoast-wrapper\"><span><a href=\"https:\/\/www.millboard.com\/de-de\/\">Home<\/a><\/span><\/span><\/nav>\n            <\/div>\n        \n        <div class=\"page-header__wrapper\">\n            <div class=\"page-header__image-wrapper page-header__image-wrapper--no-image\">\n                            <\/div>\n\n            <div class=\"page-header__content page-header__content--first\">\n                <div class=\"page-header__header\">\n                    \n                                            <h1 class=\"page-header__heading is-style-typestyle-h1\">Unterkonstruktionen FAQS<\/h1>\n                                    <\/div>\n\n                            <\/div>\n                <div class=\"page-header__content page-header__content--last\">\n                                                <div class=\"page-header__description\">\n                        <p>Eine Sammlung haufig gestellter Fragen zu unseren Millboard-Unterkonstruktionen.<\/p>\n                    <\/div>\n                \n                \n                            <\/div>\n        <\/div>\n    <\/div>\n\n    <\/header>\n\n    <div class=\"woocommerce-notices-wrapper\"><\/div>\n\n<section data-allow-multiple=\"false\" class=\"accordion wp-block alignfull\">\n    <div class=\"accordion__inner\">\n\n        <div class=\"accordion__header\">\n\n            \n                            <h3 class=\"accordion__header__heading\">H\u00e4ufig gestellte Fragen zum Hilfsrahmen<\/h3>\n            \n            \n            \n        <\/div>\n\n        <div class=\"accordion__items\">\n<div class=\"accordion__item wp-block\">\n    <button aria-expanded=\"true\" aria-controls=\"accordion-panel-1\" type=\"button\" class=\"accordion__item__trigger js-accordion-button\" id=\"welche-unterkonstruktion-solte-mit-millboard-verwendet-werden\"><h3 class=\"accordion__item__heading\">Welche Unterkonstruktion solte mit Millboard verwendet werden?<\/h3><\/button>\n\n    <div id=\"accordion-panel-1\" class=\"accordion__item__panel js-expandable-element\" aria-labelledby=\"welche-unterkonstruktion-solte-mit-millboard-verwendet-werden\">\n        <div class=\"accordion__item__panel__inner\">\n            <p>Die ideale Erg\u00e4nzung zu unseren allwettertauglichen Terrassendielen aus Verbundstoff ist unsere DuoSpan-Unterkonstruktion.<\/p>\n<p>DuoSpan kombiniert die St\u00e4rke von Aluminium mit der Flexibilit\u00e4t von recyceltem Kunststoff. Diese Kombination erm\u00f6glicht einzigartige Gestaltungsm\u00f6glichkeiten f\u00fcr Terrassen und Au\u00dfenanlagen, die mit den meisten herk\u00f6mmlichen Unterkonstruktionen nicht m\u00f6glich w\u00e4ren. Dank der ausgezeichneten Langlebigkeit und kinderleichten Montage ist DuoSpan die perfekte Unterkonstruktion f\u00fcr Terrassendielen von Millboard und eignet sich auch als universelles Tr\u00e4gersystem f\u00fcr andere Bodenbel\u00e4ge im Au\u00dfenbereich. Das ausgekl\u00fcgelte Design umfasst mehrere Funktionen, die es nahezu unm\u00f6glich machen, die Paneele falsch zu montieren.<\/p>\n\n                    <\/div>\n    <\/div>\n<\/div>\n\n\n<div class=\"accordion__item wp-block\">\n    <button aria-expanded=\"false\" aria-controls=\"accordion-panel-2\" type=\"button\" class=\"accordion__item__trigger js-accordion-button\" id=\"was-ist-der-unterschied-zwischen-holzbalken-und-duospan-oder-plas-pro-balken\"><h3 class=\"accordion__item__heading\">Was ist der Unterschied zwischen Holzbalken und DuoSpan &#8211; oder Plas-Pro-Balken<\/h3><\/button>\n\n    <div id=\"accordion-panel-2\" class=\"accordion__item__panel js-expandable-element\" aria-labelledby=\"was-ist-der-unterschied-zwischen-holzbalken-und-duospan-oder-plas-pro-balken\" hidden=\"true\" aria-hidden=\"true\">\n        <div class=\"accordion__item__panel__inner\">\n            <p>Holz ist das am h\u00e4ufigsten verwendete Material f\u00fcr Unterkonstruktionen. Allerdings eignet sich Holz nur unter idealen Bedingungen und wenn die Schnittkanten regelm\u00e4\u00dfig behandelt werden. Bei Anwendungen, bei denen das Holz mit dem Boden in Ber\u00fchrung kommt oder die Luftzirkulation eingeschr\u00e4nkt ist, kann die eigentliche Lebensdauer der Unterkonstruktion erheblich beeintr\u00e4chtigt sein. Wir empfehlen, unsere innovativen Unterkonstruktionen DuoSpan oder Plas-Pro zu verwenden, um eine verrottungsfreie L\u00f6sung zu garantieren.<\/p>\n<p>Bei der Verwendung von Plas-Pro als Alternative zu Holz ist zu beachten, dass die statischen Spannweiten abweichen. Weitere Einzelheiten finden Sie in den Brosch\u00fcren und Montageanleitungen zu Plas-Pro. Bei Fragen k\u00f6nnen Sie sich jederzeit an einen Mitarbeiter unseres technischen Teams unter technical@millboard.co.uk wenden.<\/p>\n\n                    <\/div>\n    <\/div>\n<\/div>\n\n\n<div class=\"accordion__item wp-block\">\n    <button aria-expanded=\"false\" aria-controls=\"accordion-panel-3\" type=\"button\" class=\"accordion__item__trigger js-accordion-button\" id=\"was-ist-der-unterschied-zwischen-duospan-und-plas-pro\"><h3 class=\"accordion__item__heading\">Was ist der Unterschied zwischen DuoSpan und Plas-Pro?<\/h3><\/button>\n\n    <div id=\"accordion-panel-3\" class=\"accordion__item__panel js-expandable-element\" aria-labelledby=\"was-ist-der-unterschied-zwischen-duospan-und-plas-pro\" hidden=\"true\" aria-hidden=\"true\">\n        <div class=\"accordion__item__panel__inner\">\n            <p>DuoSpan\u2122 kombiniert die St\u00e4rke von Aluminium mit der Flexibilit\u00e4t von recyceltem Kunststoff. Dadurch entsteht ein System mit einer au\u00dfergew\u00f6hnlich einfachen Montage, enormen St\u00e4rke und hohen Langlebigkeit. DuoSpan wurde von Fachleuten entwickelt und erf\u00fcllt Eurocode 1: Einwirkungen auf Tragwerke (DIN EN 1991-1-1). Die Punktlast des Systems wurde f\u00fcr den Privat- und Gewerbebereich gepr\u00fcft. Daher eignet es sich f\u00fcr eine Reihe von Anwendungen.<\/p>\n<p>F\u00fcr bestimmte Anwendungsf\u00e4lle eignet sich Plas-Pro besser als DuoSpan, z. B. f\u00fcr M\u00f6bel oder feuchte\/maritime Umgebungen. Sie werden im Vereinigten K\u00f6nigreich aus 100 % recyceltem Kunststoff hergestellt und sind nicht anf\u00e4llig f\u00fcr Insektenbefall oder F\u00e4ulnis, sondern sind auf Langlebigkeit und Zuverl\u00e4ssigkeit ausgelegt.<\/p>\n\n                    <\/div>\n    <\/div>\n<\/div>\n\n<\/div>\n    <\/div>\n<\/section>\n\n\n\n<p><\/p>\n","protected":false},"excerpt":{"rendered":"","protected":false},"author":10,"featured_media":0,"parent":0,"menu_order":0,"comment_status":"closed","ping_status":"closed","template":"","meta":{"_acf_changed":false,"content-type":"","footnotes":""},"class_list":["post-560","page","type-page","status-publish","hentry"],"acf":[],"yoast_head":"<!-- This site is optimized with the Yoast SEO Premium plugin v27.3 (Yoast SEO v27.3) - https:\/\/yoast.com\/product\/yoast-seo-premium-wordpress\/ -->\n<title>Unterkonstruktion Terrasse FAQ | Terrassenunterkonstruktion Fragen | Millboard<\/title>\n<meta name=\"description\" content=\"Antworten auf h\u00e4ufig gestellte Fragen zur Unterkonstruktion f\u00fcr Terrassendielen \u2013 Installation, Materialien und Konstruktion von Terrassen.\" \/>\n<meta name=\"robots\" content=\"index, follow, max-snippet:-1, max-image-preview:large, max-video-preview:-1\" \/>\n<link rel=\"canonical\" href=\"https:\/\/www.millboard.com\/de-de\/unterkonstruktionen-faqs\/\" \/>\n<meta property=\"og:locale\" content=\"de_DE\" \/>\n<meta property=\"og:type\" content=\"article\" \/>\n<meta property=\"og:title\" content=\"Unterkonstruktionen FAQS\" \/>\n<meta property=\"og:description\" content=\"Antworten auf h\u00e4ufig gestellte Fragen zur Unterkonstruktion f\u00fcr Terrassendielen \u2013 Installation, Materialien und Konstruktion von Terrassen.\" \/>\n<meta property=\"og:url\" content=\"https:\/\/www.millboard.com\/de-de\/unterkonstruktionen-faqs\/\" \/>\n<meta property=\"og:site_name\" content=\"DE-DE - Residential\" \/>\n<meta property=\"article:modified_time\" content=\"2026-03-09T20:52:14+00:00\" \/>\n<meta name=\"twitter:card\" content=\"summary_large_image\" \/>\n<script type=\"application\/ld+json\" class=\"yoast-schema-graph\">{\"@context\":\"https:\\\/\\\/schema.org\",\"@graph\":[{\"@type\":[\"WebPage\",\"FAQPage\"],\"@id\":\"https:\\\/\\\/www.millboard.com\\\/de-de\\\/unterkonstruktionen-faqs\\\/\",\"url\":\"https:\\\/\\\/www.millboard.com\\\/de-de\\\/unterkonstruktionen-faqs\\\/\",\"name\":\"Unterkonstruktion Terrasse FAQ | Terrassenunterkonstruktion Fragen | Millboard\",\"isPartOf\":{\"@id\":\"https:\\\/\\\/www.millboard.com\\\/de-de\\\/#website\"},\"datePublished\":\"2026-01-05T12:27:07+00:00\",\"dateModified\":\"2026-03-09T20:52:14+00:00\",\"description\":\"Antworten auf h\u00e4ufig gestellte Fragen zur Unterkonstruktion f\u00fcr Terrassendielen \u2013 Installation, Materialien und Konstruktion von Terrassen.\",\"breadcrumb\":{\"@id\":\"https:\\\/\\\/www.millboard.com\\\/de-de\\\/unterkonstruktionen-faqs\\\/#breadcrumb\"},\"inLanguage\":\"de\",\"potentialAction\":[{\"@type\":\"ReadAction\",\"target\":[\"https:\\\/\\\/www.millboard.com\\\/de-de\\\/unterkonstruktionen-faqs\\\/\"]}]},{\"@type\":\"BreadcrumbList\",\"@id\":\"https:\\\/\\\/www.millboard.com\\\/de-de\\\/unterkonstruktionen-faqs\\\/#breadcrumb\",\"itemListElement\":[{\"@type\":\"ListItem\",\"position\":1,\"name\":\"Home\",\"item\":\"https:\\\/\\\/www.millboard.com\\\/de-de\\\/\"},{\"@type\":\"ListItem\",\"position\":2,\"name\":\"Unterkonstruktionen FAQS\"}]},{\"@type\":\"WebSite\",\"@id\":\"https:\\\/\\\/www.millboard.com\\\/de-de\\\/#website\",\"url\":\"https:\\\/\\\/www.millboard.com\\\/de-de\\\/\",\"name\":\"DE-DE - Residential\",\"description\":\"Lebe. Das Leben. Drau\u00dfen.\",\"potentialAction\":[{\"@type\":\"SearchAction\",\"target\":{\"@type\":\"EntryPoint\",\"urlTemplate\":\"https:\\\/\\\/www.millboard.com\\\/de-de\\\/?s={search_term_string}\"},\"query-input\":{\"@type\":\"PropertyValueSpecification\",\"valueRequired\":true,\"valueName\":\"search_term_string\"}}],\"inLanguage\":\"de\"},{\"@type\":\"Question\",\"@id\":\"https:\\\/\\\/www.millboard.com\\\/de-de\\\/unterkonstruktionen-faqs\\\/#welche-unterkonstruktion-solte-mit-millboard-verwendet-werden\",\"position\":1,\"url\":\"https:\\\/\\\/www.millboard.com\\\/de-de\\\/unterkonstruktionen-faqs\\\/#welche-unterkonstruktion-solte-mit-millboard-verwendet-werden\",\"name\":\"Welche Unterkonstruktion solte mit Millboard verwendet werden? \",\"answerCount\":1,\"acceptedAnswer\":{\"@type\":\"Answer\",\"text\":\"Die ideale Erg\u00e4nzung zu unseren allwettertauglichen Terrassendielen aus Verbundstoff ist unsere DuoSpan-Unterkonstruktion.\\r\\n\\r\\nDuoSpan kombiniert die St\u00e4rke von Aluminium mit der Flexibilit\u00e4t von recyceltem Kunststoff. Diese Kombination erm\u00f6glicht einzigartige Gestaltungsm\u00f6glichkeiten f\u00fcr Terrassen und Au\u00dfenanlagen, die mit den meisten herk\u00f6mmlichen Unterkonstruktionen nicht m\u00f6glich w\u00e4ren. Dank der ausgezeichneten Langlebigkeit und kinderleichten Montage ist DuoSpan die perfekte Unterkonstruktion f\u00fcr Terrassendielen von Millboard und eignet sich auch als universelles Tr\u00e4gersystem f\u00fcr andere Bodenbel\u00e4ge im Au\u00dfenbereich. Das ausgekl\u00fcgelte Design umfasst mehrere Funktionen, die es nahezu unm\u00f6glich machen, die Paneele falsch zu montieren.\",\"inLanguage\":\"de\"},\"inLanguage\":\"de\"},{\"@type\":\"Question\",\"@id\":\"https:\\\/\\\/www.millboard.com\\\/de-de\\\/unterkonstruktionen-faqs\\\/#was-ist-der-unterschied-zwischen-holzbalken-und-duospan-oder-plas-pro-balken\",\"position\":2,\"url\":\"https:\\\/\\\/www.millboard.com\\\/de-de\\\/unterkonstruktionen-faqs\\\/#was-ist-der-unterschied-zwischen-holzbalken-und-duospan-oder-plas-pro-balken\",\"name\":\"Was ist der Unterschied zwischen Holzbalken und DuoSpan - oder Plas-Pro-Balken\",\"answerCount\":1,\"acceptedAnswer\":{\"@type\":\"Answer\",\"text\":\"Holz ist das am h\u00e4ufigsten verwendete Material f\u00fcr Unterkonstruktionen. Allerdings eignet sich Holz nur unter idealen Bedingungen und wenn die Schnittkanten regelm\u00e4\u00dfig behandelt werden. Bei Anwendungen, bei denen das Holz mit dem Boden in Ber\u00fchrung kommt oder die Luftzirkulation eingeschr\u00e4nkt ist, kann die eigentliche Lebensdauer der Unterkonstruktion erheblich beeintr\u00e4chtigt sein. Wir empfehlen, unsere innovativen Unterkonstruktionen DuoSpan oder Plas-Pro zu verwenden, um eine verrottungsfreie L\u00f6sung zu garantieren.\\r\\n\\r\\nBei der Verwendung von Plas-Pro als Alternative zu Holz ist zu beachten, dass die statischen Spannweiten abweichen. Weitere Einzelheiten finden Sie in den Brosch\u00fcren und Montageanleitungen zu Plas-Pro. Bei Fragen k\u00f6nnen Sie sich jederzeit an einen Mitarbeiter unseres technischen Teams unter technical@millboard.co.uk wenden.\",\"inLanguage\":\"de\"},\"inLanguage\":\"de\"},{\"@type\":\"Question\",\"@id\":\"https:\\\/\\\/www.millboard.com\\\/de-de\\\/unterkonstruktionen-faqs\\\/#was-ist-der-unterschied-zwischen-duospan-und-plas-pro\",\"position\":3,\"url\":\"https:\\\/\\\/www.millboard.com\\\/de-de\\\/unterkonstruktionen-faqs\\\/#was-ist-der-unterschied-zwischen-duospan-und-plas-pro\",\"name\":\"Was ist der Unterschied zwischen DuoSpan und Plas-Pro?\",\"answerCount\":1,\"acceptedAnswer\":{\"@type\":\"Answer\",\"text\":\"DuoSpan\u2122 kombiniert die St\u00e4rke von Aluminium mit der Flexibilit\u00e4t von recyceltem Kunststoff. Dadurch entsteht ein System mit einer au\u00dfergew\u00f6hnlich einfachen Montage, enormen St\u00e4rke und hohen Langlebigkeit. DuoSpan wurde von Fachleuten entwickelt und erf\u00fcllt Eurocode 1: Einwirkungen auf Tragwerke (DIN EN 1991-1-1). Die Punktlast des Systems wurde f\u00fcr den Privat- und Gewerbebereich gepr\u00fcft. Daher eignet es sich f\u00fcr eine Reihe von Anwendungen.\\r\\n\\r\\nF\u00fcr bestimmte Anwendungsf\u00e4lle eignet sich Plas-Pro besser als DuoSpan, z. B. f\u00fcr M\u00f6bel oder feuchte\\\/maritime Umgebungen. Sie werden im Vereinigten K\u00f6nigreich aus 100 % recyceltem Kunststoff hergestellt und sind nicht anf\u00e4llig f\u00fcr Insektenbefall oder F\u00e4ulnis, sondern sind auf Langlebigkeit und Zuverl\u00e4ssigkeit ausgelegt.\",\"inLanguage\":\"de\"},\"inLanguage\":\"de\"}]}<\/script>\n<!-- \/ Yoast SEO Premium plugin. -->","yoast_head_json":{"title":"Unterkonstruktion Terrasse FAQ | Terrassenunterkonstruktion Fragen | Millboard","description":"Antworten auf h\u00e4ufig gestellte Fragen zur Unterkonstruktion f\u00fcr Terrassendielen \u2013 Installation, Materialien und Konstruktion von Terrassen.","robots":{"index":"index","follow":"follow","max-snippet":"max-snippet:-1","max-image-preview":"max-image-preview:large","max-video-preview":"max-video-preview:-1"},"canonical":"https:\/\/www.millboard.com\/de-de\/unterkonstruktionen-faqs\/","og_locale":"de_DE","og_type":"article","og_title":"Unterkonstruktionen FAQS","og_description":"Antworten auf h\u00e4ufig gestellte Fragen zur Unterkonstruktion f\u00fcr Terrassendielen \u2013 Installation, Materialien und Konstruktion von Terrassen.","og_url":"https:\/\/www.millboard.com\/de-de\/unterkonstruktionen-faqs\/","og_site_name":"DE-DE - Residential","article_modified_time":"2026-03-09T20:52:14+00:00","twitter_card":"summary_large_image","schema":{"@context":"https:\/\/schema.org","@graph":[{"@type":["WebPage","FAQPage"],"@id":"https:\/\/www.millboard.com\/de-de\/unterkonstruktionen-faqs\/","url":"https:\/\/www.millboard.com\/de-de\/unterkonstruktionen-faqs\/","name":"Unterkonstruktion Terrasse FAQ | Terrassenunterkonstruktion Fragen | Millboard","isPartOf":{"@id":"https:\/\/www.millboard.com\/de-de\/#website"},"datePublished":"2026-01-05T12:27:07+00:00","dateModified":"2026-03-09T20:52:14+00:00","description":"Antworten auf h\u00e4ufig gestellte Fragen zur Unterkonstruktion f\u00fcr Terrassendielen \u2013 Installation, Materialien und Konstruktion von Terrassen.","breadcrumb":{"@id":"https:\/\/www.millboard.com\/de-de\/unterkonstruktionen-faqs\/#breadcrumb"},"inLanguage":"de","potentialAction":[{"@type":"ReadAction","target":["https:\/\/www.millboard.com\/de-de\/unterkonstruktionen-faqs\/"]}]},{"@type":"BreadcrumbList","@id":"https:\/\/www.millboard.com\/de-de\/unterkonstruktionen-faqs\/#breadcrumb","itemListElement":[{"@type":"ListItem","position":1,"name":"Home","item":"https:\/\/www.millboard.com\/de-de\/"},{"@type":"ListItem","position":2,"name":"Unterkonstruktionen FAQS"}]},{"@type":"WebSite","@id":"https:\/\/www.millboard.com\/de-de\/#website","url":"https:\/\/www.millboard.com\/de-de\/","name":"DE-DE - Residential","description":"Lebe. Das Leben. Drau\u00dfen.","potentialAction":[{"@type":"SearchAction","target":{"@type":"EntryPoint","urlTemplate":"https:\/\/www.millboard.com\/de-de\/?s={search_term_string}"},"query-input":{"@type":"PropertyValueSpecification","valueRequired":true,"valueName":"search_term_string"}}],"inLanguage":"de"},{"@type":"Question","@id":"https:\/\/www.millboard.com\/de-de\/unterkonstruktionen-faqs\/#welche-unterkonstruktion-solte-mit-millboard-verwendet-werden","position":1,"url":"https:\/\/www.millboard.com\/de-de\/unterkonstruktionen-faqs\/#welche-unterkonstruktion-solte-mit-millboard-verwendet-werden","name":"Welche Unterkonstruktion solte mit Millboard verwendet werden? ","answerCount":1,"acceptedAnswer":{"@type":"Answer","text":"Die ideale Erg\u00e4nzung zu unseren allwettertauglichen Terrassendielen aus Verbundstoff ist unsere DuoSpan-Unterkonstruktion.\r\n\r\nDuoSpan kombiniert die St\u00e4rke von Aluminium mit der Flexibilit\u00e4t von recyceltem Kunststoff. Diese Kombination erm\u00f6glicht einzigartige Gestaltungsm\u00f6glichkeiten f\u00fcr Terrassen und Au\u00dfenanlagen, die mit den meisten herk\u00f6mmlichen Unterkonstruktionen nicht m\u00f6glich w\u00e4ren. Dank der ausgezeichneten Langlebigkeit und kinderleichten Montage ist DuoSpan die perfekte Unterkonstruktion f\u00fcr Terrassendielen von Millboard und eignet sich auch als universelles Tr\u00e4gersystem f\u00fcr andere Bodenbel\u00e4ge im Au\u00dfenbereich. Das ausgekl\u00fcgelte Design umfasst mehrere Funktionen, die es nahezu unm\u00f6glich machen, die Paneele falsch zu montieren.","inLanguage":"de"},"inLanguage":"de"},{"@type":"Question","@id":"https:\/\/www.millboard.com\/de-de\/unterkonstruktionen-faqs\/#was-ist-der-unterschied-zwischen-holzbalken-und-duospan-oder-plas-pro-balken","position":2,"url":"https:\/\/www.millboard.com\/de-de\/unterkonstruktionen-faqs\/#was-ist-der-unterschied-zwischen-holzbalken-und-duospan-oder-plas-pro-balken","name":"Was ist der Unterschied zwischen Holzbalken und DuoSpan - oder Plas-Pro-Balken","answerCount":1,"acceptedAnswer":{"@type":"Answer","text":"Holz ist das am h\u00e4ufigsten verwendete Material f\u00fcr Unterkonstruktionen. Allerdings eignet sich Holz nur unter idealen Bedingungen und wenn die Schnittkanten regelm\u00e4\u00dfig behandelt werden. Bei Anwendungen, bei denen das Holz mit dem Boden in Ber\u00fchrung kommt oder die Luftzirkulation eingeschr\u00e4nkt ist, kann die eigentliche Lebensdauer der Unterkonstruktion erheblich beeintr\u00e4chtigt sein. Wir empfehlen, unsere innovativen Unterkonstruktionen DuoSpan oder Plas-Pro zu verwenden, um eine verrottungsfreie L\u00f6sung zu garantieren.\r\n\r\nBei der Verwendung von Plas-Pro als Alternative zu Holz ist zu beachten, dass die statischen Spannweiten abweichen. Weitere Einzelheiten finden Sie in den Brosch\u00fcren und Montageanleitungen zu Plas-Pro. Bei Fragen k\u00f6nnen Sie sich jederzeit an einen Mitarbeiter unseres technischen Teams unter technical@millboard.co.uk wenden.","inLanguage":"de"},"inLanguage":"de"},{"@type":"Question","@id":"https:\/\/www.millboard.com\/de-de\/unterkonstruktionen-faqs\/#was-ist-der-unterschied-zwischen-duospan-und-plas-pro","position":3,"url":"https:\/\/www.millboard.com\/de-de\/unterkonstruktionen-faqs\/#was-ist-der-unterschied-zwischen-duospan-und-plas-pro","name":"Was ist der Unterschied zwischen DuoSpan und Plas-Pro?","answerCount":1,"acceptedAnswer":{"@type":"Answer","text":"DuoSpan\u2122 kombiniert die St\u00e4rke von Aluminium mit der Flexibilit\u00e4t von recyceltem Kunststoff. Dadurch entsteht ein System mit einer au\u00dfergew\u00f6hnlich einfachen Montage, enormen St\u00e4rke und hohen Langlebigkeit. DuoSpan wurde von Fachleuten entwickelt und erf\u00fcllt Eurocode 1: Einwirkungen auf Tragwerke (DIN EN 1991-1-1). Die Punktlast des Systems wurde f\u00fcr den Privat- und Gewerbebereich gepr\u00fcft. Daher eignet es sich f\u00fcr eine Reihe von Anwendungen.\r\n\r\nF\u00fcr bestimmte Anwendungsf\u00e4lle eignet sich Plas-Pro besser als DuoSpan, z. B. f\u00fcr M\u00f6bel oder feuchte\/maritime Umgebungen. Sie werden im Vereinigten K\u00f6nigreich aus 100 % recyceltem Kunststoff hergestellt und sind nicht anf\u00e4llig f\u00fcr Insektenbefall oder F\u00e4ulnis, sondern sind auf Langlebigkeit und Zuverl\u00e4ssigkeit ausgelegt.","inLanguage":"de"},"inLanguage":"de"}]}},"_links":{"self":[{"href":"https:\/\/www.millboard.com\/de-de\/wp-json\/wp\/v2\/pages\/560","targetHints":{"allow":["GET"]}}],"collection":[{"href":"https:\/\/www.millboard.com\/de-de\/wp-json\/wp\/v2\/pages"}],"about":[{"href":"https:\/\/www.millboard.com\/de-de\/wp-json\/wp\/v2\/types\/page"}],"author":[{"embeddable":true,"href":"https:\/\/www.millboard.com\/de-de\/wp-json\/wp\/v2\/users\/10"}],"replies":[{"embeddable":true,"href":"https:\/\/www.millboard.com\/de-de\/wp-json\/wp\/v2\/comments?post=560"}],"version-history":[{"count":1,"href":"https:\/\/www.millboard.com\/de-de\/wp-json\/wp\/v2\/pages\/560\/revisions"}],"predecessor-version":[{"id":10532,"href":"https:\/\/www.millboard.com\/de-de\/wp-json\/wp\/v2\/pages\/560\/revisions\/10532"}],"wp:attachment":[{"href":"https:\/\/www.millboard.com\/de-de\/wp-json\/wp\/v2\/media?parent=560"}],"curies":[{"name":"wp","href":"https:\/\/api.w.org\/{rel}","templated":true}]}}