{"id":563,"date":"2026-01-05T12:29:34","date_gmt":"2026-01-05T12:29:34","guid":{"rendered":"https:\/\/www.millboard.com\/en-gb\/?page_id=563"},"modified":"2026-03-09T20:49:49","modified_gmt":"2026-03-09T20:49:49","slug":"sicherheits-faqs-terrassen","status":"publish","type":"page","link":"https:\/\/www.millboard.com\/de-de\/sicherheits-faqs-terrassen\/","title":{"rendered":"Sicherheit FAQs"},"content":{"rendered":"<header class=\"page-header wp-block alignfull has-brand-1-background-color has-background page-header--type--page has-breadcrumbs\">\n    <div class=\"page-header__inner\">\n                    <!-- Breadcrumbs -->\n            <div class=\"page-header__breadcrumbs\">\n                <nav class=\"breadcrumbs\">\n    <span class=\"breadcrumbs__yoast-wrapper\"><span><a href=\"https:\/\/www.millboard.com\/de-de\/\">Home<\/a><\/span><\/span><\/nav>\n            <\/div>\n        \n        <div class=\"page-header__wrapper\">\n            <div class=\"page-header__image-wrapper page-header__image-wrapper--no-image\">\n                            <\/div>\n\n            <div class=\"page-header__content page-header__content--first\">\n                <div class=\"page-header__header\">\n                    \n                                            <h1 class=\"page-header__heading is-style-typestyle-h1\">Sicherheit FAQs<\/h1>\n                                    <\/div>\n\n                            <\/div>\n                <div class=\"page-header__content page-header__content--last\">\n                                                <div class=\"page-header__description\">\n                        <p>Eine Sammlung haufig gestellter Fragen zur Sicherheit von Millboard.<\/p>\n                    <\/div>\n                \n                \n                            <\/div>\n        <\/div>\n    <\/div>\n\n    <\/header>\n\n    <div class=\"woocommerce-notices-wrapper\"><\/div>\n\n<section data-allow-multiple=\"false\" class=\"accordion wp-block alignfull\">\n    <div class=\"accordion__inner\">\n\n        <div class=\"accordion__header\">\n\n            \n                            <h3 class=\"accordion__header__heading\">Sicherheit \u2013 h\u00e4ufig gestellte Fragen<\/h3>\n            \n            \n            \n        <\/div>\n\n        <div class=\"accordion__items\">\n<div class=\"accordion__item wp-block\">\n    <button aria-expanded=\"true\" aria-controls=\"accordion-panel-1\" type=\"button\" class=\"accordion__item__trigger js-accordion-button\" id=\"sind-millboard-terrassendielen-als-verkleidung-feuerfest\"><h3 class=\"accordion__item__heading\">Sind Millboard Terrassendielen als Verkleidung feuerfest?<\/h3><\/button>\n\n    <div id=\"accordion-panel-1\" class=\"accordion__item__panel js-expandable-element\" aria-labelledby=\"sind-millboard-terrassendielen-als-verkleidung-feuerfest\">\n        <div class=\"accordion__item__panel__inner\">\n            <p>Wenn die Terrassendielen als Verkleidung verwendet werden, haben sie keine Brandschutzklasse und kein Zertifikat f\u00fcr das Brandverhalten. Die Verantwortung f\u00fcr die Eignung der Verkleidung am gew\u00fcnschten Standort liegt bei einem zertifizierten Baufachmann (Bauaufsicht, Geb\u00e4udeversicherung, Brandschutzbeauftragter usw.). Millboard \u00fcbernimmt keine Verantwortung f\u00fcr falsche Spezifikationen, Anwendungen oder Produktinstallationen in Bereichen, die nicht den beh\u00f6rdlichen Vorgaben im Vereinigten K\u00f6nigreich oder im Ausland entsprechen. Aktuelle Richtlinien sollten der Website der Regierung f\u00fcr den geografischen Standort des Projekts entnommen werden.<\/p>\n\n                    <\/div>\n    <\/div>\n<\/div>\n\n\n<div class=\"accordion__item wp-block\">\n    <button aria-expanded=\"false\" aria-controls=\"accordion-panel-2\" type=\"button\" class=\"accordion__item__trigger js-accordion-button\" id=\"sind-die-envello-verkleidungsplatten-feuerfest\"><h3 class=\"accordion__item__heading\">Sind die Envello-Verkleidungsplatten feuerfest?<\/h3><\/button>\n\n    <div id=\"accordion-panel-2\" class=\"accordion__item__panel js-expandable-element\" aria-labelledby=\"sind-die-envello-verkleidungsplatten-feuerfest\" hidden=\"true\" aria-hidden=\"true\">\n        <div class=\"accordion__item__panel__inner\">\n            <p>Unsere Shadow Line+ und Board &amp; Batten+ Fassadenverkleidungsplatten wurden gem\u00e4\u00df BS EN 13501-1 getestet und haben die Klassifizierung D-s3, d0, wenn sie gem\u00e4\u00df unserer Montageanleitung angebracht werden.<br \/>\nMillboard Terrassendielen und -Verkleidungen sind \u00e4u\u00dferst vielseitig und k\u00f6nnen f\u00fcr die meisten niedrig gelegenen Verkleidungsbereiche verwendet werden (vorbehaltlich der Bauaufsicht). Sie k\u00f6nnen f\u00fcr Verkleidungen an niedrig gelegenen Wohn- und Gesch\u00e4ftsgeb\u00e4uden, Gartenr\u00e4umen, Heimb\u00fcros, M\u00f6beln, Laibungen und Blenden, Au\u00dfenk\u00fcchen und vielem mehr verwendet werden. Envello-Verkleidungen k\u00f6nnen als dekorative Oberfl\u00e4che f\u00fcr die meisten Au\u00dfengestaltungen verwendet werden, sofern sie an einem tragenden Element befestigt sind. Alle Bereiche unterliegen den einschl\u00e4gigen beh\u00f6rdlichen Vorschriften\/Baunormen.<br \/>\nDie Verantwortung f\u00fcr die Eignung der Terrassendielen und Verkleidungen am gew\u00fcnschten Standort liegt bei einem zertifizierten Baufachmann (Bauaufsicht, Geb\u00e4udeversicherung, Brandschutzbeauftragter usw.). Millboard \u00fcbernimmt keine Verantwortung f\u00fcr falsche Spezifikationen, Anwendungen oder Produktinstallationen in Bereichen, die nicht den beh\u00f6rdlichen Vorgaben im Vereinigten K\u00f6nigreich oder im Ausland entsprechen. Die aktuellen Richtlinien sind der Website der Beh\u00f6rde zu entnehmen, die f\u00fcr den geografischen Standort des Projekts zust\u00e4ndig ist.<\/p>\n\n                    <\/div>\n    <\/div>\n<\/div>\n\n\n<div class=\"accordion__item wp-block\">\n    <button aria-expanded=\"false\" aria-controls=\"accordion-panel-3\" type=\"button\" class=\"accordion__item__trigger js-accordion-button\" id=\"haben-sie-informationen-zum-brandschutz\"><h3 class=\"accordion__item__heading\">Haben Sie Informationen zum Brandschutz?<\/h3><\/button>\n\n    <div id=\"accordion-panel-3\" class=\"accordion__item__panel js-expandable-element\" aria-labelledby=\"haben-sie-informationen-zum-brandschutz\" hidden=\"true\" aria-hidden=\"true\">\n        <div class=\"accordion__item__panel__inner\">\n            <p>Unsere Shadow Line+ und Board &amp; Batten+ Fassadenverkleidungsplatten wurden gem\u00e4\u00df BS EN 13501-1 getestet und haben die Klassifizierung D-s3, d0, wenn sie gem\u00e4\u00df unserer Montageanleitung angebracht werden.<br \/>\nMillboard Terrassendielen und -Verkleidungen sind \u00e4u\u00dferst vielseitig und k\u00f6nnen f\u00fcr die meisten niedrig gelegenen Verkleidungsbereiche verwendet werden (vorbehaltlich der Bauaufsicht). Sie k\u00f6nnen f\u00fcr Verkleidungen an niedrig gelegenen Wohn- und Gesch\u00e4ftsgeb\u00e4uden, Gartenr\u00e4umen, Heimb\u00fcros, M\u00f6beln, Laibungen und Blenden, Au\u00dfenk\u00fcchen und vielem mehr verwendet werden. Envello-Verkleidungen k\u00f6nnen als dekorative Oberfl\u00e4che f\u00fcr die meisten Au\u00dfengestaltungen verwendet werden, sofern sie an einem tragenden Element befestigt sind. Alle Bereiche unterliegen den einschl\u00e4gigen beh\u00f6rdlichen Vorschriften\/Baunormen.<br \/>\nDie Verantwortung f\u00fcr die Eignung der Terrassendielen und Verkleidungen am gew\u00fcnschten Standort liegt bei einem zertifizierten Baufachmann (Bauaufsicht, Geb\u00e4udeversicherung, Brandschutzbeauftragter usw.). Millboard \u00fcbernimmt keine Verantwortung f\u00fcr falsche Spezifikationen, Anwendungen oder Produktinstallationen in Bereichen, die nicht den beh\u00f6rdlichen Vorgaben im Vereinigten K\u00f6nigreich oder im Ausland entsprechen. Die aktuellen Richtlinien sind der Website der Beh\u00f6rde zu entnehmen, die f\u00fcr den geografischen Standort des Projekts zust\u00e4ndig ist.<\/p>\n\n                    <\/div>\n    <\/div>\n<\/div>\n\n\n<div class=\"accordion__item wp-block\">\n    <button aria-expanded=\"false\" aria-controls=\"accordion-panel-4\" type=\"button\" class=\"accordion__item__trigger js-accordion-button\" id=\"beeinflussen-waermequellen-meine-terrassendielen-oder-fassadenverkleidungen\"><h3 class=\"accordion__item__heading\">Beeinflussen W\u00e4rmequellen meine Terrassendielen oder Fassadenverkleidungen?<\/h3><\/button>\n\n    <div id=\"accordion-panel-4\" class=\"accordion__item__panel js-expandable-element\" aria-labelledby=\"beeinflussen-waermequellen-meine-terrassendielen-oder-fassadenverkleidungen\" hidden=\"true\" aria-hidden=\"true\">\n        <div class=\"accordion__item__panel__inner\">\n            <p>Wenn W\u00e4rmequellen \u00fcber einen l\u00e4ngeren Zeitraum in der N\u00e4he der Platten stehen, kann die Plattenoberfl\u00e4che beeintr\u00e4chtigt werden. Wir empfehlen, alle W\u00e4rmequellen in einem Abstand von 1 m zur Plattenoberfl\u00e4che aufzustellen und in diesen Bereichen nicht brennbare Materialien zu verwenden. Wenn Holz oder Kohle verbrannt wird, muss die Feuerschale\/der Kohlenbecken auf einer Porzellan- oder Zementfliese\/Platte aufgestellt werden. Der mit Platten ausgelegte Bereich muss etwa 1 m \u00fcber die Feuerschale\/den Kohlenbecken hinausragen. Glut oder brennendes Material muss sofort entfernt werden, um Sch\u00e4den oder bleibende Spuren auf der Millboard-Oberfl\u00e4che zu vermeiden. Terrassenheizungen oder Infrarotstrahler haben nachweislich keinen Einfluss auf die Platten.<\/p>\n\n                    <\/div>\n    <\/div>\n<\/div>\n\n<\/div>\n    <\/div>\n<\/section>\n\n\n\n<p><\/p>\n","protected":false},"excerpt":{"rendered":"","protected":false},"author":10,"featured_media":0,"parent":0,"menu_order":0,"comment_status":"closed","ping_status":"closed","template":"","meta":{"_acf_changed":false,"content-type":"","footnotes":""},"class_list":["post-563","page","type-page","status-publish","hentry"],"acf":[],"yoast_head":"<!-- This site is optimized with the Yoast SEO Premium plugin v27.3 (Yoast SEO v27.3) - https:\/\/yoast.com\/product\/yoast-seo-premium-wordpress\/ -->\n<title>Sicherheits-FAQs f\u00fcr Terrassen<\/title>\n<meta name=\"description\" content=\"Antworten auf h\u00e4ufige Sicherheitsfragen zu Terrassen- und Decking-Produkten: Rutschfestigkeit, W\u00e4rmeverhalten, Nutzung, Pflege und sichere Anwendung Ihrer Millboard Terrasse.\" \/>\n<meta name=\"robots\" content=\"index, follow, max-snippet:-1, max-image-preview:large, max-video-preview:-1\" \/>\n<link rel=\"canonical\" href=\"https:\/\/www.millboard.com\/de-de\/sicherheits-faqs-terrassen\/\" \/>\n<meta property=\"og:locale\" content=\"de_DE\" \/>\n<meta property=\"og:type\" content=\"article\" \/>\n<meta property=\"og:title\" content=\"Sicherheit FAQs\" \/>\n<meta property=\"og:description\" content=\"Antworten auf h\u00e4ufige Sicherheitsfragen zu Terrassen- und Decking-Produkten: Rutschfestigkeit, W\u00e4rmeverhalten, Nutzung, Pflege und sichere Anwendung Ihrer Millboard Terrasse.\" \/>\n<meta property=\"og:url\" content=\"https:\/\/www.millboard.com\/de-de\/sicherheits-faqs-terrassen\/\" \/>\n<meta property=\"og:site_name\" content=\"DE-DE - Residential\" \/>\n<meta property=\"article:modified_time\" content=\"2026-03-09T20:49:49+00:00\" \/>\n<meta name=\"twitter:card\" content=\"summary_large_image\" \/>\n<script type=\"application\/ld+json\" class=\"yoast-schema-graph\">{\"@context\":\"https:\\\/\\\/schema.org\",\"@graph\":[{\"@type\":\"WebPage\",\"@id\":\"https:\\\/\\\/www.millboard.com\\\/de-de\\\/sicherheits-faqs-terrassen\\\/\",\"url\":\"https:\\\/\\\/www.millboard.com\\\/de-de\\\/sicherheits-faqs-terrassen\\\/\",\"name\":\"Sicherheits-FAQs f\u00fcr Terrassen\",\"isPartOf\":{\"@id\":\"https:\\\/\\\/www.millboard.com\\\/de-de\\\/#website\"},\"datePublished\":\"2026-01-05T12:29:34+00:00\",\"dateModified\":\"2026-03-09T20:49:49+00:00\",\"description\":\"Antworten auf h\u00e4ufige Sicherheitsfragen zu Terrassen- und Decking-Produkten: Rutschfestigkeit, W\u00e4rmeverhalten, Nutzung, Pflege und sichere Anwendung Ihrer Millboard Terrasse.\",\"breadcrumb\":{\"@id\":\"https:\\\/\\\/www.millboard.com\\\/de-de\\\/sicherheits-faqs-terrassen\\\/#breadcrumb\"},\"inLanguage\":\"de\",\"potentialAction\":[{\"@type\":\"ReadAction\",\"target\":[\"https:\\\/\\\/www.millboard.com\\\/de-de\\\/sicherheits-faqs-terrassen\\\/\"]}]},{\"@type\":\"BreadcrumbList\",\"@id\":\"https:\\\/\\\/www.millboard.com\\\/de-de\\\/sicherheits-faqs-terrassen\\\/#breadcrumb\",\"itemListElement\":[{\"@type\":\"ListItem\",\"position\":1,\"name\":\"Home\",\"item\":\"https:\\\/\\\/www.millboard.com\\\/de-de\\\/\"},{\"@type\":\"ListItem\",\"position\":2,\"name\":\"Sicherheit FAQs\"}]},{\"@type\":\"WebSite\",\"@id\":\"https:\\\/\\\/www.millboard.com\\\/de-de\\\/#website\",\"url\":\"https:\\\/\\\/www.millboard.com\\\/de-de\\\/\",\"name\":\"DE-DE - Residential\",\"description\":\"Lebe. Das Leben. Drau\u00dfen.\",\"potentialAction\":[{\"@type\":\"SearchAction\",\"target\":{\"@type\":\"EntryPoint\",\"urlTemplate\":\"https:\\\/\\\/www.millboard.com\\\/de-de\\\/?s={search_term_string}\"},\"query-input\":{\"@type\":\"PropertyValueSpecification\",\"valueRequired\":true,\"valueName\":\"search_term_string\"}}],\"inLanguage\":\"de\"}]}<\/script>\n<!-- \/ Yoast SEO Premium plugin. -->","yoast_head_json":{"title":"Sicherheits-FAQs f\u00fcr Terrassen","description":"Antworten auf h\u00e4ufige Sicherheitsfragen zu Terrassen- und Decking-Produkten: Rutschfestigkeit, W\u00e4rmeverhalten, Nutzung, Pflege und sichere Anwendung Ihrer Millboard Terrasse.","robots":{"index":"index","follow":"follow","max-snippet":"max-snippet:-1","max-image-preview":"max-image-preview:large","max-video-preview":"max-video-preview:-1"},"canonical":"https:\/\/www.millboard.com\/de-de\/sicherheits-faqs-terrassen\/","og_locale":"de_DE","og_type":"article","og_title":"Sicherheit FAQs","og_description":"Antworten auf h\u00e4ufige Sicherheitsfragen zu Terrassen- und Decking-Produkten: Rutschfestigkeit, W\u00e4rmeverhalten, Nutzung, Pflege und sichere Anwendung Ihrer Millboard Terrasse.","og_url":"https:\/\/www.millboard.com\/de-de\/sicherheits-faqs-terrassen\/","og_site_name":"DE-DE - Residential","article_modified_time":"2026-03-09T20:49:49+00:00","twitter_card":"summary_large_image","schema":{"@context":"https:\/\/schema.org","@graph":[{"@type":"WebPage","@id":"https:\/\/www.millboard.com\/de-de\/sicherheits-faqs-terrassen\/","url":"https:\/\/www.millboard.com\/de-de\/sicherheits-faqs-terrassen\/","name":"Sicherheits-FAQs f\u00fcr Terrassen","isPartOf":{"@id":"https:\/\/www.millboard.com\/de-de\/#website"},"datePublished":"2026-01-05T12:29:34+00:00","dateModified":"2026-03-09T20:49:49+00:00","description":"Antworten auf h\u00e4ufige Sicherheitsfragen zu Terrassen- und Decking-Produkten: Rutschfestigkeit, W\u00e4rmeverhalten, Nutzung, Pflege und sichere Anwendung Ihrer Millboard Terrasse.","breadcrumb":{"@id":"https:\/\/www.millboard.com\/de-de\/sicherheits-faqs-terrassen\/#breadcrumb"},"inLanguage":"de","potentialAction":[{"@type":"ReadAction","target":["https:\/\/www.millboard.com\/de-de\/sicherheits-faqs-terrassen\/"]}]},{"@type":"BreadcrumbList","@id":"https:\/\/www.millboard.com\/de-de\/sicherheits-faqs-terrassen\/#breadcrumb","itemListElement":[{"@type":"ListItem","position":1,"name":"Home","item":"https:\/\/www.millboard.com\/de-de\/"},{"@type":"ListItem","position":2,"name":"Sicherheit FAQs"}]},{"@type":"WebSite","@id":"https:\/\/www.millboard.com\/de-de\/#website","url":"https:\/\/www.millboard.com\/de-de\/","name":"DE-DE - Residential","description":"Lebe. Das Leben. Drau\u00dfen.","potentialAction":[{"@type":"SearchAction","target":{"@type":"EntryPoint","urlTemplate":"https:\/\/www.millboard.com\/de-de\/?s={search_term_string}"},"query-input":{"@type":"PropertyValueSpecification","valueRequired":true,"valueName":"search_term_string"}}],"inLanguage":"de"}]}},"_links":{"self":[{"href":"https:\/\/www.millboard.com\/de-de\/wp-json\/wp\/v2\/pages\/563","targetHints":{"allow":["GET"]}}],"collection":[{"href":"https:\/\/www.millboard.com\/de-de\/wp-json\/wp\/v2\/pages"}],"about":[{"href":"https:\/\/www.millboard.com\/de-de\/wp-json\/wp\/v2\/types\/page"}],"author":[{"embeddable":true,"href":"https:\/\/www.millboard.com\/de-de\/wp-json\/wp\/v2\/users\/10"}],"replies":[{"embeddable":true,"href":"https:\/\/www.millboard.com\/de-de\/wp-json\/wp\/v2\/comments?post=563"}],"version-history":[{"count":2,"href":"https:\/\/www.millboard.com\/de-de\/wp-json\/wp\/v2\/pages\/563\/revisions"}],"predecessor-version":[{"id":10529,"href":"https:\/\/www.millboard.com\/de-de\/wp-json\/wp\/v2\/pages\/563\/revisions\/10529"}],"wp:attachment":[{"href":"https:\/\/www.millboard.com\/de-de\/wp-json\/wp\/v2\/media?parent=563"}],"curies":[{"name":"wp","href":"https:\/\/api.w.org\/{rel}","templated":true}]}}