{"id":5789,"date":"2026-02-03T12:21:19","date_gmt":"2026-02-03T12:21:19","guid":{"rendered":"https:\/\/www.millboard.com\/en-gb\/?page_id=5789"},"modified":"2026-03-09T08:41:07","modified_gmt":"2026-03-09T08:41:07","slug":"zubehor","status":"publish","type":"page","link":"https:\/\/www.millboard.com\/de-de\/terrassendielen-kollektionen\/zubehor\/","title":{"rendered":"Zubeh\u00f6r"},"content":{"rendered":"<header class=\"page-header wp-block alignfull has-brand-1-background-color has-background page-header--type--page has-breadcrumbs\">\n    <div class=\"page-header__inner\">\n                    <!-- Breadcrumbs -->\n            <div class=\"page-header__breadcrumbs\">\n                <nav class=\"breadcrumbs\">\n    <span class=\"breadcrumbs__yoast-wrapper\"><span><a href=\"https:\/\/www.millboard.com\/de-de\/\">Home<\/a><\/span><\/span><\/nav>\n            <\/div>\n        \n        <div class=\"page-header__wrapper\">\n            <div class=\"page-header__image-wrapper\">\n                                    <div class=\"page-header__image\">\n                        <div class=\"page-header__image-inner img-fit\">\n                            <img decoding=\"async\" width=\"768\" height=\"548\" src=\"https:\/\/www.millboard.com\/de-de\/wp-content\/uploads\/sites\/7\/2026\/02\/FPFGK_DuoFix_Side-Fixing-Guide-and-FP36P010-Multi-Spacers-768x548.jpg\" class=\"\" alt=\"\" fetchpriority=\"high\" data-spai-eager=\"1\" role=\"presentation\" loading=\"eager\" srcset=\"https:\/\/www.millboard.com\/de-de\/wp-content\/uploads\/sites\/7\/2026\/02\/FPFGK_DuoFix_Side-Fixing-Guide-and-FP36P010-Multi-Spacers-768x548.jpg 768w, https:\/\/www.millboard.com\/de-de\/wp-content\/uploads\/sites\/7\/2026\/02\/FPFGK_DuoFix_Side-Fixing-Guide-and-FP36P010-Multi-Spacers-300x214.jpg 300w, https:\/\/www.millboard.com\/de-de\/wp-content\/uploads\/sites\/7\/2026\/02\/FPFGK_DuoFix_Side-Fixing-Guide-and-FP36P010-Multi-Spacers-1024x731.jpg 1024w, https:\/\/www.millboard.com\/de-de\/wp-content\/uploads\/sites\/7\/2026\/02\/FPFGK_DuoFix_Side-Fixing-Guide-and-FP36P010-Multi-Spacers-600x428.jpg 600w, https:\/\/www.millboard.com\/de-de\/wp-content\/uploads\/sites\/7\/2026\/02\/FPFGK_DuoFix_Side-Fixing-Guide-and-FP36P010-Multi-Spacers.jpg 2000w\" sizes=\"(max-width: 768px) 100vw, 768px\" \/>                        <\/div>\n                    <\/div>\n                            <\/div>\n\n            <div class=\"page-header__content page-header__content--first\">\n                <div class=\"page-header__header\">\n                                            <div class=\"page-header__preheading\">\n                            Terrassendielen aus Verbundwerkstoff                         <\/div>\n                    \n                                            <h1 class=\"page-header__heading is-style-typestyle-h1\">Zubeh\u00f6r<\/h1>\n                                    <\/div>\n\n                            <\/div>\n                <div class=\"page-header__content page-header__content--last\">\n                                                <div class=\"page-header__description\">\n                        <p>Zu den Terrassenzubeh\u00f6rteilen geh\u00f6ren Befestigungen, Leisten und Elemente, die f\u00fcr eine nahtlose Installation und langlebige Leistung ausgelegt sind.<\/p>\n                    <\/div>\n                \n                \n                            <\/div>\n        <\/div>\n    <\/div>\n\n    <\/header>\n\n    <div class=\"woocommerce-notices-wrapper\"><\/div>\n\n<div data-link=\"false\" class=\"media-object media-content wp-block media-content--has-heading-inset alignfull\" data-media=\"image\" data-media-type=\"image\" data-media-position=\"after\" data-orientation=\"horizontal\">\n    <div class=\"media-object__inner\">\n        \n        <div class=\"media-object__content flex-column\">\n            \n            \n                            <div class=\"media-object__header flex-column\">\n                                            <h2 id=\"millboard-befestigungen\" class=\"media-object__heading media-content__heading\"><span class=\"media-object__heading-primary\">Millboard<\/span>\n<span class=\"media-object__heading-secondary\">Befestigungen<\/span><\/h2>\n                    \n                                             <div class=\"media-object__subheading\">\n                            <p>Unser Sortiment an Befestigungselementen ist exklusiv bei Millboard erh\u00e4ltlich und sorgt jedes Mal f\u00fcr ein sch\u00f6nes Finish, insbesondere in Verbindung mit dem praktischen Befestigungswerkzeug.<\/p>\n                        <\/div>\n                     \n                                    <\/div>\n            \n            \n            \n                            <ul class=\"list list-reset--hard flex-column flex-column--mq-medium--row media-object__list media-object__buttons\">\n            <li class=\"list__item media-object__list__item\">\n            <a href=\"https:\/\/www.millboard.com\/de-de\/composite-decking-collections\/decking-accessories\/befestigungen-terrassendielen-fixings-zubehoer\/\" class=\"g-button--primary g-button\"><span >Befestigungen entdecken<\/span><\/a>\n        <\/li>\n    <\/ul>\n                    <\/div>\n\n                    <div class=\"media-object__media media-object__media--image  img-fit\">\n                                    <img decoding=\"async\" width=\"768\" height=\"1023\" src=\"https:\/\/www.millboard.com\/de-de\/wp-content\/uploads\/sites\/7\/2026\/02\/DuraFix-Screw_Installation-1-768x1023.webp\" class=\"\" alt=\"\" role=\"presentation\" loading=\"lazy\" srcset=\"https:\/\/www.millboard.com\/de-de\/wp-content\/uploads\/sites\/7\/2026\/02\/DuraFix-Screw_Installation-1-768x1023.webp 768w, https:\/\/www.millboard.com\/de-de\/wp-content\/uploads\/sites\/7\/2026\/02\/DuraFix-Screw_Installation-1-225x300.webp 225w, https:\/\/www.millboard.com\/de-de\/wp-content\/uploads\/sites\/7\/2026\/02\/DuraFix-Screw_Installation-1-769x1024.webp 769w, https:\/\/www.millboard.com\/de-de\/wp-content\/uploads\/sites\/7\/2026\/02\/DuraFix-Screw_Installation-1-1183x1575.webp 1183w, https:\/\/www.millboard.com\/de-de\/wp-content\/uploads\/sites\/7\/2026\/02\/DuraFix-Screw_Installation-1-600x799.webp 600w, https:\/\/www.millboard.com\/de-de\/wp-content\/uploads\/sites\/7\/2026\/02\/DuraFix-Screw_Installation-1.webp 1538w\" sizes=\"auto, (max-width: 768px) 100vw, 768px\" \/>                            <\/div>\n            <\/div>\n\n<\/div>\n\n\n<div data-link=\"false\" class=\"media-object media-content wp-block media-content--has-heading-inset alignfull has-background has-brand-1-background-color\" data-media=\"image\" data-media-type=\"image\" data-media-position=\"before\" data-orientation=\"horizontal\">\n    <div class=\"media-object__inner\">\n                <div class=\"media-object__media img-fit \">\n\n                                    \n                    <img decoding=\"async\" width=\"768\" height=\"512\" src=\"https:\/\/www.millboard.com\/de-de\/wp-content\/uploads\/sites\/7\/2026\/02\/FPFGK_DuoFix_Side-Fixing-Guide-in-use-768x512.webp\" class=\"\" alt=\"\" role=\"presentation\" loading=\"lazy\" srcset=\"https:\/\/www.millboard.com\/de-de\/wp-content\/uploads\/sites\/7\/2026\/02\/FPFGK_DuoFix_Side-Fixing-Guide-in-use-768x512.webp 768w, https:\/\/www.millboard.com\/de-de\/wp-content\/uploads\/sites\/7\/2026\/02\/FPFGK_DuoFix_Side-Fixing-Guide-in-use-300x200.webp 300w, https:\/\/www.millboard.com\/de-de\/wp-content\/uploads\/sites\/7\/2026\/02\/FPFGK_DuoFix_Side-Fixing-Guide-in-use-1024x683.webp 1024w, https:\/\/www.millboard.com\/de-de\/wp-content\/uploads\/sites\/7\/2026\/02\/FPFGK_DuoFix_Side-Fixing-Guide-in-use-600x400.webp 600w, https:\/\/www.millboard.com\/de-de\/wp-content\/uploads\/sites\/7\/2026\/02\/FPFGK_DuoFix_Side-Fixing-Guide-in-use.webp 2048w\" sizes=\"auto, (max-width: 768px) 100vw, 768px\" \/>\n                                                <\/div>\n        \n        <div class=\"media-object__content flex-column\">\n                            <div class=\"media-object__meta-prefix\">\n                    Terrassenzubeh\u00f6r                <\/div>\n            \n            \n                            <div class=\"media-object__header flex-column\">\n                                            <h2 id=\"millboard-duofix-anleitung\" class=\"media-object__heading media-content__heading\"><span class=\"media-object__heading-primary\">Millboard<\/span>\n<span class=\"media-object__heading-secondary\">DuoFix-Anleitung<\/span><\/h2>\n                    \n                                             <div class=\"media-object__subheading\">\n                            <p>Unsere schnelle und einfache Befestigungsl\u00f6sung f\u00fcr ein makelloses Finish.<\/p>\n                        <\/div>\n                     \n                                    <\/div>\n            \n            \n            \n                            <ul class=\"list list-reset--hard flex-column flex-column--mq-medium--row media-object__list media-object__buttons\">\n            <li class=\"list__item media-object__list__item\">\n            <a href=\"https:\/\/www.millboard.com\/de-de\/composite-decking-collections\/decking-accessories\/duofix-side-fixing-guide-befestigungshilfe-terrassendielen\/\" class=\"g-button--primary g-button\"><span >DuoFix Seitenbefestigungsf\u00fchrung<\/span><\/a>\n        <\/li>\n    <\/ul>\n                    <\/div>\n\n            <\/div>\n\n<\/div>\n\n\n<div data-link=\"false\" class=\"media-object media-content wp-block media-content--has-heading-inset alignfull\" data-media=\"image\" data-media-type=\"image\" data-media-position=\"after\" data-orientation=\"horizontal\">\n    <div class=\"media-object__inner\">\n        \n        <div class=\"media-object__content flex-column\">\n                            <div class=\"media-object__meta-prefix\">\n                    Terrassenzubeh\u00f6r                <\/div>\n            \n            \n                            <div class=\"media-object__header flex-column\">\n                                            <h2 id=\"millboard-touch-up-farbe\" class=\"media-object__heading media-content__heading\"><span class=\"media-object__heading-primary\">Millboard<\/span>\n<span class=\"media-object__heading-secondary\">Touch-up Farbe<\/span><\/h2>\n                    \n                                             <div class=\"media-object__subheading\">\n                            <p>Unsere Ausbesserungsbeschichtung eignet sich perfekt zum Ausbessern von Schnittkanten und ist in 500-ml-Dosen sowie in verschiedenen Farben erh\u00e4ltlich, die zu Ihrer Millboard-Terrassendiele passen.<\/p>\n                        <\/div>\n                     \n                                    <\/div>\n            \n            \n            \n                            <ul class=\"list list-reset--hard flex-column flex-column--mq-medium--row media-object__list media-object__buttons\">\n            <li class=\"list__item media-object__list__item\">\n            <a href=\"https:\/\/www.millboard.com\/de-de\/composite-decking-collections\/decking-accessories\/touch-up-coating\/\" class=\"g-button--primary g-button\"><span >Entdecken Sie die Touch-up Farbe<\/span><\/a>\n        <\/li>\n    <\/ul>\n                    <\/div>\n\n                    <div class=\"media-object__media media-object__media--image  img-fit\">\n                                    <img decoding=\"async\" width=\"768\" height=\"768\" src=\"https:\/\/www.millboard.com\/de-de\/wp-content\/uploads\/sites\/7\/2026\/02\/AP500B_Brushed_Basalt_Touch_Up_Paint_500ml-2-768x768.jpg\" class=\"\" alt=\"\" role=\"presentation\" loading=\"lazy\" srcset=\"https:\/\/www.millboard.com\/de-de\/wp-content\/uploads\/sites\/7\/2026\/02\/AP500B_Brushed_Basalt_Touch_Up_Paint_500ml-2-768x768.jpg 768w, https:\/\/www.millboard.com\/de-de\/wp-content\/uploads\/sites\/7\/2026\/02\/AP500B_Brushed_Basalt_Touch_Up_Paint_500ml-2-300x300.jpg 300w, https:\/\/www.millboard.com\/de-de\/wp-content\/uploads\/sites\/7\/2026\/02\/AP500B_Brushed_Basalt_Touch_Up_Paint_500ml-2-1024x1024.jpg 1024w, https:\/\/www.millboard.com\/de-de\/wp-content\/uploads\/sites\/7\/2026\/02\/AP500B_Brushed_Basalt_Touch_Up_Paint_500ml-2-150x150.jpg 150w, https:\/\/www.millboard.com\/de-de\/wp-content\/uploads\/sites\/7\/2026\/02\/AP500B_Brushed_Basalt_Touch_Up_Paint_500ml-2-2048x2048.jpg 2048w, https:\/\/www.millboard.com\/de-de\/wp-content\/uploads\/sites\/7\/2026\/02\/AP500B_Brushed_Basalt_Touch_Up_Paint_500ml-2-1575x1575.jpg 1575w, https:\/\/www.millboard.com\/de-de\/wp-content\/uploads\/sites\/7\/2026\/02\/AP500B_Brushed_Basalt_Touch_Up_Paint_500ml-2-600x600.jpg 600w, https:\/\/www.millboard.com\/de-de\/wp-content\/uploads\/sites\/7\/2026\/02\/AP500B_Brushed_Basalt_Touch_Up_Paint_500ml-2-100x100.jpg 100w\" sizes=\"auto, (max-width: 768px) 100vw, 768px\" \/>                            <\/div>\n            <\/div>\n\n<\/div>\n\n\n<div class=\"navigation-tiles wp-block alignfull has-background has-brand-6-background-color\">\n    <div class=\"navigation-tiles__inner\">\n                    <div class=\"navigation-tiles__header\">\n                                    <div class=\"navigation-tiles__preheading is-style-typestyle-h6\">\n                        Planen Sie Ihren Au\u00dfenbereich                    <\/div>\n                                \n                                    <h2 id=\"einfache-tools-und-kompetente-unterstuetzung\" class=\"navigation-tiles__heading\">\n                        Einfache Tools und kompetente Unterst\u00fctzung.                    <\/h2>\n                            <\/div>\n        \n                    <div class=\"navigation-tiles__tiles\">\n                                    <div class=\"navigation-tiles__tile\">\n                                                    <h3 class=\"navigation-tiles__tile-title\">\n                                Terrassendielen-Konfigurator                            <\/h3>\n                                                \n                                                    <div class=\"navigation-tiles__tile-description\">\n                                <p>Kalkulieren Sie die Anzahl der Bretter, Befestigungen, Unterkonstruktionen und weiteren Materialien, die Sie f\u00fcr Ihren Raum ben\u00f6tigen.<\/p>\n                            <\/div>\n                                                \n                                                    <a target=\"_blank\" rel=\"noopener\" href=\"https:\/\/deckplanner.millboard.com\/#\/de\" class=\"navigation-tiles__tile-cta g-button\">Konfigurator \u00f6ffnen<\/a>\n                                            <\/div>\n                                    <div class=\"navigation-tiles__tile\">\n                                                    <h3 class=\"navigation-tiles__tile-title\">\n                                Newsletter                            <\/h3>\n                                                \n                                                    <div class=\"navigation-tiles__tile-description\">\n                                <p>Abonnieren Sie unseren<br \/>\nNewsletter.<\/p>\n                            <\/div>\n                                                \n                                                    <a target=\"\" rel=\"\" href=\"https:\/\/www.millboard.com\/de-de\/melden-sie-sich-fuer-unseren-newsletter-an\/\" class=\"navigation-tiles__tile-cta g-button\">Newsletter anmelden<\/a>\n                                            <\/div>\n                                    <div class=\"navigation-tiles__tile\">\n                                                    <h3 class=\"navigation-tiles__tile-title\">\n                                Installationsanleitungen                            <\/h3>\n                                                \n                                                    <div class=\"navigation-tiles__tile-description\">\n                                <p>Schritt-f\u00fcr-Schritt-Anleitungen und Details f\u00fcr jede Kollektion.<\/p>\n                            <\/div>\n                                                \n                                                    <a target=\"\" rel=\"\" href=\"https:\/\/www.millboard.com\/de-de\/broschuren-und-leitfaden\/\" class=\"navigation-tiles__tile-cta g-button\">Anleitungen<\/a>\n                                            <\/div>\n                                    <div class=\"navigation-tiles__tile\">\n                                                    <h3 class=\"navigation-tiles__tile-title\">\n                                Kostenlose Muster                            <\/h3>\n                                                \n                                                    <div class=\"navigation-tiles__tile-description\">\n                                <p>Bestellen Sie bis zu 3 Muster, um zu sehen, wie Millboard f\u00fcr Ihr Projekt am besten passt.<\/p>\n                            <\/div>\n                                                \n                                                    <a target=\"_blank\" rel=\"noopener\" href=\"https:\/\/www.millboard.com\/de-de\/product-category\/terrassendielen-muster\/\" class=\"navigation-tiles__tile-cta g-button\">Muster bestellen<\/a>\n                                            <\/div>\n                            <\/div>\n            <\/div>\n<\/div>\n","protected":false},"excerpt":{"rendered":"","protected":false},"author":10,"featured_media":0,"parent":719,"menu_order":0,"comment_status":"closed","ping_status":"closed","template":"","meta":{"_acf_changed":false,"content-type":"","footnotes":""},"class_list":["post-5789","page","type-page","status-publish","hentry"],"acf":[],"yoast_head":"<!-- This site is optimized with the Yoast SEO Premium plugin v27.3 (Yoast SEO v27.3) - https:\/\/yoast.com\/product\/yoast-seo-premium-wordpress\/ -->\n<title>Zubeh\u00f6r - DE-DE - Residential<\/title>\n<meta name=\"robots\" content=\"index, follow, max-snippet:-1, max-image-preview:large, max-video-preview:-1\" \/>\n<link rel=\"canonical\" href=\"https:\/\/www.millboard.com\/de-de\/terrassendielen-kollektionen\/zubehor\/\" \/>\n<meta property=\"og:locale\" content=\"de_DE\" \/>\n<meta property=\"og:type\" content=\"article\" \/>\n<meta property=\"og:title\" content=\"Zubeh\u00f6r\" \/>\n<meta property=\"og:url\" content=\"https:\/\/www.millboard.com\/de-de\/terrassendielen-kollektionen\/zubehor\/\" \/>\n<meta property=\"og:site_name\" content=\"DE-DE - Residential\" \/>\n<meta property=\"article:modified_time\" content=\"2026-03-09T08:41:07+00:00\" \/>\n<meta name=\"twitter:card\" content=\"summary_large_image\" \/>\n<meta name=\"twitter:label1\" content=\"Gesch\u00e4tzte Lesezeit\" \/>\n\t<meta name=\"twitter:data1\" content=\"2\u00a0Minuten\" \/>\n<script type=\"application\/ld+json\" class=\"yoast-schema-graph\">{\"@context\":\"https:\\\/\\\/schema.org\",\"@graph\":[{\"@type\":\"WebPage\",\"@id\":\"https:\\\/\\\/www.millboard.com\\\/de-de\\\/terrassendielen-kollektionen\\\/zubehor\\\/\",\"url\":\"https:\\\/\\\/www.millboard.com\\\/de-de\\\/terrassendielen-kollektionen\\\/zubehor\\\/\",\"name\":\"Zubeh\u00f6r - DE-DE - Residential\",\"isPartOf\":{\"@id\":\"https:\\\/\\\/www.millboard.com\\\/de-de\\\/#website\"},\"datePublished\":\"2026-02-03T12:21:19+00:00\",\"dateModified\":\"2026-03-09T08:41:07+00:00\",\"breadcrumb\":{\"@id\":\"https:\\\/\\\/www.millboard.com\\\/de-de\\\/terrassendielen-kollektionen\\\/zubehor\\\/#breadcrumb\"},\"inLanguage\":\"de\",\"potentialAction\":[{\"@type\":\"ReadAction\",\"target\":[\"https:\\\/\\\/www.millboard.com\\\/de-de\\\/terrassendielen-kollektionen\\\/zubehor\\\/\"]}]},{\"@type\":\"BreadcrumbList\",\"@id\":\"https:\\\/\\\/www.millboard.com\\\/de-de\\\/terrassendielen-kollektionen\\\/zubehor\\\/#breadcrumb\",\"itemListElement\":[{\"@type\":\"ListItem\",\"position\":1,\"name\":\"Home\",\"item\":\"https:\\\/\\\/www.millboard.com\\\/de-de\\\/\"},{\"@type\":\"ListItem\",\"position\":2,\"name\":\"Terrassendielen-Kollektionen\",\"item\":\"https:\\\/\\\/www.millboard.com\\\/de-de\\\/terrassendielen-kollektionen\\\/\"},{\"@type\":\"ListItem\",\"position\":3,\"name\":\"Zubeh\u00f6r\"}]},{\"@type\":\"WebSite\",\"@id\":\"https:\\\/\\\/www.millboard.com\\\/de-de\\\/#website\",\"url\":\"https:\\\/\\\/www.millboard.com\\\/de-de\\\/\",\"name\":\"DE-DE - Residential\",\"description\":\"Lebe. Das Leben. Drau\u00dfen.\",\"potentialAction\":[{\"@type\":\"SearchAction\",\"target\":{\"@type\":\"EntryPoint\",\"urlTemplate\":\"https:\\\/\\\/www.millboard.com\\\/de-de\\\/?s={search_term_string}\"},\"query-input\":{\"@type\":\"PropertyValueSpecification\",\"valueRequired\":true,\"valueName\":\"search_term_string\"}}],\"inLanguage\":\"de\"}]}<\/script>\n<!-- \/ Yoast SEO Premium plugin. -->","yoast_head_json":{"title":"Zubeh\u00f6r - DE-DE - Residential","robots":{"index":"index","follow":"follow","max-snippet":"max-snippet:-1","max-image-preview":"max-image-preview:large","max-video-preview":"max-video-preview:-1"},"canonical":"https:\/\/www.millboard.com\/de-de\/terrassendielen-kollektionen\/zubehor\/","og_locale":"de_DE","og_type":"article","og_title":"Zubeh\u00f6r","og_url":"https:\/\/www.millboard.com\/de-de\/terrassendielen-kollektionen\/zubehor\/","og_site_name":"DE-DE - Residential","article_modified_time":"2026-03-09T08:41:07+00:00","twitter_card":"summary_large_image","twitter_misc":{"Gesch\u00e4tzte Lesezeit":"2\u00a0Minuten"},"schema":{"@context":"https:\/\/schema.org","@graph":[{"@type":"WebPage","@id":"https:\/\/www.millboard.com\/de-de\/terrassendielen-kollektionen\/zubehor\/","url":"https:\/\/www.millboard.com\/de-de\/terrassendielen-kollektionen\/zubehor\/","name":"Zubeh\u00f6r - DE-DE - Residential","isPartOf":{"@id":"https:\/\/www.millboard.com\/de-de\/#website"},"datePublished":"2026-02-03T12:21:19+00:00","dateModified":"2026-03-09T08:41:07+00:00","breadcrumb":{"@id":"https:\/\/www.millboard.com\/de-de\/terrassendielen-kollektionen\/zubehor\/#breadcrumb"},"inLanguage":"de","potentialAction":[{"@type":"ReadAction","target":["https:\/\/www.millboard.com\/de-de\/terrassendielen-kollektionen\/zubehor\/"]}]},{"@type":"BreadcrumbList","@id":"https:\/\/www.millboard.com\/de-de\/terrassendielen-kollektionen\/zubehor\/#breadcrumb","itemListElement":[{"@type":"ListItem","position":1,"name":"Home","item":"https:\/\/www.millboard.com\/de-de\/"},{"@type":"ListItem","position":2,"name":"Terrassendielen-Kollektionen","item":"https:\/\/www.millboard.com\/de-de\/terrassendielen-kollektionen\/"},{"@type":"ListItem","position":3,"name":"Zubeh\u00f6r"}]},{"@type":"WebSite","@id":"https:\/\/www.millboard.com\/de-de\/#website","url":"https:\/\/www.millboard.com\/de-de\/","name":"DE-DE - Residential","description":"Lebe. Das Leben. Drau\u00dfen.","potentialAction":[{"@type":"SearchAction","target":{"@type":"EntryPoint","urlTemplate":"https:\/\/www.millboard.com\/de-de\/?s={search_term_string}"},"query-input":{"@type":"PropertyValueSpecification","valueRequired":true,"valueName":"search_term_string"}}],"inLanguage":"de"}]}},"_links":{"self":[{"href":"https:\/\/www.millboard.com\/de-de\/wp-json\/wp\/v2\/pages\/5789","targetHints":{"allow":["GET"]}}],"collection":[{"href":"https:\/\/www.millboard.com\/de-de\/wp-json\/wp\/v2\/pages"}],"about":[{"href":"https:\/\/www.millboard.com\/de-de\/wp-json\/wp\/v2\/types\/page"}],"author":[{"embeddable":true,"href":"https:\/\/www.millboard.com\/de-de\/wp-json\/wp\/v2\/users\/10"}],"replies":[{"embeddable":true,"href":"https:\/\/www.millboard.com\/de-de\/wp-json\/wp\/v2\/comments?post=5789"}],"version-history":[{"count":2,"href":"https:\/\/www.millboard.com\/de-de\/wp-json\/wp\/v2\/pages\/5789\/revisions"}],"predecessor-version":[{"id":10248,"href":"https:\/\/www.millboard.com\/de-de\/wp-json\/wp\/v2\/pages\/5789\/revisions\/10248"}],"up":[{"embeddable":true,"href":"https:\/\/www.millboard.com\/de-de\/wp-json\/wp\/v2\/pages\/719"}],"wp:attachment":[{"href":"https:\/\/www.millboard.com\/de-de\/wp-json\/wp\/v2\/media?parent=5789"}],"curies":[{"name":"wp","href":"https:\/\/api.w.org\/{rel}","templated":true}]}}