{"id":7077,"date":"2026-02-11T12:31:57","date_gmt":"2026-02-11T12:31:57","guid":{"rendered":"https:\/\/www.millboard.com\/en-gb\/?page_id=5249"},"modified":"2026-04-10T13:24:21","modified_gmt":"2026-04-10T12:24:21","slug":"installateur-finden","status":"publish","type":"page","link":"https:\/\/www.millboard.com\/de-de\/installateur-finden\/","title":{"rendered":"Installateur finden"},"content":{"rendered":"<header class=\"page-header wp-block alignfull has-brand-6-background-color has-background page-header--type--page has-breadcrumbs\">\n    <div class=\"page-header__inner\">\n                    <!-- Breadcrumbs -->\n            <div class=\"page-header__breadcrumbs\">\n                <nav class=\"breadcrumbs\">\n    <span class=\"breadcrumbs__yoast-wrapper\"><span><a href=\"https:\/\/www.millboard.com\/de-de\/\">Home<\/a><\/span><\/span><\/nav>\n            <\/div>\n        \n        <div class=\"page-header__wrapper\">\n            <div class=\"page-header__image-wrapper page-header__image-wrapper--no-image\">\n                            <\/div>\n\n            <div class=\"page-header__content page-header__content--first\">\n                <div class=\"page-header__header\">\n                                            <div class=\"page-header__preheading\">\n                            Installationsverzeichnis                        <\/div>\n                    \n                                            <h1 class=\"page-header__heading is-style-typestyle-h1\">Installateur finden<\/h1>\n                                    <\/div>\n\n                            <\/div>\n                <div class=\"page-header__content page-header__content--last\">\n                            \n                \n                            <\/div>\n        <\/div>\n    <\/div>\n\n            <div class=\"page-header__background\">\n            <div class=\"page-header__background-left\"><\/div>\n            <div class=\"page-header__background-top\"><\/div>\n            <div class=\"page-header__background-bottom\"><\/div>\n        <\/div>\n    <\/header>\n\n    <div class=\"woocommerce-notices-wrapper\"><\/div>\n\n<div class=\"gravity-forms wp-block alignfull\" gravity-forms wp-block alignfull>\n    <div class=\"gravity-forms__inner\">\n        <div class=\"gravity-forms__grid\">\n            <div class=\"gravity-forms__column gravity-forms__column--content\">\n                <div class=\"gravity-forms__header\">\n                                        \n                                            <h2 id=\"wir-sind-fuer-sie-da\" class=\"gravity-forms__heading\">\n                            Wir sind f\u00fcr Sie da                        <\/h2>\n                    \n                                            <div class=\"gravity-forms__description\">\n                            <p>F\u00fcr uns von Millboard steht Ihre Zufriedenheit an erster Stelle. Wir m\u00f6chten Ihnen au\u00dfergew\u00f6hnliche Produkte und einen hervorragenden Service bieten. Bei Fragen, Problemen oder Anregungen stehen wir selbstverst\u00e4ndlich zu Ihrer Verf\u00fcgung.<\/p>\n                        <\/div>\n                                    <\/div>\n            <\/div>\n\n            <div class=\"gravity-forms__column gravity-forms__column--form\">\n                                                    <div class=\"gravity-forms__form\">\n                        <script charset=\"utf-8\" type=\"text\/javascript\" src=\"\/\/js-eu1.hsforms.net\/forms\/embed\/v2.js\"><\/script>\r\n<script>\r\n  hbspt.forms.create({\r\n    portalId: \"26853518\",\r\n    formId: \"400bf70d-8737-48aa-8989-cce734b74fa1\",\r\n    region: \"eu1\"\r\n  });\r\n<\/script>                    <\/div>\n                            <\/div>\n        <\/div>\n    <\/div>\n<\/div>\n\n\n<div class=\"navigation-tiles wp-block alignfull has-background has-brand-6-background-color\">\n    <div class=\"navigation-tiles__inner\">\n                    <div class=\"navigation-tiles__header\">\n                                    <div class=\"navigation-tiles__preheading is-style-typestyle-h6\">\n                        Planen Sie Ihren Au\u00dfenbereich                    <\/div>\n                                \n                                    <h2 id=\"einfache-tools-und-kompetente-unterstuetzung\" class=\"navigation-tiles__heading\">\n                        Einfache Tools und kompetente Unterst\u00fctzung.                    <\/h2>\n                            <\/div>\n        \n                    <div class=\"navigation-tiles__tiles\">\n                                    <div class=\"navigation-tiles__tile\">\n                                                    <h3 class=\"navigation-tiles__tile-title\">\n                                Terrassendielen-Konfigurator                            <\/h3>\n                                                \n                                                    <div class=\"navigation-tiles__tile-description\">\n                                <p>Kalkulieren Sie die Anzahl der Bretter, Befestigungen, Unterkonstruktionen und weiteren Materialien, die Sie f\u00fcr Ihren Raum ben\u00f6tigen.<\/p>\n                            <\/div>\n                                                \n                                                    <a target=\"_blank\" rel=\"noopener\" href=\"https:\/\/deckplanner.millboard.com\/#\/de\" class=\"navigation-tiles__tile-cta g-button\">Konfigurator \u00f6ffnen<\/a>\n                                            <\/div>\n                                    <div class=\"navigation-tiles__tile\">\n                                                    <h3 class=\"navigation-tiles__tile-title\">\n                                Newsletter                            <\/h3>\n                                                \n                                                    <div class=\"navigation-tiles__tile-description\">\n                                <p>Abonnieren Sie unseren<br \/>\nNewsletter.<\/p>\n                            <\/div>\n                                                \n                                                    <a target=\"\" rel=\"\" href=\"https:\/\/www.millboard.com\/de-de\/melden-sie-sich-fuer-unseren-newsletter-an\/\" class=\"navigation-tiles__tile-cta g-button\">Newsletter anmelden<\/a>\n                                            <\/div>\n                                    <div class=\"navigation-tiles__tile\">\n                                                    <h3 class=\"navigation-tiles__tile-title\">\n                                Installationsanleitungen                            <\/h3>\n                                                \n                                                    <div class=\"navigation-tiles__tile-description\">\n                                <p>Schritt-f\u00fcr-Schritt-Anleitungen und Details f\u00fcr jede Kollektion.<\/p>\n                            <\/div>\n                                                \n                                                    <a target=\"\" rel=\"\" href=\"https:\/\/www.millboard.com\/de-de\/broschuren-und-leitfaden\/\" class=\"navigation-tiles__tile-cta g-button\">Anleitungen<\/a>\n                                            <\/div>\n                                    <div class=\"navigation-tiles__tile\">\n                                                    <h3 class=\"navigation-tiles__tile-title\">\n                                Kostenlose Muster                            <\/h3>\n                                                \n                                                    <div class=\"navigation-tiles__tile-description\">\n                                <p>Bestellen Sie bis zu 3 Muster, um zu sehen, wie Millboard f\u00fcr Ihr Projekt am besten passt.<\/p>\n                            <\/div>\n                                                \n                                                    <a target=\"_blank\" rel=\"noopener\" href=\"https:\/\/www.millboard.com\/de-de\/product-category\/terrassendielen-muster\/\" class=\"navigation-tiles__tile-cta g-button\">Muster bestellen<\/a>\n                                            <\/div>\n                            <\/div>\n            <\/div>\n<\/div>\n","protected":false},"excerpt":{"rendered":"","protected":false},"author":10,"featured_media":0,"parent":0,"menu_order":0,"comment_status":"closed","ping_status":"closed","template":"","meta":{"_acf_changed":false,"content-type":"","footnotes":""},"class_list":["post-7077","page","type-page","status-publish","hentry"],"acf":[],"yoast_head":"<!-- This site is optimized with the Yoast SEO Premium plugin v27.3 (Yoast SEO v27.3) - https:\/\/yoast.com\/product\/yoast-seo-premium-wordpress\/ -->\n<title>Millboard Installateur finden | Terrassendielen &amp; Fassaden Montage<\/title>\n<meta name=\"description\" content=\"Finden Sie einen erfahrenen Installateur f\u00fcr Millboard Terrassendielen und Fassadenverkleidung und lassen Sie Ihr Outdoor-Projekt professionell umsetzen.\" \/>\n<meta name=\"robots\" content=\"index, follow, max-snippet:-1, max-image-preview:large, max-video-preview:-1\" \/>\n<link rel=\"canonical\" href=\"https:\/\/www.millboard.com\/de-de\/installateur-finden\/\" \/>\n<meta property=\"og:locale\" content=\"de_DE\" \/>\n<meta property=\"og:type\" content=\"article\" \/>\n<meta property=\"og:title\" content=\"Installateur finden\" \/>\n<meta property=\"og:description\" content=\"Finden Sie einen erfahrenen Installateur f\u00fcr Millboard Terrassendielen und Fassadenverkleidung und lassen Sie Ihr Outdoor-Projekt professionell umsetzen.\" \/>\n<meta property=\"og:url\" content=\"https:\/\/www.millboard.com\/de-de\/installateur-finden\/\" \/>\n<meta property=\"og:site_name\" content=\"DE-DE - Residential\" \/>\n<meta property=\"article:modified_time\" content=\"2026-04-10T12:24:21+00:00\" \/>\n<meta name=\"twitter:card\" content=\"summary_large_image\" \/>\n<script type=\"application\/ld+json\" class=\"yoast-schema-graph\">{\"@context\":\"https:\\\/\\\/schema.org\",\"@graph\":[{\"@type\":\"WebPage\",\"@id\":\"https:\\\/\\\/www.millboard.com\\\/de-de\\\/installateur-finden\\\/\",\"url\":\"https:\\\/\\\/www.millboard.com\\\/de-de\\\/installateur-finden\\\/\",\"name\":\"Millboard Installateur finden | Terrassendielen & Fassaden Montage\",\"isPartOf\":{\"@id\":\"https:\\\/\\\/www.millboard.com\\\/de-de\\\/#website\"},\"datePublished\":\"2026-02-11T12:31:57+00:00\",\"dateModified\":\"2026-04-10T12:24:21+00:00\",\"description\":\"Finden Sie einen erfahrenen Installateur f\u00fcr Millboard Terrassendielen und Fassadenverkleidung und lassen Sie Ihr Outdoor-Projekt professionell umsetzen.\",\"breadcrumb\":{\"@id\":\"https:\\\/\\\/www.millboard.com\\\/de-de\\\/installateur-finden\\\/#breadcrumb\"},\"inLanguage\":\"de\",\"potentialAction\":[{\"@type\":\"ReadAction\",\"target\":[\"https:\\\/\\\/www.millboard.com\\\/de-de\\\/installateur-finden\\\/\"]}]},{\"@type\":\"BreadcrumbList\",\"@id\":\"https:\\\/\\\/www.millboard.com\\\/de-de\\\/installateur-finden\\\/#breadcrumb\",\"itemListElement\":[{\"@type\":\"ListItem\",\"position\":1,\"name\":\"Home\",\"item\":\"https:\\\/\\\/www.millboard.com\\\/de-de\\\/\"},{\"@type\":\"ListItem\",\"position\":2,\"name\":\"Installateur finden\"}]},{\"@type\":\"WebSite\",\"@id\":\"https:\\\/\\\/www.millboard.com\\\/de-de\\\/#website\",\"url\":\"https:\\\/\\\/www.millboard.com\\\/de-de\\\/\",\"name\":\"DE-DE - Residential\",\"description\":\"Lebe. Das Leben. Drau\u00dfen.\",\"potentialAction\":[{\"@type\":\"SearchAction\",\"target\":{\"@type\":\"EntryPoint\",\"urlTemplate\":\"https:\\\/\\\/www.millboard.com\\\/de-de\\\/?s={search_term_string}\"},\"query-input\":{\"@type\":\"PropertyValueSpecification\",\"valueRequired\":true,\"valueName\":\"search_term_string\"}}],\"inLanguage\":\"de\"}]}<\/script>\n<!-- \/ Yoast SEO Premium plugin. -->","yoast_head_json":{"title":"Millboard Installateur finden | Terrassendielen & Fassaden Montage","description":"Finden Sie einen erfahrenen Installateur f\u00fcr Millboard Terrassendielen und Fassadenverkleidung und lassen Sie Ihr Outdoor-Projekt professionell umsetzen.","robots":{"index":"index","follow":"follow","max-snippet":"max-snippet:-1","max-image-preview":"max-image-preview:large","max-video-preview":"max-video-preview:-1"},"canonical":"https:\/\/www.millboard.com\/de-de\/installateur-finden\/","og_locale":"de_DE","og_type":"article","og_title":"Installateur finden","og_description":"Finden Sie einen erfahrenen Installateur f\u00fcr Millboard Terrassendielen und Fassadenverkleidung und lassen Sie Ihr Outdoor-Projekt professionell umsetzen.","og_url":"https:\/\/www.millboard.com\/de-de\/installateur-finden\/","og_site_name":"DE-DE - Residential","article_modified_time":"2026-04-10T12:24:21+00:00","twitter_card":"summary_large_image","schema":{"@context":"https:\/\/schema.org","@graph":[{"@type":"WebPage","@id":"https:\/\/www.millboard.com\/de-de\/installateur-finden\/","url":"https:\/\/www.millboard.com\/de-de\/installateur-finden\/","name":"Millboard Installateur finden | Terrassendielen & Fassaden Montage","isPartOf":{"@id":"https:\/\/www.millboard.com\/de-de\/#website"},"datePublished":"2026-02-11T12:31:57+00:00","dateModified":"2026-04-10T12:24:21+00:00","description":"Finden Sie einen erfahrenen Installateur f\u00fcr Millboard Terrassendielen und Fassadenverkleidung und lassen Sie Ihr Outdoor-Projekt professionell umsetzen.","breadcrumb":{"@id":"https:\/\/www.millboard.com\/de-de\/installateur-finden\/#breadcrumb"},"inLanguage":"de","potentialAction":[{"@type":"ReadAction","target":["https:\/\/www.millboard.com\/de-de\/installateur-finden\/"]}]},{"@type":"BreadcrumbList","@id":"https:\/\/www.millboard.com\/de-de\/installateur-finden\/#breadcrumb","itemListElement":[{"@type":"ListItem","position":1,"name":"Home","item":"https:\/\/www.millboard.com\/de-de\/"},{"@type":"ListItem","position":2,"name":"Installateur finden"}]},{"@type":"WebSite","@id":"https:\/\/www.millboard.com\/de-de\/#website","url":"https:\/\/www.millboard.com\/de-de\/","name":"DE-DE - Residential","description":"Lebe. Das Leben. Drau\u00dfen.","potentialAction":[{"@type":"SearchAction","target":{"@type":"EntryPoint","urlTemplate":"https:\/\/www.millboard.com\/de-de\/?s={search_term_string}"},"query-input":{"@type":"PropertyValueSpecification","valueRequired":true,"valueName":"search_term_string"}}],"inLanguage":"de"}]}},"_links":{"self":[{"href":"https:\/\/www.millboard.com\/de-de\/wp-json\/wp\/v2\/pages\/7077","targetHints":{"allow":["GET"]}}],"collection":[{"href":"https:\/\/www.millboard.com\/de-de\/wp-json\/wp\/v2\/pages"}],"about":[{"href":"https:\/\/www.millboard.com\/de-de\/wp-json\/wp\/v2\/types\/page"}],"author":[{"embeddable":true,"href":"https:\/\/www.millboard.com\/de-de\/wp-json\/wp\/v2\/users\/10"}],"replies":[{"embeddable":true,"href":"https:\/\/www.millboard.com\/de-de\/wp-json\/wp\/v2\/comments?post=7077"}],"version-history":[{"count":2,"href":"https:\/\/www.millboard.com\/de-de\/wp-json\/wp\/v2\/pages\/7077\/revisions"}],"predecessor-version":[{"id":10254,"href":"https:\/\/www.millboard.com\/de-de\/wp-json\/wp\/v2\/pages\/7077\/revisions\/10254"}],"wp:attachment":[{"href":"https:\/\/www.millboard.com\/de-de\/wp-json\/wp\/v2\/media?parent=7077"}],"curies":[{"name":"wp","href":"https:\/\/api.w.org\/{rel}","templated":true}]}}