{"id":772,"date":"2026-01-07T16:37:48","date_gmt":"2026-01-07T16:37:48","guid":{"rendered":"https:\/\/www.millboard.com\/en-gb\/?page_id=772"},"modified":"2026-03-11T10:09:05","modified_gmt":"2026-03-11T10:09:05","slug":"vertrauenszentrum","status":"publish","type":"page","link":"https:\/\/www.millboard.com\/de-de\/vertrauenszentrum\/","title":{"rendered":"Vertrauenszentrum"},"content":{"rendered":"<header class=\"page-header wp-block alignfull has-brand-1-background-color has-background page-header--type--page has-breadcrumbs\">\n    <div class=\"page-header__inner\">\n                    <!-- Breadcrumbs -->\n            <div class=\"page-header__breadcrumbs\">\n                <nav class=\"breadcrumbs\">\n    <span class=\"breadcrumbs__yoast-wrapper\"><span><a href=\"https:\/\/www.millboard.com\/de-de\/\">Home<\/a><\/span><\/span><\/nav>\n            <\/div>\n        \n        <div class=\"page-header__wrapper\">\n            <div class=\"page-header__image-wrapper page-header__image-wrapper--no-image\">\n                            <\/div>\n\n            <div class=\"page-header__content page-header__content--first\">\n                <div class=\"page-header__header\">\n                    \n                                            <h1 class=\"page-header__heading is-style-typestyle-h1\">Vertrauenszentrum<\/h1>\n                                    <\/div>\n\n                            <\/div>\n                <div class=\"page-header__content page-header__content--last\">\n                                                <div class=\"page-header__description\">\n                        <p>Unser Trust Center beschreibt, wie wir Ihre Daten sch\u00fctzen, transparent arbeiten und durch verantwortungsbewusste Daten- und Sicherheitspraktiken Vertrauen aufbauen.<\/p>\n                    <\/div>\n                \n                \n                            <\/div>\n        <\/div>\n    <\/div>\n\n    <\/header>\n\n    <div class=\"woocommerce-notices-wrapper\"><\/div>\n\n\n<p><\/p>\n\n\n<div class=\"navigation-tiles wp-block alignfull\">\n    <div class=\"navigation-tiles__inner\">\n                    <div class=\"navigation-tiles__header\">\n                                \n                                    <h2 id=\"richtlinien\" class=\"navigation-tiles__heading\">\n                        Richtlinien                    <\/h2>\n                            <\/div>\n        \n                    <div class=\"navigation-tiles__tiles\">\n                                    <div class=\"navigation-tiles__tile\">\n                                                    <h3 class=\"navigation-tiles__tile-title\">\n                                Datenschutzerkl\u00e4rung                            <\/h3>\n                                                \n                                                \n                                                    <a target=\"\" rel=\"\" href=\"https:\/\/www.millboard.com\/de-de\/vertrauenszentrum\/datenschutzerklaerung\/\" class=\"navigation-tiles__tile-cta g-button\">Weiterlesen<\/a>\n                                            <\/div>\n                                    <div class=\"navigation-tiles__tile\">\n                                                    <h3 class=\"navigation-tiles__tile-title\">\n                                Cookies                            <\/h3>\n                                                \n                                                \n                                                    <a target=\"\" rel=\"\" href=\"https:\/\/www.millboard.com\/de-de\/vertrauenszentrum\/cookies\/\" class=\"navigation-tiles__tile-cta g-button\">Weiterlesen<\/a>\n                                            <\/div>\n                                    <div class=\"navigation-tiles__tile\">\n                                                    <h3 class=\"navigation-tiles__tile-title\">\n                                Datenschutzerkl\u00e4rung f\u00fcr Bewerber                            <\/h3>\n                                                \n                                                \n                                                    <a target=\"\" rel=\"\" href=\"https:\/\/www.millboard.com\/de-de\/vertrauenszentrum\/datenschutzerklaerung-fuer-bewerber\/\" class=\"navigation-tiles__tile-cta g-button\">Weiterlesen<\/a>\n                                            <\/div>\n                                    <div class=\"navigation-tiles__tile\">\n                                                    <h3 class=\"navigation-tiles__tile-title\">\n                                Erkl\u00e4rung zur modernen Sklaverei                            <\/h3>\n                                                \n                                                \n                                                    <a target=\"\" rel=\"\" href=\"https:\/\/www.millboard.com\/en-gb\/wp-content\/uploads\/sites\/3\/2026\/01\/Modern-Slavery-Statement-2025-v2.pdf\" class=\"navigation-tiles__tile-cta g-button\">Read More<\/a>\n                                            <\/div>\n                                    <div class=\"navigation-tiles__tile\">\n                                                    <h3 class=\"navigation-tiles__tile-title\">\n                                Konzernsteuerpolitik                            <\/h3>\n                                                \n                                                \n                                                    <a target=\"\" rel=\"\" href=\"https:\/\/www.millboard.com\/de-de\/vertrauenszentrum\/erklaerung-zur-steuerpolitik-der-gruppe\/\" class=\"navigation-tiles__tile-cta g-button\">Weiterlesen<\/a>\n                                            <\/div>\n                                    <div class=\"navigation-tiles__tile\">\n                                                    <h3 class=\"navigation-tiles__tile-title\">\n                                Impressum                            <\/h3>\n                                                \n                                                \n                                                    <a target=\"\" rel=\"\" href=\"https:\/\/www.millboard.com\/de-de\/impressum\/\" class=\"navigation-tiles__tile-cta g-button\">Weiterlesen<\/a>\n                                            <\/div>\n                            <\/div>\n            <\/div>\n<\/div>\n\n\n\n<p><\/p>\n\n\n<div class=\"navigation-tiles wp-block alignfull has-background has-brand-1-background-color\">\n    <div class=\"navigation-tiles__inner\">\n                    <div class=\"navigation-tiles__header\">\n                                \n                                    <h2 id=\"rechtlich\" class=\"navigation-tiles__heading\">\n                        Rechtlich                    <\/h2>\n                            <\/div>\n        \n                    <div class=\"navigation-tiles__tiles\">\n                                    <div class=\"navigation-tiles__tile\">\n                                                    <h3 class=\"navigation-tiles__tile-title\">\n                                Nutzungsbedingungen                            <\/h3>\n                                                \n                                                \n                                                    <a target=\"\" rel=\"\" href=\"https:\/\/www.millboard.com\/de-de\/vertrauenszentrum\/nutzungsbedingungen\/\" class=\"navigation-tiles__tile-cta g-button\">Weiterlesen<\/a>\n                                            <\/div>\n                                    <div class=\"navigation-tiles__tile\">\n                                                    <h3 class=\"navigation-tiles__tile-title\">\n                                Allgemeine Gesch\u00e4ftsbedingungen                            <\/h3>\n                                                \n                                                \n                                                    <a target=\"\" rel=\"\" href=\"https:\/\/www.millboard.com\/de-de\/allgemeine-geschaftsbedingungen\/\" class=\"navigation-tiles__tile-cta g-button\">Weiterlesen<\/a>\n                                            <\/div>\n                            <\/div>\n            <\/div>\n<\/div>\n\n\n\n<p><\/p>\n\n\n<div class=\"navigation-tiles wp-block alignfull\">\n    <div class=\"navigation-tiles__inner\">\n                    <div class=\"navigation-tiles__header\">\n                                \n                                    <h2 id=\"produktsicherheit\" class=\"navigation-tiles__heading\">\n                        Produktsicherheit                    <\/h2>\n                            <\/div>\n        \n                    <div class=\"navigation-tiles__tiles\">\n                                    <div class=\"navigation-tiles__tile\">\n                                                    <h3 class=\"navigation-tiles__tile-title\">\n                                Sicherheits\u00fcbersicht                            <\/h3>\n                                                \n                                                \n                                                    <a target=\"\" rel=\"\" href=\"https:\/\/www.millboard.com\/de-de\/vertrauenszentrum\/sicherheitsuebersicht\/\" class=\"navigation-tiles__tile-cta g-button\">Weiterlesen<\/a>\n                                            <\/div>\n                            <\/div>\n            <\/div>\n<\/div>\n\n\n\n<p>\u00a9 2026 The Millboard company Ltd., Millboard\u00ae, Lastane\u00ae, Durafix\u00ae, DuoSpan\u00ae, DuoLift\u00ae, Lasta-Grip\u00ae, Esterno\u00ae, Modello\u00ae, Envello\u00ae, Plas-Pro\u00ae und der Slogan \u201eLive. Life. Outside\u00ae\u201d sind gesch\u00fctzte Markenzeichen. F\u00fcr Millboard\u00ae-Produkte gelten Patente und angemeldete Patente. Das Unternehmen wird seine Patentrechte energisch verteidigen. Zu den Patentnummern geh\u00f6ren unter anderem GB 2445714, GB 2449184, USA 8.065.849, CAN 2664329, EU 1951971. Millboard verfolgt eine Politik der kontinuierlichen Verbesserung der Spezifikationen. Produktzusammensetzung, Farben und Gr\u00f6\u00dfen k\u00f6nnen ohne vorherige Ank\u00fcndigung ge\u00e4ndert werden. Alle Gr\u00f6\u00dfen und Ma\u00dfe sind Nennwerte.<\/p>\n","protected":false},"excerpt":{"rendered":"<p>\u00a9 2026 The Millboard company Ltd., Millboard\u00ae, Lastane\u00ae, Durafix\u00ae, DuoSpan\u00ae, DuoLift\u00ae, Lasta-Grip\u00ae, Esterno\u00ae, Modello\u00ae, Envello\u00ae, Plas-Pro\u00ae und der Slogan \u201eLive.&hellip;<\/p>\n","protected":false},"author":10,"featured_media":0,"parent":0,"menu_order":0,"comment_status":"closed","ping_status":"closed","template":"","meta":{"_acf_changed":true,"content-type":"","footnotes":""},"class_list":["post-772","page","type-page","status-publish","hentry"],"acf":[],"yoast_head":"<!-- This site is optimized with the Yoast SEO Premium plugin v27.3 (Yoast SEO v27.3) - https:\/\/yoast.com\/product\/yoast-seo-premium-wordpress\/ -->\n<title>Vertrauenszentrum - DE-DE - Residential<\/title>\n<meta name=\"robots\" content=\"index, follow, max-snippet:-1, max-image-preview:large, max-video-preview:-1\" \/>\n<link rel=\"canonical\" href=\"https:\/\/www.millboard.com\/de-de\/vertrauenszentrum\/\" \/>\n<meta property=\"og:locale\" content=\"de_DE\" \/>\n<meta property=\"og:type\" content=\"article\" \/>\n<meta property=\"og:title\" content=\"Vertrauenszentrum\" \/>\n<meta property=\"og:description\" content=\"\u00a9 2026 The Millboard company Ltd., Millboard\u00ae, Lastane\u00ae, Durafix\u00ae, DuoSpan\u00ae, DuoLift\u00ae, Lasta-Grip\u00ae, Esterno\u00ae, Modello\u00ae, Envello\u00ae, Plas-Pro\u00ae und der Slogan \u201eLive.&hellip;\" \/>\n<meta property=\"og:url\" content=\"https:\/\/www.millboard.com\/de-de\/vertrauenszentrum\/\" \/>\n<meta property=\"og:site_name\" content=\"DE-DE - Residential\" \/>\n<meta property=\"article:modified_time\" content=\"2026-03-11T10:09:05+00:00\" \/>\n<meta name=\"twitter:card\" content=\"summary_large_image\" \/>\n<script type=\"application\/ld+json\" class=\"yoast-schema-graph\">{\"@context\":\"https:\\\/\\\/schema.org\",\"@graph\":[{\"@type\":\"WebPage\",\"@id\":\"https:\\\/\\\/www.millboard.com\\\/de-de\\\/vertrauenszentrum\\\/\",\"url\":\"https:\\\/\\\/www.millboard.com\\\/de-de\\\/vertrauenszentrum\\\/\",\"name\":\"Vertrauenszentrum - DE-DE - Residential\",\"isPartOf\":{\"@id\":\"https:\\\/\\\/www.millboard.com\\\/de-de\\\/#website\"},\"datePublished\":\"2026-01-07T16:37:48+00:00\",\"dateModified\":\"2026-03-11T10:09:05+00:00\",\"breadcrumb\":{\"@id\":\"https:\\\/\\\/www.millboard.com\\\/de-de\\\/vertrauenszentrum\\\/#breadcrumb\"},\"inLanguage\":\"de\",\"potentialAction\":[{\"@type\":\"ReadAction\",\"target\":[\"https:\\\/\\\/www.millboard.com\\\/de-de\\\/vertrauenszentrum\\\/\"]}]},{\"@type\":\"BreadcrumbList\",\"@id\":\"https:\\\/\\\/www.millboard.com\\\/de-de\\\/vertrauenszentrum\\\/#breadcrumb\",\"itemListElement\":[{\"@type\":\"ListItem\",\"position\":1,\"name\":\"Home\",\"item\":\"https:\\\/\\\/www.millboard.com\\\/de-de\\\/\"},{\"@type\":\"ListItem\",\"position\":2,\"name\":\"Vertrauenszentrum\"}]},{\"@type\":\"WebSite\",\"@id\":\"https:\\\/\\\/www.millboard.com\\\/de-de\\\/#website\",\"url\":\"https:\\\/\\\/www.millboard.com\\\/de-de\\\/\",\"name\":\"DE-DE - Residential\",\"description\":\"Lebe. Das Leben. Drau\u00dfen.\",\"potentialAction\":[{\"@type\":\"SearchAction\",\"target\":{\"@type\":\"EntryPoint\",\"urlTemplate\":\"https:\\\/\\\/www.millboard.com\\\/de-de\\\/?s={search_term_string}\"},\"query-input\":{\"@type\":\"PropertyValueSpecification\",\"valueRequired\":true,\"valueName\":\"search_term_string\"}}],\"inLanguage\":\"de\"}]}<\/script>\n<!-- \/ Yoast SEO Premium plugin. -->","yoast_head_json":{"title":"Vertrauenszentrum - DE-DE - Residential","robots":{"index":"index","follow":"follow","max-snippet":"max-snippet:-1","max-image-preview":"max-image-preview:large","max-video-preview":"max-video-preview:-1"},"canonical":"https:\/\/www.millboard.com\/de-de\/vertrauenszentrum\/","og_locale":"de_DE","og_type":"article","og_title":"Vertrauenszentrum","og_description":"\u00a9 2026 The Millboard company Ltd., Millboard\u00ae, Lastane\u00ae, Durafix\u00ae, DuoSpan\u00ae, DuoLift\u00ae, Lasta-Grip\u00ae, Esterno\u00ae, Modello\u00ae, Envello\u00ae, Plas-Pro\u00ae und der Slogan \u201eLive.&hellip;","og_url":"https:\/\/www.millboard.com\/de-de\/vertrauenszentrum\/","og_site_name":"DE-DE - Residential","article_modified_time":"2026-03-11T10:09:05+00:00","twitter_card":"summary_large_image","schema":{"@context":"https:\/\/schema.org","@graph":[{"@type":"WebPage","@id":"https:\/\/www.millboard.com\/de-de\/vertrauenszentrum\/","url":"https:\/\/www.millboard.com\/de-de\/vertrauenszentrum\/","name":"Vertrauenszentrum - DE-DE - Residential","isPartOf":{"@id":"https:\/\/www.millboard.com\/de-de\/#website"},"datePublished":"2026-01-07T16:37:48+00:00","dateModified":"2026-03-11T10:09:05+00:00","breadcrumb":{"@id":"https:\/\/www.millboard.com\/de-de\/vertrauenszentrum\/#breadcrumb"},"inLanguage":"de","potentialAction":[{"@type":"ReadAction","target":["https:\/\/www.millboard.com\/de-de\/vertrauenszentrum\/"]}]},{"@type":"BreadcrumbList","@id":"https:\/\/www.millboard.com\/de-de\/vertrauenszentrum\/#breadcrumb","itemListElement":[{"@type":"ListItem","position":1,"name":"Home","item":"https:\/\/www.millboard.com\/de-de\/"},{"@type":"ListItem","position":2,"name":"Vertrauenszentrum"}]},{"@type":"WebSite","@id":"https:\/\/www.millboard.com\/de-de\/#website","url":"https:\/\/www.millboard.com\/de-de\/","name":"DE-DE - Residential","description":"Lebe. Das Leben. Drau\u00dfen.","potentialAction":[{"@type":"SearchAction","target":{"@type":"EntryPoint","urlTemplate":"https:\/\/www.millboard.com\/de-de\/?s={search_term_string}"},"query-input":{"@type":"PropertyValueSpecification","valueRequired":true,"valueName":"search_term_string"}}],"inLanguage":"de"}]}},"_links":{"self":[{"href":"https:\/\/www.millboard.com\/de-de\/wp-json\/wp\/v2\/pages\/772","targetHints":{"allow":["GET"]}}],"collection":[{"href":"https:\/\/www.millboard.com\/de-de\/wp-json\/wp\/v2\/pages"}],"about":[{"href":"https:\/\/www.millboard.com\/de-de\/wp-json\/wp\/v2\/types\/page"}],"author":[{"embeddable":true,"href":"https:\/\/www.millboard.com\/de-de\/wp-json\/wp\/v2\/users\/10"}],"replies":[{"embeddable":true,"href":"https:\/\/www.millboard.com\/de-de\/wp-json\/wp\/v2\/comments?post=772"}],"version-history":[{"count":4,"href":"https:\/\/www.millboard.com\/de-de\/wp-json\/wp\/v2\/pages\/772\/revisions"}],"predecessor-version":[{"id":10577,"href":"https:\/\/www.millboard.com\/de-de\/wp-json\/wp\/v2\/pages\/772\/revisions\/10577"}],"wp:attachment":[{"href":"https:\/\/www.millboard.com\/de-de\/wp-json\/wp\/v2\/media?parent=772"}],"curies":[{"name":"wp","href":"https:\/\/api.w.org\/{rel}","templated":true}]}}