{"id":8170,"date":"2026-03-09T15:14:09","date_gmt":"2026-03-09T15:14:09","guid":{"rendered":"https:\/\/www.millboard.com\/en-au\/?page_id=8170"},"modified":"2026-03-09T15:14:50","modified_gmt":"2026-03-09T15:14:50","slug":"samples-disclaimer","status":"publish","type":"page","link":"https:\/\/www.millboard.com\/en-au\/samples-disclaimer\/","title":{"rendered":"COLOUR &amp; TONAL VARIATION"},"content":{"rendered":"<header class=\"page-header wp-block alignfull has-brand-1-background-color has-background page-header--type--page has-breadcrumbs\">\n    <div class=\"page-header__inner\">\n                    <!-- Breadcrumbs -->\n            <div class=\"page-header__breadcrumbs\">\n                <nav class=\"breadcrumbs\">\n    <span class=\"breadcrumbs__yoast-wrapper\"><span><a href=\"https:\/\/www.millboard.com\/en-au\/\">Home<\/a><\/span><\/span><\/nav>\n            <\/div>\n        \n        <div class=\"page-header__wrapper\">\n            <div class=\"page-header__image-wrapper page-header__image-wrapper--no-image\">\n                            <\/div>\n\n            <div class=\"page-header__content page-header__content--first\">\n                <div class=\"page-header__header\">\n                                            <div class=\"page-header__preheading\">\n                            COLOR &amp; TONAL VARIATION \/ VARIATION DE COULEUR ET DE TONALIT\u00c9 \/ FARBE &amp; FARBTONVARIATION                        <\/div>\n                    \n                                            <h1 class=\"page-header__heading is-style-typestyle-h1\">COLOUR &amp; TONAL VARIATION<\/h1>\n                                    <\/div>\n\n                            <\/div>\n                <div class=\"page-header__content page-header__content--last\">\n                            \n                \n                            <\/div>\n        <\/div>\n    <\/div>\n\n    <\/header>\n\n    <div class=\"woocommerce-notices-wrapper\"><\/div>\n\n\n<p>DISCLAIMER \/ CLAUSE DE NON-RESPONSABILIT\u00c9 \/ HAFTUNGSAUSSCHLUSS<\/p>\n\n\n<section class=\"cards-manual cards wp-block animate alignwide\">\n    <div class=\"cards__inner\" style=\"--cards--best-column-fit: 3;\">\n        \n        <div class=\"cards__items\">\n<div data-type=\"\" class=\"media-object g-card animate-element has-background has-brand-1-background-color\" data-media-type=\"image\" data-media-position=\"before\" data-orientation=\"vertical\">\n    <div class=\"media-object__inner\">\n        \n        <div class=\"media-object__content flex-column\">\n            \n            \n                            <div class=\"media-object__header flex-column\">\n                                            <h2 id=\"uk-us\" class=\"media-object__heading\"><h3 class=\"coh-heading ssa-component coh-component ssa-component-instance-391253bf-9db8-4a95-81cf-369e430dc376 coh-component-instance-391253bf-9db8-4a95-81cf-369e430dc376 align-text-center ssa-instance-8daaaec4445fc1e62e9b28852b18a3cd coh-ce-cpt_heading-f31a2624\">UK \/ US<\/h3><\/h2>\n                    \n                                             <div class=\"media-object__subheading\">\n                            <p>The colour and texture of this Millboard sample are for representation purposes only. Due to natural variations in materials and the manufacturing process, the final product may differ in shade, tone, and composition.<\/p>\n<p>Sample pieces may still have a light, waxy release agent on the surface from the moulding process used to make the boards. This is normal but may give a shiny appearance. The release agent can be washed off with warm soapy water.<\/p>\n                        <\/div>\n                     \n                                    <\/div>\n            \n            \n            \n                    <\/div>\n\n            <\/div>\n\n<\/div>\n\n\n<div data-type=\"\" class=\"media-object g-card animate-element has-background has-brand-1-background-color\" data-media-type=\"image\" data-media-position=\"before\" data-orientation=\"vertical\">\n    <div class=\"media-object__inner\">\n        \n        <div class=\"media-object__content flex-column\">\n            \n            \n                            <div class=\"media-object__header flex-column\">\n                                            <h2 id=\"fr\" class=\"media-object__heading\"><h3 class=\"coh-heading ssa-component coh-component ssa-component-instance-09064179-726d-41e8-852a-444d91efb7dc coh-component-instance-09064179-726d-41e8-852a-444d91efb7dc align-text-center ssa-instance-b29eea4305225f0a8570d551fcc0d6c7 coh-ce-cpt_heading-f31a2624\">FR<\/h3><\/h2>\n                    \n                                             <div class=\"media-object__subheading\">\n                            <div class=\"coh-column ssa-instance-75764bf3f80cf2e7361ced9b4202f334 coh-ce-cpt_3_column_layout-e4b93481 coh-visible-xs coh-col-xs-12 coh-visible-sm coh-col-sm-12 coh-visible-lg coh-col-lg-4\">\n<div class=\"coh-wysiwyg ssa-component coh-component ssa-component-instance-1bb68391-965a-4fc5-b35b-a8c2479aa227 coh-component-instance-1bb68391-965a-4fc5-b35b-a8c2479aa227 coh-style-text-component ssa-instance-3bd0691e38c17934265b090fa76513f1 coh-ce-cpt_text-f86dfddf\">\n<p>La couleur et la texture de cet \u00e9chantillon Millboard sont fournies \u00e0 titre indicatif uniquement. En raison des variations naturelles des mat\u00e9riaux et du processus de fabrication, le produit final peut pr\u00e9senter des diff\u00e9rences de nuance, de teinte et de composition.<\/p>\n<p>Les \u00e9chantillons peuvent encore pr\u00e9senter un l\u00e9ger agent de d\u00e9moulage \u00e0 l\u2019aspect cireux en surface, issu du processus de moulage utilis\u00e9 pour fabriquer les lames. Cela est normal, mais peut donner un aspect brillant. L\u2019agent de d\u00e9moulage peut \u00eatre \u00e9limin\u00e9 en le nettoyant \u00e0 l\u2019eau ti\u00e8de savonneuse.<\/p>\n<\/div>\n<\/div>\n<div class=\"coh-column ssa-instance-75764bf3f80cf2e7361ced9b4202f334 coh-ce-cpt_3_column_layout-acd0291b coh-visible-xs coh-col-xs-12 coh-visible-sm coh-col-sm-12 coh-visible-lg coh-col-lg-4\"><\/div>\n                        <\/div>\n                     \n                                    <\/div>\n            \n            \n            \n                    <\/div>\n\n            <\/div>\n\n<\/div>\n\n\n<div data-type=\"\" class=\"media-object g-card animate-element has-background has-brand-1-background-color\" data-media-type=\"image\" data-media-position=\"before\" data-orientation=\"vertical\">\n    <div class=\"media-object__inner\">\n        \n        <div class=\"media-object__content flex-column\">\n            \n            \n                            <div class=\"media-object__header flex-column\">\n                                            <h2 id=\"de\" class=\"media-object__heading\"><h3 class=\"coh-heading ssa-component coh-component ssa-component-instance-ff314179-f644-4144-b2cb-2ed2ddf4cecf coh-component-instance-ff314179-f644-4144-b2cb-2ed2ddf4cecf align-text-center ssa-instance-6943b5969cf9d2c474bf76463077f1bb coh-ce-cpt_heading-f31a2624\">DE<\/h3><\/h2>\n                    \n                                             <div class=\"media-object__subheading\">\n                            <div class=\"coh-column ssa-instance-75764bf3f80cf2e7361ced9b4202f334 coh-ce-cpt_3_column_layout-e4b93481 coh-visible-xs coh-col-xs-12 coh-visible-sm coh-col-sm-12 coh-visible-lg coh-col-lg-4\">\n<div class=\"coh-wysiwyg ssa-component coh-component ssa-component-instance-1bb68391-965a-4fc5-b35b-a8c2479aa227 coh-component-instance-1bb68391-965a-4fc5-b35b-a8c2479aa227 coh-style-text-component ssa-instance-3bd0691e38c17934265b090fa76513f1 coh-ce-cpt_text-f86dfddf\">\n<p>Die Farbe und Textur dieses Millboard-Musters dienen nur zu Darstellungszwecken. Aufgrund nat\u00fcrlicher Schwankungen bei den Materialien und im Herstellungsprozess kann das Endprodukt in Farbton, Nuance und Zusammensetzung abweichen.<\/p>\n<p>Die Musterst\u00fccke k\u00f6nnen noch eine leichte, wachsartige Trennmittelschicht auf der Oberfl\u00e4che aufweisen, die aus dem Formungsprozess zur Herstellung der Platten stammt. Dies ist normal, kann jedoch zu einem gl\u00e4nzenden Erscheinungsbild f\u00fchren. Das Trennmittel kann mit warmem Seifenwasser abgewaschen werden.<\/p>\n<\/div>\n<\/div>\n                        <\/div>\n                     \n                                    <\/div>\n            \n            \n            \n                    <\/div>\n\n            <\/div>\n\n<\/div>\n\n<\/div>\n            <\/div>\n<\/section>\n\n\n\n<p><\/p>\n","protected":false},"excerpt":{"rendered":"<p>DISCLAIMER \/ CLAUSE DE NON-RESPONSABILIT\u00c9 \/ HAFTUNGSAUSSCHLUSS<\/p>\n","protected":false},"author":10,"featured_media":0,"parent":0,"menu_order":0,"comment_status":"closed","ping_status":"closed","template":"","meta":{"_acf_changed":false,"content-type":"","footnotes":""},"class_list":["post-8170","page","type-page","status-publish","hentry"],"acf":[],"yoast_head":"<!-- This site is optimized with the Yoast SEO Premium plugin v27.5 (Yoast SEO v27.5) - https:\/\/yoast.com\/product\/yoast-seo-premium-wordpress\/ -->\n<title>COLOUR &amp; TONAL VARIATION - EN-AU Residential<\/title>\n<meta name=\"robots\" content=\"index, follow, max-snippet:-1, max-image-preview:large, max-video-preview:-1\" \/>\n<link rel=\"canonical\" href=\"https:\/\/www.millboard.com\/en-au\/samples-disclaimer\/\" \/>\n<meta property=\"og:locale\" content=\"en_GB\" \/>\n<meta property=\"og:type\" content=\"article\" \/>\n<meta property=\"og:title\" content=\"COLOUR &amp; TONAL VARIATION EN-AU Residential\" \/>\n<meta property=\"og:description\" content=\"Welcome to Millboard, where we\u2019re redefining the way you experience the great outdoors. We are a family-run business committed to British craftsmanship and exquisitely designed and engineered products.\" \/>\n<meta property=\"og:url\" content=\"https:\/\/www.millboard.com\/en-au\/samples-disclaimer\/\" \/>\n<meta property=\"og:site_name\" content=\"EN-AU Residential\" \/>\n<meta property=\"article:publisher\" content=\"https:\/\/www.facebook.com\/MillboardFlooring\/\" \/>\n<meta property=\"article:modified_time\" content=\"2026-03-09T15:14:50+00:00\" \/>\n<meta property=\"og:image\" content=\"https:\/\/www.millboard.com\/en-au\/wp-content\/uploads\/sites\/22\/2026\/01\/SL-Ebony-Grey-shoot-motion-blur.jpg\" \/>\n\t<meta property=\"og:image:width\" content=\"2000\" \/>\n\t<meta property=\"og:image:height\" content=\"1263\" \/>\n\t<meta property=\"og:image:type\" content=\"image\/jpeg\" \/>\n<meta name=\"twitter:card\" content=\"summary_large_image\" \/>\n<meta name=\"twitter:label1\" content=\"Estimated reading time\" \/>\n\t<meta name=\"twitter:data1\" content=\"1 minute\" \/>\n<script type=\"application\/ld+json\" class=\"yoast-schema-graph\">{\"@context\":\"https:\\\/\\\/schema.org\",\"@graph\":[{\"@type\":\"WebPage\",\"@id\":\"https:\\\/\\\/www.millboard.com\\\/en-au\\\/samples-disclaimer\\\/\",\"url\":\"https:\\\/\\\/www.millboard.com\\\/en-au\\\/samples-disclaimer\\\/\",\"name\":\"COLOUR &amp; TONAL VARIATION - EN-AU Residential\",\"isPartOf\":{\"@id\":\"https:\\\/\\\/www.millboard.com\\\/en-au\\\/#website\"},\"datePublished\":\"2026-03-09T15:14:09+00:00\",\"dateModified\":\"2026-03-09T15:14:50+00:00\",\"breadcrumb\":{\"@id\":\"https:\\\/\\\/www.millboard.com\\\/en-au\\\/samples-disclaimer\\\/#breadcrumb\"},\"inLanguage\":\"en-GB\",\"potentialAction\":[{\"@type\":\"ReadAction\",\"target\":[\"https:\\\/\\\/www.millboard.com\\\/en-au\\\/samples-disclaimer\\\/\"]}]},{\"@type\":\"BreadcrumbList\",\"@id\":\"https:\\\/\\\/www.millboard.com\\\/en-au\\\/samples-disclaimer\\\/#breadcrumb\",\"itemListElement\":[{\"@type\":\"ListItem\",\"position\":1,\"name\":\"Home\",\"item\":\"https:\\\/\\\/www.millboard.com\\\/en-au\\\/\"},{\"@type\":\"ListItem\",\"position\":2,\"name\":\"COLOUR &amp; TONAL VARIATION\"}]},{\"@type\":\"WebSite\",\"@id\":\"https:\\\/\\\/www.millboard.com\\\/en-au\\\/#website\",\"url\":\"https:\\\/\\\/www.millboard.com\\\/en-au\\\/\",\"name\":\"Millboard\",\"description\":\"Live. Life. Outside.\",\"publisher\":{\"@id\":\"https:\\\/\\\/www.millboard.com\\\/en-au\\\/#organization\"},\"alternateName\":\"The Millboard company\",\"potentialAction\":[{\"@type\":\"SearchAction\",\"target\":{\"@type\":\"EntryPoint\",\"urlTemplate\":\"https:\\\/\\\/www.millboard.com\\\/en-au\\\/?s={search_term_string}\"},\"query-input\":{\"@type\":\"PropertyValueSpecification\",\"valueRequired\":true,\"valueName\":\"search_term_string\"}}],\"inLanguage\":\"en-GB\"},{\"@type\":\"Organization\",\"@id\":\"https:\\\/\\\/www.millboard.com\\\/en-au\\\/#organization\",\"name\":\"Millboard\",\"alternateName\":\"The Millboard company\",\"url\":\"https:\\\/\\\/www.millboard.com\\\/en-au\\\/\",\"logo\":{\"@type\":\"ImageObject\",\"inLanguage\":\"en-GB\",\"@id\":\"https:\\\/\\\/www.millboard.com\\\/en-au\\\/#\\\/schema\\\/logo\\\/image\\\/\",\"url\":\"https:\\\/\\\/www.millboard.com\\\/en-au\\\/wp-content\\\/uploads\\\/sites\\\/22\\\/2026\\\/03\\\/Millboard-Logo-COL.png\",\"contentUrl\":\"https:\\\/\\\/www.millboard.com\\\/en-au\\\/wp-content\\\/uploads\\\/sites\\\/22\\\/2026\\\/03\\\/Millboard-Logo-COL.png\",\"width\":2113,\"height\":1080,\"caption\":\"Millboard\"},\"image\":{\"@id\":\"https:\\\/\\\/www.millboard.com\\\/en-au\\\/#\\\/schema\\\/logo\\\/image\\\/\"},\"sameAs\":[\"https:\\\/\\\/www.facebook.com\\\/MillboardFlooring\\\/\",\"https:\\\/\\\/www.youtube.com\\\/channel\\\/UCSvCnwAb4h1VdPVoFMKKRpw\",\"https:\\\/\\\/www.instagram.com\\\/millboard_live_life_outside\\\/\",\"https:\\\/\\\/www.pinterest.co.uk\\\/millboarddeckin\\\/_created\\\/\"]}]}<\/script>\n<!-- \/ Yoast SEO Premium plugin. -->","yoast_head_json":{"title":"COLOUR &amp; TONAL VARIATION - EN-AU Residential","robots":{"index":"index","follow":"follow","max-snippet":"max-snippet:-1","max-image-preview":"max-image-preview:large","max-video-preview":"max-video-preview:-1"},"canonical":"https:\/\/www.millboard.com\/en-au\/samples-disclaimer\/","og_locale":"en_GB","og_type":"article","og_title":"COLOUR &amp; TONAL VARIATION EN-AU Residential","og_description":"Welcome to Millboard, where we\u2019re redefining the way you experience the great outdoors. We are a family-run business committed to British craftsmanship and exquisitely designed and engineered products.","og_url":"https:\/\/www.millboard.com\/en-au\/samples-disclaimer\/","og_site_name":"EN-AU Residential","article_publisher":"https:\/\/www.facebook.com\/MillboardFlooring\/","article_modified_time":"2026-03-09T15:14:50+00:00","og_image":[{"width":2000,"height":1263,"url":"https:\/\/www.millboard.com\/en-au\/wp-content\/uploads\/sites\/22\/2026\/01\/SL-Ebony-Grey-shoot-motion-blur.jpg","type":"image\/jpeg"}],"twitter_card":"summary_large_image","twitter_misc":{"Estimated reading time":"1 minute"},"schema":{"@context":"https:\/\/schema.org","@graph":[{"@type":"WebPage","@id":"https:\/\/www.millboard.com\/en-au\/samples-disclaimer\/","url":"https:\/\/www.millboard.com\/en-au\/samples-disclaimer\/","name":"COLOUR &amp; TONAL VARIATION - EN-AU Residential","isPartOf":{"@id":"https:\/\/www.millboard.com\/en-au\/#website"},"datePublished":"2026-03-09T15:14:09+00:00","dateModified":"2026-03-09T15:14:50+00:00","breadcrumb":{"@id":"https:\/\/www.millboard.com\/en-au\/samples-disclaimer\/#breadcrumb"},"inLanguage":"en-GB","potentialAction":[{"@type":"ReadAction","target":["https:\/\/www.millboard.com\/en-au\/samples-disclaimer\/"]}]},{"@type":"BreadcrumbList","@id":"https:\/\/www.millboard.com\/en-au\/samples-disclaimer\/#breadcrumb","itemListElement":[{"@type":"ListItem","position":1,"name":"Home","item":"https:\/\/www.millboard.com\/en-au\/"},{"@type":"ListItem","position":2,"name":"COLOUR &amp; TONAL VARIATION"}]},{"@type":"WebSite","@id":"https:\/\/www.millboard.com\/en-au\/#website","url":"https:\/\/www.millboard.com\/en-au\/","name":"Millboard","description":"Live. Life. Outside.","publisher":{"@id":"https:\/\/www.millboard.com\/en-au\/#organization"},"alternateName":"The Millboard company","potentialAction":[{"@type":"SearchAction","target":{"@type":"EntryPoint","urlTemplate":"https:\/\/www.millboard.com\/en-au\/?s={search_term_string}"},"query-input":{"@type":"PropertyValueSpecification","valueRequired":true,"valueName":"search_term_string"}}],"inLanguage":"en-GB"},{"@type":"Organization","@id":"https:\/\/www.millboard.com\/en-au\/#organization","name":"Millboard","alternateName":"The Millboard company","url":"https:\/\/www.millboard.com\/en-au\/","logo":{"@type":"ImageObject","inLanguage":"en-GB","@id":"https:\/\/www.millboard.com\/en-au\/#\/schema\/logo\/image\/","url":"https:\/\/www.millboard.com\/en-au\/wp-content\/uploads\/sites\/22\/2026\/03\/Millboard-Logo-COL.png","contentUrl":"https:\/\/www.millboard.com\/en-au\/wp-content\/uploads\/sites\/22\/2026\/03\/Millboard-Logo-COL.png","width":2113,"height":1080,"caption":"Millboard"},"image":{"@id":"https:\/\/www.millboard.com\/en-au\/#\/schema\/logo\/image\/"},"sameAs":["https:\/\/www.facebook.com\/MillboardFlooring\/","https:\/\/www.youtube.com\/channel\/UCSvCnwAb4h1VdPVoFMKKRpw","https:\/\/www.instagram.com\/millboard_live_life_outside\/","https:\/\/www.pinterest.co.uk\/millboarddeckin\/_created\/"]}]}},"_links":{"self":[{"href":"https:\/\/www.millboard.com\/en-au\/wp-json\/wp\/v2\/pages\/8170","targetHints":{"allow":["GET"]}}],"collection":[{"href":"https:\/\/www.millboard.com\/en-au\/wp-json\/wp\/v2\/pages"}],"about":[{"href":"https:\/\/www.millboard.com\/en-au\/wp-json\/wp\/v2\/types\/page"}],"author":[{"embeddable":true,"href":"https:\/\/www.millboard.com\/en-au\/wp-json\/wp\/v2\/users\/10"}],"replies":[{"embeddable":true,"href":"https:\/\/www.millboard.com\/en-au\/wp-json\/wp\/v2\/comments?post=8170"}],"version-history":[{"count":2,"href":"https:\/\/www.millboard.com\/en-au\/wp-json\/wp\/v2\/pages\/8170\/revisions"}],"predecessor-version":[{"id":8173,"href":"https:\/\/www.millboard.com\/en-au\/wp-json\/wp\/v2\/pages\/8170\/revisions\/8173"}],"wp:attachment":[{"href":"https:\/\/www.millboard.com\/en-au\/wp-json\/wp\/v2\/media?parent=8170"}],"curies":[{"name":"wp","href":"https:\/\/api.w.org\/{rel}","templated":true}]}}