{"id":1085,"date":"2026-01-13T10:48:24","date_gmt":"2026-01-13T10:48:24","guid":{"rendered":"https:\/\/www.millboard.com\/en-gb\/?page_id=1085"},"modified":"2026-04-01T09:57:43","modified_gmt":"2026-04-01T08:57:43","slug":"product-information-and-comparisons","status":"publish","type":"page","link":"https:\/\/www.millboard.com\/en-gb\/product-information-and-comparisons\/","title":{"rendered":"Product Information &amp; Comparisons"},"content":{"rendered":"<header class=\"page-header wp-block alignfull has-brand-5-background-color has-background page-header--type--page has-breadcrumbs\">\n    <div class=\"page-header__inner\">\n                    <!-- Breadcrumbs -->\n            <div class=\"page-header__breadcrumbs\">\n                <nav class=\"breadcrumbs\">\n    <span class=\"breadcrumbs__yoast-wrapper\"><span><a href=\"https:\/\/www.millboard.com\/en-gb\/\">Home<\/a><\/span><\/span><\/nav>\n            <\/div>\n        \n        <div class=\"page-header__wrapper\">\n            <div class=\"page-header__image-wrapper page-header__image-wrapper--no-image\">\n                            <\/div>\n\n            <div class=\"page-header__content page-header__content--first\">\n                <div class=\"page-header__header\">\n                                            <div class=\"page-header__preheading\">\n                            MILLBOARD ADVICE CENTRE                        <\/div>\n                    \n                                            <h1 class=\"page-header__heading is-style-typestyle-h1\">Product Information &amp; Comparisons<\/h1>\n                                    <\/div>\n\n                            <\/div>\n                <div class=\"page-header__content page-header__content--last\">\n                            \n                \n                            <\/div>\n        <\/div>\n    <\/div>\n\n            <div class=\"page-header__background\">\n            <div class=\"page-header__background-left\"><\/div>\n            <div class=\"page-header__background-top\"><\/div>\n            <div class=\"page-header__background-bottom\"><\/div>\n        <\/div>\n    <\/header>\n\n    <div class=\"woocommerce-notices-wrapper\"><\/div>\n\n<div class=\"navigation-tiles wp-block alignfull\">\n    <div class=\"navigation-tiles__inner\">\n                    <div class=\"navigation-tiles__header\">\n                                \n                                    <h2 id=\"composite-decking\" class=\"navigation-tiles__heading\">\n                        Composite Decking                    <\/h2>\n                            <\/div>\n        \n                    <div class=\"navigation-tiles__tiles\">\n                                    <div class=\"navigation-tiles__tile\">\n                                                    <h3 class=\"navigation-tiles__tile-title\">\n                                Composite Decking Material Types                            <\/h3>\n                                                \n                                                \n                                            <\/div>\n                                    <div class=\"navigation-tiles__tile\">\n                                                    <h3 class=\"navigation-tiles__tile-title\">\n                                Composite Decking Cost Factors                            <\/h3>\n                                                \n                                                \n                                            <\/div>\n                                    <div class=\"navigation-tiles__tile\">\n                                                    <h3 class=\"navigation-tiles__tile-title\">\n                                Composite Decking Styles &amp; Aesthetics                            <\/h3>\n                                                \n                                                \n                                            <\/div>\n                                    <div class=\"navigation-tiles__tile\">\n                                                    <h3 class=\"navigation-tiles__tile-title\">\n                                Composite Decking Accessories                            <\/h3>\n                                                \n                                                \n                                            <\/div>\n                                    <div class=\"navigation-tiles__tile\">\n                                                    <h3 class=\"navigation-tiles__tile-title\">\n                                Composite Decking Comparisons                            <\/h3>\n                                                \n                                                \n                                            <\/div>\n                                    <div class=\"navigation-tiles__tile\">\n                                                    <h3 class=\"navigation-tiles__tile-title\">\n                                Composite Decking Performance                            <\/h3>\n                                                \n                                                \n                                            <\/div>\n                            <\/div>\n            <\/div>\n<\/div>\n\n\n<div class=\"navigation-tiles wp-block alignfull has-background has-brand-1-background-color\">\n    <div class=\"navigation-tiles__inner\">\n                    <div class=\"navigation-tiles__header\">\n                                \n                                    <h2 id=\"composite-cladding\" class=\"navigation-tiles__heading\">\n                        Composite Cladding                    <\/h2>\n                            <\/div>\n        \n                    <div class=\"navigation-tiles__tiles\">\n                                    <div class=\"navigation-tiles__tile\">\n                                                    <h3 class=\"navigation-tiles__tile-title\">\n                                Composite Cladding Material Types                            <\/h3>\n                                                \n                                                \n                                            <\/div>\n                                    <div class=\"navigation-tiles__tile\">\n                                                    <h3 class=\"navigation-tiles__tile-title\">\n                                Composite Cladding Cost Factors                            <\/h3>\n                                                \n                                                \n                                            <\/div>\n                                    <div class=\"navigation-tiles__tile\">\n                                                    <h3 class=\"navigation-tiles__tile-title\">\n                                Composite Cladding Styles &amp; Aesthetics                            <\/h3>\n                                                \n                                                \n                                            <\/div>\n                                    <div class=\"navigation-tiles__tile\">\n                                                    <h3 class=\"navigation-tiles__tile-title\">\n                                Composite Cladding Accessories                            <\/h3>\n                                                \n                                                \n                                            <\/div>\n                                    <div class=\"navigation-tiles__tile\">\n                                                    <h3 class=\"navigation-tiles__tile-title\">\n                                Composite Cladding Comparisons                            <\/h3>\n                                                \n                                                \n                                            <\/div>\n                                    <div class=\"navigation-tiles__tile\">\n                                                    <h3 class=\"navigation-tiles__tile-title\">\n                                Composite Cladding Performance                            <\/h3>\n                                                \n                                                \n                                            <\/div>\n                            <\/div>\n            <\/div>\n<\/div>\n","protected":false},"excerpt":{"rendered":"","protected":false},"author":10,"featured_media":0,"parent":0,"menu_order":0,"comment_status":"closed","ping_status":"closed","template":"","meta":{"_acf_changed":true,"content-type":"","footnotes":""},"class_list":["post-1085","page","type-page","status-publish","hentry"],"acf":[],"yoast_head":"<!-- This site is optimized with the Yoast SEO Premium plugin v27.3 (Yoast SEO v27.3) - https:\/\/yoast.com\/product\/yoast-seo-premium-wordpress\/ -->\n<title>Composite Decking &amp; Cladding Product Information &amp; Comparisons<\/title>\n<meta name=\"description\" content=\"Compare composite decking and cladding materials and explore product guides to help you choose the right Millboard solution for your outdoor space.\" \/>\n<meta name=\"robots\" content=\"index, follow, max-snippet:-1, max-image-preview:large, max-video-preview:-1\" \/>\n<link rel=\"canonical\" href=\"https:\/\/www.millboard.com\/en-gb\/advice-centre__trashed\/product-information-and-comparisons\/\" \/>\n<meta property=\"og:locale\" content=\"en_GB\" \/>\n<meta property=\"og:type\" content=\"article\" \/>\n<meta property=\"og:title\" content=\"Product Information &amp; Comparisons | Terrasses et bardages en composite Millboard\" \/>\n<meta property=\"og:description\" content=\"Bienvenue chez Millboard, o\u00f9 nous red\u00e9finissons votre fa\u00e7on de vivre les grands espaces. Nous sommes une entreprise familiale attach\u00e9e au savoir-faire britannique et \u00e0 la cr\u00e9ation de produits au design et \u00e0 la conception exceptionnels.\" \/>\n<meta property=\"og:url\" content=\"https:\/\/www.millboard.com\/en-gb\/advice-centre__trashed\/product-information-and-comparisons\/\" \/>\n<meta property=\"og:site_name\" content=\"EN GB - Residential\" \/>\n<meta property=\"article:publisher\" content=\"https:\/\/www.facebook.com\/MillboardFlooring\/\" \/>\n<meta property=\"article:modified_time\" content=\"2026-04-01T08:57:43+00:00\" \/>\n<meta property=\"og:image\" content=\"https:\/\/www.millboard.com\/en-gb\/wp-content\/uploads\/sites\/3\/2026\/01\/SL-Ebony-Grey-shoot-motion-blur.jpg\" \/>\n\t<meta property=\"og:image:width\" content=\"2000\" \/>\n\t<meta property=\"og:image:height\" content=\"1263\" \/>\n\t<meta property=\"og:image:type\" content=\"image\/jpeg\" \/>\n<meta name=\"twitter:card\" content=\"summary_large_image\" \/>\n<script type=\"application\/ld+json\" class=\"yoast-schema-graph\">{\"@context\":\"https:\\\/\\\/schema.org\",\"@graph\":[{\"@type\":\"WebPage\",\"@id\":\"https:\\\/\\\/www.millboard.com\\\/en-gb\\\/advice-centre__trashed\\\/product-information-and-comparisons\\\/\",\"url\":\"https:\\\/\\\/www.millboard.com\\\/en-gb\\\/advice-centre__trashed\\\/product-information-and-comparisons\\\/\",\"name\":\"Composite Decking & Cladding Product Information & Comparisons\",\"isPartOf\":{\"@id\":\"https:\\\/\\\/www.millboard.com\\\/en-gb\\\/#website\"},\"datePublished\":\"2026-01-13T10:48:24+00:00\",\"dateModified\":\"2026-04-01T08:57:43+00:00\",\"description\":\"Compare composite decking and cladding materials and explore product guides to help you choose the right Millboard solution for your outdoor space.\",\"breadcrumb\":{\"@id\":\"https:\\\/\\\/www.millboard.com\\\/en-gb\\\/advice-centre__trashed\\\/product-information-and-comparisons\\\/#breadcrumb\"},\"inLanguage\":\"en-GB\",\"potentialAction\":[{\"@type\":\"ReadAction\",\"target\":[\"https:\\\/\\\/www.millboard.com\\\/en-gb\\\/advice-centre__trashed\\\/product-information-and-comparisons\\\/\"]}]},{\"@type\":\"BreadcrumbList\",\"@id\":\"https:\\\/\\\/www.millboard.com\\\/en-gb\\\/advice-centre__trashed\\\/product-information-and-comparisons\\\/#breadcrumb\",\"itemListElement\":[{\"@type\":\"ListItem\",\"position\":1,\"name\":\"Home\",\"item\":\"https:\\\/\\\/www.millboard.com\\\/en-gb\\\/\"},{\"@type\":\"ListItem\",\"position\":2,\"name\":\"Product Information &amp; Comparisons\"}]},{\"@type\":\"WebSite\",\"@id\":\"https:\\\/\\\/www.millboard.com\\\/en-gb\\\/#website\",\"url\":\"https:\\\/\\\/www.millboard.com\\\/en-gb\\\/\",\"name\":\"Millboard\",\"description\":\"Live. Life. Outside.\",\"publisher\":{\"@id\":\"https:\\\/\\\/www.millboard.com\\\/en-gb\\\/#organization\"},\"alternateName\":\"The millboard company\",\"potentialAction\":[{\"@type\":\"SearchAction\",\"target\":{\"@type\":\"EntryPoint\",\"urlTemplate\":\"https:\\\/\\\/www.millboard.com\\\/en-gb\\\/?s={search_term_string}\"},\"query-input\":{\"@type\":\"PropertyValueSpecification\",\"valueRequired\":true,\"valueName\":\"search_term_string\"}}],\"inLanguage\":\"en-GB\"},{\"@type\":\"Organization\",\"@id\":\"https:\\\/\\\/www.millboard.com\\\/en-gb\\\/#organization\",\"name\":\"Millboard\",\"alternateName\":\"The millboard company\",\"url\":\"https:\\\/\\\/www.millboard.com\\\/en-gb\\\/\",\"logo\":{\"@type\":\"ImageObject\",\"inLanguage\":\"en-GB\",\"@id\":\"https:\\\/\\\/www.millboard.com\\\/en-gb\\\/#\\\/schema\\\/logo\\\/image\\\/\",\"url\":\"https:\\\/\\\/www.millboard.com\\\/en-gb\\\/wp-content\\\/uploads\\\/sites\\\/3\\\/2026\\\/03\\\/Millboard-Logo-COL.png\",\"contentUrl\":\"https:\\\/\\\/www.millboard.com\\\/en-gb\\\/wp-content\\\/uploads\\\/sites\\\/3\\\/2026\\\/03\\\/Millboard-Logo-COL.png\",\"width\":2113,\"height\":1080,\"caption\":\"Millboard\"},\"image\":{\"@id\":\"https:\\\/\\\/www.millboard.com\\\/en-gb\\\/#\\\/schema\\\/logo\\\/image\\\/\"},\"sameAs\":[\"https:\\\/\\\/www.facebook.com\\\/MillboardFlooring\\\/\",\"https:\\\/\\\/www.youtube.com\\\/channel\\\/UCSvCnwAb4h1VdPVoFMKKRpw\",\"https:\\\/\\\/www.instagram.com\\\/millboard_live_life_outside\\\/\",\"https:\\\/\\\/www.pinterest.co.uk\\\/millboarddeckin\\\/_created\\\/\",\"https:\\\/\\\/www.linkedin.com\\\/company\\\/the-Millboard company\\\/?originalSubdomain=uk\"]}]}<\/script>\n<!-- \/ Yoast SEO Premium plugin. -->","yoast_head_json":{"title":"Composite Decking & Cladding Product Information & Comparisons","description":"Compare composite decking and cladding materials and explore product guides to help you choose the right Millboard solution for your outdoor space.","robots":{"index":"index","follow":"follow","max-snippet":"max-snippet:-1","max-image-preview":"max-image-preview:large","max-video-preview":"max-video-preview:-1"},"canonical":"https:\/\/www.millboard.com\/en-gb\/advice-centre__trashed\/product-information-and-comparisons\/","og_locale":"en_GB","og_type":"article","og_title":"Product Information &amp; Comparisons | Terrasses et bardages en composite Millboard","og_description":"Bienvenue chez Millboard, o\u00f9 nous red\u00e9finissons votre fa\u00e7on de vivre les grands espaces. Nous sommes une entreprise familiale attach\u00e9e au savoir-faire britannique et \u00e0 la cr\u00e9ation de produits au design et \u00e0 la conception exceptionnels.","og_url":"https:\/\/www.millboard.com\/en-gb\/advice-centre__trashed\/product-information-and-comparisons\/","og_site_name":"EN GB - Residential","article_publisher":"https:\/\/www.facebook.com\/MillboardFlooring\/","article_modified_time":"2026-04-01T08:57:43+00:00","og_image":[{"width":2000,"height":1263,"url":"https:\/\/www.millboard.com\/en-gb\/wp-content\/uploads\/sites\/3\/2026\/01\/SL-Ebony-Grey-shoot-motion-blur.jpg","type":"image\/jpeg"}],"twitter_card":"summary_large_image","schema":{"@context":"https:\/\/schema.org","@graph":[{"@type":"WebPage","@id":"https:\/\/www.millboard.com\/en-gb\/advice-centre__trashed\/product-information-and-comparisons\/","url":"https:\/\/www.millboard.com\/en-gb\/advice-centre__trashed\/product-information-and-comparisons\/","name":"Composite Decking & Cladding Product Information & Comparisons","isPartOf":{"@id":"https:\/\/www.millboard.com\/en-gb\/#website"},"datePublished":"2026-01-13T10:48:24+00:00","dateModified":"2026-04-01T08:57:43+00:00","description":"Compare composite decking and cladding materials and explore product guides to help you choose the right Millboard solution for your outdoor space.","breadcrumb":{"@id":"https:\/\/www.millboard.com\/en-gb\/advice-centre__trashed\/product-information-and-comparisons\/#breadcrumb"},"inLanguage":"en-GB","potentialAction":[{"@type":"ReadAction","target":["https:\/\/www.millboard.com\/en-gb\/advice-centre__trashed\/product-information-and-comparisons\/"]}]},{"@type":"BreadcrumbList","@id":"https:\/\/www.millboard.com\/en-gb\/advice-centre__trashed\/product-information-and-comparisons\/#breadcrumb","itemListElement":[{"@type":"ListItem","position":1,"name":"Home","item":"https:\/\/www.millboard.com\/en-gb\/"},{"@type":"ListItem","position":2,"name":"Product Information &amp; Comparisons"}]},{"@type":"WebSite","@id":"https:\/\/www.millboard.com\/en-gb\/#website","url":"https:\/\/www.millboard.com\/en-gb\/","name":"Millboard","description":"Live. Life. Outside.","publisher":{"@id":"https:\/\/www.millboard.com\/en-gb\/#organization"},"alternateName":"The millboard company","potentialAction":[{"@type":"SearchAction","target":{"@type":"EntryPoint","urlTemplate":"https:\/\/www.millboard.com\/en-gb\/?s={search_term_string}"},"query-input":{"@type":"PropertyValueSpecification","valueRequired":true,"valueName":"search_term_string"}}],"inLanguage":"en-GB"},{"@type":"Organization","@id":"https:\/\/www.millboard.com\/en-gb\/#organization","name":"Millboard","alternateName":"The millboard company","url":"https:\/\/www.millboard.com\/en-gb\/","logo":{"@type":"ImageObject","inLanguage":"en-GB","@id":"https:\/\/www.millboard.com\/en-gb\/#\/schema\/logo\/image\/","url":"https:\/\/www.millboard.com\/en-gb\/wp-content\/uploads\/sites\/3\/2026\/03\/Millboard-Logo-COL.png","contentUrl":"https:\/\/www.millboard.com\/en-gb\/wp-content\/uploads\/sites\/3\/2026\/03\/Millboard-Logo-COL.png","width":2113,"height":1080,"caption":"Millboard"},"image":{"@id":"https:\/\/www.millboard.com\/en-gb\/#\/schema\/logo\/image\/"},"sameAs":["https:\/\/www.facebook.com\/MillboardFlooring\/","https:\/\/www.youtube.com\/channel\/UCSvCnwAb4h1VdPVoFMKKRpw","https:\/\/www.instagram.com\/millboard_live_life_outside\/","https:\/\/www.pinterest.co.uk\/millboarddeckin\/_created\/","https:\/\/www.linkedin.com\/company\/the-Millboard company\/?originalSubdomain=uk"]}]}},"_links":{"self":[{"href":"https:\/\/www.millboard.com\/en-gb\/wp-json\/wp\/v2\/pages\/1085","targetHints":{"allow":["GET"]}}],"collection":[{"href":"https:\/\/www.millboard.com\/en-gb\/wp-json\/wp\/v2\/pages"}],"about":[{"href":"https:\/\/www.millboard.com\/en-gb\/wp-json\/wp\/v2\/types\/page"}],"author":[{"embeddable":true,"href":"https:\/\/www.millboard.com\/en-gb\/wp-json\/wp\/v2\/users\/10"}],"replies":[{"embeddable":true,"href":"https:\/\/www.millboard.com\/en-gb\/wp-json\/wp\/v2\/comments?post=1085"}],"version-history":[{"count":3,"href":"https:\/\/www.millboard.com\/en-gb\/wp-json\/wp\/v2\/pages\/1085\/revisions"}],"predecessor-version":[{"id":6488,"href":"https:\/\/www.millboard.com\/en-gb\/wp-json\/wp\/v2\/pages\/1085\/revisions\/6488"}],"wp:attachment":[{"href":"https:\/\/www.millboard.com\/en-gb\/wp-json\/wp\/v2\/media?parent=1085"}],"curies":[{"name":"wp","href":"https:\/\/api.w.org\/{rel}","templated":true}]}}