{"id":5,"date":"2025-12-09T08:42:02","date_gmt":"2025-12-09T08:42:02","guid":{"rendered":"https:\/\/www.millboard.com\/en-gb\/residential\/basket\/"},"modified":"2026-03-12T10:57:41","modified_gmt":"2026-03-12T10:57:41","slug":"basket","status":"publish","type":"page","link":"https:\/\/www.millboard.com\/en-gb\/basket\/","title":{"rendered":"Basket"},"content":{"rendered":"\n<div style=\"text-align:center;margin:0 auto;--block--right-space: 0rem;\">\n<h2 id=\"please-note\">Please note:<\/h2>\n<p>Before you check out, make sure you have everything you need to complete your installation.<\/p>\n<p>If you are purchasing decking or cladding boards, you may also require the correct <strong>screws, subframe, fascia, edging and accessories<\/strong>. Using the recommended fixings and components helps ensure a secure installation and keeps your warranty valid.<\/p>\n<p>If you&#8217;re unsure what you need, or how many, please use our <a style=\"font-weight: bold; text-decoration:underline;\" href=\"https:\/\/deckplanner.millboard.com\/#\/en\">decking configurator<\/a> or give us a call as our team is happy to help. Call us on <a href=\"tel:024 7643 9943\">024 7643 9943<\/a>.<\/p>\n<\/div>\n\n\n\n\n<section class=\"cards-manual cards wp-block animate alignwide\">\n    <div class=\"cards__inner\" style=\"--cards--best-column-fit: 3;\">\n        \n        <div class=\"cards__items\">\n<div data-type=\"\" class=\"media-object g-card animate-element\" data-media=\"image\" data-link=\"true\" data-media-type=\"image\" data-media-position=\"before\" data-orientation=\"vertical\">\n    <div class=\"media-object__inner\">\n                <div class=\"media-object__media img-fit \">\n\n                                                            <div class=\"media-object__media--hover-effect\">\n                            <span class=\"media-object__media--hover-effect__top\">\n                                View                            <\/span>\n\n                            <span class=\"media-object__media--hover-effect__bottom\">\n                                Article                            <\/span>\n                        <\/div>\n                    \n                    <img decoding=\"async\" width=\"300\" height=\"225\" src=\"https:\/\/www.millboard.com\/en-gb\/wp-content\/uploads\/sites\/3\/2026\/01\/MEBB360D_Bullnose-Board_Smoked-Oak_Project-Imagery_Steps-and-Bench-300x225.jpg\" class=\"\" alt=\"\" role=\"presentation\" loading=\"lazy\" srcset=\"https:\/\/www.millboard.com\/en-gb\/wp-content\/uploads\/sites\/3\/2026\/01\/MEBB360D_Bullnose-Board_Smoked-Oak_Project-Imagery_Steps-and-Bench-300x225.jpg 300w, https:\/\/www.millboard.com\/en-gb\/wp-content\/uploads\/sites\/3\/2026\/01\/MEBB360D_Bullnose-Board_Smoked-Oak_Project-Imagery_Steps-and-Bench-1024x768.jpg 1024w, https:\/\/www.millboard.com\/en-gb\/wp-content\/uploads\/sites\/3\/2026\/01\/MEBB360D_Bullnose-Board_Smoked-Oak_Project-Imagery_Steps-and-Bench-768x576.jpg 768w, https:\/\/www.millboard.com\/en-gb\/wp-content\/uploads\/sites\/3\/2026\/01\/MEBB360D_Bullnose-Board_Smoked-Oak_Project-Imagery_Steps-and-Bench-600x450.jpg 600w, https:\/\/www.millboard.com\/en-gb\/wp-content\/uploads\/sites\/3\/2026\/01\/MEBB360D_Bullnose-Board_Smoked-Oak_Project-Imagery_Steps-and-Bench.jpg 2000w\" sizes=\"auto, (max-width: 300px) 100vw, 300px\" \/>\n                                                <\/div>\n        \n        <div class=\"media-object__content flex-column\">\n            \n            \n                            <div class=\"media-object__header flex-column\">\n                                            <h2 id=\"edgings-fascias\" class=\"media-object__heading\"><a href=\"https:\/\/www.millboard.com\/en-gb\/edgings-fascias\/\"><p>Edgings &amp; Fascias<\/p><\/a><\/h2>\n                    \n                                             <div class=\"media-object__subheading\">\n                            <p>Edgings and fascias are designed to give your decking a clean, professional finish while protecting exposed edges. Available in colours and textures to complement Millboard decking, they create a seamless look and help frame your outdoor space with durable, low-maintenance materials.<\/p>\n                        <\/div>\n                     \n                                    <\/div>\n            \n            \n            \n                    <\/div>\n\n            <\/div>\n\n<\/div>\n\n\n<div data-type=\"\" class=\"media-object g-card animate-element\" data-media=\"image\" data-link=\"true\" data-media-type=\"image\" data-media-position=\"before\" data-orientation=\"vertical\">\n    <div class=\"media-object__inner\">\n                <div class=\"media-object__media img-fit \">\n\n                                                            <div class=\"media-object__media--hover-effect\">\n                            <span class=\"media-object__media--hover-effect__top\">\n                                View                            <\/span>\n\n                            <span class=\"media-object__media--hover-effect__bottom\">\n                                Article                            <\/span>\n                        <\/div>\n                    \n                    <img decoding=\"async\" width=\"300\" height=\"200\" src=\"https:\/\/www.millboard.com\/en-gb\/wp-content\/uploads\/sites\/3\/2026\/01\/DuoSpan_Installation-Image-17-300x200.webp\" class=\"\" alt=\"\" role=\"presentation\" loading=\"lazy\" srcset=\"https:\/\/www.millboard.com\/en-gb\/wp-content\/uploads\/sites\/3\/2026\/01\/DuoSpan_Installation-Image-17-300x200.webp 300w, https:\/\/www.millboard.com\/en-gb\/wp-content\/uploads\/sites\/3\/2026\/01\/DuoSpan_Installation-Image-17-1024x683.webp 1024w, https:\/\/www.millboard.com\/en-gb\/wp-content\/uploads\/sites\/3\/2026\/01\/DuoSpan_Installation-Image-17-768x512.webp 768w, https:\/\/www.millboard.com\/en-gb\/wp-content\/uploads\/sites\/3\/2026\/01\/DuoSpan_Installation-Image-17-600x400.webp 600w, https:\/\/www.millboard.com\/en-gb\/wp-content\/uploads\/sites\/3\/2026\/01\/DuoSpan_Installation-Image-17.webp 2048w\" sizes=\"auto, (max-width: 300px) 100vw, 300px\" \/>\n                                                <\/div>\n        \n        <div class=\"media-object__content flex-column\">\n            \n            \n                            <div class=\"media-object__header flex-column\">\n                                            <h2 id=\"subframes\" class=\"media-object__heading\"><a href=\"https:\/\/www.millboard.com\/en-gb\/composite-decking-collections\/decking-subframes\/\"><p>Subframes<\/p><\/a><\/h2>\n                    \n                                             <div class=\"media-object__subheading\">\n                            <p>A decking subframe forms the essential structure beneath your boards, providing the strength and stability needed for a long-lasting deck. Millboard offers advanced systems such as Plas-Pro, DuoSpan and DuoLift, engineered to create a durable foundation and reliable support for decking and other outdoor flooring solutions.<\/p>\n                        <\/div>\n                     \n                                    <\/div>\n            \n            \n            \n                    <\/div>\n\n            <\/div>\n\n<\/div>\n\n\n<div data-type=\"\" class=\"media-object g-card animate-element\" data-media=\"image\" data-link=\"true\" data-media-type=\"image\" data-media-position=\"before\" data-orientation=\"vertical\">\n    <div class=\"media-object__inner\">\n                <div class=\"media-object__media img-fit \">\n\n                                                            <div class=\"media-object__media--hover-effect\">\n                            <span class=\"media-object__media--hover-effect__top\">\n                                View                            <\/span>\n\n                            <span class=\"media-object__media--hover-effect__bottom\">\n                                Article                            <\/span>\n                        <\/div>\n                    \n                    <img decoding=\"async\" width=\"300\" height=\"169\" src=\"https:\/\/www.millboard.com\/en-gb\/wp-content\/uploads\/sites\/3\/2026\/02\/composite-decking-fixings-300x169.png\" class=\"\" alt=\"\" role=\"presentation\" loading=\"lazy\" srcset=\"https:\/\/www.millboard.com\/en-gb\/wp-content\/uploads\/sites\/3\/2026\/02\/composite-decking-fixings-300x169.png 300w, https:\/\/www.millboard.com\/en-gb\/wp-content\/uploads\/sites\/3\/2026\/02\/composite-decking-fixings-1024x576.png 1024w, https:\/\/www.millboard.com\/en-gb\/wp-content\/uploads\/sites\/3\/2026\/02\/composite-decking-fixings-768x432.png 768w, https:\/\/www.millboard.com\/en-gb\/wp-content\/uploads\/sites\/3\/2026\/02\/composite-decking-fixings-600x338.png 600w, https:\/\/www.millboard.com\/en-gb\/wp-content\/uploads\/sites\/3\/2026\/02\/composite-decking-fixings.png 1918w\" sizes=\"auto, (max-width: 300px) 100vw, 300px\" \/>\n                                                <\/div>\n        \n        <div class=\"media-object__content flex-column\">\n            \n            \n                            <div class=\"media-object__header flex-column\">\n                                            <h2 id=\"accessories\" class=\"media-object__heading\"><a href=\"https:\/\/www.millboard.com\/en-gb\/composite-decking-collections\/decking-accessories\"><p>Accessories<\/p><\/a><\/h2>\n                    \n                                             <div class=\"media-object__subheading\">\n                            <p>Complete your decking installation with Millboard\u2019s range of purpose-designed accessories, including fixings, touch-up coatings, drivers and spacers. These carefully engineered components help simplify installation and ensure a secure, seamless finish that enhances the overall appearance of your deck.<\/p>\n                        <\/div>\n                     \n                                    <\/div>\n            \n            \n            \n                    <\/div>\n\n            <\/div>\n\n<\/div>\n\n<\/div>\n            <\/div>\n<\/section>\n\n\n\n<p><\/p>\n","protected":false},"excerpt":{"rendered":"<p>Please note: Before you check out, make sure you have everything you need to complete your installation. If you are&hellip;<\/p>\n","protected":false},"author":10,"featured_media":0,"parent":0,"menu_order":0,"comment_status":"closed","ping_status":"closed","template":"","meta":{"_acf_changed":false,"content-type":"","footnotes":""},"class_list":["post-5","page","type-page","status-publish","hentry"],"acf":[],"yoast_head":"<!-- This site is optimized with the Yoast SEO Premium plugin v27.3 (Yoast SEO v27.3) - https:\/\/yoast.com\/product\/yoast-seo-premium-wordpress\/ -->\n<title>Your Basket<\/title>\n<meta name=\"description\" content=\"Your Millboard basket. Review your composite decking and cladding products before proceeding to checkout.\" \/>\n<meta name=\"robots\" content=\"noindex, follow\" \/>\n<meta property=\"og:locale\" content=\"en_GB\" \/>\n<meta property=\"og:type\" content=\"article\" \/>\n<meta property=\"og:title\" content=\"Basket | Terrasses et bardages en composite Millboard\" \/>\n<meta property=\"og:description\" content=\"Bienvenue chez Millboard, o\u00f9 nous red\u00e9finissons votre fa\u00e7on de vivre les grands espaces. Nous sommes une entreprise familiale attach\u00e9e au savoir-faire britannique et \u00e0 la cr\u00e9ation de produits au design et \u00e0 la conception exceptionnels.\" \/>\n<meta property=\"og:url\" content=\"https:\/\/www.millboard.com\/en-gb\/basket\/\" \/>\n<meta property=\"og:site_name\" content=\"EN GB - Residential\" \/>\n<meta property=\"article:publisher\" content=\"https:\/\/www.facebook.com\/MillboardFlooring\/\" \/>\n<meta property=\"article:modified_time\" content=\"2026-03-12T10:57:41+00:00\" \/>\n<meta property=\"og:image\" content=\"https:\/\/www.millboard.com\/en-gb\/wp-content\/uploads\/sites\/3\/2026\/01\/SL-Ebony-Grey-shoot-motion-blur.jpg\" \/>\n\t<meta property=\"og:image:width\" content=\"2000\" \/>\n\t<meta property=\"og:image:height\" content=\"1263\" \/>\n\t<meta property=\"og:image:type\" content=\"image\/jpeg\" \/>\n<meta name=\"twitter:card\" content=\"summary_large_image\" \/>\n<meta name=\"twitter:label1\" content=\"Estimated reading time\" \/>\n\t<meta name=\"twitter:data1\" content=\"1 minute\" \/>\n<script type=\"application\/ld+json\" class=\"yoast-schema-graph\">{\"@context\":\"https:\\\/\\\/schema.org\",\"@graph\":[{\"@type\":\"WebPage\",\"@id\":\"https:\\\/\\\/www.millboard.com\\\/en-gb\\\/basket\\\/\",\"url\":\"https:\\\/\\\/www.millboard.com\\\/en-gb\\\/basket\\\/\",\"name\":\"Your Basket\",\"isPartOf\":{\"@id\":\"https:\\\/\\\/www.millboard.com\\\/en-gb\\\/#website\"},\"datePublished\":\"2025-12-09T08:42:02+00:00\",\"dateModified\":\"2026-03-12T10:57:41+00:00\",\"description\":\"Your Millboard basket. Review your composite decking and cladding products before proceeding to checkout.\",\"breadcrumb\":{\"@id\":\"https:\\\/\\\/www.millboard.com\\\/en-gb\\\/basket\\\/#breadcrumb\"},\"inLanguage\":\"en-GB\",\"potentialAction\":[{\"@type\":\"ReadAction\",\"target\":[\"https:\\\/\\\/www.millboard.com\\\/en-gb\\\/basket\\\/\"]}]},{\"@type\":\"BreadcrumbList\",\"@id\":\"https:\\\/\\\/www.millboard.com\\\/en-gb\\\/basket\\\/#breadcrumb\",\"itemListElement\":[{\"@type\":\"ListItem\",\"position\":1,\"name\":\"Home\",\"item\":\"https:\\\/\\\/www.millboard.com\\\/en-gb\\\/\"},{\"@type\":\"ListItem\",\"position\":2,\"name\":\"Basket\"}]},{\"@type\":\"WebSite\",\"@id\":\"https:\\\/\\\/www.millboard.com\\\/en-gb\\\/#website\",\"url\":\"https:\\\/\\\/www.millboard.com\\\/en-gb\\\/\",\"name\":\"Millboard\",\"description\":\"Live. Life. Outside.\",\"publisher\":{\"@id\":\"https:\\\/\\\/www.millboard.com\\\/en-gb\\\/#organization\"},\"alternateName\":\"The millboard company\",\"potentialAction\":[{\"@type\":\"SearchAction\",\"target\":{\"@type\":\"EntryPoint\",\"urlTemplate\":\"https:\\\/\\\/www.millboard.com\\\/en-gb\\\/?s={search_term_string}\"},\"query-input\":{\"@type\":\"PropertyValueSpecification\",\"valueRequired\":true,\"valueName\":\"search_term_string\"}}],\"inLanguage\":\"en-GB\"},{\"@type\":\"Organization\",\"@id\":\"https:\\\/\\\/www.millboard.com\\\/en-gb\\\/#organization\",\"name\":\"Millboard\",\"alternateName\":\"The millboard company\",\"url\":\"https:\\\/\\\/www.millboard.com\\\/en-gb\\\/\",\"logo\":{\"@type\":\"ImageObject\",\"inLanguage\":\"en-GB\",\"@id\":\"https:\\\/\\\/www.millboard.com\\\/en-gb\\\/#\\\/schema\\\/logo\\\/image\\\/\",\"url\":\"https:\\\/\\\/www.millboard.com\\\/en-gb\\\/wp-content\\\/uploads\\\/sites\\\/3\\\/2026\\\/03\\\/Millboard-Logo-COL.png\",\"contentUrl\":\"https:\\\/\\\/www.millboard.com\\\/en-gb\\\/wp-content\\\/uploads\\\/sites\\\/3\\\/2026\\\/03\\\/Millboard-Logo-COL.png\",\"width\":2113,\"height\":1080,\"caption\":\"Millboard\"},\"image\":{\"@id\":\"https:\\\/\\\/www.millboard.com\\\/en-gb\\\/#\\\/schema\\\/logo\\\/image\\\/\"},\"sameAs\":[\"https:\\\/\\\/www.facebook.com\\\/MillboardFlooring\\\/\",\"https:\\\/\\\/www.youtube.com\\\/channel\\\/UCSvCnwAb4h1VdPVoFMKKRpw\",\"https:\\\/\\\/www.instagram.com\\\/millboard_live_life_outside\\\/\",\"https:\\\/\\\/www.pinterest.co.uk\\\/millboarddeckin\\\/_created\\\/\",\"https:\\\/\\\/www.linkedin.com\\\/company\\\/the-Millboard company\\\/?originalSubdomain=uk\"]}]}<\/script>\n<!-- \/ Yoast SEO Premium plugin. -->","yoast_head_json":{"title":"Your Basket","description":"Your Millboard basket. Review your composite decking and cladding products before proceeding to checkout.","robots":{"index":"noindex","follow":"follow"},"og_locale":"en_GB","og_type":"article","og_title":"Basket | Terrasses et bardages en composite Millboard","og_description":"Bienvenue chez Millboard, o\u00f9 nous red\u00e9finissons votre fa\u00e7on de vivre les grands espaces. Nous sommes une entreprise familiale attach\u00e9e au savoir-faire britannique et \u00e0 la cr\u00e9ation de produits au design et \u00e0 la conception exceptionnels.","og_url":"https:\/\/www.millboard.com\/en-gb\/basket\/","og_site_name":"EN GB - Residential","article_publisher":"https:\/\/www.facebook.com\/MillboardFlooring\/","article_modified_time":"2026-03-12T10:57:41+00:00","og_image":[{"width":2000,"height":1263,"url":"https:\/\/www.millboard.com\/en-gb\/wp-content\/uploads\/sites\/3\/2026\/01\/SL-Ebony-Grey-shoot-motion-blur.jpg","type":"image\/jpeg"}],"twitter_card":"summary_large_image","twitter_misc":{"Estimated reading time":"1 minute"},"schema":{"@context":"https:\/\/schema.org","@graph":[{"@type":"WebPage","@id":"https:\/\/www.millboard.com\/en-gb\/basket\/","url":"https:\/\/www.millboard.com\/en-gb\/basket\/","name":"Your Basket","isPartOf":{"@id":"https:\/\/www.millboard.com\/en-gb\/#website"},"datePublished":"2025-12-09T08:42:02+00:00","dateModified":"2026-03-12T10:57:41+00:00","description":"Your Millboard basket. Review your composite decking and cladding products before proceeding to checkout.","breadcrumb":{"@id":"https:\/\/www.millboard.com\/en-gb\/basket\/#breadcrumb"},"inLanguage":"en-GB","potentialAction":[{"@type":"ReadAction","target":["https:\/\/www.millboard.com\/en-gb\/basket\/"]}]},{"@type":"BreadcrumbList","@id":"https:\/\/www.millboard.com\/en-gb\/basket\/#breadcrumb","itemListElement":[{"@type":"ListItem","position":1,"name":"Home","item":"https:\/\/www.millboard.com\/en-gb\/"},{"@type":"ListItem","position":2,"name":"Basket"}]},{"@type":"WebSite","@id":"https:\/\/www.millboard.com\/en-gb\/#website","url":"https:\/\/www.millboard.com\/en-gb\/","name":"Millboard","description":"Live. Life. Outside.","publisher":{"@id":"https:\/\/www.millboard.com\/en-gb\/#organization"},"alternateName":"The millboard company","potentialAction":[{"@type":"SearchAction","target":{"@type":"EntryPoint","urlTemplate":"https:\/\/www.millboard.com\/en-gb\/?s={search_term_string}"},"query-input":{"@type":"PropertyValueSpecification","valueRequired":true,"valueName":"search_term_string"}}],"inLanguage":"en-GB"},{"@type":"Organization","@id":"https:\/\/www.millboard.com\/en-gb\/#organization","name":"Millboard","alternateName":"The millboard company","url":"https:\/\/www.millboard.com\/en-gb\/","logo":{"@type":"ImageObject","inLanguage":"en-GB","@id":"https:\/\/www.millboard.com\/en-gb\/#\/schema\/logo\/image\/","url":"https:\/\/www.millboard.com\/en-gb\/wp-content\/uploads\/sites\/3\/2026\/03\/Millboard-Logo-COL.png","contentUrl":"https:\/\/www.millboard.com\/en-gb\/wp-content\/uploads\/sites\/3\/2026\/03\/Millboard-Logo-COL.png","width":2113,"height":1080,"caption":"Millboard"},"image":{"@id":"https:\/\/www.millboard.com\/en-gb\/#\/schema\/logo\/image\/"},"sameAs":["https:\/\/www.facebook.com\/MillboardFlooring\/","https:\/\/www.youtube.com\/channel\/UCSvCnwAb4h1VdPVoFMKKRpw","https:\/\/www.instagram.com\/millboard_live_life_outside\/","https:\/\/www.pinterest.co.uk\/millboarddeckin\/_created\/","https:\/\/www.linkedin.com\/company\/the-Millboard company\/?originalSubdomain=uk"]}]}},"_links":{"self":[{"href":"https:\/\/www.millboard.com\/en-gb\/wp-json\/wp\/v2\/pages\/5","targetHints":{"allow":["GET"]}}],"collection":[{"href":"https:\/\/www.millboard.com\/en-gb\/wp-json\/wp\/v2\/pages"}],"about":[{"href":"https:\/\/www.millboard.com\/en-gb\/wp-json\/wp\/v2\/types\/page"}],"author":[{"embeddable":true,"href":"https:\/\/www.millboard.com\/en-gb\/wp-json\/wp\/v2\/users\/10"}],"replies":[{"embeddable":true,"href":"https:\/\/www.millboard.com\/en-gb\/wp-json\/wp\/v2\/comments?post=5"}],"version-history":[{"count":29,"href":"https:\/\/www.millboard.com\/en-gb\/wp-json\/wp\/v2\/pages\/5\/revisions"}],"predecessor-version":[{"id":8724,"href":"https:\/\/www.millboard.com\/en-gb\/wp-json\/wp\/v2\/pages\/5\/revisions\/8724"}],"wp:attachment":[{"href":"https:\/\/www.millboard.com\/en-gb\/wp-json\/wp\/v2\/media?parent=5"}],"curies":[{"name":"wp","href":"https:\/\/api.w.org\/{rel}","templated":true}]}}