{"id":506,"date":"2026-01-05T11:03:29","date_gmt":"2026-01-05T11:03:29","guid":{"rendered":"https:\/\/www.millboard.com\/en-gb\/?page_id=506"},"modified":"2026-04-22T16:35:58","modified_gmt":"2026-04-22T15:35:58","slug":"terms-of-use","status":"publish","type":"page","link":"https:\/\/www.millboard.com\/en-gb\/trust-centre\/terms-of-use\/","title":{"rendered":"Terms Of Use"},"content":{"rendered":"<header class=\"page-header wp-block alignfull has-brand-1-background-color has-background page-header--type--page has-breadcrumbs\">\n    <div class=\"page-header__inner\">\n                    <!-- Breadcrumbs -->\n            <div class=\"page-header__breadcrumbs\">\n                <nav class=\"breadcrumbs\">\n    <span class=\"breadcrumbs__yoast-wrapper\"><span><a href=\"https:\/\/www.millboard.com\/en-gb\/\">Home<\/a><\/span><\/span><\/nav>\n            <\/div>\n        \n        <div class=\"page-header__wrapper\">\n            <div class=\"page-header__image-wrapper page-header__image-wrapper--no-image\">\n                            <\/div>\n\n            <div class=\"page-header__content page-header__content--first\">\n                <div class=\"page-header__header\">\n                    \n                                            <h1 class=\"page-header__heading is-style-typestyle-h1\">Terms Of Use<\/h1>\n                                    <\/div>\n\n                            <\/div>\n                <div class=\"page-header__content page-header__content--last\">\n                            \n                \n                            <\/div>\n        <\/div>\n    <\/div>\n\n    <\/header>\n\n    <div class=\"woocommerce-notices-wrapper\"><\/div>\n\n\n<p><strong>Disclaimer\u00a0<\/strong><\/p>\n\n\n\n<p>While we have taken every care to compile&nbsp;accurate&nbsp;information and to keep this site&nbsp;up-to-date, The Millboard company Limited makes no warranty as to the accuracy or applicability of any information on this website and cannot accept liability for any errors or omissions.&nbsp;<\/p>\n\n\n\n<p>This site content is provided for general information.&nbsp;<\/p>\n\n\n\n<p>The Millboard company Limited, its members,&nbsp;suppliers&nbsp;and affiliated companies therefore shall not be liable to any person for any loss or damage that may arise from the use of the information contained in any of the materials on this website.&nbsp;<\/p>\n\n\n\n<p>This website is intended for viewers from the United Kingdom. Those who choose to access this website from other locations&nbsp;are responsible for&nbsp;compliance with local laws.&nbsp;<\/p>\n\n\n\n<p>The Millboard company Limited have included some relevant links for your information and convenience only.&nbsp;However&nbsp;as we have no control over these&nbsp;third party&nbsp;links, we cannot accept responsibility for the contents or reliability of the linked sites.&nbsp;<\/p>\n\n\n\n<p>The term \u201cThe Millboard company Limited\u201d used in this Legal Disclaimer, except&nbsp;where&nbsp;stated otherwise, shall&nbsp;deemed&nbsp;to include The Millboard company Limited, its&nbsp;members&nbsp;and affiliates.&nbsp;<\/p>\n\n\n\n<p><strong>Copyright\u00a0<\/strong>\u00a0<\/p>\n\n\n\n<p>This website is protected by copyright. \u00a9 2025 The Millboard company Limited, unless otherwise&nbsp;stated. Site content is not to be copied,&nbsp;modified, distributed,&nbsp;published&nbsp;or made available on a network without the prior written consent of The Millboard company Limited. All other rights reserved.&nbsp;&nbsp;<\/p>\n\n\n\n<p>Please feel free to&nbsp;establish&nbsp;a link to this site from your site, provided the context is relevant and the link or its description is not detrimental to the business of The Millboard company Limited.&nbsp;<\/p>\n\n\n\n<p><\/p>\n","protected":false},"excerpt":{"rendered":"<p>Disclaimer\u00a0 While we have taken every care to compile&nbsp;accurate&nbsp;information and to keep this site&nbsp;up-to-date, The Millboard company Limited makes no&hellip;<\/p>\n","protected":false},"author":10,"featured_media":0,"parent":772,"menu_order":0,"comment_status":"closed","ping_status":"closed","template":"","meta":{"_acf_changed":false,"content-type":"","footnotes":""},"class_list":["post-506","page","type-page","status-publish","hentry"],"acf":[],"yoast_head":"<!-- This site is optimized with the Yoast SEO Premium plugin v27.5 (Yoast SEO v27.5) - https:\/\/yoast.com\/product\/yoast-seo-premium-wordpress\/ -->\n<title>Terms of Use<\/title>\n<meta name=\"description\" content=\"Read Millboard&#039;s Terms of Use governing access to and use of the Millboard website and its content.\" \/>\n<meta name=\"robots\" content=\"index, follow, max-snippet:-1, max-image-preview:large, max-video-preview:-1\" \/>\n<link rel=\"canonical\" href=\"https:\/\/www.millboard.com\/en-gb\/trust-centre\/terms-of-use\/\" \/>\n<meta property=\"og:locale\" content=\"en_GB\" \/>\n<meta property=\"og:type\" content=\"article\" \/>\n<meta property=\"og:title\" content=\"Terms Of Use | Terrasses et bardages en composite Millboard\" \/>\n<meta property=\"og:description\" content=\"Bienvenue chez Millboard, o\u00f9 nous red\u00e9finissons votre fa\u00e7on de vivre les grands espaces. Nous sommes une entreprise familiale attach\u00e9e au savoir-faire britannique et \u00e0 la cr\u00e9ation de produits au design et \u00e0 la conception exceptionnels.\" \/>\n<meta property=\"og:url\" content=\"https:\/\/www.millboard.com\/en-gb\/trust-centre\/terms-of-use\/\" \/>\n<meta property=\"og:site_name\" content=\"EN GB - Residential\" \/>\n<meta property=\"article:publisher\" content=\"https:\/\/www.facebook.com\/MillboardFlooring\/\" \/>\n<meta property=\"article:modified_time\" content=\"2026-04-22T15:35:58+00:00\" \/>\n<meta property=\"og:image\" content=\"https:\/\/www.millboard.com\/en-gb\/wp-content\/uploads\/sites\/3\/2026\/01\/SL-Ebony-Grey-shoot-motion-blur.jpg\" \/>\n\t<meta property=\"og:image:width\" content=\"2000\" \/>\n\t<meta property=\"og:image:height\" content=\"1263\" \/>\n\t<meta property=\"og:image:type\" content=\"image\/jpeg\" \/>\n<meta name=\"twitter:card\" content=\"summary_large_image\" \/>\n<meta name=\"twitter:label1\" content=\"Estimated reading time\" \/>\n\t<meta name=\"twitter:data1\" content=\"2 minutes\" \/>\n<script type=\"application\/ld+json\" class=\"yoast-schema-graph\">{\"@context\":\"https:\\\/\\\/schema.org\",\"@graph\":[{\"@type\":\"WebPage\",\"@id\":\"https:\\\/\\\/www.millboard.com\\\/en-gb\\\/trust-centre\\\/terms-of-use\\\/\",\"url\":\"https:\\\/\\\/www.millboard.com\\\/en-gb\\\/trust-centre\\\/terms-of-use\\\/\",\"name\":\"Terms of Use\",\"isPartOf\":{\"@id\":\"https:\\\/\\\/www.millboard.com\\\/en-gb\\\/#website\"},\"datePublished\":\"2026-01-05T11:03:29+00:00\",\"dateModified\":\"2026-04-22T15:35:58+00:00\",\"description\":\"Read Millboard's Terms of Use governing access to and use of the Millboard website and its content.\",\"breadcrumb\":{\"@id\":\"https:\\\/\\\/www.millboard.com\\\/en-gb\\\/trust-centre\\\/terms-of-use\\\/#breadcrumb\"},\"inLanguage\":\"en-GB\",\"potentialAction\":[{\"@type\":\"ReadAction\",\"target\":[\"https:\\\/\\\/www.millboard.com\\\/en-gb\\\/trust-centre\\\/terms-of-use\\\/\"]}]},{\"@type\":\"BreadcrumbList\",\"@id\":\"https:\\\/\\\/www.millboard.com\\\/en-gb\\\/trust-centre\\\/terms-of-use\\\/#breadcrumb\",\"itemListElement\":[{\"@type\":\"ListItem\",\"position\":1,\"name\":\"Home\",\"item\":\"https:\\\/\\\/www.millboard.com\\\/en-gb\\\/\"},{\"@type\":\"ListItem\",\"position\":2,\"name\":\"Trust Centre\",\"item\":\"https:\\\/\\\/www.millboard.com\\\/en-gb\\\/trust-centre\\\/\"},{\"@type\":\"ListItem\",\"position\":3,\"name\":\"Terms Of Use\"}]},{\"@type\":\"WebSite\",\"@id\":\"https:\\\/\\\/www.millboard.com\\\/en-gb\\\/#website\",\"url\":\"https:\\\/\\\/www.millboard.com\\\/en-gb\\\/\",\"name\":\"Millboard\",\"description\":\"Live. Life. Outside.\",\"publisher\":{\"@id\":\"https:\\\/\\\/www.millboard.com\\\/en-gb\\\/#organization\"},\"alternateName\":\"The millboard company\",\"potentialAction\":[{\"@type\":\"SearchAction\",\"target\":{\"@type\":\"EntryPoint\",\"urlTemplate\":\"https:\\\/\\\/www.millboard.com\\\/en-gb\\\/?s={search_term_string}\"},\"query-input\":{\"@type\":\"PropertyValueSpecification\",\"valueRequired\":true,\"valueName\":\"search_term_string\"}}],\"inLanguage\":\"en-GB\"},{\"@type\":\"Organization\",\"@id\":\"https:\\\/\\\/www.millboard.com\\\/en-gb\\\/#organization\",\"name\":\"Millboard\",\"alternateName\":\"The millboard company\",\"url\":\"https:\\\/\\\/www.millboard.com\\\/en-gb\\\/\",\"logo\":{\"@type\":\"ImageObject\",\"inLanguage\":\"en-GB\",\"@id\":\"https:\\\/\\\/www.millboard.com\\\/en-gb\\\/#\\\/schema\\\/logo\\\/image\\\/\",\"url\":\"https:\\\/\\\/www.millboard.com\\\/en-gb\\\/wp-content\\\/uploads\\\/sites\\\/3\\\/2026\\\/03\\\/Millboard-Logo-COL.png\",\"contentUrl\":\"https:\\\/\\\/www.millboard.com\\\/en-gb\\\/wp-content\\\/uploads\\\/sites\\\/3\\\/2026\\\/03\\\/Millboard-Logo-COL.png\",\"width\":2113,\"height\":1080,\"caption\":\"Millboard\"},\"image\":{\"@id\":\"https:\\\/\\\/www.millboard.com\\\/en-gb\\\/#\\\/schema\\\/logo\\\/image\\\/\"},\"sameAs\":[\"https:\\\/\\\/www.facebook.com\\\/MillboardFlooring\\\/\",\"https:\\\/\\\/www.youtube.com\\\/channel\\\/UCSvCnwAb4h1VdPVoFMKKRpw\",\"https:\\\/\\\/www.instagram.com\\\/millboard_live_life_outside\\\/\",\"https:\\\/\\\/www.pinterest.co.uk\\\/millboarddeckin\\\/_created\\\/\"]}]}<\/script>\n<!-- \/ Yoast SEO Premium plugin. -->","yoast_head_json":{"title":"Terms of Use","description":"Read Millboard's Terms of Use governing access to and use of the Millboard website and its content.","robots":{"index":"index","follow":"follow","max-snippet":"max-snippet:-1","max-image-preview":"max-image-preview:large","max-video-preview":"max-video-preview:-1"},"canonical":"https:\/\/www.millboard.com\/en-gb\/trust-centre\/terms-of-use\/","og_locale":"en_GB","og_type":"article","og_title":"Terms Of Use | Terrasses et bardages en composite Millboard","og_description":"Bienvenue chez Millboard, o\u00f9 nous red\u00e9finissons votre fa\u00e7on de vivre les grands espaces. Nous sommes une entreprise familiale attach\u00e9e au savoir-faire britannique et \u00e0 la cr\u00e9ation de produits au design et \u00e0 la conception exceptionnels.","og_url":"https:\/\/www.millboard.com\/en-gb\/trust-centre\/terms-of-use\/","og_site_name":"EN GB - Residential","article_publisher":"https:\/\/www.facebook.com\/MillboardFlooring\/","article_modified_time":"2026-04-22T15:35:58+00:00","og_image":[{"width":2000,"height":1263,"url":"https:\/\/www.millboard.com\/en-gb\/wp-content\/uploads\/sites\/3\/2026\/01\/SL-Ebony-Grey-shoot-motion-blur.jpg","type":"image\/jpeg"}],"twitter_card":"summary_large_image","twitter_misc":{"Estimated reading time":"2 minutes"},"schema":{"@context":"https:\/\/schema.org","@graph":[{"@type":"WebPage","@id":"https:\/\/www.millboard.com\/en-gb\/trust-centre\/terms-of-use\/","url":"https:\/\/www.millboard.com\/en-gb\/trust-centre\/terms-of-use\/","name":"Terms of Use","isPartOf":{"@id":"https:\/\/www.millboard.com\/en-gb\/#website"},"datePublished":"2026-01-05T11:03:29+00:00","dateModified":"2026-04-22T15:35:58+00:00","description":"Read Millboard's Terms of Use governing access to and use of the Millboard website and its content.","breadcrumb":{"@id":"https:\/\/www.millboard.com\/en-gb\/trust-centre\/terms-of-use\/#breadcrumb"},"inLanguage":"en-GB","potentialAction":[{"@type":"ReadAction","target":["https:\/\/www.millboard.com\/en-gb\/trust-centre\/terms-of-use\/"]}]},{"@type":"BreadcrumbList","@id":"https:\/\/www.millboard.com\/en-gb\/trust-centre\/terms-of-use\/#breadcrumb","itemListElement":[{"@type":"ListItem","position":1,"name":"Home","item":"https:\/\/www.millboard.com\/en-gb\/"},{"@type":"ListItem","position":2,"name":"Trust Centre","item":"https:\/\/www.millboard.com\/en-gb\/trust-centre\/"},{"@type":"ListItem","position":3,"name":"Terms Of Use"}]},{"@type":"WebSite","@id":"https:\/\/www.millboard.com\/en-gb\/#website","url":"https:\/\/www.millboard.com\/en-gb\/","name":"Millboard","description":"Live. Life. Outside.","publisher":{"@id":"https:\/\/www.millboard.com\/en-gb\/#organization"},"alternateName":"The millboard company","potentialAction":[{"@type":"SearchAction","target":{"@type":"EntryPoint","urlTemplate":"https:\/\/www.millboard.com\/en-gb\/?s={search_term_string}"},"query-input":{"@type":"PropertyValueSpecification","valueRequired":true,"valueName":"search_term_string"}}],"inLanguage":"en-GB"},{"@type":"Organization","@id":"https:\/\/www.millboard.com\/en-gb\/#organization","name":"Millboard","alternateName":"The millboard company","url":"https:\/\/www.millboard.com\/en-gb\/","logo":{"@type":"ImageObject","inLanguage":"en-GB","@id":"https:\/\/www.millboard.com\/en-gb\/#\/schema\/logo\/image\/","url":"https:\/\/www.millboard.com\/en-gb\/wp-content\/uploads\/sites\/3\/2026\/03\/Millboard-Logo-COL.png","contentUrl":"https:\/\/www.millboard.com\/en-gb\/wp-content\/uploads\/sites\/3\/2026\/03\/Millboard-Logo-COL.png","width":2113,"height":1080,"caption":"Millboard"},"image":{"@id":"https:\/\/www.millboard.com\/en-gb\/#\/schema\/logo\/image\/"},"sameAs":["https:\/\/www.facebook.com\/MillboardFlooring\/","https:\/\/www.youtube.com\/channel\/UCSvCnwAb4h1VdPVoFMKKRpw","https:\/\/www.instagram.com\/millboard_live_life_outside\/","https:\/\/www.pinterest.co.uk\/millboarddeckin\/_created\/"]}]}},"_links":{"self":[{"href":"https:\/\/www.millboard.com\/en-gb\/wp-json\/wp\/v2\/pages\/506","targetHints":{"allow":["GET"]}}],"collection":[{"href":"https:\/\/www.millboard.com\/en-gb\/wp-json\/wp\/v2\/pages"}],"about":[{"href":"https:\/\/www.millboard.com\/en-gb\/wp-json\/wp\/v2\/types\/page"}],"author":[{"embeddable":true,"href":"https:\/\/www.millboard.com\/en-gb\/wp-json\/wp\/v2\/users\/10"}],"replies":[{"embeddable":true,"href":"https:\/\/www.millboard.com\/en-gb\/wp-json\/wp\/v2\/comments?post=506"}],"version-history":[{"count":1,"href":"https:\/\/www.millboard.com\/en-gb\/wp-json\/wp\/v2\/pages\/506\/revisions"}],"predecessor-version":[{"id":507,"href":"https:\/\/www.millboard.com\/en-gb\/wp-json\/wp\/v2\/pages\/506\/revisions\/507"}],"up":[{"embeddable":true,"href":"https:\/\/www.millboard.com\/en-gb\/wp-json\/wp\/v2\/pages\/772"}],"wp:attachment":[{"href":"https:\/\/www.millboard.com\/en-gb\/wp-json\/wp\/v2\/media?parent=506"}],"curies":[{"name":"wp","href":"https:\/\/api.w.org\/{rel}","templated":true}]}}