{"id":555,"date":"2026-01-05T12:19:18","date_gmt":"2026-01-05T12:19:18","guid":{"rendered":"https:\/\/www.millboard.com\/en-gb\/?page_id=555"},"modified":"2026-04-22T16:36:30","modified_gmt":"2026-04-22T15:36:30","slug":"warranties","status":"publish","type":"page","link":"https:\/\/www.millboard.com\/en-gb\/trust-centre\/warranties\/","title":{"rendered":"Warranties"},"content":{"rendered":"<header class=\"page-header wp-block alignfull has-brand-1-background-color has-background page-header--type--page has-breadcrumbs\">\n    <div class=\"page-header__inner\">\n                    <!-- Breadcrumbs -->\n            <div class=\"page-header__breadcrumbs\">\n                <nav class=\"breadcrumbs\">\n    <span class=\"breadcrumbs__yoast-wrapper\"><span><a href=\"https:\/\/www.millboard.com\/en-gb\/\">Home<\/a><\/span><\/span><\/nav>\n            <\/div>\n        \n        <div class=\"page-header__wrapper\">\n            <div class=\"page-header__image-wrapper page-header__image-wrapper--no-image\">\n                            <\/div>\n\n            <div class=\"page-header__content page-header__content--first\">\n                <div class=\"page-header__header\">\n                    \n                                            <h1 class=\"page-header__heading is-style-typestyle-h1\">Warranties<\/h1>\n                                    <\/div>\n\n                            <\/div>\n                <div class=\"page-header__content page-header__content--last\">\n                                                <div class=\"page-header__description\">\n                        <p>At Millboard, we know that only the best will do, and\u00a0that\u2019s\u00a0why our decking\u00a0and cladding\u00a0products\u00a0are manufactured to the highest of standards. Our Limited Warranty gives you peace of mind that we stand behind our product and that we will be there for you if something goes wrong.<\/p>\n                    <\/div>\n                \n                \n                            <\/div>\n        <\/div>\n    <\/div>\n\n    <\/header>\n\n    <div class=\"woocommerce-notices-wrapper\"><\/div>\n\n\n<p>Limited Structural Warranty Registration&nbsp;<br>&nbsp;&nbsp;<\/p>\n\n\n\n<p>If you are registering Millboard decking boards, edging or fascia boards, we will issue you with either a <a href=\"https:\/\/www.millboard.com\/en-gb\/wp-content\/uploads\/sites\/3\/2026\/01\/Millboard-25-Year-Limited-Structural-Warranty-UK-0224.pdf\">25 Year Limited Structural Decking Warranty<\/a>, for residential environments&nbsp;or a <a href=\"https:\/\/www.millboard.com\/en-gb\/wp-content\/uploads\/sites\/3\/2026\/01\/Millboard-10-12-Year-Limited-Structural-Warranty-UK-0224.pdf\">10 Year Limited Structural Decking Warranty<\/a>,&nbsp;for commercial applications.&nbsp;<\/p>\n\n\n\n<p>&nbsp;You must register within 90 days of purchase and ensure our&nbsp;Durafix\u00ae fixings have been used to fix the decking to the subframe.&nbsp;<\/p>\n\n\n\n<p>If you are registering Millboard&nbsp;Envello&nbsp;products&nbsp;from our cladding range, we will issue you with a 15 Year Limited Structural Cladding Warranty. This registration must&nbsp;also&nbsp;be done within 90 days&nbsp;of purchase.&nbsp;<br>&nbsp;&nbsp;<\/p>\n\n\n\n<p><a href=\"https:\/\/www.millboard.com\/en-gb\/wp-content\/uploads\/sites\/3\/2026\/01\/Millboard-15-Year-Limited-Structural-Envello-Warranty-UK-0323.pdf\">View the 15 Year Limited Structural Cladding Warranty here<\/a>.&nbsp;<br>&nbsp;&nbsp;<\/p>\n\n\n\n<p>Please ensure that you&nbsp;retain&nbsp;a copy of your evidence of purchase for your Millboard product.&nbsp;<\/p>\n\n\n<div class=\"gravity-forms wp-block alignfull has-background has-brand-6-background-color\" gravity-forms wp-block alignfull has-background has-brand-6-background-color>\n    <div class=\"gravity-forms__inner\">\n        <div class=\"gravity-forms__grid\">\n            <div class=\"gravity-forms__column gravity-forms__column--content\">\n                <div class=\"gravity-forms__header\">\n                                        \n                                            <h2 id=\"limited-structural-warranty-registration\" class=\"gravity-forms__heading\">\n                            Limited Structural Warranty Registration                         <\/h2>\n                    \n                                    <\/div>\n            <\/div>\n\n            <div class=\"gravity-forms__column gravity-forms__column--form\">\n                                                    <div class=\"gravity-forms__form\">\n                        <script charset=\"utf-8\" type=\"text\/javascript\" src=\"\/\/js-eu1.hsforms.net\/forms\/embed\/v2.js\"><\/script>\r\n<script>\r\n  hbspt.forms.create({\r\n    portalId: \"26853518\",\r\n    formId: \"3a55e049-ac4d-4bdf-88ef-cd00c22fbe0e\",\r\n    region: \"eu1\"\r\n  });\r\n<\/script>                    <\/div>\n                            <\/div>\n        <\/div>\n    <\/div>\n<\/div>\n\n\n\n<p><\/p>\n","protected":false},"excerpt":{"rendered":"<p>Limited Structural Warranty Registration&nbsp;&nbsp;&nbsp; If you are registering Millboard decking boards, edging or fascia boards, we will issue you with&hellip;<\/p>\n","protected":false},"author":10,"featured_media":0,"parent":772,"menu_order":0,"comment_status":"closed","ping_status":"closed","template":"","meta":{"_acf_changed":false,"content-type":"","footnotes":""},"class_list":["post-555","page","type-page","status-publish","hentry"],"acf":[],"yoast_head":"<!-- This site is optimized with the Yoast SEO Premium plugin v27.5 (Yoast SEO v27.5) - https:\/\/yoast.com\/product\/yoast-seo-premium-wordpress\/ -->\n<title>Millboard Composite Decking &amp; Cladding Warranties<\/title>\n<meta name=\"description\" content=\"Read about Millboard&#039;s composite decking and cladding warranties, covering product performance, durability and what&#039;s included with your purchase.\" \/>\n<meta name=\"robots\" content=\"index, follow, max-snippet:-1, max-image-preview:large, max-video-preview:-1\" \/>\n<link rel=\"canonical\" href=\"https:\/\/www.millboard.com\/en-gb\/trust-centre\/warranties\/\" \/>\n<meta property=\"og:locale\" content=\"en_GB\" \/>\n<meta property=\"og:type\" content=\"article\" \/>\n<meta property=\"og:title\" content=\"Warranties | Terrasses et bardages en composite Millboard\" \/>\n<meta property=\"og:description\" content=\"Bienvenue chez Millboard, o\u00f9 nous red\u00e9finissons votre fa\u00e7on de vivre les grands espaces. Nous sommes une entreprise familiale attach\u00e9e au savoir-faire britannique et \u00e0 la cr\u00e9ation de produits au design et \u00e0 la conception exceptionnels.\" \/>\n<meta property=\"og:url\" content=\"https:\/\/www.millboard.com\/en-gb\/trust-centre\/warranties\/\" \/>\n<meta property=\"og:site_name\" content=\"EN GB - Residential\" \/>\n<meta property=\"article:publisher\" content=\"https:\/\/www.facebook.com\/MillboardFlooring\/\" \/>\n<meta property=\"article:modified_time\" content=\"2026-04-22T15:36:30+00:00\" \/>\n<meta property=\"og:image\" content=\"https:\/\/www.millboard.com\/en-gb\/wp-content\/uploads\/sites\/3\/2026\/01\/SL-Ebony-Grey-shoot-motion-blur.jpg\" \/>\n\t<meta property=\"og:image:width\" content=\"2000\" \/>\n\t<meta property=\"og:image:height\" content=\"1263\" \/>\n\t<meta property=\"og:image:type\" content=\"image\/jpeg\" \/>\n<meta name=\"twitter:card\" content=\"summary_large_image\" \/>\n<meta name=\"twitter:label1\" content=\"Estimated reading time\" \/>\n\t<meta name=\"twitter:data1\" content=\"1 minute\" \/>\n<script type=\"application\/ld+json\" class=\"yoast-schema-graph\">{\"@context\":\"https:\\\/\\\/schema.org\",\"@graph\":[{\"@type\":\"WebPage\",\"@id\":\"https:\\\/\\\/www.millboard.com\\\/en-gb\\\/trust-centre\\\/warranties\\\/\",\"url\":\"https:\\\/\\\/www.millboard.com\\\/en-gb\\\/trust-centre\\\/warranties\\\/\",\"name\":\"Millboard Composite Decking & Cladding Warranties\",\"isPartOf\":{\"@id\":\"https:\\\/\\\/www.millboard.com\\\/en-gb\\\/#website\"},\"datePublished\":\"2026-01-05T12:19:18+00:00\",\"dateModified\":\"2026-04-22T15:36:30+00:00\",\"description\":\"Read about Millboard's composite decking and cladding warranties, covering product performance, durability and what's included with your purchase.\",\"breadcrumb\":{\"@id\":\"https:\\\/\\\/www.millboard.com\\\/en-gb\\\/trust-centre\\\/warranties\\\/#breadcrumb\"},\"inLanguage\":\"en-GB\",\"potentialAction\":[{\"@type\":\"ReadAction\",\"target\":[\"https:\\\/\\\/www.millboard.com\\\/en-gb\\\/trust-centre\\\/warranties\\\/\"]}]},{\"@type\":\"BreadcrumbList\",\"@id\":\"https:\\\/\\\/www.millboard.com\\\/en-gb\\\/trust-centre\\\/warranties\\\/#breadcrumb\",\"itemListElement\":[{\"@type\":\"ListItem\",\"position\":1,\"name\":\"Home\",\"item\":\"https:\\\/\\\/www.millboard.com\\\/en-gb\\\/\"},{\"@type\":\"ListItem\",\"position\":2,\"name\":\"Trust Centre\",\"item\":\"https:\\\/\\\/www.millboard.com\\\/en-gb\\\/trust-centre\\\/\"},{\"@type\":\"ListItem\",\"position\":3,\"name\":\"Warranties\"}]},{\"@type\":\"WebSite\",\"@id\":\"https:\\\/\\\/www.millboard.com\\\/en-gb\\\/#website\",\"url\":\"https:\\\/\\\/www.millboard.com\\\/en-gb\\\/\",\"name\":\"Millboard\",\"description\":\"Live. Life. Outside.\",\"publisher\":{\"@id\":\"https:\\\/\\\/www.millboard.com\\\/en-gb\\\/#organization\"},\"alternateName\":\"The millboard company\",\"potentialAction\":[{\"@type\":\"SearchAction\",\"target\":{\"@type\":\"EntryPoint\",\"urlTemplate\":\"https:\\\/\\\/www.millboard.com\\\/en-gb\\\/?s={search_term_string}\"},\"query-input\":{\"@type\":\"PropertyValueSpecification\",\"valueRequired\":true,\"valueName\":\"search_term_string\"}}],\"inLanguage\":\"en-GB\"},{\"@type\":\"Organization\",\"@id\":\"https:\\\/\\\/www.millboard.com\\\/en-gb\\\/#organization\",\"name\":\"Millboard\",\"alternateName\":\"The millboard company\",\"url\":\"https:\\\/\\\/www.millboard.com\\\/en-gb\\\/\",\"logo\":{\"@type\":\"ImageObject\",\"inLanguage\":\"en-GB\",\"@id\":\"https:\\\/\\\/www.millboard.com\\\/en-gb\\\/#\\\/schema\\\/logo\\\/image\\\/\",\"url\":\"https:\\\/\\\/www.millboard.com\\\/en-gb\\\/wp-content\\\/uploads\\\/sites\\\/3\\\/2026\\\/03\\\/Millboard-Logo-COL.png\",\"contentUrl\":\"https:\\\/\\\/www.millboard.com\\\/en-gb\\\/wp-content\\\/uploads\\\/sites\\\/3\\\/2026\\\/03\\\/Millboard-Logo-COL.png\",\"width\":2113,\"height\":1080,\"caption\":\"Millboard\"},\"image\":{\"@id\":\"https:\\\/\\\/www.millboard.com\\\/en-gb\\\/#\\\/schema\\\/logo\\\/image\\\/\"},\"sameAs\":[\"https:\\\/\\\/www.facebook.com\\\/MillboardFlooring\\\/\",\"https:\\\/\\\/www.youtube.com\\\/channel\\\/UCSvCnwAb4h1VdPVoFMKKRpw\",\"https:\\\/\\\/www.instagram.com\\\/millboard_live_life_outside\\\/\",\"https:\\\/\\\/www.pinterest.co.uk\\\/millboarddeckin\\\/_created\\\/\"]}]}<\/script>\n<!-- \/ Yoast SEO Premium plugin. -->","yoast_head_json":{"title":"Millboard Composite Decking & Cladding Warranties","description":"Read about Millboard's composite decking and cladding warranties, covering product performance, durability and what's included with your purchase.","robots":{"index":"index","follow":"follow","max-snippet":"max-snippet:-1","max-image-preview":"max-image-preview:large","max-video-preview":"max-video-preview:-1"},"canonical":"https:\/\/www.millboard.com\/en-gb\/trust-centre\/warranties\/","og_locale":"en_GB","og_type":"article","og_title":"Warranties | Terrasses et bardages en composite Millboard","og_description":"Bienvenue chez Millboard, o\u00f9 nous red\u00e9finissons votre fa\u00e7on de vivre les grands espaces. Nous sommes une entreprise familiale attach\u00e9e au savoir-faire britannique et \u00e0 la cr\u00e9ation de produits au design et \u00e0 la conception exceptionnels.","og_url":"https:\/\/www.millboard.com\/en-gb\/trust-centre\/warranties\/","og_site_name":"EN GB - Residential","article_publisher":"https:\/\/www.facebook.com\/MillboardFlooring\/","article_modified_time":"2026-04-22T15:36:30+00:00","og_image":[{"width":2000,"height":1263,"url":"https:\/\/www.millboard.com\/en-gb\/wp-content\/uploads\/sites\/3\/2026\/01\/SL-Ebony-Grey-shoot-motion-blur.jpg","type":"image\/jpeg"}],"twitter_card":"summary_large_image","twitter_misc":{"Estimated reading time":"1 minute"},"schema":{"@context":"https:\/\/schema.org","@graph":[{"@type":"WebPage","@id":"https:\/\/www.millboard.com\/en-gb\/trust-centre\/warranties\/","url":"https:\/\/www.millboard.com\/en-gb\/trust-centre\/warranties\/","name":"Millboard Composite Decking & Cladding Warranties","isPartOf":{"@id":"https:\/\/www.millboard.com\/en-gb\/#website"},"datePublished":"2026-01-05T12:19:18+00:00","dateModified":"2026-04-22T15:36:30+00:00","description":"Read about Millboard's composite decking and cladding warranties, covering product performance, durability and what's included with your purchase.","breadcrumb":{"@id":"https:\/\/www.millboard.com\/en-gb\/trust-centre\/warranties\/#breadcrumb"},"inLanguage":"en-GB","potentialAction":[{"@type":"ReadAction","target":["https:\/\/www.millboard.com\/en-gb\/trust-centre\/warranties\/"]}]},{"@type":"BreadcrumbList","@id":"https:\/\/www.millboard.com\/en-gb\/trust-centre\/warranties\/#breadcrumb","itemListElement":[{"@type":"ListItem","position":1,"name":"Home","item":"https:\/\/www.millboard.com\/en-gb\/"},{"@type":"ListItem","position":2,"name":"Trust Centre","item":"https:\/\/www.millboard.com\/en-gb\/trust-centre\/"},{"@type":"ListItem","position":3,"name":"Warranties"}]},{"@type":"WebSite","@id":"https:\/\/www.millboard.com\/en-gb\/#website","url":"https:\/\/www.millboard.com\/en-gb\/","name":"Millboard","description":"Live. Life. Outside.","publisher":{"@id":"https:\/\/www.millboard.com\/en-gb\/#organization"},"alternateName":"The millboard company","potentialAction":[{"@type":"SearchAction","target":{"@type":"EntryPoint","urlTemplate":"https:\/\/www.millboard.com\/en-gb\/?s={search_term_string}"},"query-input":{"@type":"PropertyValueSpecification","valueRequired":true,"valueName":"search_term_string"}}],"inLanguage":"en-GB"},{"@type":"Organization","@id":"https:\/\/www.millboard.com\/en-gb\/#organization","name":"Millboard","alternateName":"The millboard company","url":"https:\/\/www.millboard.com\/en-gb\/","logo":{"@type":"ImageObject","inLanguage":"en-GB","@id":"https:\/\/www.millboard.com\/en-gb\/#\/schema\/logo\/image\/","url":"https:\/\/www.millboard.com\/en-gb\/wp-content\/uploads\/sites\/3\/2026\/03\/Millboard-Logo-COL.png","contentUrl":"https:\/\/www.millboard.com\/en-gb\/wp-content\/uploads\/sites\/3\/2026\/03\/Millboard-Logo-COL.png","width":2113,"height":1080,"caption":"Millboard"},"image":{"@id":"https:\/\/www.millboard.com\/en-gb\/#\/schema\/logo\/image\/"},"sameAs":["https:\/\/www.facebook.com\/MillboardFlooring\/","https:\/\/www.youtube.com\/channel\/UCSvCnwAb4h1VdPVoFMKKRpw","https:\/\/www.instagram.com\/millboard_live_life_outside\/","https:\/\/www.pinterest.co.uk\/millboarddeckin\/_created\/"]}]}},"_links":{"self":[{"href":"https:\/\/www.millboard.com\/en-gb\/wp-json\/wp\/v2\/pages\/555","targetHints":{"allow":["GET"]}}],"collection":[{"href":"https:\/\/www.millboard.com\/en-gb\/wp-json\/wp\/v2\/pages"}],"about":[{"href":"https:\/\/www.millboard.com\/en-gb\/wp-json\/wp\/v2\/types\/page"}],"author":[{"embeddable":true,"href":"https:\/\/www.millboard.com\/en-gb\/wp-json\/wp\/v2\/users\/10"}],"replies":[{"embeddable":true,"href":"https:\/\/www.millboard.com\/en-gb\/wp-json\/wp\/v2\/comments?post=555"}],"version-history":[{"count":10,"href":"https:\/\/www.millboard.com\/en-gb\/wp-json\/wp\/v2\/pages\/555\/revisions"}],"predecessor-version":[{"id":8212,"href":"https:\/\/www.millboard.com\/en-gb\/wp-json\/wp\/v2\/pages\/555\/revisions\/8212"}],"up":[{"embeddable":true,"href":"https:\/\/www.millboard.com\/en-gb\/wp-json\/wp\/v2\/pages\/772"}],"wp:attachment":[{"href":"https:\/\/www.millboard.com\/en-gb\/wp-json\/wp\/v2\/media?parent=555"}],"curies":[{"name":"wp","href":"https:\/\/api.w.org\/{rel}","templated":true}]}}