{"id":8529,"date":"2026-03-11T08:44:55","date_gmt":"2026-03-11T08:44:55","guid":{"rendered":"https:\/\/www.millboard.com\/en-gb\/?page_id=8529"},"modified":"2026-03-11T08:44:56","modified_gmt":"2026-03-11T08:44:56","slug":"business-delivery-terms-and-conditions","status":"publish","type":"page","link":"https:\/\/www.millboard.com\/en-gb\/trust-centre\/business-delivery-terms-and-conditions\/","title":{"rendered":"Business Delivery Terms and Conditions"},"content":{"rendered":"<header class=\"page-header wp-block alignfull has-brand-1-background-color has-background page-header--type--page has-breadcrumbs\">\n    <div class=\"page-header__inner\">\n                    <!-- Breadcrumbs -->\n            <div class=\"page-header__breadcrumbs\">\n                <nav class=\"breadcrumbs\">\n    <span class=\"breadcrumbs__yoast-wrapper\"><span><a href=\"https:\/\/www.millboard.com\/en-gb\/\">Home<\/a><\/span><\/span><\/nav>\n            <\/div>\n        \n        <div class=\"page-header__wrapper\">\n            <div class=\"page-header__image-wrapper page-header__image-wrapper--no-image\">\n                            <\/div>\n\n            <div class=\"page-header__content page-header__content--first\">\n                <div class=\"page-header__header\">\n                    \n                                            <h1 class=\"page-header__heading is-style-typestyle-h1\">Business Delivery Terms and Conditions<\/h1>\n                                    <\/div>\n\n                            <\/div>\n                <div class=\"page-header__content page-header__content--last\">\n                            \n                \n                            <\/div>\n        <\/div>\n    <\/div>\n\n    <\/header>\n\n    <div class=\"woocommerce-notices-wrapper\"><\/div>\n\n\n<p><strong>These terms are to be read alongside: Millboard UK Business Terms and Conditions of Sale (B2B)<\/strong><\/p>\n\n\n\n<p><strong>For our standard deliveries we require:<\/strong><\/p>\n\n\n\n<p><\/p>\n\n\n\n<p>A full delivery address with a site contact and telephone number<\/p>\n\n\n\n<ul class=\"wp-block-list\">\n<li>Access for a minimum 18T rigid vehicle for delivery to the point of offload without restricting other road users<\/li>\n\n\n\n<li>The site contact to be on site or available to contact persons on site between 8am and 5pm to receive the delivery<\/li>\n\n\n\n<li>Offload facilities on site, either forklift or labour available. The offload facility needs to be confirmed at order stage to ensure the correct vehicle delivers (The drivers are not required to offload)<\/li>\n\n\n\n<li>We allow 30 minutes for offload, if the driver is left waiting for longer \u2018waiting charges\u2019 may occur<\/li>\n\n\n\n<li>Please ensure the delivery is checked and signed for, any damages or delivery queries need to be reported with 48 hours<\/li>\n\n\n\n<li>Any changes of delivery address or delivery day after the vehicle has left is chargeable at \u00a3110.00<\/li>\n\n\n\n<li>Any dates quoted for delivery of the goods are approximate only and Millboard shall not be liable for any delay in delivery of the goods however caused.<\/li>\n<\/ul>\n\n\n\n<p><strong>Delivery charges and available upgrades: Please see your Millboard Pricelist.<\/strong><\/p>\n\n\n\n<p><strong>Payment Methods:<\/strong><\/p>\n\n\n\n<p>\u2022 Bank Transfer: Our preferred payment method is by transfer to our bank using the bank details shown on our invoice. We suggest a payment confirmation is emailed to <a href=\"mailto:salesledger@millboard.co.uk\">salesledger@millboard.co.uk<\/a> to assist the order process<\/p>\n\n\n\n<p>\u2022 Debit Cards: Payment details must be phoned through to Millboard, and must be made by the card holder or authorized personnel<\/p>\n\n\n\n<p>\u2022 Credit Cards: Payment details must be phoned through to Millboard, and must be made by the card holder or authorized personnel &#8211; Banking surcharges may apply<\/p>\n\n\n\n<p><strong>Business Delivery Terms Feb 2026<\/strong><\/p>\n","protected":false},"excerpt":{"rendered":"<p>These terms are to be read alongside: Millboard UK Business Terms and Conditions of Sale (B2B) For our standard deliveries&hellip;<\/p>\n","protected":false},"author":10,"featured_media":0,"parent":772,"menu_order":0,"comment_status":"closed","ping_status":"closed","template":"","meta":{"_acf_changed":false,"content-type":"","footnotes":""},"class_list":["post-8529","page","type-page","status-publish","hentry"],"acf":[],"yoast_head":"<!-- This site is optimized with the Yoast SEO Premium plugin v27.3 (Yoast SEO v27.3) - https:\/\/yoast.com\/product\/yoast-seo-premium-wordpress\/ -->\n<title>Business Delivery Terms and Conditions<\/title>\n<meta name=\"description\" content=\"Read Millboard&#039;s Business Delivery Terms and Conditions for trade and business orders of composite decking and cladding products.\" \/>\n<meta name=\"robots\" content=\"index, follow, max-snippet:-1, max-image-preview:large, max-video-preview:-1\" \/>\n<link rel=\"canonical\" href=\"https:\/\/www.millboard.com\/en-gb\/trust-centre\/business-delivery-terms-and-conditions\/\" \/>\n<meta property=\"og:locale\" content=\"en_GB\" \/>\n<meta property=\"og:type\" content=\"article\" \/>\n<meta property=\"og:title\" content=\"Business Delivery Terms and Conditions | Terrasses et bardages en composite Millboard\" \/>\n<meta property=\"og:description\" content=\"Bienvenue chez Millboard, o\u00f9 nous red\u00e9finissons votre fa\u00e7on de vivre les grands espaces. Nous sommes une entreprise familiale attach\u00e9e au savoir-faire britannique et \u00e0 la cr\u00e9ation de produits au design et \u00e0 la conception exceptionnels.\" \/>\n<meta property=\"og:url\" content=\"https:\/\/www.millboard.com\/en-gb\/trust-centre\/business-delivery-terms-and-conditions\/\" \/>\n<meta property=\"og:site_name\" content=\"EN GB - Residential\" \/>\n<meta property=\"article:publisher\" content=\"https:\/\/www.facebook.com\/MillboardFlooring\/\" \/>\n<meta property=\"article:modified_time\" content=\"2026-03-11T08:44:56+00:00\" \/>\n<meta property=\"og:image\" content=\"https:\/\/www.millboard.com\/en-gb\/wp-content\/uploads\/sites\/3\/2026\/01\/SL-Ebony-Grey-shoot-motion-blur.jpg\" \/>\n\t<meta property=\"og:image:width\" content=\"2000\" \/>\n\t<meta property=\"og:image:height\" content=\"1263\" \/>\n\t<meta property=\"og:image:type\" content=\"image\/jpeg\" \/>\n<meta name=\"twitter:card\" content=\"summary_large_image\" \/>\n<meta name=\"twitter:label1\" content=\"Estimated reading time\" \/>\n\t<meta name=\"twitter:data1\" content=\"2 minutes\" \/>\n<script type=\"application\/ld+json\" class=\"yoast-schema-graph\">{\"@context\":\"https:\\\/\\\/schema.org\",\"@graph\":[{\"@type\":\"WebPage\",\"@id\":\"https:\\\/\\\/www.millboard.com\\\/en-gb\\\/trust-centre\\\/business-delivery-terms-and-conditions\\\/\",\"url\":\"https:\\\/\\\/www.millboard.com\\\/en-gb\\\/trust-centre\\\/business-delivery-terms-and-conditions\\\/\",\"name\":\"Business Delivery Terms and Conditions\",\"isPartOf\":{\"@id\":\"https:\\\/\\\/www.millboard.com\\\/en-gb\\\/#website\"},\"datePublished\":\"2026-03-11T08:44:55+00:00\",\"dateModified\":\"2026-03-11T08:44:56+00:00\",\"description\":\"Read Millboard's Business Delivery Terms and Conditions for trade and business orders of composite decking and cladding products.\",\"breadcrumb\":{\"@id\":\"https:\\\/\\\/www.millboard.com\\\/en-gb\\\/trust-centre\\\/business-delivery-terms-and-conditions\\\/#breadcrumb\"},\"inLanguage\":\"en-GB\",\"potentialAction\":[{\"@type\":\"ReadAction\",\"target\":[\"https:\\\/\\\/www.millboard.com\\\/en-gb\\\/trust-centre\\\/business-delivery-terms-and-conditions\\\/\"]}]},{\"@type\":\"BreadcrumbList\",\"@id\":\"https:\\\/\\\/www.millboard.com\\\/en-gb\\\/trust-centre\\\/business-delivery-terms-and-conditions\\\/#breadcrumb\",\"itemListElement\":[{\"@type\":\"ListItem\",\"position\":1,\"name\":\"Home\",\"item\":\"https:\\\/\\\/www.millboard.com\\\/en-gb\\\/\"},{\"@type\":\"ListItem\",\"position\":2,\"name\":\"Trust Centre\",\"item\":\"https:\\\/\\\/www.millboard.com\\\/en-gb\\\/trust-centre\\\/\"},{\"@type\":\"ListItem\",\"position\":3,\"name\":\"Business Delivery Terms and Conditions\"}]},{\"@type\":\"WebSite\",\"@id\":\"https:\\\/\\\/www.millboard.com\\\/en-gb\\\/#website\",\"url\":\"https:\\\/\\\/www.millboard.com\\\/en-gb\\\/\",\"name\":\"Millboard\",\"description\":\"Live. Life. Outside.\",\"publisher\":{\"@id\":\"https:\\\/\\\/www.millboard.com\\\/en-gb\\\/#organization\"},\"alternateName\":\"The millboard company\",\"potentialAction\":[{\"@type\":\"SearchAction\",\"target\":{\"@type\":\"EntryPoint\",\"urlTemplate\":\"https:\\\/\\\/www.millboard.com\\\/en-gb\\\/?s={search_term_string}\"},\"query-input\":{\"@type\":\"PropertyValueSpecification\",\"valueRequired\":true,\"valueName\":\"search_term_string\"}}],\"inLanguage\":\"en-GB\"},{\"@type\":\"Organization\",\"@id\":\"https:\\\/\\\/www.millboard.com\\\/en-gb\\\/#organization\",\"name\":\"Millboard\",\"alternateName\":\"The millboard company\",\"url\":\"https:\\\/\\\/www.millboard.com\\\/en-gb\\\/\",\"logo\":{\"@type\":\"ImageObject\",\"inLanguage\":\"en-GB\",\"@id\":\"https:\\\/\\\/www.millboard.com\\\/en-gb\\\/#\\\/schema\\\/logo\\\/image\\\/\",\"url\":\"https:\\\/\\\/www.millboard.com\\\/en-gb\\\/wp-content\\\/uploads\\\/sites\\\/3\\\/2026\\\/03\\\/Millboard-Logo-COL.png\",\"contentUrl\":\"https:\\\/\\\/www.millboard.com\\\/en-gb\\\/wp-content\\\/uploads\\\/sites\\\/3\\\/2026\\\/03\\\/Millboard-Logo-COL.png\",\"width\":2113,\"height\":1080,\"caption\":\"Millboard\"},\"image\":{\"@id\":\"https:\\\/\\\/www.millboard.com\\\/en-gb\\\/#\\\/schema\\\/logo\\\/image\\\/\"},\"sameAs\":[\"https:\\\/\\\/www.facebook.com\\\/MillboardFlooring\\\/\",\"https:\\\/\\\/www.youtube.com\\\/channel\\\/UCSvCnwAb4h1VdPVoFMKKRpw\",\"https:\\\/\\\/www.instagram.com\\\/millboard_live_life_outside\\\/\",\"https:\\\/\\\/www.pinterest.co.uk\\\/millboarddeckin\\\/_created\\\/\",\"https:\\\/\\\/www.linkedin.com\\\/company\\\/the-www.millboard.company\\\/?originalSubdomain=uk\"]}]}<\/script>\n<!-- \/ Yoast SEO Premium plugin. -->","yoast_head_json":{"title":"Business Delivery Terms and Conditions","description":"Read Millboard's Business Delivery Terms and Conditions for trade and business orders of composite decking and cladding products.","robots":{"index":"index","follow":"follow","max-snippet":"max-snippet:-1","max-image-preview":"max-image-preview:large","max-video-preview":"max-video-preview:-1"},"canonical":"https:\/\/www.millboard.com\/en-gb\/trust-centre\/business-delivery-terms-and-conditions\/","og_locale":"en_GB","og_type":"article","og_title":"Business Delivery Terms and Conditions | Terrasses et bardages en composite Millboard","og_description":"Bienvenue chez Millboard, o\u00f9 nous red\u00e9finissons votre fa\u00e7on de vivre les grands espaces. Nous sommes une entreprise familiale attach\u00e9e au savoir-faire britannique et \u00e0 la cr\u00e9ation de produits au design et \u00e0 la conception exceptionnels.","og_url":"https:\/\/www.millboard.com\/en-gb\/trust-centre\/business-delivery-terms-and-conditions\/","og_site_name":"EN GB - Residential","article_publisher":"https:\/\/www.facebook.com\/MillboardFlooring\/","article_modified_time":"2026-03-11T08:44:56+00:00","og_image":[{"width":2000,"height":1263,"url":"https:\/\/www.millboard.com\/en-gb\/wp-content\/uploads\/sites\/3\/2026\/01\/SL-Ebony-Grey-shoot-motion-blur.jpg","type":"image\/jpeg"}],"twitter_card":"summary_large_image","twitter_misc":{"Estimated reading time":"2 minutes"},"schema":{"@context":"https:\/\/schema.org","@graph":[{"@type":"WebPage","@id":"https:\/\/www.millboard.com\/en-gb\/trust-centre\/business-delivery-terms-and-conditions\/","url":"https:\/\/www.millboard.com\/en-gb\/trust-centre\/business-delivery-terms-and-conditions\/","name":"Business Delivery Terms and Conditions","isPartOf":{"@id":"https:\/\/www.millboard.com\/en-gb\/#website"},"datePublished":"2026-03-11T08:44:55+00:00","dateModified":"2026-03-11T08:44:56+00:00","description":"Read Millboard's Business Delivery Terms and Conditions for trade and business orders of composite decking and cladding products.","breadcrumb":{"@id":"https:\/\/www.millboard.com\/en-gb\/trust-centre\/business-delivery-terms-and-conditions\/#breadcrumb"},"inLanguage":"en-GB","potentialAction":[{"@type":"ReadAction","target":["https:\/\/www.millboard.com\/en-gb\/trust-centre\/business-delivery-terms-and-conditions\/"]}]},{"@type":"BreadcrumbList","@id":"https:\/\/www.millboard.com\/en-gb\/trust-centre\/business-delivery-terms-and-conditions\/#breadcrumb","itemListElement":[{"@type":"ListItem","position":1,"name":"Home","item":"https:\/\/www.millboard.com\/en-gb\/"},{"@type":"ListItem","position":2,"name":"Trust Centre","item":"https:\/\/www.millboard.com\/en-gb\/trust-centre\/"},{"@type":"ListItem","position":3,"name":"Business Delivery Terms and Conditions"}]},{"@type":"WebSite","@id":"https:\/\/www.millboard.com\/en-gb\/#website","url":"https:\/\/www.millboard.com\/en-gb\/","name":"Millboard","description":"Live. Life. Outside.","publisher":{"@id":"https:\/\/www.millboard.com\/en-gb\/#organization"},"alternateName":"The millboard company","potentialAction":[{"@type":"SearchAction","target":{"@type":"EntryPoint","urlTemplate":"https:\/\/www.millboard.com\/en-gb\/?s={search_term_string}"},"query-input":{"@type":"PropertyValueSpecification","valueRequired":true,"valueName":"search_term_string"}}],"inLanguage":"en-GB"},{"@type":"Organization","@id":"https:\/\/www.millboard.com\/en-gb\/#organization","name":"Millboard","alternateName":"The millboard company","url":"https:\/\/www.millboard.com\/en-gb\/","logo":{"@type":"ImageObject","inLanguage":"en-GB","@id":"https:\/\/www.millboard.com\/en-gb\/#\/schema\/logo\/image\/","url":"https:\/\/www.millboard.com\/en-gb\/wp-content\/uploads\/sites\/3\/2026\/03\/Millboard-Logo-COL.png","contentUrl":"https:\/\/www.millboard.com\/en-gb\/wp-content\/uploads\/sites\/3\/2026\/03\/Millboard-Logo-COL.png","width":2113,"height":1080,"caption":"Millboard"},"image":{"@id":"https:\/\/www.millboard.com\/en-gb\/#\/schema\/logo\/image\/"},"sameAs":["https:\/\/www.facebook.com\/MillboardFlooring\/","https:\/\/www.youtube.com\/channel\/UCSvCnwAb4h1VdPVoFMKKRpw","https:\/\/www.instagram.com\/millboard_live_life_outside\/","https:\/\/www.pinterest.co.uk\/millboarddeckin\/_created\/","https:\/\/www.linkedin.com\/company\/the-www.millboard.company\/?originalSubdomain=uk"]}]}},"_links":{"self":[{"href":"https:\/\/www.millboard.com\/en-gb\/wp-json\/wp\/v2\/pages\/8529","targetHints":{"allow":["GET"]}}],"collection":[{"href":"https:\/\/www.millboard.com\/en-gb\/wp-json\/wp\/v2\/pages"}],"about":[{"href":"https:\/\/www.millboard.com\/en-gb\/wp-json\/wp\/v2\/types\/page"}],"author":[{"embeddable":true,"href":"https:\/\/www.millboard.com\/en-gb\/wp-json\/wp\/v2\/users\/10"}],"replies":[{"embeddable":true,"href":"https:\/\/www.millboard.com\/en-gb\/wp-json\/wp\/v2\/comments?post=8529"}],"version-history":[{"count":1,"href":"https:\/\/www.millboard.com\/en-gb\/wp-json\/wp\/v2\/pages\/8529\/revisions"}],"predecessor-version":[{"id":8531,"href":"https:\/\/www.millboard.com\/en-gb\/wp-json\/wp\/v2\/pages\/8529\/revisions\/8531"}],"up":[{"embeddable":true,"href":"https:\/\/www.millboard.com\/en-gb\/wp-json\/wp\/v2\/pages\/772"}],"wp:attachment":[{"href":"https:\/\/www.millboard.com\/en-gb\/wp-json\/wp\/v2\/media?parent=8529"}],"curies":[{"name":"wp","href":"https:\/\/api.w.org\/{rel}","templated":true}]}}