{"id":1083,"date":"2026-01-13T10:46:09","date_gmt":"2026-01-13T10:46:09","guid":{"rendered":"https:\/\/www.millboard.com\/en-gb\/?page_id=1083"},"modified":"2026-03-26T13:45:48","modified_gmt":"2026-03-26T13:45:48","slug":"centre-de-conseil","status":"publish","type":"page","link":"https:\/\/www.millboard.com\/fr-fr\/centre-de-conseil\/","title":{"rendered":"Centre de conseil"},"content":{"rendered":"<header class=\"page-header wp-block alignfull has-brand-6-background-color has-background page-header--type--page has-breadcrumbs\">\n    <div class=\"page-header__inner\">\n                    <!-- Breadcrumbs -->\n            <div class=\"page-header__breadcrumbs\">\n                <nav class=\"breadcrumbs\">\n    <span class=\"breadcrumbs__yoast-wrapper\"><span><a href=\"https:\/\/www.millboard.com\/fr-fr\/\">Home<\/a><\/span><\/span><\/nav>\n            <\/div>\n        \n        <div class=\"page-header__wrapper\">\n            <div class=\"page-header__image-wrapper page-header__image-wrapper--no-image\">\n                            <\/div>\n\n            <div class=\"page-header__content page-header__content--first\">\n                <div class=\"page-header__header\">\n                    \n                                            <h1 class=\"page-header__heading is-style-typestyle-h1\">Centre de conseil<\/h1>\n                                    <\/div>\n\n                            <\/div>\n                <div class=\"page-header__content page-header__content--last\">\n                                                <div class=\"page-header__description\">\n                        <p>Obtenez des conseils d&rsquo;experts sur les terrasses composites Millboard, une option sans bois, hautement antid\u00e9rapante, avec une texture grain\u00e9e am\u00e9lior\u00e9e qui imite \u00e0 merveille le bois v\u00e9ritable.<\/p>\n                    <\/div>\n                \n                \n                            <\/div>\n        <\/div>\n    <\/div>\n\n            <div class=\"page-header__background\">\n            <div class=\"page-header__background-left\"><\/div>\n            <div class=\"page-header__background-top\"><\/div>\n            <div class=\"page-header__background-bottom\"><\/div>\n        <\/div>\n    <\/header>\n\n    <div class=\"woocommerce-notices-wrapper\"><\/div>\n\n<div class=\"navigation-tiles wp-block alignfull\">\n    <div class=\"navigation-tiles__inner\">\n        \n                    <div class=\"navigation-tiles__tiles\">\n                                    <div class=\"navigation-tiles__tile\">\n                                                    <h3 class=\"navigation-tiles__tile-title\">\n                                Informations sur les produits et comparaisons                            <\/h3>\n                                                \n                                                \n                                                    <a target=\"\" rel=\"\" href=\"https:\/\/www.millboard.com\/en-gb\/product-information-comparisons\/\" class=\"navigation-tiles__tile-cta g-button\">En savoir plus<\/a>\n                                            <\/div>\n                                    <div class=\"navigation-tiles__tile\">\n                                                    <h3 class=\"navigation-tiles__tile-title\">\n                                Id\u00e9es et inspiration                            <\/h3>\n                                                \n                                                \n                                                    <a target=\"\" rel=\"\" href=\"https:\/\/www.millboard.com\/en-gb\/advice-centre\/ideas-inspiration\/\" class=\"navigation-tiles__tile-cta g-button\">En savoir plus<\/a>\n                                            <\/div>\n                            <\/div>\n            <\/div>\n<\/div>\n\n\n\n<p><\/p>\n","protected":false},"excerpt":{"rendered":"","protected":false},"author":10,"featured_media":0,"parent":0,"menu_order":0,"comment_status":"closed","ping_status":"closed","template":"","meta":{"_acf_changed":false,"content-type":"","footnotes":""},"class_list":["post-1083","page","type-page","status-publish","hentry"],"acf":[],"yoast_head":"<!-- This site is optimized with the Yoast SEO Premium plugin v27.3 (Yoast SEO v27.3) - https:\/\/yoast.com\/product\/yoast-seo-premium-wordpress\/ -->\n<title>Conseils terrasse &amp; bardage composite<\/title>\n<meta name=\"description\" content=\"Conseils d&#039;experts sur les terrasses composites Millboard : comparatifs produits, guides d&#039;inspiration et informations pour r\u00e9ussir votre projet ext\u00e9rieur.\" \/>\n<meta name=\"robots\" content=\"index, follow, max-snippet:-1, max-image-preview:large, max-video-preview:-1\" \/>\n<link rel=\"canonical\" href=\"https:\/\/www.millboard.com\/fr-fr\/centre-de-conseil\/\" \/>\n<meta property=\"og:locale\" content=\"fr_FR\" \/>\n<meta property=\"og:type\" content=\"article\" \/>\n<meta property=\"og:title\" content=\"Centre de conseil\" \/>\n<meta property=\"og:description\" content=\"Conseils d&#039;experts sur les terrasses composites Millboard : comparatifs produits, guides d&#039;inspiration et informations pour r\u00e9ussir votre projet ext\u00e9rieur.\" \/>\n<meta property=\"og:url\" content=\"https:\/\/www.millboard.com\/fr-fr\/centre-de-conseil\/\" \/>\n<meta property=\"og:site_name\" content=\"FR-FR - Residential\" \/>\n<meta property=\"article:modified_time\" content=\"2026-03-26T13:45:48+00:00\" \/>\n<meta name=\"twitter:card\" content=\"summary_large_image\" \/>\n<script type=\"application\/ld+json\" class=\"yoast-schema-graph\">{\"@context\":\"https:\\\/\\\/schema.org\",\"@graph\":[{\"@type\":\"WebPage\",\"@id\":\"https:\\\/\\\/www.millboard.com\\\/fr-fr\\\/centre-de-conseil\\\/\",\"url\":\"https:\\\/\\\/www.millboard.com\\\/fr-fr\\\/centre-de-conseil\\\/\",\"name\":\"Conseils terrasse & bardage composite\",\"isPartOf\":{\"@id\":\"https:\\\/\\\/www.millboard.com\\\/fr-fr\\\/#website\"},\"datePublished\":\"2026-01-13T10:46:09+00:00\",\"dateModified\":\"2026-03-26T13:45:48+00:00\",\"description\":\"Conseils d'experts sur les terrasses composites Millboard : comparatifs produits, guides d'inspiration et informations pour r\u00e9ussir votre projet ext\u00e9rieur.\",\"breadcrumb\":{\"@id\":\"https:\\\/\\\/www.millboard.com\\\/fr-fr\\\/centre-de-conseil\\\/#breadcrumb\"},\"inLanguage\":\"fr-FR\",\"potentialAction\":[{\"@type\":\"ReadAction\",\"target\":[\"https:\\\/\\\/www.millboard.com\\\/fr-fr\\\/centre-de-conseil\\\/\"]}]},{\"@type\":\"BreadcrumbList\",\"@id\":\"https:\\\/\\\/www.millboard.com\\\/fr-fr\\\/centre-de-conseil\\\/#breadcrumb\",\"itemListElement\":[{\"@type\":\"ListItem\",\"position\":1,\"name\":\"Home\",\"item\":\"https:\\\/\\\/www.millboard.com\\\/fr-fr\\\/\"},{\"@type\":\"ListItem\",\"position\":2,\"name\":\"Centre de conseil\"}]},{\"@type\":\"WebSite\",\"@id\":\"https:\\\/\\\/www.millboard.com\\\/fr-fr\\\/#website\",\"url\":\"https:\\\/\\\/www.millboard.com\\\/fr-fr\\\/\",\"name\":\"FR-FR - Residential\",\"description\":\"Vivre. La Vie. A l&#039;Ext\u00e9rieur.\",\"potentialAction\":[{\"@type\":\"SearchAction\",\"target\":{\"@type\":\"EntryPoint\",\"urlTemplate\":\"https:\\\/\\\/www.millboard.com\\\/fr-fr\\\/?s={search_term_string}\"},\"query-input\":{\"@type\":\"PropertyValueSpecification\",\"valueRequired\":true,\"valueName\":\"search_term_string\"}}],\"inLanguage\":\"fr-FR\"}]}<\/script>\n<!-- \/ Yoast SEO Premium plugin. -->","yoast_head_json":{"title":"Conseils terrasse & bardage composite","description":"Conseils d'experts sur les terrasses composites Millboard : comparatifs produits, guides d'inspiration et informations pour r\u00e9ussir votre projet ext\u00e9rieur.","robots":{"index":"index","follow":"follow","max-snippet":"max-snippet:-1","max-image-preview":"max-image-preview:large","max-video-preview":"max-video-preview:-1"},"canonical":"https:\/\/www.millboard.com\/fr-fr\/centre-de-conseil\/","og_locale":"fr_FR","og_type":"article","og_title":"Centre de conseil","og_description":"Conseils d'experts sur les terrasses composites Millboard : comparatifs produits, guides d'inspiration et informations pour r\u00e9ussir votre projet ext\u00e9rieur.","og_url":"https:\/\/www.millboard.com\/fr-fr\/centre-de-conseil\/","og_site_name":"FR-FR - Residential","article_modified_time":"2026-03-26T13:45:48+00:00","twitter_card":"summary_large_image","schema":{"@context":"https:\/\/schema.org","@graph":[{"@type":"WebPage","@id":"https:\/\/www.millboard.com\/fr-fr\/centre-de-conseil\/","url":"https:\/\/www.millboard.com\/fr-fr\/centre-de-conseil\/","name":"Conseils terrasse & bardage composite","isPartOf":{"@id":"https:\/\/www.millboard.com\/fr-fr\/#website"},"datePublished":"2026-01-13T10:46:09+00:00","dateModified":"2026-03-26T13:45:48+00:00","description":"Conseils d'experts sur les terrasses composites Millboard : comparatifs produits, guides d'inspiration et informations pour r\u00e9ussir votre projet ext\u00e9rieur.","breadcrumb":{"@id":"https:\/\/www.millboard.com\/fr-fr\/centre-de-conseil\/#breadcrumb"},"inLanguage":"fr-FR","potentialAction":[{"@type":"ReadAction","target":["https:\/\/www.millboard.com\/fr-fr\/centre-de-conseil\/"]}]},{"@type":"BreadcrumbList","@id":"https:\/\/www.millboard.com\/fr-fr\/centre-de-conseil\/#breadcrumb","itemListElement":[{"@type":"ListItem","position":1,"name":"Home","item":"https:\/\/www.millboard.com\/fr-fr\/"},{"@type":"ListItem","position":2,"name":"Centre de conseil"}]},{"@type":"WebSite","@id":"https:\/\/www.millboard.com\/fr-fr\/#website","url":"https:\/\/www.millboard.com\/fr-fr\/","name":"FR-FR - Residential","description":"Vivre. La Vie. A l&#039;Ext\u00e9rieur.","potentialAction":[{"@type":"SearchAction","target":{"@type":"EntryPoint","urlTemplate":"https:\/\/www.millboard.com\/fr-fr\/?s={search_term_string}"},"query-input":{"@type":"PropertyValueSpecification","valueRequired":true,"valueName":"search_term_string"}}],"inLanguage":"fr-FR"}]}},"_links":{"self":[{"href":"https:\/\/www.millboard.com\/fr-fr\/wp-json\/wp\/v2\/pages\/1083","targetHints":{"allow":["GET"]}}],"collection":[{"href":"https:\/\/www.millboard.com\/fr-fr\/wp-json\/wp\/v2\/pages"}],"about":[{"href":"https:\/\/www.millboard.com\/fr-fr\/wp-json\/wp\/v2\/types\/page"}],"author":[{"embeddable":true,"href":"https:\/\/www.millboard.com\/fr-fr\/wp-json\/wp\/v2\/users\/10"}],"replies":[{"embeddable":true,"href":"https:\/\/www.millboard.com\/fr-fr\/wp-json\/wp\/v2\/comments?post=1083"}],"version-history":[{"count":3,"href":"https:\/\/www.millboard.com\/fr-fr\/wp-json\/wp\/v2\/pages\/1083\/revisions"}],"predecessor-version":[{"id":11238,"href":"https:\/\/www.millboard.com\/fr-fr\/wp-json\/wp\/v2\/pages\/1083\/revisions\/11238"}],"wp:attachment":[{"href":"https:\/\/www.millboard.com\/fr-fr\/wp-json\/wp\/v2\/media?parent=1083"}],"curies":[{"name":"wp","href":"https:\/\/api.w.org\/{rel}","templated":true}]}}