{"id":4187,"date":"2026-01-20T14:39:01","date_gmt":"2026-01-20T14:39:01","guid":{"rendered":"https:\/\/www.millboard.com\/en-gb\/?page_id=4187"},"modified":"2026-03-26T13:56:29","modified_gmt":"2026-03-26T13:56:29","slug":"questions-frequentes","status":"publish","type":"page","link":"https:\/\/www.millboard.com\/fr-fr\/questions-frequentes\/","title":{"rendered":"Questions fr\u00e9quentes"},"content":{"rendered":"<header class=\"page-header wp-block alignfull has-brand-1-background-color has-background page-header--type--page has-breadcrumbs\">\n    <div class=\"page-header__inner\">\n                    <!-- Breadcrumbs -->\n            <div class=\"page-header__breadcrumbs\">\n                <nav class=\"breadcrumbs\">\n    <span class=\"breadcrumbs__yoast-wrapper\"><span><a href=\"https:\/\/www.millboard.com\/fr-fr\/\">Home<\/a><\/span><\/span><\/nav>\n            <\/div>\n        \n        <div class=\"page-header__wrapper\">\n            <div class=\"page-header__image-wrapper page-header__image-wrapper--no-image\">\n                            <\/div>\n\n            <div class=\"page-header__content page-header__content--first\">\n                <div class=\"page-header__header\">\n                    \n                                            <h1 class=\"page-header__heading is-style-typestyle-h1\">Questions fr\u00e9quentes<\/h1>\n                                    <\/div>\n\n                            <\/div>\n                <div class=\"page-header__content page-header__content--last\">\n                            \n                \n                            <\/div>\n        <\/div>\n    <\/div>\n\n    <\/header>\n\n    <div class=\"woocommerce-notices-wrapper\"><\/div>\n\n\n<p><\/p>\n\n\n<div class=\"navigation-tiles wp-block alignfull\">\n    <div class=\"navigation-tiles__inner\">\n        \n                    <div class=\"navigation-tiles__tiles\">\n                                    <div class=\"navigation-tiles__tile\">\n                                                    <h3 class=\"navigation-tiles__tile-title\">\n                                Sous-ch\u00e2ssis Questions fr\u00e9quentes                            <\/h3>\n                                                \n                                                \n                                                    <a target=\"\" rel=\"\" href=\"https:\/\/www.millboard.com\/fr-fr\/sous-chassis-foire-aux-questions\/\" class=\"navigation-tiles__tile-cta g-button\">View FAQs<\/a>\n                                            <\/div>\n                                    <div class=\"navigation-tiles__tile\">\n                                                    <h3 class=\"navigation-tiles__tile-title\">\n                                S\u00e9curit\u00e9 Questions fr\u00e9quentes                            <\/h3>\n                                                \n                                                \n                                                    <a target=\"\" rel=\"\" href=\"https:\/\/www.millboard.com\/fr-fr\/safety-foire-aux-questions\/\" class=\"navigation-tiles__tile-cta g-button\">Read FAQs<\/a>\n                                            <\/div>\n                                    <div class=\"navigation-tiles__tile\">\n                                                    <h3 class=\"navigation-tiles__tile-title\">\n                                Rev\u00eatements Envello Questions fr\u00e9quentes                            <\/h3>\n                                                \n                                                \n                                                    <a target=\"\" rel=\"\" href=\"https:\/\/www.millboard.com\/fr-fr\/envello-bardage-foire-aux-questions\/\" class=\"navigation-tiles__tile-cta g-button\">Read FAQs<\/a>\n                                            <\/div>\n                                    <div class=\"navigation-tiles__tile\">\n                                                    <h3 class=\"navigation-tiles__tile-title\">\n                                 Questions fr\u00e9quentes Millboard terrasses                            <\/h3>\n                                                \n                                                \n                                                    <a target=\"\" rel=\"\" href=\"https:\/\/www.millboard.com\/fr-fr\/faq-sur-les-terrasses-millboard\/\" class=\"navigation-tiles__tile-cta g-button\">Read FAQs<\/a>\n                                            <\/div>\n                            <\/div>\n            <\/div>\n<\/div>\n","protected":false},"excerpt":{"rendered":"","protected":false},"author":10,"featured_media":0,"parent":0,"menu_order":0,"comment_status":"closed","ping_status":"closed","template":"","meta":{"_acf_changed":false,"content-type":"","footnotes":""},"class_list":["post-4187","page","type-page","status-publish","hentry"],"acf":[],"yoast_head":"<!-- This site is optimized with the Yoast SEO Premium plugin v27.3 (Yoast SEO v27.3) - https:\/\/yoast.com\/product\/yoast-seo-premium-wordpress\/ -->\n<title>FAQ terrasse &amp; bardage composite<\/title>\n<meta name=\"description\" content=\"Toutes les FAQ Millboard : terrasses composites, bardage Envello, sous-ch\u00e2ssis et s\u00e9curit\u00e9. Trouvez rapidement les r\u00e9ponses \u00e0 vos questions.\" \/>\n<meta name=\"robots\" content=\"index, follow, max-snippet:-1, max-image-preview:large, max-video-preview:-1\" \/>\n<link rel=\"canonical\" href=\"https:\/\/www.millboard.com\/fr-fr\/questions-frequentes\/\" \/>\n<meta property=\"og:locale\" content=\"fr_FR\" \/>\n<meta property=\"og:type\" content=\"article\" \/>\n<meta property=\"og:title\" content=\"Questions fr\u00e9quentes\" \/>\n<meta property=\"og:description\" content=\"Toutes les FAQ Millboard : terrasses composites, bardage Envello, sous-ch\u00e2ssis et s\u00e9curit\u00e9. Trouvez rapidement les r\u00e9ponses \u00e0 vos questions.\" \/>\n<meta property=\"og:url\" content=\"https:\/\/www.millboard.com\/fr-fr\/questions-frequentes\/\" \/>\n<meta property=\"og:site_name\" content=\"FR-FR - Residential\" \/>\n<meta property=\"article:modified_time\" content=\"2026-03-26T13:56:29+00:00\" \/>\n<meta name=\"twitter:card\" content=\"summary_large_image\" \/>\n<script type=\"application\/ld+json\" class=\"yoast-schema-graph\">{\"@context\":\"https:\\\/\\\/schema.org\",\"@graph\":[{\"@type\":\"WebPage\",\"@id\":\"https:\\\/\\\/www.millboard.com\\\/fr-fr\\\/questions-frequentes\\\/\",\"url\":\"https:\\\/\\\/www.millboard.com\\\/fr-fr\\\/questions-frequentes\\\/\",\"name\":\"FAQ terrasse & bardage composite\",\"isPartOf\":{\"@id\":\"https:\\\/\\\/www.millboard.com\\\/fr-fr\\\/#website\"},\"datePublished\":\"2026-01-20T14:39:01+00:00\",\"dateModified\":\"2026-03-26T13:56:29+00:00\",\"description\":\"Toutes les FAQ Millboard : terrasses composites, bardage Envello, sous-ch\u00e2ssis et s\u00e9curit\u00e9. Trouvez rapidement les r\u00e9ponses \u00e0 vos questions.\",\"breadcrumb\":{\"@id\":\"https:\\\/\\\/www.millboard.com\\\/fr-fr\\\/questions-frequentes\\\/#breadcrumb\"},\"inLanguage\":\"fr-FR\",\"potentialAction\":[{\"@type\":\"ReadAction\",\"target\":[\"https:\\\/\\\/www.millboard.com\\\/fr-fr\\\/questions-frequentes\\\/\"]}]},{\"@type\":\"BreadcrumbList\",\"@id\":\"https:\\\/\\\/www.millboard.com\\\/fr-fr\\\/questions-frequentes\\\/#breadcrumb\",\"itemListElement\":[{\"@type\":\"ListItem\",\"position\":1,\"name\":\"Home\",\"item\":\"https:\\\/\\\/www.millboard.com\\\/fr-fr\\\/\"},{\"@type\":\"ListItem\",\"position\":2,\"name\":\"Questions fr\u00e9quentes\"}]},{\"@type\":\"WebSite\",\"@id\":\"https:\\\/\\\/www.millboard.com\\\/fr-fr\\\/#website\",\"url\":\"https:\\\/\\\/www.millboard.com\\\/fr-fr\\\/\",\"name\":\"FR-FR - Residential\",\"description\":\"Vivre. La Vie. A l&#039;Ext\u00e9rieur.\",\"potentialAction\":[{\"@type\":\"SearchAction\",\"target\":{\"@type\":\"EntryPoint\",\"urlTemplate\":\"https:\\\/\\\/www.millboard.com\\\/fr-fr\\\/?s={search_term_string}\"},\"query-input\":{\"@type\":\"PropertyValueSpecification\",\"valueRequired\":true,\"valueName\":\"search_term_string\"}}],\"inLanguage\":\"fr-FR\"}]}<\/script>\n<!-- \/ Yoast SEO Premium plugin. -->","yoast_head_json":{"title":"FAQ terrasse & bardage composite","description":"Toutes les FAQ Millboard : terrasses composites, bardage Envello, sous-ch\u00e2ssis et s\u00e9curit\u00e9. Trouvez rapidement les r\u00e9ponses \u00e0 vos questions.","robots":{"index":"index","follow":"follow","max-snippet":"max-snippet:-1","max-image-preview":"max-image-preview:large","max-video-preview":"max-video-preview:-1"},"canonical":"https:\/\/www.millboard.com\/fr-fr\/questions-frequentes\/","og_locale":"fr_FR","og_type":"article","og_title":"Questions fr\u00e9quentes","og_description":"Toutes les FAQ Millboard : terrasses composites, bardage Envello, sous-ch\u00e2ssis et s\u00e9curit\u00e9. Trouvez rapidement les r\u00e9ponses \u00e0 vos questions.","og_url":"https:\/\/www.millboard.com\/fr-fr\/questions-frequentes\/","og_site_name":"FR-FR - Residential","article_modified_time":"2026-03-26T13:56:29+00:00","twitter_card":"summary_large_image","schema":{"@context":"https:\/\/schema.org","@graph":[{"@type":"WebPage","@id":"https:\/\/www.millboard.com\/fr-fr\/questions-frequentes\/","url":"https:\/\/www.millboard.com\/fr-fr\/questions-frequentes\/","name":"FAQ terrasse & bardage composite","isPartOf":{"@id":"https:\/\/www.millboard.com\/fr-fr\/#website"},"datePublished":"2026-01-20T14:39:01+00:00","dateModified":"2026-03-26T13:56:29+00:00","description":"Toutes les FAQ Millboard : terrasses composites, bardage Envello, sous-ch\u00e2ssis et s\u00e9curit\u00e9. Trouvez rapidement les r\u00e9ponses \u00e0 vos questions.","breadcrumb":{"@id":"https:\/\/www.millboard.com\/fr-fr\/questions-frequentes\/#breadcrumb"},"inLanguage":"fr-FR","potentialAction":[{"@type":"ReadAction","target":["https:\/\/www.millboard.com\/fr-fr\/questions-frequentes\/"]}]},{"@type":"BreadcrumbList","@id":"https:\/\/www.millboard.com\/fr-fr\/questions-frequentes\/#breadcrumb","itemListElement":[{"@type":"ListItem","position":1,"name":"Home","item":"https:\/\/www.millboard.com\/fr-fr\/"},{"@type":"ListItem","position":2,"name":"Questions fr\u00e9quentes"}]},{"@type":"WebSite","@id":"https:\/\/www.millboard.com\/fr-fr\/#website","url":"https:\/\/www.millboard.com\/fr-fr\/","name":"FR-FR - Residential","description":"Vivre. La Vie. A l&#039;Ext\u00e9rieur.","potentialAction":[{"@type":"SearchAction","target":{"@type":"EntryPoint","urlTemplate":"https:\/\/www.millboard.com\/fr-fr\/?s={search_term_string}"},"query-input":{"@type":"PropertyValueSpecification","valueRequired":true,"valueName":"search_term_string"}}],"inLanguage":"fr-FR"}]}},"_links":{"self":[{"href":"https:\/\/www.millboard.com\/fr-fr\/wp-json\/wp\/v2\/pages\/4187","targetHints":{"allow":["GET"]}}],"collection":[{"href":"https:\/\/www.millboard.com\/fr-fr\/wp-json\/wp\/v2\/pages"}],"about":[{"href":"https:\/\/www.millboard.com\/fr-fr\/wp-json\/wp\/v2\/types\/page"}],"author":[{"embeddable":true,"href":"https:\/\/www.millboard.com\/fr-fr\/wp-json\/wp\/v2\/users\/10"}],"replies":[{"embeddable":true,"href":"https:\/\/www.millboard.com\/fr-fr\/wp-json\/wp\/v2\/comments?post=4187"}],"version-history":[{"count":3,"href":"https:\/\/www.millboard.com\/fr-fr\/wp-json\/wp\/v2\/pages\/4187\/revisions"}],"predecessor-version":[{"id":11280,"href":"https:\/\/www.millboard.com\/fr-fr\/wp-json\/wp\/v2\/pages\/4187\/revisions\/11280"}],"wp:attachment":[{"href":"https:\/\/www.millboard.com\/fr-fr\/wp-json\/wp\/v2\/media?parent=4187"}],"curies":[{"name":"wp","href":"https:\/\/api.w.org\/{rel}","templated":true}]}}