{"id":506,"date":"2026-01-05T11:03:29","date_gmt":"2026-01-05T11:03:29","guid":{"rendered":"https:\/\/www.millboard.com\/en-gb\/?page_id=506"},"modified":"2026-03-26T13:44:29","modified_gmt":"2026-03-26T13:44:29","slug":"conditions-dutilisation","status":"publish","type":"page","link":"https:\/\/www.millboard.com\/fr-fr\/centre-de-confiance\/conditions-dutilisation\/","title":{"rendered":"Conditions d&rsquo;utilisation"},"content":{"rendered":"<header class=\"page-header wp-block alignfull has-brand-1-background-color has-background page-header--type--page has-breadcrumbs\">\n    <div class=\"page-header__inner\">\n                    <!-- Breadcrumbs -->\n            <div class=\"page-header__breadcrumbs\">\n                <nav class=\"breadcrumbs\">\n    <span class=\"breadcrumbs__yoast-wrapper\"><span><a href=\"https:\/\/www.millboard.com\/fr-fr\/\">Home<\/a><\/span><\/span><\/nav>\n            <\/div>\n        \n        <div class=\"page-header__wrapper\">\n            <div class=\"page-header__image-wrapper page-header__image-wrapper--no-image\">\n                            <\/div>\n\n            <div class=\"page-header__content page-header__content--first\">\n                <div class=\"page-header__header\">\n                    \n                                            <h1 class=\"page-header__heading is-style-typestyle-h1\">Conditions d&rsquo;utilisation du site Web<\/h1>\n                                    <\/div>\n\n                            <\/div>\n                <div class=\"page-header__content page-header__content--last\">\n                            \n                \n                            <\/div>\n        <\/div>\n    <\/div>\n\n    <\/header>\n\n    <div class=\"woocommerce-notices-wrapper\"><\/div>\n\n\n<p>Clause de non-responsabilit\u00e9&nbsp;<\/p>\n\n\n\n<p>Bien&nbsp;que&nbsp;nous&nbsp;ayons&nbsp;pris&nbsp;toutes&nbsp;les&nbsp;pr\u00e9cautions&nbsp;n\u00e9cessaires&nbsp;pour compiler des&nbsp;informations&nbsp;exactes&nbsp;et&nbsp;maintenir&nbsp;ce&nbsp;site \u00e0 jour, The Millboard&nbsp;Company&nbsp;Limited ne&nbsp;garantit&nbsp;pas&nbsp;l&rsquo;exactitude&nbsp;ou&nbsp;l&rsquo;applicabilit\u00e9&nbsp;des&nbsp;informations&nbsp;contenues&nbsp;sur&nbsp;ce&nbsp;site Web et ne&nbsp;peut&nbsp;\u00eatre&nbsp;tenue&nbsp;responsable&nbsp;des&nbsp;erreurs&nbsp;ou&nbsp;omissions&nbsp;\u00e9ventuelles.&nbsp;<\/p>\n\n\n\n<p>Le&nbsp;contenu&nbsp;de&nbsp;ce&nbsp;site&nbsp;est&nbsp;fourni&nbsp;\u00e0 titre&nbsp;d&rsquo;information&nbsp;g\u00e9n\u00e9rale.&nbsp;<\/p>\n\n\n\n<p>The Millboard&nbsp;Company&nbsp;Limited,&nbsp;ses&nbsp;membres,&nbsp;ses&nbsp;fournisseurs&nbsp;et&nbsp;ses&nbsp;soci\u00e9t\u00e9s&nbsp;affili\u00e9es&nbsp;ne&nbsp;peuvent&nbsp;donc&nbsp;\u00eatre&nbsp;tenus&nbsp;responsables&nbsp;envers&nbsp;quiconque&nbsp;des&nbsp;pertes&nbsp;ou&nbsp;dommages&nbsp;pouvant&nbsp;r\u00e9sulter&nbsp;de&nbsp;l&rsquo;utilisation&nbsp;des&nbsp;informations&nbsp;contenues&nbsp;dans les documents&nbsp;publi\u00e9s&nbsp;sur&nbsp;ce&nbsp;site Web.&nbsp;<\/p>\n\n\n\n<p>Ce site Web&nbsp;est&nbsp;destin\u00e9&nbsp;aux&nbsp;visiteurs&nbsp;du&nbsp;Royaume-Uni. Les&nbsp;personnes&nbsp;qui&nbsp;choisissent&nbsp;d&rsquo;acc\u00e9der&nbsp;\u00e0&nbsp;ce&nbsp;site Web&nbsp;depuis&nbsp;d&rsquo;autres&nbsp;pays&nbsp;sont&nbsp;tenues de se conformer \u00e0 la&nbsp;l\u00e9gislation&nbsp;locale.&nbsp;<\/p>\n\n\n\n<p>The Millboard&nbsp;Company&nbsp;Limited&nbsp;a&nbsp;inclus&nbsp;certains&nbsp;liens&nbsp;pertinents&nbsp;\u00e0 titre&nbsp;d&rsquo;information&nbsp;et pour&nbsp;votre&nbsp;commodit\u00e9&nbsp;uniquement.&nbsp;Cependant,&nbsp;comme&nbsp;nous&nbsp;n&rsquo;avons&nbsp;aucun&nbsp;contr\u00f4le&nbsp;sur&nbsp;ces&nbsp;liens tiers, nous ne&nbsp;pouvons&nbsp;\u00eatre&nbsp;tenus&nbsp;responsables&nbsp;du&nbsp;contenu&nbsp;ou&nbsp;de la&nbsp;fiabilit\u00e9&nbsp;des sites&nbsp;li\u00e9s.&nbsp;<\/p>\n\n\n\n<p>Le&nbsp;terme&nbsp;\u00ab The Millboard&nbsp;Company&nbsp;Limited \u00bb&nbsp;utilis\u00e9&nbsp;dans la&nbsp;pr\u00e9sente&nbsp;clause de non-responsabilit\u00e9,&nbsp;sauf&nbsp;indication&nbsp;contraire,&nbsp;est&nbsp;r\u00e9put\u00e9&nbsp;inclure&nbsp;The Millboard&nbsp;Company&nbsp;Limited,&nbsp;ses&nbsp;membres&nbsp;et&nbsp;ses&nbsp;soci\u00e9t\u00e9s&nbsp;affili\u00e9es.&nbsp;<\/p>\n\n\n\n<p><strong>Copyright&nbsp;<\/strong>&nbsp;<\/p>\n\n\n\n<p>Ce site web&nbsp;est&nbsp;prot\u00e9g\u00e9 par le droit&nbsp;d&rsquo;auteur. \u00a9 2025 The Millboard&nbsp;Company&nbsp;Limited,&nbsp;sauf&nbsp;indication&nbsp;contraire. Le&nbsp;contenu&nbsp;du site ne&nbsp;peut&nbsp;\u00eatre&nbsp;copi\u00e9,&nbsp;modifi\u00e9,&nbsp;distribu\u00e9,&nbsp;publi\u00e9&nbsp;ou&nbsp;mis \u00e0 disposition sur un r\u00e9seau sans&nbsp;l&rsquo;accord&nbsp;\u00e9crit&nbsp;pr\u00e9alable&nbsp;de The Millboard&nbsp;Company&nbsp;Limited. Tous les&nbsp;autres&nbsp;droits&nbsp;sont&nbsp;r\u00e9serv\u00e9s.&nbsp;<\/p>\n\n\n\n<p>N&rsquo;h\u00e9sitez&nbsp;pas \u00e0&nbsp;cr\u00e9er&nbsp;un lien&nbsp;vers&nbsp;ce&nbsp;site \u00e0&nbsp;partir&nbsp;de&nbsp;votre&nbsp;site, \u00e0 condition&nbsp;que&nbsp;le&nbsp;contexte&nbsp;soit&nbsp;pertinent et&nbsp;que&nbsp;le lien&nbsp;ou&nbsp;sa&nbsp;description ne&nbsp;nuise&nbsp;pas aux&nbsp;activit\u00e9s&nbsp;de The Millboard&nbsp;Company&nbsp;Limited.&nbsp;<\/p>\n\n\n\n<p><\/p>\n","protected":false},"excerpt":{"rendered":"<p>Clause de non-responsabilit\u00e9&nbsp; Bien&nbsp;que&nbsp;nous&nbsp;ayons&nbsp;pris&nbsp;toutes&nbsp;les&nbsp;pr\u00e9cautions&nbsp;n\u00e9cessaires&nbsp;pour compiler des&nbsp;informations&nbsp;exactes&nbsp;et&nbsp;maintenir&nbsp;ce&nbsp;site \u00e0 jour, The Millboard&nbsp;Company&nbsp;Limited ne&nbsp;garantit&nbsp;pas&nbsp;l&rsquo;exactitude&nbsp;ou&nbsp;l&rsquo;applicabilit\u00e9&nbsp;des&nbsp;informations&nbsp;contenues&nbsp;sur&nbsp;ce&nbsp;site Web et ne&nbsp;peut&nbsp;\u00eatre&nbsp;tenue&nbsp;responsable&nbsp;des&nbsp;erreurs&nbsp;ou&nbsp;omissions&nbsp;\u00e9ventuelles.&nbsp; Le&nbsp;contenu&nbsp;de&nbsp;ce&nbsp;site&nbsp;est&nbsp;fourni&nbsp;\u00e0 titre&nbsp;d&rsquo;information&nbsp;g\u00e9n\u00e9rale.&nbsp; The Millboard&nbsp;Company&nbsp;Limited,&nbsp;ses&nbsp;membres,&nbsp;ses&nbsp;fournisseurs&nbsp;et&nbsp;ses&nbsp;soci\u00e9t\u00e9s&nbsp;affili\u00e9es&nbsp;ne&nbsp;peuvent&nbsp;donc&nbsp;\u00eatre&nbsp;tenus&nbsp;responsables&nbsp;envers&nbsp;quiconque&nbsp;des&nbsp;pertes&nbsp;ou&nbsp;dommages&nbsp;pouvant&nbsp;r\u00e9sulter&nbsp;de&nbsp;l&rsquo;utilisation&nbsp;des&nbsp;informations&nbsp;contenues&nbsp;dans les documents&nbsp;publi\u00e9s&nbsp;sur&nbsp;ce&nbsp;site&hellip;<\/p>\n","protected":false},"author":10,"featured_media":0,"parent":772,"menu_order":0,"comment_status":"closed","ping_status":"closed","template":"","meta":{"_acf_changed":false,"content-type":"","footnotes":""},"class_list":["post-506","page","type-page","status-publish","hentry"],"acf":[],"yoast_head":"<!-- This site is optimized with the Yoast SEO Premium plugin v27.3 (Yoast SEO v27.3) - https:\/\/yoast.com\/product\/yoast-seo-premium-wordpress\/ -->\n<title>Conditions d&#039;utilisation<\/title>\n<meta name=\"description\" content=\"Conditions d&#039;utilisation du site Millboard France : clause de non-responsabilit\u00e9, droits d&#039;auteur et r\u00e8gles d&#039;utilisation du contenu en ligne.\" \/>\n<meta name=\"robots\" content=\"index, follow, max-snippet:-1, max-image-preview:large, max-video-preview:-1\" \/>\n<link rel=\"canonical\" href=\"https:\/\/www.millboard.com\/fr-fr\/centre-de-confiance\/conditions-dutilisation\/\" \/>\n<meta property=\"og:locale\" content=\"fr_FR\" \/>\n<meta property=\"og:type\" content=\"article\" \/>\n<meta property=\"og:title\" content=\"Conditions d&#039;utilisation\" \/>\n<meta property=\"og:description\" content=\"Conditions d&#039;utilisation du site Millboard France : clause de non-responsabilit\u00e9, droits d&#039;auteur et r\u00e8gles d&#039;utilisation du contenu en ligne.\" \/>\n<meta property=\"og:url\" content=\"https:\/\/www.millboard.com\/fr-fr\/centre-de-confiance\/conditions-dutilisation\/\" \/>\n<meta property=\"og:site_name\" content=\"FR-FR - Residential\" \/>\n<meta property=\"article:modified_time\" content=\"2026-03-26T13:44:29+00:00\" \/>\n<meta name=\"twitter:card\" content=\"summary_large_image\" \/>\n<meta name=\"twitter:label1\" content=\"Dur\u00e9e de lecture estim\u00e9e\" \/>\n\t<meta name=\"twitter:data1\" content=\"2 minutes\" \/>\n<script type=\"application\/ld+json\" class=\"yoast-schema-graph\">{\"@context\":\"https:\\\/\\\/schema.org\",\"@graph\":[{\"@type\":\"WebPage\",\"@id\":\"https:\\\/\\\/www.millboard.com\\\/fr-fr\\\/centre-de-confiance\\\/conditions-dutilisation\\\/\",\"url\":\"https:\\\/\\\/www.millboard.com\\\/fr-fr\\\/centre-de-confiance\\\/conditions-dutilisation\\\/\",\"name\":\"Conditions d'utilisation\",\"isPartOf\":{\"@id\":\"https:\\\/\\\/www.millboard.com\\\/fr-fr\\\/#website\"},\"datePublished\":\"2026-01-05T11:03:29+00:00\",\"dateModified\":\"2026-03-26T13:44:29+00:00\",\"description\":\"Conditions d'utilisation du site Millboard France : clause de non-responsabilit\u00e9, droits d'auteur et r\u00e8gles d'utilisation du contenu en ligne.\",\"breadcrumb\":{\"@id\":\"https:\\\/\\\/www.millboard.com\\\/fr-fr\\\/centre-de-confiance\\\/conditions-dutilisation\\\/#breadcrumb\"},\"inLanguage\":\"fr-FR\",\"potentialAction\":[{\"@type\":\"ReadAction\",\"target\":[\"https:\\\/\\\/www.millboard.com\\\/fr-fr\\\/centre-de-confiance\\\/conditions-dutilisation\\\/\"]}]},{\"@type\":\"BreadcrumbList\",\"@id\":\"https:\\\/\\\/www.millboard.com\\\/fr-fr\\\/centre-de-confiance\\\/conditions-dutilisation\\\/#breadcrumb\",\"itemListElement\":[{\"@type\":\"ListItem\",\"position\":1,\"name\":\"Home\",\"item\":\"https:\\\/\\\/www.millboard.com\\\/fr-fr\\\/\"},{\"@type\":\"ListItem\",\"position\":2,\"name\":\"Confidentialit\u00e9 &amp; S\u00e9curit\u00e9\",\"item\":\"https:\\\/\\\/www.millboard.com\\\/fr-fr\\\/centre-de-confiance\\\/\"},{\"@type\":\"ListItem\",\"position\":3,\"name\":\"Conditions d&#8217;utilisation\"}]},{\"@type\":\"WebSite\",\"@id\":\"https:\\\/\\\/www.millboard.com\\\/fr-fr\\\/#website\",\"url\":\"https:\\\/\\\/www.millboard.com\\\/fr-fr\\\/\",\"name\":\"FR-FR - Residential\",\"description\":\"Vivre. La Vie. A l&#039;Ext\u00e9rieur.\",\"potentialAction\":[{\"@type\":\"SearchAction\",\"target\":{\"@type\":\"EntryPoint\",\"urlTemplate\":\"https:\\\/\\\/www.millboard.com\\\/fr-fr\\\/?s={search_term_string}\"},\"query-input\":{\"@type\":\"PropertyValueSpecification\",\"valueRequired\":true,\"valueName\":\"search_term_string\"}}],\"inLanguage\":\"fr-FR\"}]}<\/script>\n<!-- \/ Yoast SEO Premium plugin. -->","yoast_head_json":{"title":"Conditions d'utilisation","description":"Conditions d'utilisation du site Millboard France : clause de non-responsabilit\u00e9, droits d'auteur et r\u00e8gles d'utilisation du contenu en ligne.","robots":{"index":"index","follow":"follow","max-snippet":"max-snippet:-1","max-image-preview":"max-image-preview:large","max-video-preview":"max-video-preview:-1"},"canonical":"https:\/\/www.millboard.com\/fr-fr\/centre-de-confiance\/conditions-dutilisation\/","og_locale":"fr_FR","og_type":"article","og_title":"Conditions d'utilisation","og_description":"Conditions d'utilisation du site Millboard France : clause de non-responsabilit\u00e9, droits d'auteur et r\u00e8gles d'utilisation du contenu en ligne.","og_url":"https:\/\/www.millboard.com\/fr-fr\/centre-de-confiance\/conditions-dutilisation\/","og_site_name":"FR-FR - Residential","article_modified_time":"2026-03-26T13:44:29+00:00","twitter_card":"summary_large_image","twitter_misc":{"Dur\u00e9e de lecture estim\u00e9e":"2 minutes"},"schema":{"@context":"https:\/\/schema.org","@graph":[{"@type":"WebPage","@id":"https:\/\/www.millboard.com\/fr-fr\/centre-de-confiance\/conditions-dutilisation\/","url":"https:\/\/www.millboard.com\/fr-fr\/centre-de-confiance\/conditions-dutilisation\/","name":"Conditions d'utilisation","isPartOf":{"@id":"https:\/\/www.millboard.com\/fr-fr\/#website"},"datePublished":"2026-01-05T11:03:29+00:00","dateModified":"2026-03-26T13:44:29+00:00","description":"Conditions d'utilisation du site Millboard France : clause de non-responsabilit\u00e9, droits d'auteur et r\u00e8gles d'utilisation du contenu en ligne.","breadcrumb":{"@id":"https:\/\/www.millboard.com\/fr-fr\/centre-de-confiance\/conditions-dutilisation\/#breadcrumb"},"inLanguage":"fr-FR","potentialAction":[{"@type":"ReadAction","target":["https:\/\/www.millboard.com\/fr-fr\/centre-de-confiance\/conditions-dutilisation\/"]}]},{"@type":"BreadcrumbList","@id":"https:\/\/www.millboard.com\/fr-fr\/centre-de-confiance\/conditions-dutilisation\/#breadcrumb","itemListElement":[{"@type":"ListItem","position":1,"name":"Home","item":"https:\/\/www.millboard.com\/fr-fr\/"},{"@type":"ListItem","position":2,"name":"Confidentialit\u00e9 &amp; S\u00e9curit\u00e9","item":"https:\/\/www.millboard.com\/fr-fr\/centre-de-confiance\/"},{"@type":"ListItem","position":3,"name":"Conditions d&#8217;utilisation"}]},{"@type":"WebSite","@id":"https:\/\/www.millboard.com\/fr-fr\/#website","url":"https:\/\/www.millboard.com\/fr-fr\/","name":"FR-FR - Residential","description":"Vivre. La Vie. A l&#039;Ext\u00e9rieur.","potentialAction":[{"@type":"SearchAction","target":{"@type":"EntryPoint","urlTemplate":"https:\/\/www.millboard.com\/fr-fr\/?s={search_term_string}"},"query-input":{"@type":"PropertyValueSpecification","valueRequired":true,"valueName":"search_term_string"}}],"inLanguage":"fr-FR"}]}},"_links":{"self":[{"href":"https:\/\/www.millboard.com\/fr-fr\/wp-json\/wp\/v2\/pages\/506","targetHints":{"allow":["GET"]}}],"collection":[{"href":"https:\/\/www.millboard.com\/fr-fr\/wp-json\/wp\/v2\/pages"}],"about":[{"href":"https:\/\/www.millboard.com\/fr-fr\/wp-json\/wp\/v2\/types\/page"}],"author":[{"embeddable":true,"href":"https:\/\/www.millboard.com\/fr-fr\/wp-json\/wp\/v2\/users\/10"}],"replies":[{"embeddable":true,"href":"https:\/\/www.millboard.com\/fr-fr\/wp-json\/wp\/v2\/comments?post=506"}],"version-history":[{"count":4,"href":"https:\/\/www.millboard.com\/fr-fr\/wp-json\/wp\/v2\/pages\/506\/revisions"}],"predecessor-version":[{"id":11269,"href":"https:\/\/www.millboard.com\/fr-fr\/wp-json\/wp\/v2\/pages\/506\/revisions\/11269"}],"up":[{"embeddable":true,"href":"https:\/\/www.millboard.com\/fr-fr\/wp-json\/wp\/v2\/pages\/772"}],"wp:attachment":[{"href":"https:\/\/www.millboard.com\/fr-fr\/wp-json\/wp\/v2\/media?parent=506"}],"curies":[{"name":"wp","href":"https:\/\/api.w.org\/{rel}","templated":true}]}}