{"id":508,"date":"2026-01-05T11:09:06","date_gmt":"2026-01-05T11:09:06","guid":{"rendered":"https:\/\/www.millboard.com\/en-gb\/?page_id=508"},"modified":"2026-03-26T13:45:21","modified_gmt":"2026-03-26T13:45:21","slug":"declaration-relative-a-la-politique-fiscale-du-groupe","status":"publish","type":"page","link":"https:\/\/www.millboard.com\/fr-fr\/centre-de-confiance\/declaration-relative-a-la-politique-fiscale-du-groupe\/","title":{"rendered":"D\u00e9claration relative \u00e0 la politique fiscale du groupe"},"content":{"rendered":"<header class=\"page-header wp-block alignfull has-brand-1-background-color has-background page-header--type--page has-breadcrumbs\">\n    <div class=\"page-header__inner\">\n                    <!-- Breadcrumbs -->\n            <div class=\"page-header__breadcrumbs\">\n                <nav class=\"breadcrumbs\">\n    <span class=\"breadcrumbs__yoast-wrapper\"><span><a href=\"https:\/\/www.millboard.com\/fr-fr\/\">Home<\/a><\/span><\/span><\/nav>\n            <\/div>\n        \n        <div class=\"page-header__wrapper\">\n            <div class=\"page-header__image-wrapper page-header__image-wrapper--no-image\">\n                            <\/div>\n\n            <div class=\"page-header__content page-header__content--first\">\n                <div class=\"page-header__header\">\n                    \n                                            <h1 class=\"page-header__heading is-style-typestyle-h1\">D\u00e9claration de politique fiscale du groupe<\/h1>\n                                    <\/div>\n\n                            <\/div>\n                <div class=\"page-header__content page-header__content--last\">\n                            \n                \n                            <\/div>\n        <\/div>\n    <\/div>\n\n    <\/header>\n\n    <div class=\"woocommerce-notices-wrapper\"><\/div>\n\n\n<p>Le&nbsp;groupe&nbsp;Elmdene, qui&nbsp;comprend&nbsp;Elmdene Group Ltd (\u00ab Elmdene Group \u00bb), Douglass Joint Holdings Ltd, The Millboard&nbsp;Company&nbsp;Ltd, Millboard&nbsp;Inc, Millboard SAS, Millboard France SAS et Millboard&nbsp;GmbH,&nbsp;s&rsquo;engage&nbsp;\u00e0 payer&nbsp;toutes&nbsp;les taxes&nbsp;dont&nbsp;il&nbsp;est&nbsp;redevable,&nbsp;conform\u00e9ment&nbsp;\u00e0&nbsp;l&rsquo;esprit&nbsp;de&nbsp;toutes&nbsp;les&nbsp;lois&nbsp;fiscales&nbsp;applicables&nbsp;\u00e0&nbsp;ses&nbsp;activit\u00e9s. Nous&nbsp;pensons&nbsp;que&nbsp;le&nbsp;paiement&nbsp;de&nbsp;nos&nbsp;imp\u00f4ts&nbsp;de&nbsp;cette&nbsp;mani\u00e8re&nbsp;est&nbsp;une&nbsp;indication&nbsp;claire&nbsp;de&nbsp;notre&nbsp;engagement&nbsp;en&nbsp;tant&nbsp;que&nbsp;membres&nbsp;responsables&nbsp;de la soci\u00e9t\u00e9 et de&nbsp;notre&nbsp;adh\u00e9sion&nbsp;aux principes du&nbsp;gouvernement.&nbsp;&nbsp;<\/p>\n\n\n\n<p>Nous&nbsp;respecterons&nbsp;notre&nbsp;engagement \u00e0 payer les&nbsp;imp\u00f4ts&nbsp;appropri\u00e9s&nbsp;dont&nbsp;nous&nbsp;sommes&nbsp;redevables&nbsp;en&nbsp;cherchant&nbsp;\u00e0 payer le&nbsp;montant&nbsp;correct, au bon&nbsp;endroit&nbsp;et au bon moment. Pour&nbsp;ce&nbsp;faire, nous&nbsp;veillons&nbsp;\u00e0&nbsp;d\u00e9clarer&nbsp;nos&nbsp;affaires&nbsp;fiscales&nbsp;de mani\u00e8re \u00e0&nbsp;refl\u00e9ter&nbsp;la&nbsp;r\u00e9alit\u00e9&nbsp;\u00e9conomique&nbsp;des transactions&nbsp;que&nbsp;nous&nbsp;effectuons&nbsp;dans le cadre de&nbsp;nos&nbsp;activit\u00e9s&nbsp;commerciales.&nbsp;&nbsp;<\/p>\n\n\n\n<p>Le&nbsp;groupe&nbsp;Elmdene ne&nbsp;cherchera&nbsp;pas \u00e0 abuser des options&nbsp;offertes&nbsp;par les&nbsp;lois&nbsp;fiscales,&nbsp;ni&nbsp;des&nbsp;abattements&nbsp;et&nbsp;all\u00e9gements&nbsp;qu&rsquo;elles&nbsp;pr\u00e9voient. Nous&nbsp;n&rsquo;effectuerons&nbsp;pas&nbsp;non plus&nbsp;de transactions&nbsp;sp\u00e9cifiques&nbsp;dans le seul&nbsp;ou&nbsp;principal but&nbsp;d&rsquo;obtenir&nbsp;des&nbsp;avantages&nbsp;fiscaux&nbsp;dont&nbsp;nous ne&nbsp;pourrions&nbsp;pas&nbsp;b\u00e9n\u00e9ficier&nbsp;autrement&nbsp;compte&nbsp;tenu&nbsp;de la&nbsp;r\u00e9alit\u00e9&nbsp;des&nbsp;activit\u00e9s&nbsp;commerciales&nbsp;que&nbsp;nous&nbsp;exer\u00e7ons.&nbsp;<\/p>\n\n\n\n<p>La soci\u00e9t\u00e9&nbsp;n&rsquo;effectuera&nbsp;jamais&nbsp;sciemment&nbsp;des transactions qui&nbsp;n\u00e9cessiteraient&nbsp;une&nbsp;notification \u00e0&nbsp;l&rsquo;administration&nbsp;fiscale&nbsp;britannique&nbsp;(HM Revenue &amp; Customs)&nbsp;en&nbsp;vertu de la&nbsp;r\u00e9glementation&nbsp;sur la divulgation des&nbsp;m\u00e9canismes&nbsp;d&rsquo;\u00e9vasion&nbsp;fiscale&nbsp;(DOTAS)&nbsp;ni&nbsp;ne&nbsp;participera&nbsp;\u00e0 un arrangement&nbsp;auquel&nbsp;la&nbsp;r\u00e8gle&nbsp;g\u00e9n\u00e9rale&nbsp;anti-abus&nbsp;du&nbsp;Royaume-Uni&nbsp;pourrait&nbsp;raisonnablement&nbsp;s&rsquo;appliquer.&nbsp;<\/p>\n\n\n\n<p>Nous&nbsp;estimons&nbsp;que&nbsp;les&nbsp;paradis&nbsp;fiscaux&nbsp;nuisent&nbsp;au&nbsp;syst\u00e8me&nbsp;fiscal&nbsp;britannique. Par&nbsp;cons\u00e9quent,&nbsp;m\u00eame&nbsp;si&nbsp;nous&nbsp;pouvons&nbsp;commercer&nbsp;avec des clients et des&nbsp;fournisseurs&nbsp;r\u00e9ellement&nbsp;situ\u00e9s&nbsp;dans des&nbsp;endroits&nbsp;consid\u00e9r\u00e9s&nbsp;comme&nbsp;des&nbsp;paradis&nbsp;fiscaux, nous&nbsp;n&rsquo;utiliserons&nbsp;pas&nbsp;ces&nbsp;endroits&nbsp;pour&nbsp;obtenir&nbsp;un&nbsp;avantage&nbsp;fiscal&nbsp;indu,&nbsp;ni&nbsp;ne&nbsp;tirerons&nbsp;parti&nbsp;du secret&nbsp;dont&nbsp;b\u00e9n\u00e9ficient&nbsp;de&nbsp;nombreuses&nbsp;juridictions&nbsp;de&nbsp;ce&nbsp;type pour les transactions&nbsp;enregistr\u00e9es&nbsp;sur&nbsp;leur&nbsp;territoire.&nbsp;<\/p>\n\n\n\n<p>Les&nbsp;comptes&nbsp;du&nbsp;groupe&nbsp;Elmdene&nbsp;seront&nbsp;pr\u00e9par\u00e9s&nbsp;conform\u00e9ment&nbsp;\u00e0&nbsp;cette&nbsp;politique et&nbsp;s&rsquo;efforceront&nbsp;de&nbsp;fournir&nbsp;toutes&nbsp;les&nbsp;informations&nbsp;dont&nbsp;les&nbsp;utilisateurs, y&nbsp;compris&nbsp;les&nbsp;autorit\u00e9s&nbsp;fiscales&nbsp;du&nbsp;Royaume-Uni, des \u00c9tats-Unis, de France et&nbsp;d&rsquo;Allemagne,&nbsp;pourraient&nbsp;avoir&nbsp;besoin&nbsp;pour&nbsp;\u00e9valuer&nbsp;correctement&nbsp;notre&nbsp;situation&nbsp;fiscale.&nbsp;<\/p>\n\n\n\n<p>Le&nbsp;groupe&nbsp;Elmdene a&nbsp;obtenu&nbsp;une&nbsp;certification&nbsp;ind\u00e9pendante&nbsp;de&nbsp;ses&nbsp;affaires&nbsp;fiscales&nbsp;aupr\u00e8s&nbsp;de la&nbsp;Fair&nbsp;Tax&nbsp;Foundation&nbsp;et&nbsp;continuera&nbsp;\u00e0 se&nbsp;soumettre&nbsp;\u00e0 un&nbsp;contr\u00f4le&nbsp;ind\u00e9pendant&nbsp;pertinent&nbsp;afin&nbsp;de&nbsp;v\u00e9rifier&nbsp;le respect de&nbsp;cette&nbsp;politique.&nbsp;<\/p>\n\n\n\n<p><strong>Administrateurs&nbsp;d&rsquo;Elmdene&nbsp;Group Ltd,<\/strong>&nbsp;<\/p>\n\n\n\n<p><strong>novembre\u00a02025<\/strong>\u00a0<\/p>\n","protected":false},"excerpt":{"rendered":"<p>Le&nbsp;groupe&nbsp;Elmdene, qui&nbsp;comprend&nbsp;Elmdene Group Ltd (\u00ab Elmdene Group \u00bb), Douglass Joint Holdings Ltd, The Millboard&nbsp;Company&nbsp;Ltd, Millboard&nbsp;Inc, Millboard SAS, Millboard France SAS&hellip;<\/p>\n","protected":false},"author":10,"featured_media":0,"parent":772,"menu_order":0,"comment_status":"closed","ping_status":"closed","template":"","meta":{"_acf_changed":false,"content-type":"","footnotes":""},"class_list":["post-508","page","type-page","status-publish","hentry"],"acf":[],"yoast_head":"<!-- This site is optimized with the Yoast SEO Premium plugin v27.3 (Yoast SEO v27.3) - https:\/\/yoast.com\/product\/yoast-seo-premium-wordpress\/ -->\n<title>Politique fiscale du groupe<\/title>\n<meta name=\"description\" content=\"Engagement du groupe Elmdene et Millboard en mati\u00e8re de fiscalit\u00e9 responsable : paiement \u00e9quitable des imp\u00f4ts, transparence et certification Fair Tax Foundation.\" \/>\n<meta name=\"robots\" content=\"index, follow, max-snippet:-1, max-image-preview:large, max-video-preview:-1\" \/>\n<link rel=\"canonical\" href=\"https:\/\/www.millboard.com\/fr-fr\/centre-de-confiance\/declaration-relative-a-la-politique-fiscale-du-groupe\/\" \/>\n<meta property=\"og:locale\" content=\"fr_FR\" \/>\n<meta property=\"og:type\" content=\"article\" \/>\n<meta property=\"og:title\" content=\"D\u00e9claration relative \u00e0 la politique fiscale du groupe\" \/>\n<meta property=\"og:description\" content=\"Engagement du groupe Elmdene et Millboard en mati\u00e8re de fiscalit\u00e9 responsable : paiement \u00e9quitable des imp\u00f4ts, transparence et certification Fair Tax Foundation.\" \/>\n<meta property=\"og:url\" content=\"https:\/\/www.millboard.com\/fr-fr\/centre-de-confiance\/declaration-relative-a-la-politique-fiscale-du-groupe\/\" \/>\n<meta property=\"og:site_name\" content=\"FR-FR - Residential\" \/>\n<meta property=\"article:modified_time\" content=\"2026-03-26T13:45:21+00:00\" \/>\n<meta name=\"twitter:card\" content=\"summary_large_image\" \/>\n<meta name=\"twitter:label1\" content=\"Dur\u00e9e de lecture estim\u00e9e\" \/>\n\t<meta name=\"twitter:data1\" content=\"3 minutes\" \/>\n<script type=\"application\/ld+json\" class=\"yoast-schema-graph\">{\"@context\":\"https:\\\/\\\/schema.org\",\"@graph\":[{\"@type\":\"WebPage\",\"@id\":\"https:\\\/\\\/www.millboard.com\\\/fr-fr\\\/centre-de-confiance\\\/declaration-relative-a-la-politique-fiscale-du-groupe\\\/\",\"url\":\"https:\\\/\\\/www.millboard.com\\\/fr-fr\\\/centre-de-confiance\\\/declaration-relative-a-la-politique-fiscale-du-groupe\\\/\",\"name\":\"Politique fiscale du groupe\",\"isPartOf\":{\"@id\":\"https:\\\/\\\/www.millboard.com\\\/fr-fr\\\/#website\"},\"datePublished\":\"2026-01-05T11:09:06+00:00\",\"dateModified\":\"2026-03-26T13:45:21+00:00\",\"description\":\"Engagement du groupe Elmdene et Millboard en mati\u00e8re de fiscalit\u00e9 responsable : paiement \u00e9quitable des imp\u00f4ts, transparence et certification Fair Tax Foundation.\",\"breadcrumb\":{\"@id\":\"https:\\\/\\\/www.millboard.com\\\/fr-fr\\\/centre-de-confiance\\\/declaration-relative-a-la-politique-fiscale-du-groupe\\\/#breadcrumb\"},\"inLanguage\":\"fr-FR\",\"potentialAction\":[{\"@type\":\"ReadAction\",\"target\":[\"https:\\\/\\\/www.millboard.com\\\/fr-fr\\\/centre-de-confiance\\\/declaration-relative-a-la-politique-fiscale-du-groupe\\\/\"]}]},{\"@type\":\"BreadcrumbList\",\"@id\":\"https:\\\/\\\/www.millboard.com\\\/fr-fr\\\/centre-de-confiance\\\/declaration-relative-a-la-politique-fiscale-du-groupe\\\/#breadcrumb\",\"itemListElement\":[{\"@type\":\"ListItem\",\"position\":1,\"name\":\"Home\",\"item\":\"https:\\\/\\\/www.millboard.com\\\/fr-fr\\\/\"},{\"@type\":\"ListItem\",\"position\":2,\"name\":\"Confidentialit\u00e9 &amp; S\u00e9curit\u00e9\",\"item\":\"https:\\\/\\\/www.millboard.com\\\/fr-fr\\\/centre-de-confiance\\\/\"},{\"@type\":\"ListItem\",\"position\":3,\"name\":\"D\u00e9claration relative \u00e0 la politique fiscale du groupe\"}]},{\"@type\":\"WebSite\",\"@id\":\"https:\\\/\\\/www.millboard.com\\\/fr-fr\\\/#website\",\"url\":\"https:\\\/\\\/www.millboard.com\\\/fr-fr\\\/\",\"name\":\"FR-FR - Residential\",\"description\":\"Vivre. La Vie. A l&#039;Ext\u00e9rieur.\",\"potentialAction\":[{\"@type\":\"SearchAction\",\"target\":{\"@type\":\"EntryPoint\",\"urlTemplate\":\"https:\\\/\\\/www.millboard.com\\\/fr-fr\\\/?s={search_term_string}\"},\"query-input\":{\"@type\":\"PropertyValueSpecification\",\"valueRequired\":true,\"valueName\":\"search_term_string\"}}],\"inLanguage\":\"fr-FR\"}]}<\/script>\n<!-- \/ Yoast SEO Premium plugin. -->","yoast_head_json":{"title":"Politique fiscale du groupe","description":"Engagement du groupe Elmdene et Millboard en mati\u00e8re de fiscalit\u00e9 responsable : paiement \u00e9quitable des imp\u00f4ts, transparence et certification Fair Tax Foundation.","robots":{"index":"index","follow":"follow","max-snippet":"max-snippet:-1","max-image-preview":"max-image-preview:large","max-video-preview":"max-video-preview:-1"},"canonical":"https:\/\/www.millboard.com\/fr-fr\/centre-de-confiance\/declaration-relative-a-la-politique-fiscale-du-groupe\/","og_locale":"fr_FR","og_type":"article","og_title":"D\u00e9claration relative \u00e0 la politique fiscale du groupe","og_description":"Engagement du groupe Elmdene et Millboard en mati\u00e8re de fiscalit\u00e9 responsable : paiement \u00e9quitable des imp\u00f4ts, transparence et certification Fair Tax Foundation.","og_url":"https:\/\/www.millboard.com\/fr-fr\/centre-de-confiance\/declaration-relative-a-la-politique-fiscale-du-groupe\/","og_site_name":"FR-FR - Residential","article_modified_time":"2026-03-26T13:45:21+00:00","twitter_card":"summary_large_image","twitter_misc":{"Dur\u00e9e de lecture estim\u00e9e":"3 minutes"},"schema":{"@context":"https:\/\/schema.org","@graph":[{"@type":"WebPage","@id":"https:\/\/www.millboard.com\/fr-fr\/centre-de-confiance\/declaration-relative-a-la-politique-fiscale-du-groupe\/","url":"https:\/\/www.millboard.com\/fr-fr\/centre-de-confiance\/declaration-relative-a-la-politique-fiscale-du-groupe\/","name":"Politique fiscale du groupe","isPartOf":{"@id":"https:\/\/www.millboard.com\/fr-fr\/#website"},"datePublished":"2026-01-05T11:09:06+00:00","dateModified":"2026-03-26T13:45:21+00:00","description":"Engagement du groupe Elmdene et Millboard en mati\u00e8re de fiscalit\u00e9 responsable : paiement \u00e9quitable des imp\u00f4ts, transparence et certification Fair Tax Foundation.","breadcrumb":{"@id":"https:\/\/www.millboard.com\/fr-fr\/centre-de-confiance\/declaration-relative-a-la-politique-fiscale-du-groupe\/#breadcrumb"},"inLanguage":"fr-FR","potentialAction":[{"@type":"ReadAction","target":["https:\/\/www.millboard.com\/fr-fr\/centre-de-confiance\/declaration-relative-a-la-politique-fiscale-du-groupe\/"]}]},{"@type":"BreadcrumbList","@id":"https:\/\/www.millboard.com\/fr-fr\/centre-de-confiance\/declaration-relative-a-la-politique-fiscale-du-groupe\/#breadcrumb","itemListElement":[{"@type":"ListItem","position":1,"name":"Home","item":"https:\/\/www.millboard.com\/fr-fr\/"},{"@type":"ListItem","position":2,"name":"Confidentialit\u00e9 &amp; S\u00e9curit\u00e9","item":"https:\/\/www.millboard.com\/fr-fr\/centre-de-confiance\/"},{"@type":"ListItem","position":3,"name":"D\u00e9claration relative \u00e0 la politique fiscale du groupe"}]},{"@type":"WebSite","@id":"https:\/\/www.millboard.com\/fr-fr\/#website","url":"https:\/\/www.millboard.com\/fr-fr\/","name":"FR-FR - Residential","description":"Vivre. La Vie. A l&#039;Ext\u00e9rieur.","potentialAction":[{"@type":"SearchAction","target":{"@type":"EntryPoint","urlTemplate":"https:\/\/www.millboard.com\/fr-fr\/?s={search_term_string}"},"query-input":{"@type":"PropertyValueSpecification","valueRequired":true,"valueName":"search_term_string"}}],"inLanguage":"fr-FR"}]}},"_links":{"self":[{"href":"https:\/\/www.millboard.com\/fr-fr\/wp-json\/wp\/v2\/pages\/508","targetHints":{"allow":["GET"]}}],"collection":[{"href":"https:\/\/www.millboard.com\/fr-fr\/wp-json\/wp\/v2\/pages"}],"about":[{"href":"https:\/\/www.millboard.com\/fr-fr\/wp-json\/wp\/v2\/types\/page"}],"author":[{"embeddable":true,"href":"https:\/\/www.millboard.com\/fr-fr\/wp-json\/wp\/v2\/users\/10"}],"replies":[{"embeddable":true,"href":"https:\/\/www.millboard.com\/fr-fr\/wp-json\/wp\/v2\/comments?post=508"}],"version-history":[{"count":3,"href":"https:\/\/www.millboard.com\/fr-fr\/wp-json\/wp\/v2\/pages\/508\/revisions"}],"predecessor-version":[{"id":11267,"href":"https:\/\/www.millboard.com\/fr-fr\/wp-json\/wp\/v2\/pages\/508\/revisions\/11267"}],"up":[{"embeddable":true,"href":"https:\/\/www.millboard.com\/fr-fr\/wp-json\/wp\/v2\/pages\/772"}],"wp:attachment":[{"href":"https:\/\/www.millboard.com\/fr-fr\/wp-json\/wp\/v2\/media?parent=508"}],"curies":[{"name":"wp","href":"https:\/\/api.w.org\/{rel}","templated":true}]}}