{"id":555,"date":"2026-01-05T12:19:18","date_gmt":"2026-01-05T12:19:18","guid":{"rendered":"https:\/\/www.millboard.com\/en-gb\/?page_id=555"},"modified":"2026-03-26T13:45:35","modified_gmt":"2026-03-26T13:45:35","slug":"garanties","status":"publish","type":"page","link":"https:\/\/www.millboard.com\/fr-fr\/centre-de-confiance\/garanties\/","title":{"rendered":"Garanties"},"content":{"rendered":"<header class=\"page-header wp-block alignfull has-brand-1-background-color has-background page-header--type--page has-breadcrumbs\">\n    <div class=\"page-header__inner\">\n                    <!-- Breadcrumbs -->\n            <div class=\"page-header__breadcrumbs\">\n                <nav class=\"breadcrumbs\">\n    <span class=\"breadcrumbs__yoast-wrapper\"><span><a href=\"https:\/\/www.millboard.com\/fr-fr\/\">Home<\/a><\/span><\/span><\/nav>\n            <\/div>\n        \n        <div class=\"page-header__wrapper\">\n            <div class=\"page-header__image-wrapper page-header__image-wrapper--no-image\">\n                            <\/div>\n\n            <div class=\"page-header__content page-header__content--first\">\n                <div class=\"page-header__header\">\n                    \n                                            <h1 class=\"page-header__heading is-style-typestyle-h1\">Enregistrement de la Garantie Structurelle Limit\u00e9e<\/h1>\n                                    <\/div>\n\n                            <\/div>\n                <div class=\"page-header__content page-header__content--last\">\n                                                <div class=\"page-header__description\">\n                        <p>Chez Millboard, nous\u00a0savons\u00a0que\u00a0seul le\u00a0meilleur\u00a0est acceptable.\u00a0C\u2019est\u00a0pourquoi\u00a0nos\u00a0produits\u00a0de terrasse et de\u00a0bardage\u00a0sont\u00a0fabriqu\u00e9s\u00a0selon\u00a0les\u00a0normes\u00a0les plus\u00a0strictes. Notre\u00a0Garantie\u00a0Limit\u00e9e\u00a0vous\u00a0offre\u00a0la\u00a0tranquillit\u00e9\u00a0d\u2019esprit :\u00a0nous\u00a0soutenons\u00a0pleinement\u00a0la\u00a0qualit\u00e9\u00a0de\u00a0nos\u00a0produits\u00a0et serons \u00e0\u00a0vos\u00a0c\u00f4t\u00e9s\u00a0en\u00a0cas\u00a0de\u00a0probl\u00e8me.<\/p>\n                    <\/div>\n                \n                \n                            <\/div>\n        <\/div>\n    <\/div>\n\n    <\/header>\n\n    <div class=\"woocommerce-notices-wrapper\"><\/div>\n\n\n<p><strong>Enregistrement&nbsp;de la&nbsp;Garantie&nbsp;Structurelle&nbsp;Limit\u00e9e&nbsp;<\/strong><\/p>\n\n\n\n<p>Si vous&nbsp;enregistrez&nbsp;des lames de terrasse Millboard, des&nbsp;chats flexibles&nbsp;ou&nbsp;des&nbsp;contremarches, nous vous&nbsp;d\u00e9livrerons&nbsp;soit&nbsp;une&nbsp;<strong>Garantie&nbsp;Structurelle&nbsp;Limit\u00e9e&nbsp;de 25&nbsp;ans<\/strong>&nbsp;pour les&nbsp;environnements&nbsp;r\u00e9sidentiels,&nbsp;soit&nbsp;une&nbsp;<strong>Garantie&nbsp;Structurelle&nbsp;Limit\u00e9e&nbsp;de 10&nbsp;ans<\/strong>&nbsp;pour les applications&nbsp;commerciales.&nbsp;<\/p>\n\n\n\n<p>L\u2019enregistrement&nbsp;doit&nbsp;\u00eatre&nbsp;effectu\u00e9&nbsp;<strong>dans les 90&nbsp;jours&nbsp;suivant&nbsp;l\u2019achat<\/strong>, et vous&nbsp;devez&nbsp;vous assurer&nbsp;que&nbsp;nos&nbsp;fixations&nbsp;<strong>Durafix\u00ae<\/strong>&nbsp;ont&nbsp;\u00e9t\u00e9&nbsp;utilis\u00e9es&nbsp;pour fixer la terrasse \u00e0 la sous-structure.&nbsp;<\/p>\n\n\n\n<p>Si vous&nbsp;enregistrez&nbsp;des&nbsp;produits&nbsp;<strong>Millboard&nbsp;Envello<\/strong>&nbsp;de&nbsp;notre&nbsp;gamme&nbsp;de&nbsp;bardage, nous vous&nbsp;d\u00e9livrerons&nbsp;une&nbsp;<strong>Garantie&nbsp;Structurelle&nbsp;Limit\u00e9e&nbsp;de 15 ans<\/strong>. Cet&nbsp;enregistrement&nbsp;doit&nbsp;\u00e9galement&nbsp;\u00eatre&nbsp;r\u00e9alis\u00e9&nbsp;<strong>dans les 90&nbsp;jours&nbsp;suivant&nbsp;l\u2019achat<\/strong>.&nbsp;<\/p>\n\n\n\n<p>Consultez&nbsp;ici&nbsp;la&nbsp;<strong>Garantie&nbsp;Structurelle&nbsp;Limit\u00e9e&nbsp;de 15&nbsp;ans&nbsp;pour le&nbsp;bardage<\/strong>.&nbsp;<\/p>\n\n\n\n<p>Veuillez&nbsp;conserver&nbsp;une&nbsp;copie&nbsp;de&nbsp;votre&nbsp;preuve&nbsp;d\u2019achat&nbsp;pour&nbsp;votre&nbsp;produit&nbsp;Millboard.&nbsp;<\/p>\n\n\n<div class=\"gravity-forms wp-block alignfull has-background has-brand-6-background-color\" gravity-forms wp-block alignfull has-background has-brand-6-background-color>\n    <div class=\"gravity-forms__inner\">\n        <div class=\"gravity-forms__grid\">\n            <div class=\"gravity-forms__column gravity-forms__column--content\">\n                <div class=\"gravity-forms__header\">\n                                        \n                                            <h2 id=\"enregistrement-de-la-garantie-structurelle-limitee\" class=\"gravity-forms__heading\">\n                            Enregistrement de la Garantie Structurelle Limit\u00e9e                         <\/h2>\n                    \n                                    <\/div>\n            <\/div>\n\n            <div class=\"gravity-forms__column gravity-forms__column--form\">\n                                                    <div class=\"gravity-forms__form\">\n                        <script charset=\"utf-8\" type=\"text\/javascript\" src=\"\/\/js-eu1.hsforms.net\/forms\/embed\/v2.js\"><\/script>\r\n<script>\r\n  hbspt.forms.create({\r\n    portalId: \"26853518\",\r\n    formId: \"83fc0e5d-f099-45af-a46d-0d58674b279b\",\r\n    region: \"eu1\"\r\n  });\r\n<\/script>                    <\/div>\n                            <\/div>\n        <\/div>\n    <\/div>\n<\/div>\n\n\n\n<p><\/p>\n","protected":false},"excerpt":{"rendered":"<p>Enregistrement&nbsp;de la&nbsp;Garantie&nbsp;Structurelle&nbsp;Limit\u00e9e&nbsp; Si vous&nbsp;enregistrez&nbsp;des lames de terrasse Millboard, des&nbsp;chats flexibles&nbsp;ou&nbsp;des&nbsp;contremarches, nous vous&nbsp;d\u00e9livrerons&nbsp;soit&nbsp;une&nbsp;Garantie&nbsp;Structurelle&nbsp;Limit\u00e9e&nbsp;de 25&nbsp;ans&nbsp;pour les&nbsp;environnements&nbsp;r\u00e9sidentiels,&nbsp;soit&nbsp;une&nbsp;Garantie&nbsp;Structurelle&nbsp;Limit\u00e9e&nbsp;de 10&nbsp;ans&nbsp;pour les applications&nbsp;commerciales.&nbsp; L\u2019enregistrement&nbsp;doit&nbsp;\u00eatre&nbsp;effectu\u00e9&nbsp;dans les 90&nbsp;jours&nbsp;suivant&nbsp;l\u2019achat,&hellip;<\/p>\n","protected":false},"author":10,"featured_media":0,"parent":772,"menu_order":0,"comment_status":"closed","ping_status":"closed","template":"","meta":{"_acf_changed":false,"content-type":"","footnotes":""},"class_list":["post-555","page","type-page","status-publish","hentry"],"acf":[],"yoast_head":"<!-- This site is optimized with the Yoast SEO Premium plugin v27.3 (Yoast SEO v27.3) - https:\/\/yoast.com\/product\/yoast-seo-premium-wordpress\/ -->\n<title>Garantie structurelle terrasse &amp; bardage composite<\/title>\n<meta name=\"description\" content=\"Garantie Millboard : 25 ans r\u00e9sidentiel, 10 ans commercial pour les terrasses, 15 ans pour le bardage Envello. \u00c0 enregistrer dans les 90 jours suivant la pose.\" \/>\n<meta name=\"robots\" content=\"index, follow, max-snippet:-1, max-image-preview:large, max-video-preview:-1\" \/>\n<link rel=\"canonical\" href=\"https:\/\/www.millboard.com\/fr-fr\/centre-de-confiance\/garanties\/\" \/>\n<meta property=\"og:locale\" content=\"fr_FR\" \/>\n<meta property=\"og:type\" content=\"article\" \/>\n<meta property=\"og:title\" content=\"Garanties\" \/>\n<meta property=\"og:description\" content=\"Garantie Millboard : 25 ans r\u00e9sidentiel, 10 ans commercial pour les terrasses, 15 ans pour le bardage Envello. \u00c0 enregistrer dans les 90 jours suivant la pose.\" \/>\n<meta property=\"og:url\" content=\"https:\/\/www.millboard.com\/fr-fr\/centre-de-confiance\/garanties\/\" \/>\n<meta property=\"og:site_name\" content=\"FR-FR - Residential\" \/>\n<meta property=\"article:modified_time\" content=\"2026-03-26T13:45:35+00:00\" \/>\n<meta name=\"twitter:card\" content=\"summary_large_image\" \/>\n<meta name=\"twitter:label1\" content=\"Dur\u00e9e de lecture estim\u00e9e\" \/>\n\t<meta name=\"twitter:data1\" content=\"1 minute\" \/>\n<script type=\"application\/ld+json\" class=\"yoast-schema-graph\">{\"@context\":\"https:\\\/\\\/schema.org\",\"@graph\":[{\"@type\":\"WebPage\",\"@id\":\"https:\\\/\\\/www.millboard.com\\\/fr-fr\\\/centre-de-confiance\\\/garanties\\\/\",\"url\":\"https:\\\/\\\/www.millboard.com\\\/fr-fr\\\/centre-de-confiance\\\/garanties\\\/\",\"name\":\"Garantie structurelle terrasse & bardage composite\",\"isPartOf\":{\"@id\":\"https:\\\/\\\/www.millboard.com\\\/fr-fr\\\/#website\"},\"datePublished\":\"2026-01-05T12:19:18+00:00\",\"dateModified\":\"2026-03-26T13:45:35+00:00\",\"description\":\"Garantie Millboard : 25 ans r\u00e9sidentiel, 10 ans commercial pour les terrasses, 15 ans pour le bardage Envello. \u00c0 enregistrer dans les 90 jours suivant la pose.\",\"breadcrumb\":{\"@id\":\"https:\\\/\\\/www.millboard.com\\\/fr-fr\\\/centre-de-confiance\\\/garanties\\\/#breadcrumb\"},\"inLanguage\":\"fr-FR\",\"potentialAction\":[{\"@type\":\"ReadAction\",\"target\":[\"https:\\\/\\\/www.millboard.com\\\/fr-fr\\\/centre-de-confiance\\\/garanties\\\/\"]}]},{\"@type\":\"BreadcrumbList\",\"@id\":\"https:\\\/\\\/www.millboard.com\\\/fr-fr\\\/centre-de-confiance\\\/garanties\\\/#breadcrumb\",\"itemListElement\":[{\"@type\":\"ListItem\",\"position\":1,\"name\":\"Home\",\"item\":\"https:\\\/\\\/www.millboard.com\\\/fr-fr\\\/\"},{\"@type\":\"ListItem\",\"position\":2,\"name\":\"Confidentialit\u00e9 &amp; S\u00e9curit\u00e9\",\"item\":\"https:\\\/\\\/www.millboard.com\\\/fr-fr\\\/centre-de-confiance\\\/\"},{\"@type\":\"ListItem\",\"position\":3,\"name\":\"Garanties\"}]},{\"@type\":\"WebSite\",\"@id\":\"https:\\\/\\\/www.millboard.com\\\/fr-fr\\\/#website\",\"url\":\"https:\\\/\\\/www.millboard.com\\\/fr-fr\\\/\",\"name\":\"FR-FR - Residential\",\"description\":\"Vivre. La Vie. A l&#039;Ext\u00e9rieur.\",\"potentialAction\":[{\"@type\":\"SearchAction\",\"target\":{\"@type\":\"EntryPoint\",\"urlTemplate\":\"https:\\\/\\\/www.millboard.com\\\/fr-fr\\\/?s={search_term_string}\"},\"query-input\":{\"@type\":\"PropertyValueSpecification\",\"valueRequired\":true,\"valueName\":\"search_term_string\"}}],\"inLanguage\":\"fr-FR\"}]}<\/script>\n<!-- \/ Yoast SEO Premium plugin. -->","yoast_head_json":{"title":"Garantie structurelle terrasse & bardage composite","description":"Garantie Millboard : 25 ans r\u00e9sidentiel, 10 ans commercial pour les terrasses, 15 ans pour le bardage Envello. \u00c0 enregistrer dans les 90 jours suivant la pose.","robots":{"index":"index","follow":"follow","max-snippet":"max-snippet:-1","max-image-preview":"max-image-preview:large","max-video-preview":"max-video-preview:-1"},"canonical":"https:\/\/www.millboard.com\/fr-fr\/centre-de-confiance\/garanties\/","og_locale":"fr_FR","og_type":"article","og_title":"Garanties","og_description":"Garantie Millboard : 25 ans r\u00e9sidentiel, 10 ans commercial pour les terrasses, 15 ans pour le bardage Envello. \u00c0 enregistrer dans les 90 jours suivant la pose.","og_url":"https:\/\/www.millboard.com\/fr-fr\/centre-de-confiance\/garanties\/","og_site_name":"FR-FR - Residential","article_modified_time":"2026-03-26T13:45:35+00:00","twitter_card":"summary_large_image","twitter_misc":{"Dur\u00e9e de lecture estim\u00e9e":"1 minute"},"schema":{"@context":"https:\/\/schema.org","@graph":[{"@type":"WebPage","@id":"https:\/\/www.millboard.com\/fr-fr\/centre-de-confiance\/garanties\/","url":"https:\/\/www.millboard.com\/fr-fr\/centre-de-confiance\/garanties\/","name":"Garantie structurelle terrasse & bardage composite","isPartOf":{"@id":"https:\/\/www.millboard.com\/fr-fr\/#website"},"datePublished":"2026-01-05T12:19:18+00:00","dateModified":"2026-03-26T13:45:35+00:00","description":"Garantie Millboard : 25 ans r\u00e9sidentiel, 10 ans commercial pour les terrasses, 15 ans pour le bardage Envello. \u00c0 enregistrer dans les 90 jours suivant la pose.","breadcrumb":{"@id":"https:\/\/www.millboard.com\/fr-fr\/centre-de-confiance\/garanties\/#breadcrumb"},"inLanguage":"fr-FR","potentialAction":[{"@type":"ReadAction","target":["https:\/\/www.millboard.com\/fr-fr\/centre-de-confiance\/garanties\/"]}]},{"@type":"BreadcrumbList","@id":"https:\/\/www.millboard.com\/fr-fr\/centre-de-confiance\/garanties\/#breadcrumb","itemListElement":[{"@type":"ListItem","position":1,"name":"Home","item":"https:\/\/www.millboard.com\/fr-fr\/"},{"@type":"ListItem","position":2,"name":"Confidentialit\u00e9 &amp; S\u00e9curit\u00e9","item":"https:\/\/www.millboard.com\/fr-fr\/centre-de-confiance\/"},{"@type":"ListItem","position":3,"name":"Garanties"}]},{"@type":"WebSite","@id":"https:\/\/www.millboard.com\/fr-fr\/#website","url":"https:\/\/www.millboard.com\/fr-fr\/","name":"FR-FR - Residential","description":"Vivre. La Vie. A l&#039;Ext\u00e9rieur.","potentialAction":[{"@type":"SearchAction","target":{"@type":"EntryPoint","urlTemplate":"https:\/\/www.millboard.com\/fr-fr\/?s={search_term_string}"},"query-input":{"@type":"PropertyValueSpecification","valueRequired":true,"valueName":"search_term_string"}}],"inLanguage":"fr-FR"}]}},"_links":{"self":[{"href":"https:\/\/www.millboard.com\/fr-fr\/wp-json\/wp\/v2\/pages\/555","targetHints":{"allow":["GET"]}}],"collection":[{"href":"https:\/\/www.millboard.com\/fr-fr\/wp-json\/wp\/v2\/pages"}],"about":[{"href":"https:\/\/www.millboard.com\/fr-fr\/wp-json\/wp\/v2\/types\/page"}],"author":[{"embeddable":true,"href":"https:\/\/www.millboard.com\/fr-fr\/wp-json\/wp\/v2\/users\/10"}],"replies":[{"embeddable":true,"href":"https:\/\/www.millboard.com\/fr-fr\/wp-json\/wp\/v2\/comments?post=555"}],"version-history":[{"count":6,"href":"https:\/\/www.millboard.com\/fr-fr\/wp-json\/wp\/v2\/pages\/555\/revisions"}],"predecessor-version":[{"id":11276,"href":"https:\/\/www.millboard.com\/fr-fr\/wp-json\/wp\/v2\/pages\/555\/revisions\/11276"}],"up":[{"embeddable":true,"href":"https:\/\/www.millboard.com\/fr-fr\/wp-json\/wp\/v2\/pages\/772"}],"wp:attachment":[{"href":"https:\/\/www.millboard.com\/fr-fr\/wp-json\/wp\/v2\/media?parent=555"}],"curies":[{"name":"wp","href":"https:\/\/api.w.org\/{rel}","templated":true}]}}