{"id":560,"date":"2026-01-05T12:27:07","date_gmt":"2026-01-05T12:27:07","guid":{"rendered":"https:\/\/www.millboard.com\/en-gb\/?page_id=560"},"modified":"2026-03-26T14:03:43","modified_gmt":"2026-03-26T14:03:43","slug":"sous-chassis-foire-aux-questions","status":"publish","type":"page","link":"https:\/\/www.millboard.com\/fr-fr\/sous-chassis-foire-aux-questions\/","title":{"rendered":"Sous-ch\u00e2ssis FAQs"},"content":{"rendered":"<header class=\"page-header wp-block alignfull has-brand-1-background-color has-background page-header--type--page has-breadcrumbs\">\n    <div class=\"page-header__inner\">\n                    <!-- Breadcrumbs -->\n            <div class=\"page-header__breadcrumbs\">\n                <nav class=\"breadcrumbs\">\n    <span class=\"breadcrumbs__yoast-wrapper\"><span><a href=\"https:\/\/www.millboard.com\/fr-fr\/\">Home<\/a><\/span><\/span><\/nav>\n            <\/div>\n        \n        <div class=\"page-header__wrapper\">\n            <div class=\"page-header__image-wrapper page-header__image-wrapper--no-image\">\n                            <\/div>\n\n            <div class=\"page-header__content page-header__content--first\">\n                <div class=\"page-header__header\">\n                    \n                                            <h1 class=\"page-header__heading is-style-typestyle-h1\">FAQ \u2013 Structures \/ Chassis<\/h1>\n                                    <\/div>\n\n                            <\/div>\n                <div class=\"page-header__content page-header__content--last\">\n                                                <div class=\"page-header__description\">\n                        <p>Une compilation des questions fr\u00e9quemment pos\u00e9es au sujet de nos sous-cadres Millboard.<\/p>\n                    <\/div>\n                \n                \n                            <\/div>\n        <\/div>\n    <\/div>\n\n    <\/header>\n\n    <div class=\"woocommerce-notices-wrapper\"><\/div>\n\n<section data-allow-multiple=\"false\" class=\"accordion wp-block alignfull\">\n    <div class=\"accordion__inner\">\n\n        <div class=\"accordion__header\">\n\n            \n            \n            \n            \n        <\/div>\n\n        <div class=\"accordion__items\">\n<div class=\"accordion__item wp-block\">\n    <button aria-expanded=\"true\" aria-controls=\"accordion-panel-1\" type=\"button\" class=\"accordion__item__trigger js-accordion-button\" id=\"faq-structures-chassis\"><h3 class=\"accordion__item__heading\">FAQ \u2013 Structures \/ Chassis<\/h3><\/button>\n\n    <div id=\"accordion-panel-1\" class=\"accordion__item__panel js-expandable-element\" aria-labelledby=\"faq-structures-chassis\">\n        <div class=\"accordion__item__panel__inner\">\n            <p>Le\u00a0compagnon\u00a0id\u00e9al\u00a0de\u00a0nos\u00a0terrasses composites tout temps est\u00a0notre\u00a0syst\u00e8me\u00a0de structure\u00a0DuoSpan.<\/p>\n<p>DuoSpan\u00a0combine la\u00a0solidit\u00e9\u00a0de\u00a0l\u2019aluminium\u00a0avec la\u00a0flexibilit\u00e9\u00a0de conception du plastique\u00a0recycl\u00e9. Cette\u00a0combinaison\u00a0permet\u00a0des\u00a0possibilit\u00e9s\u00a0de design\u00a0uniques\u00a0pour les terrasses et structures\u00a0ext\u00e9rieures, impossibles \u00e0\u00a0r\u00e9aliser\u00a0avec la\u00a0plupart\u00a0des structures\u00a0conventionnelles.\u00a0Gr\u00e2ce\u00a0\u00e0\u00a0sa\u00a0durabilit\u00e9\u00a0remarquable\u00a0et \u00e0\u00a0sa\u00a0grande\u00a0facilit\u00e9\u00a0d\u2019installation,\u00a0DuoSpan\u00a0constitue\u00a0la sous-structure\u00a0parfaite\u00a0pour les terrasses Millboard,\u00a0ainsi\u00a0qu\u2019un\u00a0syst\u00e8me\u00a0de support\u00a0universel\u00a0pour\u00a0d\u2019autres\u00a0rev\u00eatements\u00a0ext\u00e9rieurs. Son\u00a0ing\u00e9nieuse\u00a0conception\u00a0int\u00e8gre\u00a0de multiples\u00a0fonctionnalit\u00e9s\u00a0qui\u00a0rendent\u00a0presque\u00a0impossible toute\u00a0erreur\u00a0de montage.<\/p>\n\n                    <\/div>\n    <\/div>\n<\/div>\n\n\n<div class=\"accordion__item wp-block\">\n    <button aria-expanded=\"false\" aria-controls=\"accordion-panel-2\" type=\"button\" class=\"accordion__item__trigger js-accordion-button\" id=\"quelle-est-la-difference-entre-des-solives-en-bois-et-les-solives-duospan-ou-plas-pro\"><h3 class=\"accordion__item__heading\">Quelle est la diff\u00e9rence entre des solives en bois et les solives DuoSpan ou Plas-Pro ?<\/h3><\/button>\n\n    <div id=\"accordion-panel-2\" class=\"accordion__item__panel js-expandable-element\" aria-labelledby=\"quelle-est-la-difference-entre-des-solives-en-bois-et-les-solives-duospan-ou-plas-pro\" hidden=\"true\" aria-hidden=\"true\">\n        <div class=\"accordion__item__panel__inner\">\n            <p>Le\u00a0bois\u00a0est le\u00a0mat\u00e9riau\u00a0de sous-structure le plus\u00a0couramment\u00a0utilis\u00e9.\u00a0Cependant, il ne\u00a0performe\u00a0correctement\u00a0que\u00a0dans des conditions\u00a0id\u00e9ales\u00a0et \u00e0 condition\u00a0que\u00a0les\u00a0\u00e9l\u00e9ments\u00a0coup\u00e9s\u00a0soient\u00a0r\u00e9guli\u00e8rement\u00a0retrait\u00e9s.\u00a0Lorsque\u00a0le\u00a0bois\u00a0est\u00a0en\u00a0contact direct avec le sol\u00a0ou\u00a0b\u00e9n\u00e9ficie\u00a0d\u2019une\u00a0faible\u00a0circulation\u00a0d\u2019air,\u00a0sa\u00a0dur\u00e9e de vie\u00a0peut\u00a0\u00eatre\u00a0consid\u00e9rablement\u00a0r\u00e9duite.<\/p>\n<p>Nous\u00a0recommandons\u00a0d\u2019utiliser\u00a0notre\u00a0syst\u00e8me\u00a0innovant\u00a0DuoSpan\u00a0ou\u00a0Plas-Pro\u00a0afin\u00a0d\u2019obtenir\u00a0une\u00a0solution qui ne\u00a0pourrit\u00a0pas.<\/p>\n<p>Lorsque vous utilisez\u00a0Plas-Pro comme alternative au bois, veuillez noter que les port\u00e9es structurelles ne sont pas \u00e9quivalentes. Reportez-vous aux brochures et guides d\u2019installation\u00a0Plas-Pro pour plus de d\u00e9tails. En cas de doute, contactez notre \u00e9quipe technique \u00e0 l\u2019adresse :\u00a0technique@millboard.com<\/p>\n\n                    <\/div>\n    <\/div>\n<\/div>\n\n\n<div class=\"accordion__item wp-block\">\n    <button aria-expanded=\"false\" aria-controls=\"accordion-panel-3\" type=\"button\" class=\"accordion__item__trigger js-accordion-button\" id=\"quelle-est-la-difference-entre-duospan-et-plas-pro\"><h3 class=\"accordion__item__heading\">Quelle est la diff\u00e9rence entre DuoSpan et Plas-Pro ?<\/h3><\/button>\n\n    <div id=\"accordion-panel-3\" class=\"accordion__item__panel js-expandable-element\" aria-labelledby=\"quelle-est-la-difference-entre-duospan-et-plas-pro\" hidden=\"true\" aria-hidden=\"true\">\n        <div class=\"accordion__item__panel__inner\">\n            <p>DuoSpan associe la r\u00e9sistance de l\u2019aluminium \u00e0 la flexibilit\u00e9 du plastique recycl\u00e9. Le r\u00e9sultat : un syst\u00e8me offrant une installation extr\u00eamement simple, une solidit\u00e9 exceptionnelle et une durabilit\u00e9 remarquable. DuoSpan a \u00e9t\u00e9 con\u00e7u par des professionnels du secteur pour \u00eatre conforme \u00e0 l\u2019Eurocode 1 : Actions sur les structures (BS EN 1991-1-1). Le syst\u00e8me a \u00e9t\u00e9 \u00e9valu\u00e9 pour les charges ponctuelles, tant en usage r\u00e9sidentiel que commercial, ce qui le rend adapt\u00e9 \u00e0 une large gamme d\u2019applications.<\/p>\n<p>Il existe toutefois des situations o\u00f9 les \u00e9l\u00e9ments de la gamme Plas-Pro peuvent \u00eatre plus adapt\u00e9s que DuoSpan, par exemple pour la fabrication de mobilier ou dans des environnements humides\/marins. Fabriqu\u00e9s au Royaume-Uni \u00e0 partir de plastique 100% recycl\u00e9, ces \u00e9l\u00e9ments ne subissent jamais d\u2019attaques d\u2019insectes ni de pourrissement. Ils sont con\u00e7us pour offrir long\u00e9vit\u00e9 et fiabilit\u00e9.<\/p>\n\n                    <\/div>\n    <\/div>\n<\/div>\n\n<\/div>\n    <\/div>\n<\/section>\n\n\n\n<p><\/p>\n","protected":false},"excerpt":{"rendered":"","protected":false},"author":10,"featured_media":0,"parent":0,"menu_order":0,"comment_status":"closed","ping_status":"closed","template":"","meta":{"_acf_changed":false,"content-type":"","footnotes":""},"class_list":["post-560","page","type-page","status-publish","hentry"],"acf":[],"yoast_head":"<!-- This site is optimized with the Yoast SEO Premium plugin v27.3 (Yoast SEO v27.3) - https:\/\/yoast.com\/product\/yoast-seo-premium-wordpress\/ -->\n<title>FAQ sous-ch\u00e2ssis terrasse composite<\/title>\n<meta name=\"description\" content=\"FAQ sous-ch\u00e2ssis Millboard : diff\u00e9rences entre DuoSpan, Plas-Pro et bois, port\u00e9es structurelles, installation et choix selon votre projet.\" \/>\n<meta name=\"robots\" content=\"index, follow, max-snippet:-1, max-image-preview:large, max-video-preview:-1\" \/>\n<link rel=\"canonical\" href=\"https:\/\/www.millboard.com\/fr-fr\/sous-chassis-foire-aux-questions\/\" \/>\n<meta property=\"og:locale\" content=\"fr_FR\" \/>\n<meta property=\"og:type\" content=\"article\" \/>\n<meta property=\"og:title\" content=\"Sous-ch\u00e2ssis FAQs\" \/>\n<meta property=\"og:description\" content=\"FAQ sous-ch\u00e2ssis Millboard : diff\u00e9rences entre DuoSpan, Plas-Pro et bois, port\u00e9es structurelles, installation et choix selon votre projet.\" \/>\n<meta property=\"og:url\" content=\"https:\/\/www.millboard.com\/fr-fr\/sous-chassis-foire-aux-questions\/\" \/>\n<meta property=\"og:site_name\" content=\"FR-FR - Residential\" \/>\n<meta property=\"article:modified_time\" content=\"2026-03-26T14:03:43+00:00\" \/>\n<meta name=\"twitter:card\" content=\"summary_large_image\" \/>\n<meta name=\"twitter:label1\" content=\"Dur\u00e9e de lecture estim\u00e9e\" \/>\n\t<meta name=\"twitter:data1\" content=\"1 minute\" \/>\n<script type=\"application\/ld+json\" class=\"yoast-schema-graph\">{\"@context\":\"https:\\\/\\\/schema.org\",\"@graph\":[{\"@type\":[\"WebPage\",\"FAQPage\"],\"@id\":\"https:\\\/\\\/www.millboard.com\\\/fr-fr\\\/sous-chassis-foire-aux-questions\\\/\",\"url\":\"https:\\\/\\\/www.millboard.com\\\/fr-fr\\\/sous-chassis-foire-aux-questions\\\/\",\"name\":\"FAQ sous-ch\u00e2ssis terrasse composite\",\"isPartOf\":{\"@id\":\"https:\\\/\\\/www.millboard.com\\\/fr-fr\\\/#website\"},\"datePublished\":\"2026-01-05T12:27:07+00:00\",\"dateModified\":\"2026-03-26T14:03:43+00:00\",\"description\":\"FAQ sous-ch\u00e2ssis Millboard : diff\u00e9rences entre DuoSpan, Plas-Pro et bois, port\u00e9es structurelles, installation et choix selon votre projet.\",\"breadcrumb\":{\"@id\":\"https:\\\/\\\/www.millboard.com\\\/fr-fr\\\/sous-chassis-foire-aux-questions\\\/#breadcrumb\"},\"inLanguage\":\"fr-FR\",\"potentialAction\":[{\"@type\":\"ReadAction\",\"target\":[\"https:\\\/\\\/www.millboard.com\\\/fr-fr\\\/sous-chassis-foire-aux-questions\\\/\"]}]},{\"@type\":\"BreadcrumbList\",\"@id\":\"https:\\\/\\\/www.millboard.com\\\/fr-fr\\\/sous-chassis-foire-aux-questions\\\/#breadcrumb\",\"itemListElement\":[{\"@type\":\"ListItem\",\"position\":1,\"name\":\"Home\",\"item\":\"https:\\\/\\\/www.millboard.com\\\/fr-fr\\\/\"},{\"@type\":\"ListItem\",\"position\":2,\"name\":\"Sous-ch\u00e2ssis FAQs\"}]},{\"@type\":\"WebSite\",\"@id\":\"https:\\\/\\\/www.millboard.com\\\/fr-fr\\\/#website\",\"url\":\"https:\\\/\\\/www.millboard.com\\\/fr-fr\\\/\",\"name\":\"FR-FR - Residential\",\"description\":\"Vivre. La Vie. A l&#039;Ext\u00e9rieur.\",\"potentialAction\":[{\"@type\":\"SearchAction\",\"target\":{\"@type\":\"EntryPoint\",\"urlTemplate\":\"https:\\\/\\\/www.millboard.com\\\/fr-fr\\\/?s={search_term_string}\"},\"query-input\":{\"@type\":\"PropertyValueSpecification\",\"valueRequired\":true,\"valueName\":\"search_term_string\"}}],\"inLanguage\":\"fr-FR\"},{\"@type\":\"Question\",\"@id\":\"https:\\\/\\\/www.millboard.com\\\/fr-fr\\\/sous-chassis-foire-aux-questions\\\/#faq-structures-chassis\",\"position\":1,\"url\":\"https:\\\/\\\/www.millboard.com\\\/fr-fr\\\/sous-chassis-foire-aux-questions\\\/#faq-structures-chassis\",\"name\":\"FAQ \u2013 Structures \\\/ Chassis \",\"answerCount\":1,\"acceptedAnswer\":{\"@type\":\"Answer\",\"text\":\"Le\u00a0compagnon\u00a0id\u00e9al\u00a0de\u00a0nos\u00a0terrasses composites tout temps est\u00a0notre\u00a0syst\u00e8me\u00a0de structure\u00a0DuoSpan.\\r\\n\\r\\nDuoSpan\u00a0combine la\u00a0solidit\u00e9\u00a0de\u00a0l\u2019aluminium\u00a0avec la\u00a0flexibilit\u00e9\u00a0de conception du plastique\u00a0recycl\u00e9. Cette\u00a0combinaison\u00a0permet\u00a0des\u00a0possibilit\u00e9s\u00a0de design\u00a0uniques\u00a0pour les terrasses et structures\u00a0ext\u00e9rieures, impossibles \u00e0\u00a0r\u00e9aliser\u00a0avec la\u00a0plupart\u00a0des structures\u00a0conventionnelles.\u00a0Gr\u00e2ce\u00a0\u00e0\u00a0sa\u00a0durabilit\u00e9\u00a0remarquable\u00a0et \u00e0\u00a0sa\u00a0grande\u00a0facilit\u00e9\u00a0d\u2019installation,\u00a0DuoSpan\u00a0constitue\u00a0la sous-structure\u00a0parfaite\u00a0pour les terrasses Millboard,\u00a0ainsi\u00a0qu\u2019un\u00a0syst\u00e8me\u00a0de support\u00a0universel\u00a0pour\u00a0d\u2019autres\u00a0rev\u00eatements\u00a0ext\u00e9rieurs. Son\u00a0ing\u00e9nieuse\u00a0conception\u00a0int\u00e8gre\u00a0de multiples\u00a0fonctionnalit\u00e9s\u00a0qui\u00a0rendent\u00a0presque\u00a0impossible toute\u00a0erreur\u00a0de montage.\",\"inLanguage\":\"fr-FR\"},\"inLanguage\":\"fr-FR\"},{\"@type\":\"Question\",\"@id\":\"https:\\\/\\\/www.millboard.com\\\/fr-fr\\\/sous-chassis-foire-aux-questions\\\/#quelle-est-la-difference-entre-des-solives-en-bois-et-les-solives-duospan-ou-plas-pro\",\"position\":2,\"url\":\"https:\\\/\\\/www.millboard.com\\\/fr-fr\\\/sous-chassis-foire-aux-questions\\\/#quelle-est-la-difference-entre-des-solives-en-bois-et-les-solives-duospan-ou-plas-pro\",\"name\":\"Quelle est la diff\u00e9rence entre des solives en bois et les solives DuoSpan ou Plas-Pro ? \",\"answerCount\":1,\"acceptedAnswer\":{\"@type\":\"Answer\",\"text\":\"Le\u00a0bois\u00a0est le\u00a0mat\u00e9riau\u00a0de sous-structure le plus\u00a0couramment\u00a0utilis\u00e9.\u00a0Cependant, il ne\u00a0performe\u00a0correctement\u00a0que\u00a0dans des conditions\u00a0id\u00e9ales\u00a0et \u00e0 condition\u00a0que\u00a0les\u00a0\u00e9l\u00e9ments\u00a0coup\u00e9s\u00a0soient\u00a0r\u00e9guli\u00e8rement\u00a0retrait\u00e9s.\u00a0Lorsque\u00a0le\u00a0bois\u00a0est\u00a0en\u00a0contact direct avec le sol\u00a0ou\u00a0b\u00e9n\u00e9ficie\u00a0d\u2019une\u00a0faible\u00a0circulation\u00a0d\u2019air,\u00a0sa\u00a0dur\u00e9e de vie\u00a0peut\u00a0\u00eatre\u00a0consid\u00e9rablement\u00a0r\u00e9duite.\\r\\n\\r\\nNous\u00a0recommandons\u00a0d\u2019utiliser\u00a0notre\u00a0syst\u00e8me\u00a0innovant\u00a0DuoSpan\u00a0ou\u00a0Plas-Pro\u00a0afin\u00a0d\u2019obtenir\u00a0une\u00a0solution qui ne\u00a0pourrit\u00a0pas.\\r\\n\\r\\nLorsque vous utilisez\u00a0Plas-Pro comme alternative au bois, veuillez noter que les port\u00e9es structurelles ne sont pas \u00e9quivalentes. Reportez-vous aux brochures et guides d\u2019installation\u00a0Plas-Pro pour plus de d\u00e9tails. En cas de doute, contactez notre \u00e9quipe technique \u00e0 l\u2019adresse :\u00a0technique@millboard.com\",\"inLanguage\":\"fr-FR\"},\"inLanguage\":\"fr-FR\"},{\"@type\":\"Question\",\"@id\":\"https:\\\/\\\/www.millboard.com\\\/fr-fr\\\/sous-chassis-foire-aux-questions\\\/#quelle-est-la-difference-entre-duospan-et-plas-pro\",\"position\":3,\"url\":\"https:\\\/\\\/www.millboard.com\\\/fr-fr\\\/sous-chassis-foire-aux-questions\\\/#quelle-est-la-difference-entre-duospan-et-plas-pro\",\"name\":\"Quelle est la diff\u00e9rence entre DuoSpan et Plas-Pro ? \",\"answerCount\":1,\"acceptedAnswer\":{\"@type\":\"Answer\",\"text\":\"DuoSpan associe la r\u00e9sistance de l\u2019aluminium \u00e0 la flexibilit\u00e9 du plastique recycl\u00e9. Le r\u00e9sultat : un syst\u00e8me offrant une installation extr\u00eamement simple, une solidit\u00e9 exceptionnelle et une durabilit\u00e9 remarquable. DuoSpan a \u00e9t\u00e9 con\u00e7u par des professionnels du secteur pour \u00eatre conforme \u00e0 l\u2019Eurocode 1 : Actions sur les structures (BS EN 1991-1-1). Le syst\u00e8me a \u00e9t\u00e9 \u00e9valu\u00e9 pour les charges ponctuelles, tant en usage r\u00e9sidentiel que commercial, ce qui le rend adapt\u00e9 \u00e0 une large gamme d\u2019applications.\\r\\n\\r\\nIl existe toutefois des situations o\u00f9 les \u00e9l\u00e9ments de la gamme Plas-Pro peuvent \u00eatre plus adapt\u00e9s que DuoSpan, par exemple pour la fabrication de mobilier ou dans des environnements humides\\\/marins. Fabriqu\u00e9s au Royaume-Uni \u00e0 partir de plastique 100% recycl\u00e9, ces \u00e9l\u00e9ments ne subissent jamais d\u2019attaques d\u2019insectes ni de pourrissement. Ils sont con\u00e7us pour offrir long\u00e9vit\u00e9 et fiabilit\u00e9.\",\"inLanguage\":\"fr-FR\"},\"inLanguage\":\"fr-FR\"}]}<\/script>\n<!-- \/ Yoast SEO Premium plugin. -->","yoast_head_json":{"title":"FAQ sous-ch\u00e2ssis terrasse composite","description":"FAQ sous-ch\u00e2ssis Millboard : diff\u00e9rences entre DuoSpan, Plas-Pro et bois, port\u00e9es structurelles, installation et choix selon votre projet.","robots":{"index":"index","follow":"follow","max-snippet":"max-snippet:-1","max-image-preview":"max-image-preview:large","max-video-preview":"max-video-preview:-1"},"canonical":"https:\/\/www.millboard.com\/fr-fr\/sous-chassis-foire-aux-questions\/","og_locale":"fr_FR","og_type":"article","og_title":"Sous-ch\u00e2ssis FAQs","og_description":"FAQ sous-ch\u00e2ssis Millboard : diff\u00e9rences entre DuoSpan, Plas-Pro et bois, port\u00e9es structurelles, installation et choix selon votre projet.","og_url":"https:\/\/www.millboard.com\/fr-fr\/sous-chassis-foire-aux-questions\/","og_site_name":"FR-FR - Residential","article_modified_time":"2026-03-26T14:03:43+00:00","twitter_card":"summary_large_image","twitter_misc":{"Dur\u00e9e de lecture estim\u00e9e":"1 minute"},"schema":{"@context":"https:\/\/schema.org","@graph":[{"@type":["WebPage","FAQPage"],"@id":"https:\/\/www.millboard.com\/fr-fr\/sous-chassis-foire-aux-questions\/","url":"https:\/\/www.millboard.com\/fr-fr\/sous-chassis-foire-aux-questions\/","name":"FAQ sous-ch\u00e2ssis terrasse composite","isPartOf":{"@id":"https:\/\/www.millboard.com\/fr-fr\/#website"},"datePublished":"2026-01-05T12:27:07+00:00","dateModified":"2026-03-26T14:03:43+00:00","description":"FAQ sous-ch\u00e2ssis Millboard : diff\u00e9rences entre DuoSpan, Plas-Pro et bois, port\u00e9es structurelles, installation et choix selon votre projet.","breadcrumb":{"@id":"https:\/\/www.millboard.com\/fr-fr\/sous-chassis-foire-aux-questions\/#breadcrumb"},"inLanguage":"fr-FR","potentialAction":[{"@type":"ReadAction","target":["https:\/\/www.millboard.com\/fr-fr\/sous-chassis-foire-aux-questions\/"]}]},{"@type":"BreadcrumbList","@id":"https:\/\/www.millboard.com\/fr-fr\/sous-chassis-foire-aux-questions\/#breadcrumb","itemListElement":[{"@type":"ListItem","position":1,"name":"Home","item":"https:\/\/www.millboard.com\/fr-fr\/"},{"@type":"ListItem","position":2,"name":"Sous-ch\u00e2ssis FAQs"}]},{"@type":"WebSite","@id":"https:\/\/www.millboard.com\/fr-fr\/#website","url":"https:\/\/www.millboard.com\/fr-fr\/","name":"FR-FR - Residential","description":"Vivre. La Vie. A l&#039;Ext\u00e9rieur.","potentialAction":[{"@type":"SearchAction","target":{"@type":"EntryPoint","urlTemplate":"https:\/\/www.millboard.com\/fr-fr\/?s={search_term_string}"},"query-input":{"@type":"PropertyValueSpecification","valueRequired":true,"valueName":"search_term_string"}}],"inLanguage":"fr-FR"},{"@type":"Question","@id":"https:\/\/www.millboard.com\/fr-fr\/sous-chassis-foire-aux-questions\/#faq-structures-chassis","position":1,"url":"https:\/\/www.millboard.com\/fr-fr\/sous-chassis-foire-aux-questions\/#faq-structures-chassis","name":"FAQ \u2013 Structures \/ Chassis ","answerCount":1,"acceptedAnswer":{"@type":"Answer","text":"Le\u00a0compagnon\u00a0id\u00e9al\u00a0de\u00a0nos\u00a0terrasses composites tout temps est\u00a0notre\u00a0syst\u00e8me\u00a0de structure\u00a0DuoSpan.\r\n\r\nDuoSpan\u00a0combine la\u00a0solidit\u00e9\u00a0de\u00a0l\u2019aluminium\u00a0avec la\u00a0flexibilit\u00e9\u00a0de conception du plastique\u00a0recycl\u00e9. Cette\u00a0combinaison\u00a0permet\u00a0des\u00a0possibilit\u00e9s\u00a0de design\u00a0uniques\u00a0pour les terrasses et structures\u00a0ext\u00e9rieures, impossibles \u00e0\u00a0r\u00e9aliser\u00a0avec la\u00a0plupart\u00a0des structures\u00a0conventionnelles.\u00a0Gr\u00e2ce\u00a0\u00e0\u00a0sa\u00a0durabilit\u00e9\u00a0remarquable\u00a0et \u00e0\u00a0sa\u00a0grande\u00a0facilit\u00e9\u00a0d\u2019installation,\u00a0DuoSpan\u00a0constitue\u00a0la sous-structure\u00a0parfaite\u00a0pour les terrasses Millboard,\u00a0ainsi\u00a0qu\u2019un\u00a0syst\u00e8me\u00a0de support\u00a0universel\u00a0pour\u00a0d\u2019autres\u00a0rev\u00eatements\u00a0ext\u00e9rieurs. Son\u00a0ing\u00e9nieuse\u00a0conception\u00a0int\u00e8gre\u00a0de multiples\u00a0fonctionnalit\u00e9s\u00a0qui\u00a0rendent\u00a0presque\u00a0impossible toute\u00a0erreur\u00a0de montage.","inLanguage":"fr-FR"},"inLanguage":"fr-FR"},{"@type":"Question","@id":"https:\/\/www.millboard.com\/fr-fr\/sous-chassis-foire-aux-questions\/#quelle-est-la-difference-entre-des-solives-en-bois-et-les-solives-duospan-ou-plas-pro","position":2,"url":"https:\/\/www.millboard.com\/fr-fr\/sous-chassis-foire-aux-questions\/#quelle-est-la-difference-entre-des-solives-en-bois-et-les-solives-duospan-ou-plas-pro","name":"Quelle est la diff\u00e9rence entre des solives en bois et les solives DuoSpan ou Plas-Pro ? ","answerCount":1,"acceptedAnswer":{"@type":"Answer","text":"Le\u00a0bois\u00a0est le\u00a0mat\u00e9riau\u00a0de sous-structure le plus\u00a0couramment\u00a0utilis\u00e9.\u00a0Cependant, il ne\u00a0performe\u00a0correctement\u00a0que\u00a0dans des conditions\u00a0id\u00e9ales\u00a0et \u00e0 condition\u00a0que\u00a0les\u00a0\u00e9l\u00e9ments\u00a0coup\u00e9s\u00a0soient\u00a0r\u00e9guli\u00e8rement\u00a0retrait\u00e9s.\u00a0Lorsque\u00a0le\u00a0bois\u00a0est\u00a0en\u00a0contact direct avec le sol\u00a0ou\u00a0b\u00e9n\u00e9ficie\u00a0d\u2019une\u00a0faible\u00a0circulation\u00a0d\u2019air,\u00a0sa\u00a0dur\u00e9e de vie\u00a0peut\u00a0\u00eatre\u00a0consid\u00e9rablement\u00a0r\u00e9duite.\r\n\r\nNous\u00a0recommandons\u00a0d\u2019utiliser\u00a0notre\u00a0syst\u00e8me\u00a0innovant\u00a0DuoSpan\u00a0ou\u00a0Plas-Pro\u00a0afin\u00a0d\u2019obtenir\u00a0une\u00a0solution qui ne\u00a0pourrit\u00a0pas.\r\n\r\nLorsque vous utilisez\u00a0Plas-Pro comme alternative au bois, veuillez noter que les port\u00e9es structurelles ne sont pas \u00e9quivalentes. Reportez-vous aux brochures et guides d\u2019installation\u00a0Plas-Pro pour plus de d\u00e9tails. En cas de doute, contactez notre \u00e9quipe technique \u00e0 l\u2019adresse :\u00a0technique@millboard.com","inLanguage":"fr-FR"},"inLanguage":"fr-FR"},{"@type":"Question","@id":"https:\/\/www.millboard.com\/fr-fr\/sous-chassis-foire-aux-questions\/#quelle-est-la-difference-entre-duospan-et-plas-pro","position":3,"url":"https:\/\/www.millboard.com\/fr-fr\/sous-chassis-foire-aux-questions\/#quelle-est-la-difference-entre-duospan-et-plas-pro","name":"Quelle est la diff\u00e9rence entre DuoSpan et Plas-Pro ? ","answerCount":1,"acceptedAnswer":{"@type":"Answer","text":"DuoSpan associe la r\u00e9sistance de l\u2019aluminium \u00e0 la flexibilit\u00e9 du plastique recycl\u00e9. Le r\u00e9sultat : un syst\u00e8me offrant une installation extr\u00eamement simple, une solidit\u00e9 exceptionnelle et une durabilit\u00e9 remarquable. DuoSpan a \u00e9t\u00e9 con\u00e7u par des professionnels du secteur pour \u00eatre conforme \u00e0 l\u2019Eurocode 1 : Actions sur les structures (BS EN 1991-1-1). Le syst\u00e8me a \u00e9t\u00e9 \u00e9valu\u00e9 pour les charges ponctuelles, tant en usage r\u00e9sidentiel que commercial, ce qui le rend adapt\u00e9 \u00e0 une large gamme d\u2019applications.\r\n\r\nIl existe toutefois des situations o\u00f9 les \u00e9l\u00e9ments de la gamme Plas-Pro peuvent \u00eatre plus adapt\u00e9s que DuoSpan, par exemple pour la fabrication de mobilier ou dans des environnements humides\/marins. Fabriqu\u00e9s au Royaume-Uni \u00e0 partir de plastique 100% recycl\u00e9, ces \u00e9l\u00e9ments ne subissent jamais d\u2019attaques d\u2019insectes ni de pourrissement. Ils sont con\u00e7us pour offrir long\u00e9vit\u00e9 et fiabilit\u00e9.","inLanguage":"fr-FR"},"inLanguage":"fr-FR"}]}},"_links":{"self":[{"href":"https:\/\/www.millboard.com\/fr-fr\/wp-json\/wp\/v2\/pages\/560","targetHints":{"allow":["GET"]}}],"collection":[{"href":"https:\/\/www.millboard.com\/fr-fr\/wp-json\/wp\/v2\/pages"}],"about":[{"href":"https:\/\/www.millboard.com\/fr-fr\/wp-json\/wp\/v2\/types\/page"}],"author":[{"embeddable":true,"href":"https:\/\/www.millboard.com\/fr-fr\/wp-json\/wp\/v2\/users\/10"}],"replies":[{"embeddable":true,"href":"https:\/\/www.millboard.com\/fr-fr\/wp-json\/wp\/v2\/comments?post=560"}],"version-history":[{"count":5,"href":"https:\/\/www.millboard.com\/fr-fr\/wp-json\/wp\/v2\/pages\/560\/revisions"}],"predecessor-version":[{"id":11345,"href":"https:\/\/www.millboard.com\/fr-fr\/wp-json\/wp\/v2\/pages\/560\/revisions\/11345"}],"wp:attachment":[{"href":"https:\/\/www.millboard.com\/fr-fr\/wp-json\/wp\/v2\/media?parent=560"}],"curies":[{"name":"wp","href":"https:\/\/api.w.org\/{rel}","templated":true}]}}