{"id":6094,"date":"2026-02-03T12:21:19","date_gmt":"2026-02-03T12:21:19","guid":{"rendered":"https:\/\/www.millboard.com\/en-gb\/?page_id=5789"},"modified":"2026-03-26T13:42:37","modified_gmt":"2026-03-26T13:42:37","slug":"accessoires-pour-terrasses","status":"publish","type":"page","link":"https:\/\/www.millboard.com\/fr-fr\/accessoires-pour-terrasses\/","title":{"rendered":"Accessoires pour terrasses"},"content":{"rendered":"<header class=\"page-header wp-block alignfull has-brand-1-background-color has-background page-header--type--page has-breadcrumbs\">\n    <div class=\"page-header__inner\">\n                    <!-- Breadcrumbs -->\n            <div class=\"page-header__breadcrumbs\">\n                <nav class=\"breadcrumbs\">\n    <span class=\"breadcrumbs__yoast-wrapper\"><span><a href=\"https:\/\/www.millboard.com\/fr-fr\/\">Home<\/a><\/span><\/span><\/nav>\n            <\/div>\n        \n        <div class=\"page-header__wrapper\">\n            <div class=\"page-header__image-wrapper\">\n                                    <div class=\"page-header__image\">\n                        <div class=\"page-header__image-inner img-fit\">\n                            <img decoding=\"async\" width=\"768\" height=\"548\" src=\"https:\/\/www.millboard.com\/fr-fr\/wp-content\/uploads\/sites\/8\/2026\/02\/FPFGK_DuoFix_Side-Fixing-Guide-and-FP36P010-Multi-Spacers-768x548.jpg\" class=\"\" alt=\"\" fetchpriority=\"high\" data-spai-eager=\"1\" role=\"presentation\" loading=\"eager\" srcset=\"https:\/\/www.millboard.com\/fr-fr\/wp-content\/uploads\/sites\/8\/2026\/02\/FPFGK_DuoFix_Side-Fixing-Guide-and-FP36P010-Multi-Spacers-768x548.jpg 768w, https:\/\/www.millboard.com\/fr-fr\/wp-content\/uploads\/sites\/8\/2026\/02\/FPFGK_DuoFix_Side-Fixing-Guide-and-FP36P010-Multi-Spacers-300x214.jpg 300w, https:\/\/www.millboard.com\/fr-fr\/wp-content\/uploads\/sites\/8\/2026\/02\/FPFGK_DuoFix_Side-Fixing-Guide-and-FP36P010-Multi-Spacers-1024x731.jpg 1024w, https:\/\/www.millboard.com\/fr-fr\/wp-content\/uploads\/sites\/8\/2026\/02\/FPFGK_DuoFix_Side-Fixing-Guide-and-FP36P010-Multi-Spacers-600x428.jpg 600w, https:\/\/www.millboard.com\/fr-fr\/wp-content\/uploads\/sites\/8\/2026\/02\/FPFGK_DuoFix_Side-Fixing-Guide-and-FP36P010-Multi-Spacers.jpg 2000w\" sizes=\"(max-width: 768px) 100vw, 768px\" \/>                        <\/div>\n                    <\/div>\n                            <\/div>\n\n            <div class=\"page-header__content page-header__content--first\">\n                <div class=\"page-header__header\">\n                    \n                                            <h1 class=\"page-header__heading is-style-typestyle-h1\">Accessoires &#8211; terrasses composites<\/h1>\n                                    <\/div>\n\n                            <\/div>\n                <div class=\"page-header__content page-header__content--last\">\n                                                <div class=\"page-header__description\">\n                        <p><span class=\"TextRun SCXW70270851 BCX0\" lang=\"FR-FR\" xml:lang=\"FR-FR\" data-contrast=\"auto\"><span class=\"NormalTextRun SCXW70270851 BCX0\">Chez\u00a0<\/span><span class=\"NormalTextRun SCXW70270851 BCX0\">Millboard<\/span><span class=\"NormalTextRun SCXW70270851 BCX0\">, nous savons que ce sont souvent les\u00a0<\/span><\/span><span class=\"TextRun SCXW70270851 BCX0\" lang=\"FR-FR\" xml:lang=\"FR-FR\" data-contrast=\"auto\"><span class=\"NormalTextRun SCXW70270851 BCX0\">d\u00e9tails<\/span><\/span><span class=\"TextRun SCXW70270851 BCX0\" lang=\"FR-FR\" xml:lang=\"FR-FR\" data-contrast=\"auto\"><span class=\"NormalTextRun SCXW70270851 BCX0\">\u00a0qui font toute la diff\u00e9rence.<\/span><\/span><span class=\"LineBreakBlob BlobObject DragDrop SCXW70270851 BCX0\"><span class=\"SCXW70270851 BCX0\">\u00a0<\/span><br class=\"SCXW70270851 BCX0\" \/><\/span><span class=\"TextRun SCXW70270851 BCX0\" lang=\"FR-FR\" xml:lang=\"FR-FR\" data-contrast=\"auto\"><span class=\"NormalTextRun SCXW70270851 BCX0\">C\u2019est pourquoi nous avons con\u00e7u avec soin une gamme compl\u00e8te d\u2019<\/span><\/span><span class=\"TextRun SCXW70270851 BCX0\" lang=\"FR-FR\" xml:lang=\"FR-FR\" data-contrast=\"auto\"><span class=\"NormalTextRun SCXW70270851 BCX0\">accessoires de terrasse<\/span><\/span><span class=\"TextRun SCXW70270851 BCX0\" lang=\"FR-FR\" xml:lang=\"FR-FR\" data-contrast=\"auto\"><span class=\"NormalTextRun SCXW70270851 BCX0\">\u00a0parfaitement compl\u00e9mentaires, pens\u00e9s pour sublimer votre espace ext\u00e9rieur jusque dans les moindres finitions.<\/span><\/span><span class=\"EOP SCXW70270851 BCX0\" data-ccp-props=\"{&quot;134233117&quot;:false,&quot;134233118&quot;:false,&quot;335559738&quot;:240,&quot;335559739&quot;:240}\">\u00a0<\/span><\/p>\n                    <\/div>\n                \n                \n                            <\/div>\n        <\/div>\n    <\/div>\n\n    <\/header>\n\n    <div class=\"woocommerce-notices-wrapper\"><\/div>\n\n<div data-link=\"false\" class=\"media-object media-content wp-block media-content--has-heading-inset alignfull\" data-media=\"image\" data-media-type=\"image\" data-media-position=\"after\" data-orientation=\"horizontal\">\n    <div class=\"media-object__inner\">\n        \n        <div class=\"media-object__content flex-column\">\n            \n            \n                            <div class=\"media-object__header flex-column\">\n                                            <h2 id=\"millboard-fixations\" class=\"media-object__heading media-content__heading\"><span class=\"media-object__heading-primary\">Millboard<\/span>\n<span class=\"media-object__heading-secondary\">Fixations<\/span><\/h2>\n                    \n                                             <div class=\"media-object__subheading\">\n                            <p><span class=\"TextRun SCXW82497192 BCX0\" lang=\"FR-FR\" xml:lang=\"FR-FR\" data-contrast=\"auto\"><span class=\"NormalTextRun SCXW82497192 BCX0\">D\u00e9couvrez les vis <\/span><span class=\"NormalTextRun SpellingErrorV2Themed SCXW82497192 BCX0\">Durafix<\/span><span class=\"NormalTextRun SCXW82497192 BCX0\">\u00ae \u00e0 t\u00eate invisible pour une finition nette et \u00e9l\u00e9gante.<\/span><\/span><span class=\"EOP SCXW82497192 BCX0\" data-ccp-props=\"{&quot;134233117&quot;:false,&quot;134233118&quot;:false,&quot;335559738&quot;:240,&quot;335559739&quot;:240}\">\u00a0<\/span><\/p>\n                        <\/div>\n                     \n                                    <\/div>\n            \n            \n            \n                            <ul class=\"list list-reset--hard flex-column flex-column--mq-medium--row media-object__list media-object__buttons\">\n            <li class=\"list__item media-object__list__item\">\n            <a href=\"https:\/\/www.millboard.com\/fr-fr\/accessoires-pour-terrasses\/fixations\/\" class=\"g-button--primary g-button\"><span >D\u00e9couvrez les fixations<\/span><\/a>\n        <\/li>\n    <\/ul>\n                    <\/div>\n\n                    <div class=\"media-object__media media-object__media--image  img-fit\">\n                                    <img decoding=\"async\" width=\"768\" height=\"1023\" src=\"https:\/\/www.millboard.com\/fr-fr\/wp-content\/uploads\/sites\/8\/2026\/02\/DuraFix-Screw_Installation-1-768x1023.webp\" class=\"\" alt=\"\" role=\"presentation\" loading=\"lazy\" srcset=\"https:\/\/www.millboard.com\/fr-fr\/wp-content\/uploads\/sites\/8\/2026\/02\/DuraFix-Screw_Installation-1-768x1023.webp 768w, https:\/\/www.millboard.com\/fr-fr\/wp-content\/uploads\/sites\/8\/2026\/02\/DuraFix-Screw_Installation-1-225x300.webp 225w, https:\/\/www.millboard.com\/fr-fr\/wp-content\/uploads\/sites\/8\/2026\/02\/DuraFix-Screw_Installation-1-769x1024.webp 769w, https:\/\/www.millboard.com\/fr-fr\/wp-content\/uploads\/sites\/8\/2026\/02\/DuraFix-Screw_Installation-1-1183x1575.webp 1183w, https:\/\/www.millboard.com\/fr-fr\/wp-content\/uploads\/sites\/8\/2026\/02\/DuraFix-Screw_Installation-1-600x799.webp 600w, https:\/\/www.millboard.com\/fr-fr\/wp-content\/uploads\/sites\/8\/2026\/02\/DuraFix-Screw_Installation-1.webp 1538w\" sizes=\"auto, (max-width: 768px) 100vw, 768px\" \/>                            <\/div>\n            <\/div>\n\n<\/div>\n\n\n<div data-link=\"false\" class=\"media-object media-content wp-block media-content--has-heading-inset alignfull has-background has-brand-1-background-color\" data-media=\"image\" data-media-type=\"image\" data-media-position=\"before\" data-orientation=\"horizontal\">\n    <div class=\"media-object__inner\">\n                <div class=\"media-object__media img-fit \">\n\n                                    \n                    <img decoding=\"async\" width=\"768\" height=\"512\" src=\"https:\/\/www.millboard.com\/fr-fr\/wp-content\/uploads\/sites\/8\/2026\/02\/FPFGK_DuoFix_Side-Fixing-Guide-in-use-768x512.webp\" class=\"\" alt=\"\" role=\"presentation\" loading=\"lazy\" srcset=\"https:\/\/www.millboard.com\/fr-fr\/wp-content\/uploads\/sites\/8\/2026\/02\/FPFGK_DuoFix_Side-Fixing-Guide-in-use-768x512.webp 768w, https:\/\/www.millboard.com\/fr-fr\/wp-content\/uploads\/sites\/8\/2026\/02\/FPFGK_DuoFix_Side-Fixing-Guide-in-use-300x200.webp 300w, https:\/\/www.millboard.com\/fr-fr\/wp-content\/uploads\/sites\/8\/2026\/02\/FPFGK_DuoFix_Side-Fixing-Guide-in-use-1024x683.webp 1024w, https:\/\/www.millboard.com\/fr-fr\/wp-content\/uploads\/sites\/8\/2026\/02\/FPFGK_DuoFix_Side-Fixing-Guide-in-use-600x400.webp 600w, https:\/\/www.millboard.com\/fr-fr\/wp-content\/uploads\/sites\/8\/2026\/02\/FPFGK_DuoFix_Side-Fixing-Guide-in-use.webp 2048w\" sizes=\"auto, (max-width: 768px) 100vw, 768px\" \/>\n                                                <\/div>\n        \n        <div class=\"media-object__content flex-column\">\n                            <div class=\"media-object__meta-prefix\">\n                    terrasses composites                 <\/div>\n            \n            \n                            <div class=\"media-object__header flex-column\">\n                                            <h2 id=\"millboard-duofix\" class=\"media-object__heading media-content__heading\"><span class=\"media-object__heading-primary\">Millboard<\/span>\n<span class=\"media-object__heading-secondary\">DuoFix<\/span><\/h2>\n                    \n                                             <div class=\"media-object__subheading\">\n                            <p><span class=\"TextRun SCXW217765658 BCX0\" lang=\"FR-FR\" xml:lang=\"FR-FR\" data-contrast=\"auto\"><span class=\"NormalTextRun SCXW217765658 BCX0\">Un syst\u00e8me de fixation lat\u00e9rale invisible par les chants des lames.<\/span><\/span><span class=\"EOP SCXW217765658 BCX0\" data-ccp-props=\"{&quot;134233117&quot;:false,&quot;134233118&quot;:false,&quot;335559738&quot;:240,&quot;335559739&quot;:240}\">\u00a0<\/span><\/p>\n                        <\/div>\n                     \n                                    <\/div>\n            \n            \n            \n                            <ul class=\"list list-reset--hard flex-column flex-column--mq-medium--row media-object__list media-object__buttons\">\n            <li class=\"list__item media-object__list__item\">\n            <a href=\"https:\/\/www.millboard.com\/fr-fr\/accessoires-pour-terrasses\/guide-de-fixation-laterale-duofix\/\" class=\"g-button--primary g-button\"><span >D\u00e9couvrez DuoFix<\/span><\/a>\n        <\/li>\n    <\/ul>\n                    <\/div>\n\n            <\/div>\n\n<\/div>\n\n\n<div data-link=\"false\" class=\"media-object media-content wp-block media-content--has-heading-inset alignfull\" data-media=\"image\" data-media-type=\"image\" data-media-position=\"after\" data-orientation=\"horizontal\">\n    <div class=\"media-object__inner\">\n        \n        <div class=\"media-object__content flex-column\">\n                            <div class=\"media-object__meta-prefix\">\n                    terrasses composites                 <\/div>\n            \n            \n                            <div class=\"media-object__header flex-column\">\n                                            <h2 id=\"millboard-peinture-de-retouche\" class=\"media-object__heading media-content__heading\"><span class=\"media-object__heading-primary\">Millboard<\/span>\n<span class=\"media-object__heading-secondary\">Peinture de retouche<\/span><\/h2>\n                    \n                                             <div class=\"media-object__subheading\">\n                            <p><span class=\"TextRun SCXW63257783 BCX0\" lang=\"FR-FR\" xml:lang=\"FR-FR\" data-contrast=\"auto\"><span class=\"NormalTextRun SCXW63257783 BCX0\">Corrigez les petites imperfections et conservez l\u2019aspect neuf de votre terrasse.<\/span><\/span><\/p>\n                        <\/div>\n                     \n                                    <\/div>\n            \n            \n            \n                            <ul class=\"list list-reset--hard flex-column flex-column--mq-medium--row media-object__list media-object__buttons\">\n            <li class=\"list__item media-object__list__item\">\n            <a href=\"https:\/\/www.millboard.com\/fr-fr\/accessoires-pour-terrasses\/retouche-de-revetement\/\" class=\"g-button--primary g-button\"><span >Peinture de retouche<\/span><\/a>\n        <\/li>\n    <\/ul>\n                    <\/div>\n\n                    <div class=\"media-object__media media-object__media--image  img-fit\">\n                                    <img decoding=\"async\" width=\"768\" height=\"768\" src=\"https:\/\/www.millboard.com\/fr-fr\/wp-content\/uploads\/sites\/8\/2026\/02\/AP500V_Vintage_Oak_Touch_Up_Paint_500ml-768x768.jpg\" class=\"\" alt=\"\" role=\"presentation\" loading=\"lazy\" srcset=\"https:\/\/www.millboard.com\/fr-fr\/wp-content\/uploads\/sites\/8\/2026\/02\/AP500V_Vintage_Oak_Touch_Up_Paint_500ml-768x768.jpg 768w, https:\/\/www.millboard.com\/fr-fr\/wp-content\/uploads\/sites\/8\/2026\/02\/AP500V_Vintage_Oak_Touch_Up_Paint_500ml-300x300.jpg 300w, https:\/\/www.millboard.com\/fr-fr\/wp-content\/uploads\/sites\/8\/2026\/02\/AP500V_Vintage_Oak_Touch_Up_Paint_500ml-1024x1024.jpg 1024w, https:\/\/www.millboard.com\/fr-fr\/wp-content\/uploads\/sites\/8\/2026\/02\/AP500V_Vintage_Oak_Touch_Up_Paint_500ml-150x150.jpg 150w, https:\/\/www.millboard.com\/fr-fr\/wp-content\/uploads\/sites\/8\/2026\/02\/AP500V_Vintage_Oak_Touch_Up_Paint_500ml-1575x1575.jpg 1575w, https:\/\/www.millboard.com\/fr-fr\/wp-content\/uploads\/sites\/8\/2026\/02\/AP500V_Vintage_Oak_Touch_Up_Paint_500ml-600x600.jpg 600w, https:\/\/www.millboard.com\/fr-fr\/wp-content\/uploads\/sites\/8\/2026\/02\/AP500V_Vintage_Oak_Touch_Up_Paint_500ml-100x100.jpg 100w, https:\/\/www.millboard.com\/fr-fr\/wp-content\/uploads\/sites\/8\/2026\/02\/AP500V_Vintage_Oak_Touch_Up_Paint_500ml.jpg 2000w\" sizes=\"auto, (max-width: 768px) 100vw, 768px\" \/>                            <\/div>\n            <\/div>\n\n<\/div>\n\n\n<div class=\"navigation-tiles wp-block alignfull has-background has-brand-6-background-color\">\n    <div class=\"navigation-tiles__inner\">\n                    <div class=\"navigation-tiles__header\">\n                                    <div class=\"navigation-tiles__preheading is-style-typestyle-h6\">\n                        Planifiez votre espace                    <\/div>\n                                \n                                    <h2 id=\"des-outils-simples-et-une-assistance-experte\" class=\"navigation-tiles__heading\">\n                        Des outils simples et une assistance experte.                    <\/h2>\n                            <\/div>\n        \n                    <div class=\"navigation-tiles__tiles\">\n                                    <div class=\"navigation-tiles__tile\">\n                                                    <h3 class=\"navigation-tiles__tile-title\">\n                                Configurateur de terrasse                            <\/h3>\n                                                \n                                                    <div class=\"navigation-tiles__tile-description\">\n                                <p>Estimez les lames, fixations et structures n\u00e9cessaires pour votre projet.<\/p>\n                            <\/div>\n                                                \n                                                    <a target=\"_blank\" rel=\"noopener\" href=\"https:\/\/deckplanner.www.millboard.com\/#\/fr\" class=\"navigation-tiles__tile-cta g-button\">Ouvrir le configurateur<\/a>\n                                            <\/div>\n                                    <div class=\"navigation-tiles__tile\">\n                                                    <h3 class=\"navigation-tiles__tile-title\">\n                                Consultation design                            <\/h3>\n                                                \n                                                    <div class=\"navigation-tiles__tile-description\">\n                                <p>B\u00e9n\u00e9ficiez de conseils personnalis\u00e9s sur les agencements, couleurs et finitions.<\/p>\n                            <\/div>\n                                                \n                                                    <a target=\"_blank\" rel=\"noopener\" href=\"https:\/\/www.millboard.com\/fr-fr\/request-a-consultation\/\" class=\"navigation-tiles__tile-cta g-button\">demander consultation<\/a>\n                                            <\/div>\n                                    <div class=\"navigation-tiles__tile\">\n                                                    <h3 class=\"navigation-tiles__tile-title\">\n                                Guides d\u2019installation                            <\/h3>\n                                                \n                                                    <div class=\"navigation-tiles__tile-description\">\n                                <p>Instructions d\u00e9taill\u00e9es pour installer chaque collection.<\/p>\n                            <\/div>\n                                                \n                                                    <a target=\"_blank\" rel=\"noopener\" href=\"https:\/\/www.millboard.com\/fr-fr\/product-brochures\/\" class=\"navigation-tiles__tile-cta g-button\">Parcourir les guides<\/a>\n                                            <\/div>\n                                    <div class=\"navigation-tiles__tile\">\n                                                    <h3 class=\"navigation-tiles__tile-title\">\n                                \u00c9chantillons gratuits                             <\/h3>\n                                                \n                                                    <div class=\"navigation-tiles__tile-description\">\n                                <p>Commandez des \u00e9chantillons pour d\u00e9couvrir les textures et couleurs Millboard.<\/p>\n                            <\/div>\n                                                \n                                                    <a target=\"_blank\" rel=\"noopener\" href=\"https:\/\/www.millboard.com\/fr-fr\/product-category\/commander-des-echantillons-de-terrasses\/\" class=\"navigation-tiles__tile-cta g-button\">Commander \u00e9chantillons<\/a>\n                                            <\/div>\n                            <\/div>\n            <\/div>\n<\/div>\n","protected":false},"excerpt":{"rendered":"","protected":false},"author":10,"featured_media":0,"parent":0,"menu_order":0,"comment_status":"closed","ping_status":"closed","template":"","meta":{"_acf_changed":false,"content-type":"","footnotes":""},"class_list":["post-6094","page","type-page","status-publish","hentry"],"acf":[],"yoast_head":"<!-- This site is optimized with the Yoast SEO Premium plugin v27.3 (Yoast SEO v27.3) - https:\/\/yoast.com\/product\/yoast-seo-premium-wordpress\/ -->\n<title>Fixations &amp; finitions terrasse composite<\/title>\n<meta name=\"description\" content=\"Vis Durafix, syst\u00e8me DuoFix et peinture de retouche pour une installation et une finition parfaite de votre terrasse composite Millboard.\" \/>\n<meta name=\"robots\" content=\"index, follow, max-snippet:-1, max-image-preview:large, max-video-preview:-1\" \/>\n<link rel=\"canonical\" href=\"https:\/\/www.millboard.com\/fr-fr\/accessoires-pour-terrasses\/\" \/>\n<meta property=\"og:locale\" content=\"fr_FR\" \/>\n<meta property=\"og:type\" content=\"article\" \/>\n<meta property=\"og:title\" content=\"Accessoires pour terrasses\" \/>\n<meta property=\"og:description\" content=\"Vis Durafix, syst\u00e8me DuoFix et peinture de retouche pour une installation et une finition parfaite de votre terrasse composite Millboard.\" \/>\n<meta property=\"og:url\" content=\"https:\/\/www.millboard.com\/fr-fr\/accessoires-pour-terrasses\/\" \/>\n<meta property=\"og:site_name\" content=\"FR-FR - Residential\" \/>\n<meta property=\"article:modified_time\" content=\"2026-03-26T13:42:37+00:00\" \/>\n<meta name=\"twitter:card\" content=\"summary_large_image\" \/>\n<meta name=\"twitter:label1\" content=\"Dur\u00e9e de lecture estim\u00e9e\" \/>\n\t<meta name=\"twitter:data1\" content=\"1 minute\" \/>\n<script type=\"application\/ld+json\" class=\"yoast-schema-graph\">{\"@context\":\"https:\\\/\\\/schema.org\",\"@graph\":[{\"@type\":\"WebPage\",\"@id\":\"https:\\\/\\\/www.millboard.com\\\/fr-fr\\\/accessoires-pour-terrasses\\\/\",\"url\":\"https:\\\/\\\/www.millboard.com\\\/fr-fr\\\/accessoires-pour-terrasses\\\/\",\"name\":\"Fixations & finitions terrasse composite\",\"isPartOf\":{\"@id\":\"https:\\\/\\\/www.millboard.com\\\/fr-fr\\\/#website\"},\"datePublished\":\"2026-02-03T12:21:19+00:00\",\"dateModified\":\"2026-03-26T13:42:37+00:00\",\"description\":\"Vis Durafix, syst\u00e8me DuoFix et peinture de retouche pour une installation et une finition parfaite de votre terrasse composite Millboard.\",\"breadcrumb\":{\"@id\":\"https:\\\/\\\/www.millboard.com\\\/fr-fr\\\/accessoires-pour-terrasses\\\/#breadcrumb\"},\"inLanguage\":\"fr-FR\",\"potentialAction\":[{\"@type\":\"ReadAction\",\"target\":[\"https:\\\/\\\/www.millboard.com\\\/fr-fr\\\/accessoires-pour-terrasses\\\/\"]}]},{\"@type\":\"BreadcrumbList\",\"@id\":\"https:\\\/\\\/www.millboard.com\\\/fr-fr\\\/accessoires-pour-terrasses\\\/#breadcrumb\",\"itemListElement\":[{\"@type\":\"ListItem\",\"position\":1,\"name\":\"Home\",\"item\":\"https:\\\/\\\/www.millboard.com\\\/fr-fr\\\/\"},{\"@type\":\"ListItem\",\"position\":2,\"name\":\"Accessoires pour terrasses\"}]},{\"@type\":\"WebSite\",\"@id\":\"https:\\\/\\\/www.millboard.com\\\/fr-fr\\\/#website\",\"url\":\"https:\\\/\\\/www.millboard.com\\\/fr-fr\\\/\",\"name\":\"FR-FR - Residential\",\"description\":\"Vivre. La Vie. A l&#039;Ext\u00e9rieur.\",\"potentialAction\":[{\"@type\":\"SearchAction\",\"target\":{\"@type\":\"EntryPoint\",\"urlTemplate\":\"https:\\\/\\\/www.millboard.com\\\/fr-fr\\\/?s={search_term_string}\"},\"query-input\":{\"@type\":\"PropertyValueSpecification\",\"valueRequired\":true,\"valueName\":\"search_term_string\"}}],\"inLanguage\":\"fr-FR\"}]}<\/script>\n<!-- \/ Yoast SEO Premium plugin. -->","yoast_head_json":{"title":"Fixations & finitions terrasse composite","description":"Vis Durafix, syst\u00e8me DuoFix et peinture de retouche pour une installation et une finition parfaite de votre terrasse composite Millboard.","robots":{"index":"index","follow":"follow","max-snippet":"max-snippet:-1","max-image-preview":"max-image-preview:large","max-video-preview":"max-video-preview:-1"},"canonical":"https:\/\/www.millboard.com\/fr-fr\/accessoires-pour-terrasses\/","og_locale":"fr_FR","og_type":"article","og_title":"Accessoires pour terrasses","og_description":"Vis Durafix, syst\u00e8me DuoFix et peinture de retouche pour une installation et une finition parfaite de votre terrasse composite Millboard.","og_url":"https:\/\/www.millboard.com\/fr-fr\/accessoires-pour-terrasses\/","og_site_name":"FR-FR - Residential","article_modified_time":"2026-03-26T13:42:37+00:00","twitter_card":"summary_large_image","twitter_misc":{"Dur\u00e9e de lecture estim\u00e9e":"1 minute"},"schema":{"@context":"https:\/\/schema.org","@graph":[{"@type":"WebPage","@id":"https:\/\/www.millboard.com\/fr-fr\/accessoires-pour-terrasses\/","url":"https:\/\/www.millboard.com\/fr-fr\/accessoires-pour-terrasses\/","name":"Fixations & finitions terrasse composite","isPartOf":{"@id":"https:\/\/www.millboard.com\/fr-fr\/#website"},"datePublished":"2026-02-03T12:21:19+00:00","dateModified":"2026-03-26T13:42:37+00:00","description":"Vis Durafix, syst\u00e8me DuoFix et peinture de retouche pour une installation et une finition parfaite de votre terrasse composite Millboard.","breadcrumb":{"@id":"https:\/\/www.millboard.com\/fr-fr\/accessoires-pour-terrasses\/#breadcrumb"},"inLanguage":"fr-FR","potentialAction":[{"@type":"ReadAction","target":["https:\/\/www.millboard.com\/fr-fr\/accessoires-pour-terrasses\/"]}]},{"@type":"BreadcrumbList","@id":"https:\/\/www.millboard.com\/fr-fr\/accessoires-pour-terrasses\/#breadcrumb","itemListElement":[{"@type":"ListItem","position":1,"name":"Home","item":"https:\/\/www.millboard.com\/fr-fr\/"},{"@type":"ListItem","position":2,"name":"Accessoires pour terrasses"}]},{"@type":"WebSite","@id":"https:\/\/www.millboard.com\/fr-fr\/#website","url":"https:\/\/www.millboard.com\/fr-fr\/","name":"FR-FR - Residential","description":"Vivre. La Vie. A l&#039;Ext\u00e9rieur.","potentialAction":[{"@type":"SearchAction","target":{"@type":"EntryPoint","urlTemplate":"https:\/\/www.millboard.com\/fr-fr\/?s={search_term_string}"},"query-input":{"@type":"PropertyValueSpecification","valueRequired":true,"valueName":"search_term_string"}}],"inLanguage":"fr-FR"}]}},"_links":{"self":[{"href":"https:\/\/www.millboard.com\/fr-fr\/wp-json\/wp\/v2\/pages\/6094","targetHints":{"allow":["GET"]}}],"collection":[{"href":"https:\/\/www.millboard.com\/fr-fr\/wp-json\/wp\/v2\/pages"}],"about":[{"href":"https:\/\/www.millboard.com\/fr-fr\/wp-json\/wp\/v2\/types\/page"}],"author":[{"embeddable":true,"href":"https:\/\/www.millboard.com\/fr-fr\/wp-json\/wp\/v2\/users\/10"}],"replies":[{"embeddable":true,"href":"https:\/\/www.millboard.com\/fr-fr\/wp-json\/wp\/v2\/comments?post=6094"}],"version-history":[{"count":2,"href":"https:\/\/www.millboard.com\/fr-fr\/wp-json\/wp\/v2\/pages\/6094\/revisions"}],"predecessor-version":[{"id":11320,"href":"https:\/\/www.millboard.com\/fr-fr\/wp-json\/wp\/v2\/pages\/6094\/revisions\/11320"}],"wp:attachment":[{"href":"https:\/\/www.millboard.com\/fr-fr\/wp-json\/wp\/v2\/media?parent=6094"}],"curies":[{"name":"wp","href":"https:\/\/api.w.org\/{rel}","templated":true}]}}