{"id":772,"date":"2026-01-07T16:37:48","date_gmt":"2026-01-07T16:37:48","guid":{"rendered":"https:\/\/www.millboard.com\/en-gb\/?page_id=772"},"modified":"2026-04-08T12:20:28","modified_gmt":"2026-04-08T11:20:28","slug":"centre-de-confiance","status":"publish","type":"page","link":"https:\/\/www.millboard.com\/fr-fr\/centre-de-confiance\/","title":{"rendered":"Confidentialit\u00e9 &amp; S\u00e9curit\u00e9"},"content":{"rendered":"<header class=\"page-header wp-block alignfull has-brand-1-background-color has-background page-header--type--page has-breadcrumbs\">\n    <div class=\"page-header__inner\">\n                    <!-- Breadcrumbs -->\n            <div class=\"page-header__breadcrumbs\">\n                <nav class=\"breadcrumbs\">\n    <span class=\"breadcrumbs__yoast-wrapper\"><span><a href=\"https:\/\/www.millboard.com\/fr-fr\/\">Home<\/a><\/span><\/span><\/nav>\n            <\/div>\n        \n        <div class=\"page-header__wrapper\">\n            <div class=\"page-header__image-wrapper page-header__image-wrapper--no-image\">\n                            <\/div>\n\n            <div class=\"page-header__content page-header__content--first\">\n                <div class=\"page-header__header\">\n                    \n                                            <h1 class=\"page-header__heading is-style-typestyle-h1\">Politiques et mentions l\u00e9gales<\/h1>\n                                    <\/div>\n\n                            <\/div>\n                <div class=\"page-header__content page-header__content--last\">\n                                                <div class=\"page-header__description\">\n                        <p>Retrouvez ici nos politiques et informations l\u00e9gales, ainsi que la mani\u00e8re dont nous prot\u00e9geons vos donn\u00e9es, agissons en toute transparence et respectons nos obligations en mati\u00e8re de s\u00e9curit\u00e9 et de conformit\u00e9.<\/p>\n                    <\/div>\n                \n                \n                            <\/div>\n        <\/div>\n    <\/div>\n\n    <\/header>\n\n    <div class=\"woocommerce-notices-wrapper\"><\/div>\n\n<div class=\"navigation-tiles wp-block alignfull\">\n    <div class=\"navigation-tiles__inner\">\n                    <div class=\"navigation-tiles__header\">\n                                \n                                    <h2 id=\"politiques\" class=\"navigation-tiles__heading\">\n                        Politiques                    <\/h2>\n                            <\/div>\n        \n                    <div class=\"navigation-tiles__tiles\">\n                                    <div class=\"navigation-tiles__tile\">\n                                                    <h3 class=\"navigation-tiles__tile-title\">\n                                Politique de confidentialit\u00e9                            <\/h3>\n                                                \n                                                \n                                                    <a target=\"\" rel=\"\" href=\"https:\/\/www.millboard.com\/fr-fr\/centre-de-confiance\/politique-de-confidentialite\/\" class=\"navigation-tiles__tile-cta g-button\">En savoir plus<\/a>\n                                            <\/div>\n                                    <div class=\"navigation-tiles__tile\">\n                                                    <h3 class=\"navigation-tiles__tile-title\">\n                                Cookies                            <\/h3>\n                                                \n                                                \n                                                    <a target=\"\" rel=\"\" href=\"https:\/\/www.millboard.com\/fr-fr\/centre-de-confiance\/cookies\/\" class=\"navigation-tiles__tile-cta g-button\">En savoir plus<\/a>\n                                            <\/div>\n                                    <div class=\"navigation-tiles__tile\">\n                                                    <h3 class=\"navigation-tiles__tile-title\">\n                                D\u00e9claration de confidentialit\u00e9 du candidat                            <\/h3>\n                                                \n                                                \n                                                    <a target=\"\" rel=\"\" href=\"https:\/\/www.millboard.com\/fr-fr\/centre-de-confiance\/declaration-de-confidentialite-a-lintention-des-candidats\/\" class=\"navigation-tiles__tile-cta g-button\">En savoir plus<\/a>\n                                            <\/div>\n                                    <div class=\"navigation-tiles__tile\">\n                                                    <h3 class=\"navigation-tiles__tile-title\">\n                                D\u00e9claration sur l&rsquo;esclavage moderne                            <\/h3>\n                                                \n                                                \n                                                    <a target=\"\" rel=\"\" href=\"https:\/\/www.millboard.com\/en-gb\/wp-content\/uploads\/sites\/3\/2026\/01\/Modern-Slavery-Statement-2025-v2.pdf\" class=\"navigation-tiles__tile-cta g-button\">En savoir plus<\/a>\n                                            <\/div>\n                                    <div class=\"navigation-tiles__tile\">\n                                                    <h3 class=\"navigation-tiles__tile-title\">\n                                Politique fiscale du groupe                            <\/h3>\n                                                \n                                                \n                                                    <a target=\"\" rel=\"\" href=\"https:\/\/www.millboard.com\/fr-fr\/centre-de-confiance\/declaration-relative-a-la-politique-fiscale-du-groupe\/\" class=\"navigation-tiles__tile-cta g-button\">En savoir plus<\/a>\n                                            <\/div>\n                            <\/div>\n            <\/div>\n<\/div>\n\n\n<div class=\"navigation-tiles wp-block alignfull has-background has-brand-1-background-color\">\n    <div class=\"navigation-tiles__inner\">\n                    <div class=\"navigation-tiles__header\">\n                                \n                                    <h2 id=\"juridique\" class=\"navigation-tiles__heading\">\n                        Juridique                    <\/h2>\n                            <\/div>\n        \n                    <div class=\"navigation-tiles__tiles\">\n                                    <div class=\"navigation-tiles__tile\">\n                                                    <h3 class=\"navigation-tiles__tile-title\">\n                                Conditions d&rsquo;utilisation                            <\/h3>\n                                                \n                                                \n                                                    <a target=\"\" rel=\"\" href=\"https:\/\/www.millboard.com\/fr-fr\/centre-de-confiance\/conditions-dutilisation\/\" class=\"navigation-tiles__tile-cta g-button\">En savoir plus<\/a>\n                                            <\/div>\n                                    <div class=\"navigation-tiles__tile\">\n                                                    <h3 class=\"navigation-tiles__tile-title\">\n                                CONDITIONS GENERALES DE VENTE (BTOB) (CI-APRES \u00ab CGV \u00bb)                            <\/h3>\n                                                \n                                                \n                                                    <a target=\"\" rel=\"\" href=\"https:\/\/www.millboard.com\/fr-fr\/centre-de-confiance\/conditions-generales-de-vente-btob-ci-apres-cgv\/\" class=\"navigation-tiles__tile-cta g-button\">En savoir plus<\/a>\n                                            <\/div>\n                                    <div class=\"navigation-tiles__tile\">\n                                                    <h3 class=\"navigation-tiles__tile-title\">\n                                CONDITIONS GENERALES DE VENTE (BTOC)(CI-APRES \u00ab CGV \u00bb)                            <\/h3>\n                                                \n                                                \n                                                    <a target=\"\" rel=\"\" href=\"https:\/\/www.millboard.com\/fr-fr\/centre-de-confiance\/conditions-generales-de-vente-btocci-apres-cgv\/\" class=\"navigation-tiles__tile-cta g-button\">En savoir plus<\/a>\n                                            <\/div>\n                            <\/div>\n            <\/div>\n<\/div>\n\n\n<div class=\"navigation-tiles wp-block alignfull\">\n    <div class=\"navigation-tiles__inner\">\n                    <div class=\"navigation-tiles__header\">\n                                \n                                    <h2 id=\"securite-des-produits\" class=\"navigation-tiles__heading\">\n                        S\u00e9curit\u00e9 des produits                    <\/h2>\n                            <\/div>\n        \n                    <div class=\"navigation-tiles__tiles\">\n                                    <div class=\"navigation-tiles__tile\">\n                                                    <h3 class=\"navigation-tiles__tile-title\">\n                                Aper\u00e7u de la s\u00e9curit\u00e9                            <\/h3>\n                                                \n                                                \n                                                    <a target=\"\" rel=\"\" href=\"https:\/\/www.millboard.com\/fr-fr\/centre-de-confiance\/apercu-de-la-securite\/\" class=\"navigation-tiles__tile-cta g-button\">En savoir plus<\/a>\n                                            <\/div>\n                            <\/div>\n            <\/div>\n<\/div>\n\n\n\n<p><\/p>\n","protected":false},"excerpt":{"rendered":"","protected":false},"author":10,"featured_media":0,"parent":0,"menu_order":0,"comment_status":"closed","ping_status":"closed","template":"","meta":{"_acf_changed":false,"content-type":"","footnotes":""},"class_list":["post-772","page","type-page","status-publish","hentry"],"acf":[],"yoast_head":"<!-- This site is optimized with the Yoast SEO Premium plugin v27.3 (Yoast SEO v27.3) - https:\/\/yoast.com\/product\/yoast-seo-premium-wordpress\/ -->\n<title>Politiques &amp; mentions l\u00e9gales<\/title>\n<meta name=\"description\" content=\"Politiques de confidentialit\u00e9, CGV, informations l\u00e9gales et s\u00e9curit\u00e9 produit de Millboard France. Tout en toute transparence.\" \/>\n<meta name=\"robots\" content=\"index, follow, max-snippet:-1, max-image-preview:large, max-video-preview:-1\" \/>\n<link rel=\"canonical\" href=\"https:\/\/www.millboard.com\/fr-fr\/centre-de-confiance\/\" \/>\n<meta property=\"og:locale\" content=\"fr_FR\" \/>\n<meta property=\"og:type\" content=\"article\" \/>\n<meta property=\"og:title\" content=\"Confidentialit\u00e9 &amp; S\u00e9curit\u00e9\" \/>\n<meta property=\"og:description\" content=\"Politiques de confidentialit\u00e9, CGV, informations l\u00e9gales et s\u00e9curit\u00e9 produit de Millboard France. Tout en toute transparence.\" \/>\n<meta property=\"og:url\" content=\"https:\/\/www.millboard.com\/fr-fr\/centre-de-confiance\/\" \/>\n<meta property=\"og:site_name\" content=\"FR-FR - Residential\" \/>\n<meta property=\"article:modified_time\" content=\"2026-04-08T11:20:28+00:00\" \/>\n<meta name=\"twitter:card\" content=\"summary_large_image\" \/>\n<meta name=\"twitter:label1\" content=\"Dur\u00e9e de lecture estim\u00e9e\" \/>\n\t<meta name=\"twitter:data1\" content=\"1 minute\" \/>\n<script type=\"application\/ld+json\" class=\"yoast-schema-graph\">{\"@context\":\"https:\\\/\\\/schema.org\",\"@graph\":[{\"@type\":\"WebPage\",\"@id\":\"https:\\\/\\\/www.millboard.com\\\/fr-fr\\\/centre-de-confiance\\\/\",\"url\":\"https:\\\/\\\/www.millboard.com\\\/fr-fr\\\/centre-de-confiance\\\/\",\"name\":\"Politiques & mentions l\u00e9gales\",\"isPartOf\":{\"@id\":\"https:\\\/\\\/www.millboard.com\\\/fr-fr\\\/#website\"},\"datePublished\":\"2026-01-07T16:37:48+00:00\",\"dateModified\":\"2026-04-08T11:20:28+00:00\",\"description\":\"Politiques de confidentialit\u00e9, CGV, informations l\u00e9gales et s\u00e9curit\u00e9 produit de Millboard France. Tout en toute transparence.\",\"breadcrumb\":{\"@id\":\"https:\\\/\\\/www.millboard.com\\\/fr-fr\\\/centre-de-confiance\\\/#breadcrumb\"},\"inLanguage\":\"fr-FR\",\"potentialAction\":[{\"@type\":\"ReadAction\",\"target\":[\"https:\\\/\\\/www.millboard.com\\\/fr-fr\\\/centre-de-confiance\\\/\"]}]},{\"@type\":\"BreadcrumbList\",\"@id\":\"https:\\\/\\\/www.millboard.com\\\/fr-fr\\\/centre-de-confiance\\\/#breadcrumb\",\"itemListElement\":[{\"@type\":\"ListItem\",\"position\":1,\"name\":\"Home\",\"item\":\"https:\\\/\\\/www.millboard.com\\\/fr-fr\\\/\"},{\"@type\":\"ListItem\",\"position\":2,\"name\":\"Confidentialit\u00e9 &amp; S\u00e9curit\u00e9\"}]},{\"@type\":\"WebSite\",\"@id\":\"https:\\\/\\\/www.millboard.com\\\/fr-fr\\\/#website\",\"url\":\"https:\\\/\\\/www.millboard.com\\\/fr-fr\\\/\",\"name\":\"FR-FR - Residential\",\"description\":\"Vivre. La Vie. A l&#039;Ext\u00e9rieur.\",\"potentialAction\":[{\"@type\":\"SearchAction\",\"target\":{\"@type\":\"EntryPoint\",\"urlTemplate\":\"https:\\\/\\\/www.millboard.com\\\/fr-fr\\\/?s={search_term_string}\"},\"query-input\":{\"@type\":\"PropertyValueSpecification\",\"valueRequired\":true,\"valueName\":\"search_term_string\"}}],\"inLanguage\":\"fr-FR\"}]}<\/script>\n<!-- \/ Yoast SEO Premium plugin. -->","yoast_head_json":{"title":"Politiques & mentions l\u00e9gales","description":"Politiques de confidentialit\u00e9, CGV, informations l\u00e9gales et s\u00e9curit\u00e9 produit de Millboard France. Tout en toute transparence.","robots":{"index":"index","follow":"follow","max-snippet":"max-snippet:-1","max-image-preview":"max-image-preview:large","max-video-preview":"max-video-preview:-1"},"canonical":"https:\/\/www.millboard.com\/fr-fr\/centre-de-confiance\/","og_locale":"fr_FR","og_type":"article","og_title":"Confidentialit\u00e9 &amp; S\u00e9curit\u00e9","og_description":"Politiques de confidentialit\u00e9, CGV, informations l\u00e9gales et s\u00e9curit\u00e9 produit de Millboard France. Tout en toute transparence.","og_url":"https:\/\/www.millboard.com\/fr-fr\/centre-de-confiance\/","og_site_name":"FR-FR - Residential","article_modified_time":"2026-04-08T11:20:28+00:00","twitter_card":"summary_large_image","twitter_misc":{"Dur\u00e9e de lecture estim\u00e9e":"1 minute"},"schema":{"@context":"https:\/\/schema.org","@graph":[{"@type":"WebPage","@id":"https:\/\/www.millboard.com\/fr-fr\/centre-de-confiance\/","url":"https:\/\/www.millboard.com\/fr-fr\/centre-de-confiance\/","name":"Politiques & mentions l\u00e9gales","isPartOf":{"@id":"https:\/\/www.millboard.com\/fr-fr\/#website"},"datePublished":"2026-01-07T16:37:48+00:00","dateModified":"2026-04-08T11:20:28+00:00","description":"Politiques de confidentialit\u00e9, CGV, informations l\u00e9gales et s\u00e9curit\u00e9 produit de Millboard France. Tout en toute transparence.","breadcrumb":{"@id":"https:\/\/www.millboard.com\/fr-fr\/centre-de-confiance\/#breadcrumb"},"inLanguage":"fr-FR","potentialAction":[{"@type":"ReadAction","target":["https:\/\/www.millboard.com\/fr-fr\/centre-de-confiance\/"]}]},{"@type":"BreadcrumbList","@id":"https:\/\/www.millboard.com\/fr-fr\/centre-de-confiance\/#breadcrumb","itemListElement":[{"@type":"ListItem","position":1,"name":"Home","item":"https:\/\/www.millboard.com\/fr-fr\/"},{"@type":"ListItem","position":2,"name":"Confidentialit\u00e9 &amp; S\u00e9curit\u00e9"}]},{"@type":"WebSite","@id":"https:\/\/www.millboard.com\/fr-fr\/#website","url":"https:\/\/www.millboard.com\/fr-fr\/","name":"FR-FR - Residential","description":"Vivre. La Vie. A l&#039;Ext\u00e9rieur.","potentialAction":[{"@type":"SearchAction","target":{"@type":"EntryPoint","urlTemplate":"https:\/\/www.millboard.com\/fr-fr\/?s={search_term_string}"},"query-input":{"@type":"PropertyValueSpecification","valueRequired":true,"valueName":"search_term_string"}}],"inLanguage":"fr-FR"}]}},"_links":{"self":[{"href":"https:\/\/www.millboard.com\/fr-fr\/wp-json\/wp\/v2\/pages\/772","targetHints":{"allow":["GET"]}}],"collection":[{"href":"https:\/\/www.millboard.com\/fr-fr\/wp-json\/wp\/v2\/pages"}],"about":[{"href":"https:\/\/www.millboard.com\/fr-fr\/wp-json\/wp\/v2\/types\/page"}],"author":[{"embeddable":true,"href":"https:\/\/www.millboard.com\/fr-fr\/wp-json\/wp\/v2\/users\/10"}],"replies":[{"embeddable":true,"href":"https:\/\/www.millboard.com\/fr-fr\/wp-json\/wp\/v2\/comments?post=772"}],"version-history":[{"count":4,"href":"https:\/\/www.millboard.com\/fr-fr\/wp-json\/wp\/v2\/pages\/772\/revisions"}],"predecessor-version":[{"id":11561,"href":"https:\/\/www.millboard.com\/fr-fr\/wp-json\/wp\/v2\/pages\/772\/revisions\/11561"}],"wp:attachment":[{"href":"https:\/\/www.millboard.com\/fr-fr\/wp-json\/wp\/v2\/media?parent=772"}],"curies":[{"name":"wp","href":"https:\/\/api.w.org\/{rel}","templated":true}]}}