{"id":872,"date":"2026-01-08T16:28:34","date_gmt":"2026-01-08T16:28:34","guid":{"rendered":"https:\/\/www.millboard.com\/en-gb\/?page_id=872"},"modified":"2026-03-26T13:16:36","modified_gmt":"2026-03-26T13:16:36","slug":"apercu-de-la-securite","status":"publish","type":"page","link":"https:\/\/www.millboard.com\/fr-fr\/centre-de-confiance\/apercu-de-la-securite\/","title":{"rendered":"Aper\u00e7u de la s\u00e9curit\u00e9"},"content":{"rendered":"<header class=\"page-header wp-block alignfull has-brand-1-background-color has-background page-header--type--page has-breadcrumbs\">\n    <div class=\"page-header__inner\">\n                    <!-- Breadcrumbs -->\n            <div class=\"page-header__breadcrumbs\">\n                <nav class=\"breadcrumbs\">\n    <span class=\"breadcrumbs__yoast-wrapper\"><span><a href=\"https:\/\/www.millboard.com\/fr-fr\/\">Home<\/a><\/span><\/span><\/nav>\n            <\/div>\n        \n        <div class=\"page-header__wrapper\">\n            <div class=\"page-header__image-wrapper page-header__image-wrapper--no-image\">\n                            <\/div>\n\n            <div class=\"page-header__content page-header__content--first\">\n                <div class=\"page-header__header\">\n                    \n                                            <h1 class=\"page-header__heading is-style-typestyle-h1\">Aper\u00e7u de la s\u00e9curit\u00e9<\/h1>\n                                    <\/div>\n\n                            <\/div>\n                <div class=\"page-header__content page-header__content--last\">\n                                                <div class=\"page-header__description\">\n                        <p><span class=\"TextRun SCXW54317279 BCX8\" lang=\"FR-FR\" xml:lang=\"FR-FR\" data-contrast=\"auto\"><span class=\"NormalTextRun SCXW54317279 BCX8\">La protection de la\u00a0<\/span><span class=\"NormalTextRun SCXW54317279 BCX8\">confidentialit\u00e9<\/span><span class=\"NormalTextRun SCXW54317279 BCX8\">, de\u00a0<\/span><span class=\"NormalTextRun SCXW54317279 BCX8\">l&rsquo;int\u00e9grit\u00e9<\/span><span class=\"NormalTextRun SCXW54317279 BCX8\">\u00a0et de la\u00a0<\/span><span class=\"NormalTextRun SCXW54317279 BCX8\">disponibilit\u00e9<\/span><span class=\"NormalTextRun SCXW54317279 BCX8\">\u00a0des donn\u00e9es des\u00a0<\/span><span class=\"NormalTextRun SCXW54317279 BCX8\">clients<\/span><span class=\"NormalTextRun SCXW54317279 BCX8\">\u00a0est au\u00a0<\/span><span class=\"NormalTextRun SCXW54317279 BCX8\">c\u0153ur<\/span><span class=\"NormalTextRun SCXW54317279 BCX8\">\u00a0de\u00a0<\/span><span class=\"NormalTextRun SCXW54317279 BCX8\">notre<\/span><span class=\"NormalTextRun SCXW54317279 BCX8\">\u00a0organisation. Nos pratiques\u00a0<\/span><span class=\"NormalTextRun SCXW54317279 BCX8\">en<\/span><span class=\"NormalTextRun SCXW54317279 BCX8\">\u00a0mati\u00e8re de\u00a0<\/span><span class=\"NormalTextRun SCXW54317279 BCX8\">s\u00e9curit\u00e9<\/span><span class=\"NormalTextRun SCXW54317279 BCX8\">\u00a0<\/span><span class=\"NormalTextRun SCXW54317279 BCX8\">reposent<\/span><span class=\"NormalTextRun SCXW54317279 BCX8\">\u00a0sur des\u00a0<\/span><span class=\"NormalTextRun SCXW54317279 BCX8\">contr\u00f4les<\/span><span class=\"NormalTextRun SCXW54317279 BCX8\">\u00a0techniques\u00a0<\/span><span class=\"NormalTextRun SCXW54317279 BCX8\">robustes<\/span><span class=\"NormalTextRun SCXW54317279 BCX8\">, des processus de\u00a0<\/span><span class=\"NormalTextRun SCXW54317279 BCX8\">gouvernance<\/span><span class=\"NormalTextRun SCXW54317279 BCX8\">\u00a0<\/span><span class=\"NormalTextRun SCXW54317279 BCX8\">clairs<\/span><span class=\"NormalTextRun SCXW54317279 BCX8\">\u00a0et un engagement\u00a0<\/span><span class=\"NormalTextRun SCXW54317279 BCX8\">en<\/span><span class=\"NormalTextRun SCXW54317279 BCX8\">\u00a0<\/span><span class=\"NormalTextRun SCXW54317279 BCX8\">faveur<\/span><span class=\"NormalTextRun SCXW54317279 BCX8\">\u00a0de\u00a0<\/span><span class=\"NormalTextRun SCXW54317279 BCX8\">l&rsquo;am\u00e9lioration<\/span><span class=\"NormalTextRun SCXW54317279 BCX8\">\u00a0continue. Cet aper\u00e7u\u00a0<\/span><span class=\"NormalTextRun SCXW54317279 BCX8\">explique<\/span><span class=\"NormalTextRun SCXW54317279 BCX8\">\u00a0comment nous\u00a0<\/span><span class=\"NormalTextRun SCXW54317279 BCX8\">prot\u00e9geons<\/span><span class=\"NormalTextRun SCXW54317279 BCX8\">\u00a0les\u00a0<\/span><span class=\"NormalTextRun SCXW54317279 BCX8\">informations<\/span><span class=\"NormalTextRun SCXW54317279 BCX8\">\u00a0tout au long de\u00a0<\/span><span class=\"NormalTextRun SCXW54317279 BCX8\">leur<\/span><span class=\"NormalTextRun SCXW54317279 BCX8\">\u00a0cycle de vie et\u00a0<\/span><span class=\"NormalTextRun SCXW54317279 BCX8\">maintenons<\/span><span class=\"NormalTextRun SCXW54317279 BCX8\">\u00a0un service\u00a0<\/span><span class=\"NormalTextRun SCXW54317279 BCX8\">s\u00fbr<\/span><span class=\"NormalTextRun SCXW54317279 BCX8\">\u00a0et\u00a0<\/span><span class=\"NormalTextRun SCXW54317279 BCX8\">fiable<\/span><span class=\"NormalTextRun SCXW54317279 BCX8\">.<\/span><\/span><span class=\"EOP SCXW54317279 BCX8\" data-ccp-props=\"{}\">\u00a0<\/span><\/p>\n                    <\/div>\n                \n                \n                            <\/div>\n        <\/div>\n    <\/div>\n\n    <\/header>\n\n    <div class=\"woocommerce-notices-wrapper\"><\/div>\n\n\n<p><strong>S\u00e9curit\u00e9&nbsp;de&nbsp;l&rsquo;infrastructure&nbsp;et du r\u00e9seau<\/strong>&nbsp;<\/p>\n\n\n\n<p>Notre infrastructure&nbsp;utilise&nbsp;une&nbsp;architecture cloud&nbsp;moderne&nbsp;et&nbsp;r\u00e9siliente&nbsp;ainsi&nbsp;que&nbsp;des&nbsp;contr\u00f4les&nbsp;d&rsquo;acc\u00e8s&nbsp;stricts&nbsp;pour&nbsp;prot\u00e9ger&nbsp;les donn\u00e9es.&nbsp;<\/p>\n\n\n\n<ul class=\"wp-block-list\">\n<li><strong>S\u00e9paration\u00a0des\u00a0environnements<\/strong>\u00a0: les\u00a0syst\u00e8mes\u00a0de production et hors production\u00a0restent\u00a0s\u00e9par\u00e9s\u00a0afin\u00a0de\u00a0r\u00e9duire\u00a0les\u00a0risques.\u00a0<\/li>\n<\/ul>\n\n\n\n<ul class=\"wp-block-list\">\n<li><strong>Pare-feu et surveillance des menaces<\/strong>\u00a0: le trafic est surveill\u00e9 en permanence, \u00e0 l&rsquo;aide de\u00a0pare-feu\u00a0et d&rsquo;outils de d\u00e9tection automatis\u00e9s, afin d&#8217;emp\u00eacher tout acc\u00e8s non autoris\u00e9.\u00a0<\/li>\n<\/ul>\n\n\n\n<ul class=\"wp-block-list\">\n<li><strong>Correctifs\u00a0r\u00e9guliers<\/strong>\u00a0: les\u00a0syst\u00e8mes\u00a0et les applications\u00a0sont\u00a0fr\u00e9quemment\u00a0mis \u00e0 jour\u00a0afin\u00a0de\u00a0corriger\u00a0les\u00a0vuln\u00e9rabilit\u00e9s.\u00a0<\/li>\n<\/ul>\n\n\n\n<p><strong>Chiffrement&nbsp;des donn\u00e9es<\/strong>&nbsp;<\/p>\n\n\n\n<p>Nous&nbsp;appliquons&nbsp;des&nbsp;normes&nbsp;de&nbsp;chiffrement&nbsp;strictes&nbsp;pour&nbsp;prot\u00e9ger&nbsp;les&nbsp;informations&nbsp;en&nbsp;transit et au repos.&nbsp;<\/p>\n\n\n\n<ul class=\"wp-block-list\">\n<li><strong>Chiffrement\u00a0en\u00a0transit<\/strong>\u00a0:\u00a0toutes\u00a0les communications\u00a0utilisent\u00a0le\u00a0protocole\u00a0TLS pour\u00a0s\u00e9curiser\u00a0les donn\u00e9es pendant\u00a0leur\u00a0transfert.\u00a0<\/li>\n<\/ul>\n\n\n\n<ul class=\"wp-block-list\">\n<li><strong>Chiffrement\u00a0au\u00a0repos<\/strong>\u00a0:\u00a0les donn\u00e9es\u00a0sensibles\u00a0sont\u00a0chiffr\u00e9es\u00a0\u00e0\u00a0l&rsquo;aide\u00a0d&rsquo;algorithmes\u00a0conformes\u00a0aux\u00a0normes\u00a0de\u00a0l&rsquo;industrie\u00a0afin\u00a0d&#8217;emp\u00eacher\u00a0tout\u00a0acc\u00e8s\u00a0non\u00a0autoris\u00e9.\u00a0<\/li>\n<\/ul>\n\n\n\n<p><strong>Contr\u00f4le&nbsp;d&rsquo;acc\u00e8s&nbsp;et gestion des&nbsp;identit\u00e9s<\/strong>&nbsp;<\/p>\n\n\n\n<p>Nous&nbsp;suivons&nbsp;le&nbsp;principe&nbsp;du&nbsp;<strong>privil\u00e8ge&nbsp;minimum<\/strong>,&nbsp;garantissant&nbsp;que&nbsp;l&rsquo;acc\u00e8s&nbsp;est&nbsp;limit\u00e9&nbsp;\u00e0&nbsp;ce&nbsp;qui est&nbsp;strictement&nbsp;n\u00e9cessaire.&nbsp;<\/p>\n\n\n\n<ul class=\"wp-block-list\">\n<li><strong>Authentification\u00a0multifactorielle\u00a0(MFA)<\/strong>\u00a0pour\u00a0tous\u00a0les\u00a0comptes\u00a0administratifs\u00a0et internes.\u00a0<\/li>\n<\/ul>\n\n\n\n<ul class=\"wp-block-list\">\n<li><strong>Contr\u00f4le\u00a0d&rsquo;acc\u00e8s\u00a0bas\u00e9\u00a0sur les\u00a0r\u00f4les\u00a0(RBAC)<\/strong>\u00a0pour aligner les\u00a0autorisations\u00a0sur les\u00a0responsabilit\u00e9s\u00a0professionnelles.\u00a0<\/li>\n<\/ul>\n\n\n\n<ul class=\"wp-block-list\">\n<li><strong>Gestion\u00a0centralis\u00e9e\u00a0des\u00a0identit\u00e9s<\/strong>\u00a0pour\u00a0une\u00a0surveillance\u00a0coh\u00e9rente\u00a0et\u00a0une\u00a0r\u00e9vocation\u00a0rapide\u00a0des\u00a0acc\u00e8s.\u00a0<\/li>\n<\/ul>\n\n\n\n<p><strong>Pratiques de&nbsp;d\u00e9veloppement&nbsp;s\u00e9curis\u00e9es<\/strong>&nbsp;<\/p>\n\n\n\n<p>La&nbsp;s\u00e9curit\u00e9&nbsp;est&nbsp;int\u00e9gr\u00e9e&nbsp;\u00e0&nbsp;notre&nbsp;cycle de&nbsp;d\u00e9veloppement&nbsp;afin&nbsp;de minimiser les&nbsp;vuln\u00e9rabilit\u00e9s.&nbsp;<\/p>\n\n\n\n<ul class=\"wp-block-list\">\n<li><strong>R\u00e9vision\u00a0du code et analyse\u00a0statique<\/strong>\u00a0: tout le code est\u00a0soumis\u00a0\u00e0 un examen par les pairs et \u00e0\u00a0une\u00a0analyse\u00a0automatis\u00e9e.\u00a0<\/li>\n<\/ul>\n\n\n\n<ul class=\"wp-block-list\">\n<li><strong>Surveillance des\u00a0d\u00e9pendances<\/strong>\u00a0: les biblioth\u00e8ques tierces\u00a0sont\u00a0surveill\u00e9es\u00a0et mises \u00e0 jour\u00a0si\u00a0n\u00e9cessaire\u00a0afin\u00a0d&rsquo;\u00e9liminer\u00a0les\u00a0probl\u00e8mes\u00a0de\u00a0s\u00e9curit\u00e9\u00a0connus.\u00a0<\/li>\n<\/ul>\n\n\n\n<ul class=\"wp-block-list\">\n<li><strong>Tests de\u00a0p\u00e9n\u00e9tration<\/strong>\u00a0: des tests\u00a0ind\u00e9pendants\u00a0sont\u00a0r\u00e9guli\u00e8rement\u00a0effectu\u00e9s\u00a0afin\u00a0de\u00a0valider\u00a0la\u00a0s\u00e9curit\u00e9\u00a0de\u00a0notre\u00a0plateforme.\u00a0<\/li>\n<\/ul>\n\n\n\n<p><strong>Surveillance,&nbsp;journalisation&nbsp;et&nbsp;r\u00e9ponse&nbsp;aux incidents<\/strong>&nbsp;<\/p>\n\n\n\n<p>Une surveillance&nbsp;continue&nbsp;nous&nbsp;permet&nbsp;de&nbsp;d\u00e9tecter&nbsp;rapidement&nbsp;les anomalies et&nbsp;d&rsquo;y&nbsp;r\u00e9pondre&nbsp;efficacement.&nbsp;<\/p>\n\n\n\n<ul class=\"wp-block-list\">\n<li><strong>Surveillance\u00a0en\u00a0temps\u00a0r\u00e9el<\/strong>\u00a0de\u00a0l&rsquo;activit\u00e9\u00a0de\u00a0l&rsquo;infrastructure\u00a0et des applications.\u00a0<\/li>\n<\/ul>\n\n\n\n<ul class=\"wp-block-list\">\n<li><strong>Journalisation d\u00e9taill\u00e9e<\/strong>\u00a0pour faciliter les enqu\u00eates et les analyses l\u00e9gales.\u00a0<\/li>\n<\/ul>\n\n\n\n<ul class=\"wp-block-list\">\n<li><strong>Plan\u00a0d&rsquo;intervention\u00a0en\u00a0cas\u00a0d&rsquo;incident<\/strong>\u00a0d\u00e9crivant\u00a0les\u00a0mesures\u00a0coordonn\u00e9es\u00a0\u00e0 prendre pour\u00a0contenir,\u00a0r\u00e9soudre\u00a0et\u00a0communiquer\u00a0tout incident de\u00a0s\u00e9curit\u00e9.\u00a0<\/li>\n<\/ul>\n\n\n\n<p><strong>Continuit\u00e9&nbsp;des&nbsp;activit\u00e9s&nbsp;et&nbsp;r\u00e9silience<\/strong>&nbsp;<\/p>\n\n\n\n<p>Nous&nbsp;disposons&nbsp;de plans&nbsp;complets&nbsp;pour&nbsp;garantir&nbsp;la&nbsp;fiabilit\u00e9&nbsp;et la&nbsp;disponibilit\u00e9&nbsp;de&nbsp;nos&nbsp;services.&nbsp;<\/p>\n\n\n\n<ul class=\"wp-block-list\">\n<li><strong>Sauvegardes<\/strong>\u00a0:\u00a0sauvegardes\u00a0r\u00e9guli\u00e8res\u00a0et\u00a0s\u00e9curis\u00e9es\u00a0des donn\u00e9es critiques.\u00a0<\/li>\n<\/ul>\n\n\n\n<ul class=\"wp-block-list\">\n<li><strong>Reprise apr\u00e8s\u00a0sinistre<\/strong>\u00a0:\u00a0proc\u00e9dures\u00a0de restauration des\u00a0syst\u00e8mes\u00a0en\u00a0cas\u00a0de perturbation.\u00a0<\/li>\n<\/ul>\n\n\n\n<ul class=\"wp-block-list\">\n<li><strong>Architecture\u00a0r\u00e9siliente<\/strong>\u00a0con\u00e7ue\u00a0pour\u00a0r\u00e9sister\u00a0aux\u00a0pannes\u00a0de\u00a0composants\u00a0sans impact\u00a0significatif\u00a0sur le service.\u00a0<\/li>\n<\/ul>\n\n\n\n<p><strong>S\u00e9curit\u00e9&nbsp;et formation des&nbsp;employ\u00e9s<\/strong>&nbsp;<\/p>\n\n\n\n<p>La culture de la&nbsp;s\u00e9curit\u00e9&nbsp;est&nbsp;ancr\u00e9e&nbsp;dans toute&nbsp;l&rsquo;organisation.&nbsp;<\/p>\n\n\n\n<ul class=\"wp-block-list\">\n<li><strong>Formation\u00a0obligatoire<\/strong>\u00a0: le personnel suit\u00a0r\u00e9guli\u00e8rement\u00a0des formations sur la sensibilisation \u00e0 la\u00a0s\u00e9curit\u00e9\u00a0et le RGPD\u00a0britannique.\u00a0<\/li>\n<\/ul>\n\n\n\n<ul class=\"wp-block-list\">\n<li><strong>V\u00e9rification\u00a0des\u00a0ant\u00e9c\u00e9dents<\/strong>\u00a0:\u00a0une\u00a0v\u00e9rification\u00a0pr\u00e9alable\u00a0\u00e0\u00a0l&#8217;embauche\u00a0est\u00a0effectu\u00e9e\u00a0conform\u00e9ment\u00a0aux\u00a0meilleures\u00a0pratiques\u00a0britanniques.\u00a0<\/li>\n<\/ul>\n\n\n\n<ul class=\"wp-block-list\">\n<li><strong>Politiques\u00a0d&rsquo;utilisation\u00a0acceptable<\/strong>\u00a0:\u00a0les\u00a0employ\u00e9s\u00a0doivent\u00a0suivre\u00a0des directives\u00a0strictes\u00a0r\u00e9gissant\u00a0l&rsquo;utilisation\u00a0du\u00a0syst\u00e8me\u00a0et le\u00a0traitement\u00a0des donn\u00e9es.\u00a0<\/li>\n<\/ul>\n\n\n\n<p><strong>Gouvernance&nbsp;et gestion des&nbsp;risques<\/strong>&nbsp;<\/p>\n\n\n\n<p>Notre cadre de gouvernance en mati\u00e8re de s\u00e9curit\u00e9 assure une supervision, une responsabilit\u00e9 et une obligation de&nbsp;reporting&nbsp;claires&nbsp;dans toute l&rsquo;entreprise.&nbsp;<\/p>\n\n\n\n<ul class=\"wp-block-list\">\n<li><strong>Politiques et\u00a0proc\u00e9dures<\/strong>\u00a0: les politiques de\u00a0s\u00e9curit\u00e9\u00a0et de protection des donn\u00e9es\u00a0sont\u00a0r\u00e9guli\u00e8rement\u00a0r\u00e9vis\u00e9es\u00a0et mises \u00e0 la disposition de\u00a0l&rsquo;ensemble\u00a0du personnel\u00a0afin\u00a0de\u00a0garantir\u00a0une\u00a0compr\u00e9hension\u00a0et\u00a0une\u00a0application\u00a0coh\u00e9rentes.\u00a0<\/li>\n<\/ul>\n\n\n\n<ul class=\"wp-block-list\">\n<li><strong>Gestion des\u00a0fournisseurs<\/strong>\u00a0: les\u00a0fournisseurs\u00a0tiers font\u00a0l&rsquo;objet\u00a0d&rsquo;une\u00a0diligence\u00a0raisonnable\u00a0afin\u00a0de confirmer\u00a0qu&rsquo;ils\u00a0respectent\u00a0nos\u00a0normes\u00a0en\u00a0mati\u00e8re de\u00a0s\u00e9curit\u00e9, de\u00a0confidentialit\u00e9\u00a0et de RGPD\u00a0britannique.\u00a0<\/li>\n<\/ul>\n\n\n\n<p><strong>Protection des donn\u00e9es et&nbsp;confidentialit\u00e9<\/strong>&nbsp;<\/p>\n\n\n\n<p>Nous&nbsp;nous&nbsp;conformons&nbsp;pleinement&nbsp;au&nbsp;<strong>RGPD&nbsp;britannique<\/strong>&nbsp;et \u00e0 la&nbsp;<strong>loi&nbsp;sur la protection des donn\u00e9es de 2018<\/strong>,&nbsp;garantissant&nbsp;que&nbsp;les donn\u00e9es&nbsp;personnelles&nbsp;sont&nbsp;trait\u00e9es&nbsp;de mani\u00e8re&nbsp;l\u00e9gale,&nbsp;\u00e9quitable&nbsp;et&nbsp;transparente.&nbsp;<\/p>\n\n\n\n<ul class=\"wp-block-list\">\n<li><strong>Minimisation des\u00a0donn\u00e9es<\/strong>\u00a0:\u00a0seules\u00a0les\u00a0informations\u00a0n\u00e9cessaires\u00a0\u00e0 la\u00a0fourniture\u00a0et \u00e0\u00a0l&rsquo;am\u00e9lioration\u00a0de\u00a0nos\u00a0services\u00a0sont\u00a0trait\u00e9es.\u00a0<\/li>\n<\/ul>\n\n\n\n<ul class=\"wp-block-list\">\n<li><strong>Confidentialit\u00e9\u00a0d\u00e8s\u00a0la\u00a0conception<\/strong>\u00a0:\u00a0les\u00a0consid\u00e9rations\u00a0de\u00a0s\u00e9curit\u00e9\u00a0et de\u00a0confidentialit\u00e9\u00a0sont\u00a0int\u00e9gr\u00e9es\u00a0dans les\u00a0produits\u00a0et les\u00a0fonctionnalit\u00e9s\u00a0d\u00e8s\u00a0les premi\u00e8res \u00e9tapes de\u00a0leur\u00a0d\u00e9veloppement.\u00a0<\/li>\n<\/ul>\n\n\n\n<ul class=\"wp-block-list\">\n<li><strong>Droits des\u00a0personnes\u00a0concern\u00e9es<\/strong>\u00a0: nous\u00a0soutenons\u00a0les droits\u00a0d&rsquo;acc\u00e8s, de rectification,\u00a0d&rsquo;effacement, de\u00a0portabilit\u00e9\u00a0et de restriction,\u00a0tels\u00a0que\u00a0d\u00e9finis\u00a0dans le RGPD\u00a0britannique.\u00a0<\/li>\n<\/ul>\n\n\n\n<p>De plus&nbsp;amples&nbsp;d\u00e9tails&nbsp;sont&nbsp;fournis&nbsp;dans&nbsp;notre&nbsp;avis de&nbsp;confidentialit\u00e9.&nbsp;<\/p>\n\n\n\n<p><strong>Notre engagement<\/strong>&nbsp;<\/p>\n\n\n\n<p>Nous am\u00e9liorons continuellement nos proc\u00e9dures&nbsp;de s\u00e9curit\u00e9, en tenant compte de l&rsquo;\u00e9volution des menaces, des&nbsp;changements r\u00e9glementaires et des meilleures pratiques recommand\u00e9es par des organisations telles que l&rsquo;ICO. La protection de vos donn\u00e9es reste l&rsquo;une de nos principales priorit\u00e9s, et nous nous engageons \u00e0 fournir un service s\u00e9curis\u00e9, transparent et fiable.&nbsp;<\/p>\n\n\n\n<p>V1&nbsp;janvier&nbsp;2026&nbsp;<\/p>\n\n\n\n<p><\/p>\n","protected":false},"excerpt":{"rendered":"<p>S\u00e9curit\u00e9&nbsp;de&nbsp;l&rsquo;infrastructure&nbsp;et du r\u00e9seau&nbsp; Notre infrastructure&nbsp;utilise&nbsp;une&nbsp;architecture cloud&nbsp;moderne&nbsp;et&nbsp;r\u00e9siliente&nbsp;ainsi&nbsp;que&nbsp;des&nbsp;contr\u00f4les&nbsp;d&rsquo;acc\u00e8s&nbsp;stricts&nbsp;pour&nbsp;prot\u00e9ger&nbsp;les donn\u00e9es.&nbsp; Chiffrement&nbsp;des donn\u00e9es&nbsp; Nous&nbsp;appliquons&nbsp;des&nbsp;normes&nbsp;de&nbsp;chiffrement&nbsp;strictes&nbsp;pour&nbsp;prot\u00e9ger&nbsp;les&nbsp;informations&nbsp;en&nbsp;transit et au repos.&nbsp; Contr\u00f4le&nbsp;d&rsquo;acc\u00e8s&nbsp;et gestion des&nbsp;identit\u00e9s&nbsp; Nous&nbsp;suivons&nbsp;le&nbsp;principe&nbsp;du&nbsp;privil\u00e8ge&nbsp;minimum,&nbsp;garantissant&nbsp;que&nbsp;l&rsquo;acc\u00e8s&nbsp;est&nbsp;limit\u00e9&nbsp;\u00e0&nbsp;ce&nbsp;qui est&nbsp;strictement&nbsp;n\u00e9cessaire.&nbsp; Pratiques de&nbsp;d\u00e9veloppement&nbsp;s\u00e9curis\u00e9es&nbsp;&hellip;<\/p>\n","protected":false},"author":10,"featured_media":0,"parent":772,"menu_order":0,"comment_status":"closed","ping_status":"closed","template":"","meta":{"_acf_changed":false,"content-type":"","footnotes":""},"class_list":["post-872","page","type-page","status-publish","hentry"],"acf":[],"yoast_head":"<!-- This site is optimized with the Yoast SEO Premium plugin v27.3 (Yoast SEO v27.3) - https:\/\/yoast.com\/product\/yoast-seo-premium-wordpress\/ -->\n<title>S\u00e9curit\u00e9 des donn\u00e9es<\/title>\n<meta name=\"description\" content=\"Millboard prot\u00e8ge vos donn\u00e9es par chiffrement, contr\u00f4le d&#039;acc\u00e8s, conformit\u00e9 RGPD et surveillance continue. D\u00e9couvrez nos pratiques de s\u00e9curit\u00e9.\" \/>\n<meta name=\"robots\" content=\"index, follow, max-snippet:-1, max-image-preview:large, max-video-preview:-1\" \/>\n<link rel=\"canonical\" href=\"https:\/\/www.millboard.com\/fr-fr\/centre-de-confiance\/apercu-de-la-securite\/\" \/>\n<meta property=\"og:locale\" content=\"fr_FR\" \/>\n<meta property=\"og:type\" content=\"article\" \/>\n<meta property=\"og:title\" content=\"Aper\u00e7u de la s\u00e9curit\u00e9\" \/>\n<meta property=\"og:description\" content=\"Millboard prot\u00e8ge vos donn\u00e9es par chiffrement, contr\u00f4le d&#039;acc\u00e8s, conformit\u00e9 RGPD et surveillance continue. D\u00e9couvrez nos pratiques de s\u00e9curit\u00e9.\" \/>\n<meta property=\"og:url\" content=\"https:\/\/www.millboard.com\/fr-fr\/centre-de-confiance\/apercu-de-la-securite\/\" \/>\n<meta property=\"og:site_name\" content=\"FR-FR - Residential\" \/>\n<meta property=\"article:modified_time\" content=\"2026-03-26T13:16:36+00:00\" \/>\n<meta name=\"twitter:card\" content=\"summary_large_image\" \/>\n<meta name=\"twitter:label1\" content=\"Dur\u00e9e de lecture estim\u00e9e\" \/>\n\t<meta name=\"twitter:data1\" content=\"4 minutes\" \/>\n<script type=\"application\/ld+json\" class=\"yoast-schema-graph\">{\"@context\":\"https:\\\/\\\/schema.org\",\"@graph\":[{\"@type\":\"WebPage\",\"@id\":\"https:\\\/\\\/www.millboard.com\\\/fr-fr\\\/centre-de-confiance\\\/apercu-de-la-securite\\\/\",\"url\":\"https:\\\/\\\/www.millboard.com\\\/fr-fr\\\/centre-de-confiance\\\/apercu-de-la-securite\\\/\",\"name\":\"S\u00e9curit\u00e9 des donn\u00e9es\",\"isPartOf\":{\"@id\":\"https:\\\/\\\/www.millboard.com\\\/fr-fr\\\/#website\"},\"datePublished\":\"2026-01-08T16:28:34+00:00\",\"dateModified\":\"2026-03-26T13:16:36+00:00\",\"description\":\"Millboard prot\u00e8ge vos donn\u00e9es par chiffrement, contr\u00f4le d'acc\u00e8s, conformit\u00e9 RGPD et surveillance continue. D\u00e9couvrez nos pratiques de s\u00e9curit\u00e9.\",\"breadcrumb\":{\"@id\":\"https:\\\/\\\/www.millboard.com\\\/fr-fr\\\/centre-de-confiance\\\/apercu-de-la-securite\\\/#breadcrumb\"},\"inLanguage\":\"fr-FR\",\"potentialAction\":[{\"@type\":\"ReadAction\",\"target\":[\"https:\\\/\\\/www.millboard.com\\\/fr-fr\\\/centre-de-confiance\\\/apercu-de-la-securite\\\/\"]}]},{\"@type\":\"BreadcrumbList\",\"@id\":\"https:\\\/\\\/www.millboard.com\\\/fr-fr\\\/centre-de-confiance\\\/apercu-de-la-securite\\\/#breadcrumb\",\"itemListElement\":[{\"@type\":\"ListItem\",\"position\":1,\"name\":\"Home\",\"item\":\"https:\\\/\\\/www.millboard.com\\\/fr-fr\\\/\"},{\"@type\":\"ListItem\",\"position\":2,\"name\":\"Confidentialit\u00e9 &amp; S\u00e9curit\u00e9\",\"item\":\"https:\\\/\\\/www.millboard.com\\\/fr-fr\\\/centre-de-confiance\\\/\"},{\"@type\":\"ListItem\",\"position\":3,\"name\":\"Aper\u00e7u de la s\u00e9curit\u00e9\"}]},{\"@type\":\"WebSite\",\"@id\":\"https:\\\/\\\/www.millboard.com\\\/fr-fr\\\/#website\",\"url\":\"https:\\\/\\\/www.millboard.com\\\/fr-fr\\\/\",\"name\":\"FR-FR - Residential\",\"description\":\"Vivre. La Vie. A l&#039;Ext\u00e9rieur.\",\"potentialAction\":[{\"@type\":\"SearchAction\",\"target\":{\"@type\":\"EntryPoint\",\"urlTemplate\":\"https:\\\/\\\/www.millboard.com\\\/fr-fr\\\/?s={search_term_string}\"},\"query-input\":{\"@type\":\"PropertyValueSpecification\",\"valueRequired\":true,\"valueName\":\"search_term_string\"}}],\"inLanguage\":\"fr-FR\"}]}<\/script>\n<!-- \/ Yoast SEO Premium plugin. -->","yoast_head_json":{"title":"S\u00e9curit\u00e9 des donn\u00e9es","description":"Millboard prot\u00e8ge vos donn\u00e9es par chiffrement, contr\u00f4le d'acc\u00e8s, conformit\u00e9 RGPD et surveillance continue. D\u00e9couvrez nos pratiques de s\u00e9curit\u00e9.","robots":{"index":"index","follow":"follow","max-snippet":"max-snippet:-1","max-image-preview":"max-image-preview:large","max-video-preview":"max-video-preview:-1"},"canonical":"https:\/\/www.millboard.com\/fr-fr\/centre-de-confiance\/apercu-de-la-securite\/","og_locale":"fr_FR","og_type":"article","og_title":"Aper\u00e7u de la s\u00e9curit\u00e9","og_description":"Millboard prot\u00e8ge vos donn\u00e9es par chiffrement, contr\u00f4le d'acc\u00e8s, conformit\u00e9 RGPD et surveillance continue. D\u00e9couvrez nos pratiques de s\u00e9curit\u00e9.","og_url":"https:\/\/www.millboard.com\/fr-fr\/centre-de-confiance\/apercu-de-la-securite\/","og_site_name":"FR-FR - Residential","article_modified_time":"2026-03-26T13:16:36+00:00","twitter_card":"summary_large_image","twitter_misc":{"Dur\u00e9e de lecture estim\u00e9e":"4 minutes"},"schema":{"@context":"https:\/\/schema.org","@graph":[{"@type":"WebPage","@id":"https:\/\/www.millboard.com\/fr-fr\/centre-de-confiance\/apercu-de-la-securite\/","url":"https:\/\/www.millboard.com\/fr-fr\/centre-de-confiance\/apercu-de-la-securite\/","name":"S\u00e9curit\u00e9 des donn\u00e9es","isPartOf":{"@id":"https:\/\/www.millboard.com\/fr-fr\/#website"},"datePublished":"2026-01-08T16:28:34+00:00","dateModified":"2026-03-26T13:16:36+00:00","description":"Millboard prot\u00e8ge vos donn\u00e9es par chiffrement, contr\u00f4le d'acc\u00e8s, conformit\u00e9 RGPD et surveillance continue. D\u00e9couvrez nos pratiques de s\u00e9curit\u00e9.","breadcrumb":{"@id":"https:\/\/www.millboard.com\/fr-fr\/centre-de-confiance\/apercu-de-la-securite\/#breadcrumb"},"inLanguage":"fr-FR","potentialAction":[{"@type":"ReadAction","target":["https:\/\/www.millboard.com\/fr-fr\/centre-de-confiance\/apercu-de-la-securite\/"]}]},{"@type":"BreadcrumbList","@id":"https:\/\/www.millboard.com\/fr-fr\/centre-de-confiance\/apercu-de-la-securite\/#breadcrumb","itemListElement":[{"@type":"ListItem","position":1,"name":"Home","item":"https:\/\/www.millboard.com\/fr-fr\/"},{"@type":"ListItem","position":2,"name":"Confidentialit\u00e9 &amp; S\u00e9curit\u00e9","item":"https:\/\/www.millboard.com\/fr-fr\/centre-de-confiance\/"},{"@type":"ListItem","position":3,"name":"Aper\u00e7u de la s\u00e9curit\u00e9"}]},{"@type":"WebSite","@id":"https:\/\/www.millboard.com\/fr-fr\/#website","url":"https:\/\/www.millboard.com\/fr-fr\/","name":"FR-FR - Residential","description":"Vivre. La Vie. A l&#039;Ext\u00e9rieur.","potentialAction":[{"@type":"SearchAction","target":{"@type":"EntryPoint","urlTemplate":"https:\/\/www.millboard.com\/fr-fr\/?s={search_term_string}"},"query-input":{"@type":"PropertyValueSpecification","valueRequired":true,"valueName":"search_term_string"}}],"inLanguage":"fr-FR"}]}},"_links":{"self":[{"href":"https:\/\/www.millboard.com\/fr-fr\/wp-json\/wp\/v2\/pages\/872","targetHints":{"allow":["GET"]}}],"collection":[{"href":"https:\/\/www.millboard.com\/fr-fr\/wp-json\/wp\/v2\/pages"}],"about":[{"href":"https:\/\/www.millboard.com\/fr-fr\/wp-json\/wp\/v2\/types\/page"}],"author":[{"embeddable":true,"href":"https:\/\/www.millboard.com\/fr-fr\/wp-json\/wp\/v2\/users\/10"}],"replies":[{"embeddable":true,"href":"https:\/\/www.millboard.com\/fr-fr\/wp-json\/wp\/v2\/comments?post=872"}],"version-history":[{"count":3,"href":"https:\/\/www.millboard.com\/fr-fr\/wp-json\/wp\/v2\/pages\/872\/revisions"}],"predecessor-version":[{"id":11268,"href":"https:\/\/www.millboard.com\/fr-fr\/wp-json\/wp\/v2\/pages\/872\/revisions\/11268"}],"up":[{"embeddable":true,"href":"https:\/\/www.millboard.com\/fr-fr\/wp-json\/wp\/v2\/pages\/772"}],"wp:attachment":[{"href":"https:\/\/www.millboard.com\/fr-fr\/wp-json\/wp\/v2\/media?parent=872"}],"curies":[{"name":"wp","href":"https:\/\/api.w.org\/{rel}","templated":true}]}}