{"id":9373,"date":"2026-02-11T12:31:57","date_gmt":"2026-02-11T12:31:57","guid":{"rendered":"https:\/\/www.millboard.com\/en-gb\/?page_id=5249"},"modified":"2026-03-26T14:04:42","modified_gmt":"2026-03-26T14:04:42","slug":"trouver-un-installateur","status":"publish","type":"page","link":"https:\/\/www.millboard.com\/fr-fr\/trouver-un-installateur\/","title":{"rendered":"Trouver un installateur"},"content":{"rendered":"<header class=\"page-header wp-block alignfull has-brand-6-background-color has-background page-header--type--page has-breadcrumbs\">\n    <div class=\"page-header__inner\">\n                    <!-- Breadcrumbs -->\n            <div class=\"page-header__breadcrumbs\">\n                <nav class=\"breadcrumbs\">\n    <span class=\"breadcrumbs__yoast-wrapper\"><span><a href=\"https:\/\/www.millboard.com\/fr-fr\/\">Home<\/a><\/span><\/span><\/nav>\n            <\/div>\n        \n        <div class=\"page-header__wrapper\">\n            <div class=\"page-header__image-wrapper page-header__image-wrapper--no-image\">\n                            <\/div>\n\n            <div class=\"page-header__content page-header__content--first\">\n                <div class=\"page-header__header\">\n                                            <div class=\"page-header__preheading\">\n                            R\u00e9pertoire d&rsquo;installation                        <\/div>\n                    \n                                            <h1 class=\"page-header__heading is-style-typestyle-h1\">Trouver un installateur<\/h1>\n                                    <\/div>\n\n                            <\/div>\n                <div class=\"page-header__content page-header__content--last\">\n                            \n                \n                            <\/div>\n        <\/div>\n    <\/div>\n\n            <div class=\"page-header__background\">\n            <div class=\"page-header__background-left\"><\/div>\n            <div class=\"page-header__background-top\"><\/div>\n            <div class=\"page-header__background-bottom\"><\/div>\n        <\/div>\n    <\/header>\n\n    <div class=\"woocommerce-notices-wrapper\"><\/div>\n\n<link rel=\"stylesheet\" href=\"https:\/\/unpkg.com\/leaflet@1.9.4\/dist\/leaflet.css\"\n    integrity=\"sha256-p4NxAoJBhIIN+hmNHrzRCf9tD\/miZyoHS5obTRR9BMY=\" crossorigin=\"\" \/>\n<link rel=\"stylesheet\" href=\"https:\/\/unpkg.com\/leaflet.fullscreen\/dist\/Control.FullScreen.css\" \/>\n\n<div class=\"map wp-block alignfull\">\n    <div class=\"map__search alignwide\">\n        <form class=\"map__search__form\" method=\"post\">\n            <div class=\"map__search__input-wrapper\">\n                <label class=\"map__search-label visually-hidden\" for=\"map-search-input\">\n                    Recherche                <\/label>\n\n                <input\n                    id=\"map-search-input\"\n                    type=\"text\"\n                    name=\"map--map--search\"\n                    class=\"map__search__input\"\n                    placeholder=\"Saisissez votre code postal, votre ville ou votre commune\"\n                >\n\n                <button type=\"submit\" class=\"g-button g-button--icon map__search__submit\">Recherche<\/button>\n            <\/div>\n\n                            <button type=\"button\" class=\"map__search__geolocate\">Trouver Installateurs pr\u00e8s de chez moi<\/button>\n            \n            <div class=\"map__distance\">\n                <label class=\"map__distance__label\" for=\"map-distance-select\">\n                    Distance                <\/label>\n\n                <select id=\"map-distance-select\" class=\"map__distance__input\">\n                    <option value=\"\">\n                        Tous                    <\/option>\n\n                                            <option value=\"10\">\n                            10 miles                        <\/option>\n                                            <option value=\"15\">\n                            15 miles                        <\/option>\n                                            <option value=\"25\">\n                            25 miles                        <\/option>\n                                            <option value=\"50\">\n                            50 miles                        <\/option>\n                                            <option value=\"100\">\n                            100 miles                        <\/option>\n                                            <option value=\"150\">\n                            150 miles                        <\/option>\n                                            <option value=\"250\">\n                            250 miles                        <\/option>\n                                            <option value=\"500\">\n                            500 miles                        <\/option>\n                                    <\/select>\n            <\/div>\n        <\/form>\n    <\/div>\n\n    <div class=\"map__body\">\n        <div class=\"map__tablist\">\n            <button aria-controls=\"map-sidebar\" type=\"button\" class=\"map__tab map__tab--active map__tab--list\">Liste<\/button>\n\n            <button aria-controls=\"map-container\" type=\"button\" class=\"map__tab map__tab--map\">Carte<\/button>\n        <\/div>\n\n        <div class=\"map__content alignwide\">\n            <div id=\"map-sidebar\" class=\"map__sidebar map__tab-panel\">\n                <h3 class=\"map__sidebar__heading\">Affichage : 3 r\u00e9sultats<\/h3>\n\n                <div class=\"map__items\">\n                                                                        <div data-map-item-lat=\"46.2632527\" data-map-item-lng=\"5.1733194\" class=\"map__listing\" id=\"10720\">\n    <h3 class=\"map__listing__title\">\n        Jeromes Concept    <\/h3>\n\n            <span class=\"map__listing__address\">\n            40 All\u00e9e des N\u00e9gociants, 01340 Attignat, France        <\/span>\n    \n            <a href=\"tel:04%2074%2025%2061%2010\" class=\"map__listing__phone\">04 74 25 61 10<\/a>\n    \n    <div class=\"map__listing__meta\"><\/div>\n\n    <a href=\"https:\/\/www.millboard.com\/fr-fr\/installers\/jeromes-concept\/\" class=\"map__listing__link\">Contactez installer<\/a>\n<\/div>\n                                                    <div data-map-item-lat=\"43.610534\" data-map-item-lng=\"6.975596\" class=\"map__listing\" id=\"10717\">\n    <h3 class=\"map__listing__title\">\n        Woodstone Project    <\/h3>\n\n            <span class=\"map__listing__address\">\n            224 Chemin de la Plaine, 06250 Mougins, France        <\/span>\n    \n            <a href=\"tel:334%2093%2008%2086%2037\" class=\"map__listing__phone\">334 93 08 86 37<\/a>\n    \n    <div class=\"map__listing__meta\"><\/div>\n\n    <a href=\"https:\/\/www.millboard.com\/fr-fr\/installers\/woodstone-project\/\" class=\"map__listing__link\">Contactez installer<\/a>\n<\/div>\n                                                    <div data-map-item-lat=\"43.5664208\" data-map-item-lng=\"3.8423572\" class=\"map__listing\" id=\"10715\">\n    <h3 class=\"map__listing__title\">\n        I Garden    <\/h3>\n\n            <span class=\"map__listing__address\">\n            3 Rue Cl\u00e9ment Ader, 34430 Saint-Jean-de-V\u00e9das, France        <\/span>\n    \n            <a href=\"tel:334%2011%2093%2043%2013\" class=\"map__listing__phone\">334 11 93 43 13<\/a>\n    \n    <div class=\"map__listing__meta\"><\/div>\n\n    <a href=\"https:\/\/www.millboard.com\/fr-fr\/installers\/i-garden\/\" class=\"map__listing__link\">Contactez installer<\/a>\n<\/div>\n                                            \n                    <strong class=\"map__sidebar__no-content\">\n                        Veuillez essayer de supprimer les filtres ou d&#039;\u00e9largir votre zone de recherche.                    <\/strong>\n                <\/div>\n            <\/div>\n\n            <div id=\"map-container\" class=\"map__map-container map__tab-panel\">\n                <div id=\"leaflet-map-container\"><\/div>\n            <\/div>\n        <\/div>\n    <\/div>\n<\/div>\n\n\n\n<p><\/p>\n","protected":false},"excerpt":{"rendered":"","protected":false},"author":10,"featured_media":0,"parent":0,"menu_order":0,"comment_status":"closed","ping_status":"closed","template":"","meta":{"_acf_changed":false,"content-type":"","footnotes":""},"class_list":["post-9373","page","type-page","status-publish","hentry"],"acf":[],"yoast_head":"<!-- This site is optimized with the Yoast SEO Premium plugin v27.5 (Yoast SEO v27.5) - https:\/\/yoast.com\/product\/yoast-seo-premium-wordpress\/ -->\n<title>Trouver un installateur agr\u00e9\u00e9 Millboard en France<\/title>\n<meta name=\"description\" content=\"Trouvez un installateur agr\u00e9\u00e9 Millboard pr\u00e8s de chez vous en France pour la pose de votre terrasse ou bardage composite. R\u00e9seau de professionnels certifi\u00e9s.\" \/>\n<meta name=\"robots\" content=\"index, follow, max-snippet:-1, max-image-preview:large, max-video-preview:-1\" \/>\n<link rel=\"canonical\" href=\"https:\/\/www.millboard.com\/fr-fr\/trouver-un-installateur\/\" \/>\n<meta property=\"og:locale\" content=\"fr_FR\" \/>\n<meta property=\"og:type\" content=\"article\" \/>\n<meta property=\"og:title\" content=\"Trouver un installateur\" \/>\n<meta property=\"og:description\" content=\"Trouvez un installateur agr\u00e9\u00e9 Millboard pr\u00e8s de chez vous en France pour la pose de votre terrasse ou bardage composite. R\u00e9seau de professionnels certifi\u00e9s.\" \/>\n<meta property=\"og:url\" content=\"https:\/\/www.millboard.com\/fr-fr\/trouver-un-installateur\/\" \/>\n<meta property=\"og:site_name\" content=\"FR-FR - Residential\" \/>\n<meta property=\"article:modified_time\" content=\"2026-03-26T14:04:42+00:00\" \/>\n<meta name=\"twitter:card\" content=\"summary_large_image\" \/>\n<script type=\"application\/ld+json\" class=\"yoast-schema-graph\">{\"@context\":\"https:\\\/\\\/schema.org\",\"@graph\":[{\"@type\":\"WebPage\",\"@id\":\"https:\\\/\\\/www.millboard.com\\\/fr-fr\\\/trouver-un-installateur\\\/\",\"url\":\"https:\\\/\\\/www.millboard.com\\\/fr-fr\\\/trouver-un-installateur\\\/\",\"name\":\"Trouver un installateur agr\u00e9\u00e9 Millboard en France\",\"isPartOf\":{\"@id\":\"https:\\\/\\\/www.millboard.com\\\/fr-fr\\\/#website\"},\"datePublished\":\"2026-02-11T12:31:57+00:00\",\"dateModified\":\"2026-03-26T14:04:42+00:00\",\"description\":\"Trouvez un installateur agr\u00e9\u00e9 Millboard pr\u00e8s de chez vous en France pour la pose de votre terrasse ou bardage composite. R\u00e9seau de professionnels certifi\u00e9s.\",\"breadcrumb\":{\"@id\":\"https:\\\/\\\/www.millboard.com\\\/fr-fr\\\/trouver-un-installateur\\\/#breadcrumb\"},\"inLanguage\":\"fr-FR\",\"potentialAction\":[{\"@type\":\"ReadAction\",\"target\":[\"https:\\\/\\\/www.millboard.com\\\/fr-fr\\\/trouver-un-installateur\\\/\"]}]},{\"@type\":\"BreadcrumbList\",\"@id\":\"https:\\\/\\\/www.millboard.com\\\/fr-fr\\\/trouver-un-installateur\\\/#breadcrumb\",\"itemListElement\":[{\"@type\":\"ListItem\",\"position\":1,\"name\":\"Home\",\"item\":\"https:\\\/\\\/www.millboard.com\\\/fr-fr\\\/\"},{\"@type\":\"ListItem\",\"position\":2,\"name\":\"Trouver un installateur\"}]},{\"@type\":\"WebSite\",\"@id\":\"https:\\\/\\\/www.millboard.com\\\/fr-fr\\\/#website\",\"url\":\"https:\\\/\\\/www.millboard.com\\\/fr-fr\\\/\",\"name\":\"FR-FR - Residential\",\"description\":\"Vivre. La Vie. A l&#039;Ext\u00e9rieur.\",\"potentialAction\":[{\"@type\":\"SearchAction\",\"target\":{\"@type\":\"EntryPoint\",\"urlTemplate\":\"https:\\\/\\\/www.millboard.com\\\/fr-fr\\\/?s={search_term_string}\"},\"query-input\":{\"@type\":\"PropertyValueSpecification\",\"valueRequired\":true,\"valueName\":\"search_term_string\"}}],\"inLanguage\":\"fr-FR\"}]}<\/script>\n<!-- \/ Yoast SEO Premium plugin. -->","yoast_head_json":{"title":"Trouver un installateur agr\u00e9\u00e9 Millboard en France","description":"Trouvez un installateur agr\u00e9\u00e9 Millboard pr\u00e8s de chez vous en France pour la pose de votre terrasse ou bardage composite. R\u00e9seau de professionnels certifi\u00e9s.","robots":{"index":"index","follow":"follow","max-snippet":"max-snippet:-1","max-image-preview":"max-image-preview:large","max-video-preview":"max-video-preview:-1"},"canonical":"https:\/\/www.millboard.com\/fr-fr\/trouver-un-installateur\/","og_locale":"fr_FR","og_type":"article","og_title":"Trouver un installateur","og_description":"Trouvez un installateur agr\u00e9\u00e9 Millboard pr\u00e8s de chez vous en France pour la pose de votre terrasse ou bardage composite. R\u00e9seau de professionnels certifi\u00e9s.","og_url":"https:\/\/www.millboard.com\/fr-fr\/trouver-un-installateur\/","og_site_name":"FR-FR - Residential","article_modified_time":"2026-03-26T14:04:42+00:00","twitter_card":"summary_large_image","schema":{"@context":"https:\/\/schema.org","@graph":[{"@type":"WebPage","@id":"https:\/\/www.millboard.com\/fr-fr\/trouver-un-installateur\/","url":"https:\/\/www.millboard.com\/fr-fr\/trouver-un-installateur\/","name":"Trouver un installateur agr\u00e9\u00e9 Millboard en France","isPartOf":{"@id":"https:\/\/www.millboard.com\/fr-fr\/#website"},"datePublished":"2026-02-11T12:31:57+00:00","dateModified":"2026-03-26T14:04:42+00:00","description":"Trouvez un installateur agr\u00e9\u00e9 Millboard pr\u00e8s de chez vous en France pour la pose de votre terrasse ou bardage composite. R\u00e9seau de professionnels certifi\u00e9s.","breadcrumb":{"@id":"https:\/\/www.millboard.com\/fr-fr\/trouver-un-installateur\/#breadcrumb"},"inLanguage":"fr-FR","potentialAction":[{"@type":"ReadAction","target":["https:\/\/www.millboard.com\/fr-fr\/trouver-un-installateur\/"]}]},{"@type":"BreadcrumbList","@id":"https:\/\/www.millboard.com\/fr-fr\/trouver-un-installateur\/#breadcrumb","itemListElement":[{"@type":"ListItem","position":1,"name":"Home","item":"https:\/\/www.millboard.com\/fr-fr\/"},{"@type":"ListItem","position":2,"name":"Trouver un installateur"}]},{"@type":"WebSite","@id":"https:\/\/www.millboard.com\/fr-fr\/#website","url":"https:\/\/www.millboard.com\/fr-fr\/","name":"FR-FR - Residential","description":"Vivre. La Vie. A l&#039;Ext\u00e9rieur.","potentialAction":[{"@type":"SearchAction","target":{"@type":"EntryPoint","urlTemplate":"https:\/\/www.millboard.com\/fr-fr\/?s={search_term_string}"},"query-input":{"@type":"PropertyValueSpecification","valueRequired":true,"valueName":"search_term_string"}}],"inLanguage":"fr-FR"}]}},"_links":{"self":[{"href":"https:\/\/www.millboard.com\/fr-fr\/wp-json\/wp\/v2\/pages\/9373","targetHints":{"allow":["GET"]}}],"collection":[{"href":"https:\/\/www.millboard.com\/fr-fr\/wp-json\/wp\/v2\/pages"}],"about":[{"href":"https:\/\/www.millboard.com\/fr-fr\/wp-json\/wp\/v2\/types\/page"}],"author":[{"embeddable":true,"href":"https:\/\/www.millboard.com\/fr-fr\/wp-json\/wp\/v2\/users\/10"}],"replies":[{"embeddable":true,"href":"https:\/\/www.millboard.com\/fr-fr\/wp-json\/wp\/v2\/comments?post=9373"}],"version-history":[{"count":2,"href":"https:\/\/www.millboard.com\/fr-fr\/wp-json\/wp\/v2\/pages\/9373\/revisions"}],"predecessor-version":[{"id":11251,"href":"https:\/\/www.millboard.com\/fr-fr\/wp-json\/wp\/v2\/pages\/9373\/revisions\/11251"}],"wp:attachment":[{"href":"https:\/\/www.millboard.com\/fr-fr\/wp-json\/wp\/v2\/media?parent=9373"}],"curies":[{"name":"wp","href":"https:\/\/api.w.org\/{rel}","templated":true}]}}