{"id":9374,"date":"2026-02-04T08:17:59","date_gmt":"2026-02-04T08:17:59","guid":{"rendered":"https:\/\/www.millboard.com\/en-gb\/?page_id=5905"},"modified":"2026-03-26T13:51:57","modified_gmt":"2026-03-26T13:51:57","slug":"lames-chant-et-contremarches","status":"publish","type":"page","link":"https:\/\/www.millboard.com\/fr-fr\/lames-chant-et-contremarches\/","title":{"rendered":"Lames-chant et Contremarches"},"content":{"rendered":"<header class=\"page-header wp-block alignfull has-brand-1-background-color has-background page-header--type--page has-breadcrumbs\">\n    <div class=\"page-header__inner\">\n                    <!-- Breadcrumbs -->\n            <div class=\"page-header__breadcrumbs\">\n                <nav class=\"breadcrumbs\">\n    <span class=\"breadcrumbs__yoast-wrapper\"><span><a href=\"https:\/\/www.millboard.com\/fr-fr\/\">Home<\/a><\/span><\/span><\/nav>\n            <\/div>\n        \n        <div class=\"page-header__wrapper\">\n            <div class=\"page-header__image-wrapper\">\n                                    <div class=\"page-header__image\">\n                        <div class=\"page-header__image-inner img-fit\">\n                            <img decoding=\"async\" width=\"768\" height=\"576\" src=\"https:\/\/www.millboard.com\/fr-fr\/wp-content\/uploads\/sites\/8\/2026\/02\/MEBB360D_Bullnose-Board_Smoked-Oak_Project-Imagery_Steps-and-Bench-768x576.jpg\" class=\"\" alt=\"\" fetchpriority=\"high\" data-spai-eager=\"1\" role=\"presentation\" loading=\"eager\" srcset=\"https:\/\/www.millboard.com\/fr-fr\/wp-content\/uploads\/sites\/8\/2026\/02\/MEBB360D_Bullnose-Board_Smoked-Oak_Project-Imagery_Steps-and-Bench-768x576.jpg 768w, https:\/\/www.millboard.com\/fr-fr\/wp-content\/uploads\/sites\/8\/2026\/02\/MEBB360D_Bullnose-Board_Smoked-Oak_Project-Imagery_Steps-and-Bench-300x225.jpg 300w, https:\/\/www.millboard.com\/fr-fr\/wp-content\/uploads\/sites\/8\/2026\/02\/MEBB360D_Bullnose-Board_Smoked-Oak_Project-Imagery_Steps-and-Bench-1024x768.jpg 1024w, https:\/\/www.millboard.com\/fr-fr\/wp-content\/uploads\/sites\/8\/2026\/02\/MEBB360D_Bullnose-Board_Smoked-Oak_Project-Imagery_Steps-and-Bench-600x450.jpg 600w, https:\/\/www.millboard.com\/fr-fr\/wp-content\/uploads\/sites\/8\/2026\/02\/MEBB360D_Bullnose-Board_Smoked-Oak_Project-Imagery_Steps-and-Bench.jpg 2000w\" sizes=\"(max-width: 768px) 100vw, 768px\" \/>                        <\/div>\n                    <\/div>\n                            <\/div>\n\n            <div class=\"page-header__content page-header__content--first\">\n                <div class=\"page-header__header\">\n                                            <div class=\"page-header__preheading\">\n                            Terrasse en composite                        <\/div>\n                    \n                                            <h1 class=\"page-header__heading is-style-typestyle-h1\">Lames-chant et Contremarches<\/h1>\n                                    <\/div>\n\n                            <\/div>\n                <div class=\"page-header__content page-header__content--last\">\n                                                <div class=\"page-header__description\">\n                        <p>La beaut\u00e9 d&rsquo;un espace Millboard r\u00e9side dans ses finitions. Notre gamme de bordures et de moulures offre une solution harmonieuse et agr\u00e9able au toucher pour les marches, les jardini\u00e8res et les si\u00e8ges ; ces finitions garantissent que chaque d\u00e9tail est aussi soign\u00e9 que l&rsquo;am\u00e9nagement paysager lui-m\u00eame. C&rsquo;est cette touche finale qui apporte une impression de continuit\u00e9 \u00e0 votre espace ext\u00e9rieur.<\/p>\n                    <\/div>\n                \n                \n                            <\/div>\n        <\/div>\n    <\/div>\n\n    <\/header>\n\n    <div class=\"woocommerce-notices-wrapper\"><\/div>\n\n<div data-link=\"false\" class=\"media-object media-content wp-block alignfull\" data-media=\"image\" data-media-type=\"image\" data-media-position=\"after\" data-orientation=\"horizontal\">\n    <div class=\"media-object__inner\">\n        \n        <div class=\"media-object__content flex-column\">\n                            <div class=\"media-object__meta-prefix\">\n                    Terrasse                <\/div>\n            \n            \n                            <div class=\"media-object__header flex-column\">\n                                            <h2 id=\"lames-chant-et-contremarches\" class=\"media-object__heading\">Lames-chant et Contremarches<\/h2>\n                    \n                                             <div class=\"media-object__subheading\">\n                            <p><strong>Flexible, polyvalente et esth\u00e9tique<\/strong><\/p>\n<p>Le chant carr\u00e9 flexible permet une bordure esth\u00e9tique et moderne pour votre terrasse arrondie.<\/p>\n                        <\/div>\n                     \n                                    <\/div>\n            \n            \n            \n                            <ul class=\"list list-reset--hard flex-column flex-column--mq-medium--row media-object__list media-object__buttons\">\n            <li class=\"list__item media-object__list__item\">\n            <a href=\"https:\/\/www.millboard.com\/fr-fr\/shop\/composite-decking\/square-step-edge-cedre-brule\/\" class=\"g-button--primary g-button\"><span >Chant carr\u00e9<\/span><\/a>\n        <\/li>\n    <\/ul>\n                    <\/div>\n\n                    <div class=\"media-object__media media-object__media--image  img-fit\">\n                                    <img decoding=\"async\" width=\"768\" height=\"524\" src=\"https:\/\/www.millboard.com\/fr-fr\/wp-content\/uploads\/sites\/8\/2026\/02\/square-edge-hero-768x524.jpg\" class=\"\" alt=\"\" role=\"presentation\" loading=\"lazy\" srcset=\"https:\/\/www.millboard.com\/fr-fr\/wp-content\/uploads\/sites\/8\/2026\/02\/square-edge-hero-768x524.jpg 768w, https:\/\/www.millboard.com\/fr-fr\/wp-content\/uploads\/sites\/8\/2026\/02\/square-edge-hero-300x205.jpg 300w, https:\/\/www.millboard.com\/fr-fr\/wp-content\/uploads\/sites\/8\/2026\/02\/square-edge-hero-1024x699.jpg 1024w, https:\/\/www.millboard.com\/fr-fr\/wp-content\/uploads\/sites\/8\/2026\/02\/square-edge-hero-600x410.jpg 600w, https:\/\/www.millboard.com\/fr-fr\/wp-content\/uploads\/sites\/8\/2026\/02\/square-edge-hero.jpg 2000w\" sizes=\"auto, (max-width: 768px) 100vw, 768px\" \/>                            <\/div>\n            <\/div>\n\n<\/div>\n\n\n<div data-link=\"false\" class=\"media-object media-content wp-block alignfull has-background has-brand-1-background-color\" data-media=\"image\" data-media-type=\"image\" data-media-position=\"before\" data-orientation=\"horizontal\">\n    <div class=\"media-object__inner\">\n                <div class=\"media-object__media img-fit \">\n\n                                    \n                    <img decoding=\"async\" width=\"768\" height=\"524\" src=\"https:\/\/www.millboard.com\/fr-fr\/wp-content\/uploads\/sites\/8\/2026\/02\/bullnose-board-hero-768x524.jpg\" class=\"\" alt=\"\" role=\"presentation\" loading=\"lazy\" srcset=\"https:\/\/www.millboard.com\/fr-fr\/wp-content\/uploads\/sites\/8\/2026\/02\/bullnose-board-hero-768x524.jpg 768w, https:\/\/www.millboard.com\/fr-fr\/wp-content\/uploads\/sites\/8\/2026\/02\/bullnose-board-hero-300x205.jpg 300w, https:\/\/www.millboard.com\/fr-fr\/wp-content\/uploads\/sites\/8\/2026\/02\/bullnose-board-hero-1024x699.jpg 1024w, https:\/\/www.millboard.com\/fr-fr\/wp-content\/uploads\/sites\/8\/2026\/02\/bullnose-board-hero-600x410.jpg 600w, https:\/\/www.millboard.com\/fr-fr\/wp-content\/uploads\/sites\/8\/2026\/02\/bullnose-board-hero.jpg 2000w\" sizes=\"auto, (max-width: 768px) 100vw, 768px\" \/>\n                                                <\/div>\n        \n        <div class=\"media-object__content flex-column\">\n                            <div class=\"media-object__meta-prefix\">\n                    Lames-chant et Contremarches                <\/div>\n            \n            \n                            <div class=\"media-object__header flex-column\">\n                                            <h2 id=\"chant-arrondi\" class=\"media-object__heading\">Chant arrondi<\/h2>\n                    \n                                             <div class=\"media-object__subheading\">\n                            <p><strong>La polyvalence du chant carr\u00e9 avec la courbe d&rsquo;une lame-chant arrondie<\/strong><br \/>\nLe chant arrondi flexible sert de bordure arrondie esth\u00e9tique et moderne pour votre terrasse, tout en prot\u00e9geant les points d\u2019usure gr\u00e2ce \u00e0 une couche en Lastane\u00ae plus \u00e9paisse.<\/p>\n                        <\/div>\n                     \n                                    <\/div>\n            \n            \n            \n                            <ul class=\"list list-reset--hard flex-column flex-column--mq-medium--row media-object__list media-object__buttons\">\n            <li class=\"list__item media-object__list__item\">\n            <a href=\"https:\/\/www.millboard.com\/fr-fr\/shop\/composite-decking\/bullnose-board-cedre-brule\/\" class=\"g-button--primary g-button\"><span >Chant arrondi<\/span><\/a>\n        <\/li>\n    <\/ul>\n                    <\/div>\n\n            <\/div>\n\n<\/div>\n\n\n<div data-link=\"false\" class=\"media-object media-content wp-block alignfull\" data-media=\"image\" data-media-type=\"image\" data-media-position=\"after\" data-orientation=\"horizontal\">\n    <div class=\"media-object__inner\">\n        \n        <div class=\"media-object__content flex-column\">\n                            <div class=\"media-object__meta-prefix\">\n                    Lames-chant et Contremarches                <\/div>\n            \n            \n                            <div class=\"media-object__header flex-column\">\n                                            <h2 id=\"lame-chant-arrondie\" class=\"media-object__heading\">Lame-chant arrondie<\/h2>\n                    \n                                             <div class=\"media-object__subheading\">\n                            <p><strong>La touche finale pour une sophistication ultime<\/strong><br \/>\nLes lames-chant arrondies offrent de multiples applications. Elles s\u2019utilisent comme bordure polyvalente et conviennent tout autant \u00e0 un \u00e9clairage sous le d\u00e9bord qu\u2019\u00e0 la pose de jardini\u00e8res et d\u2019assises, entre autres possibilit\u00e9s<\/p>\n                        <\/div>\n                     \n                                    <\/div>\n            \n            \n            \n                            <ul class=\"list list-reset--hard flex-column flex-column--mq-medium--row media-object__list media-object__buttons\">\n            <li class=\"list__item media-object__list__item\">\n            <a href=\"https:\/\/www.millboard.com\/fr-fr\/shop\/composite-decking\/bullnose-board-cedre-brule\/\" class=\"g-button--primary g-button\"><span >Lame-chant arrondie<\/span><\/a>\n        <\/li>\n    <\/ul>\n                    <\/div>\n\n                    <div class=\"media-object__media media-object__media--image  img-fit\">\n                                    <img decoding=\"async\" width=\"768\" height=\"524\" src=\"https:\/\/www.millboard.com\/fr-fr\/wp-content\/uploads\/sites\/8\/2026\/02\/flexible-bullnose-hero-768x524.jpg\" class=\"\" alt=\"\" role=\"presentation\" loading=\"lazy\" srcset=\"https:\/\/www.millboard.com\/fr-fr\/wp-content\/uploads\/sites\/8\/2026\/02\/flexible-bullnose-hero-768x524.jpg 768w, https:\/\/www.millboard.com\/fr-fr\/wp-content\/uploads\/sites\/8\/2026\/02\/flexible-bullnose-hero-300x205.jpg 300w, https:\/\/www.millboard.com\/fr-fr\/wp-content\/uploads\/sites\/8\/2026\/02\/flexible-bullnose-hero-1024x699.jpg 1024w, https:\/\/www.millboard.com\/fr-fr\/wp-content\/uploads\/sites\/8\/2026\/02\/flexible-bullnose-hero-600x410.jpg 600w, https:\/\/www.millboard.com\/fr-fr\/wp-content\/uploads\/sites\/8\/2026\/02\/flexible-bullnose-hero.jpg 2000w\" sizes=\"auto, (max-width: 768px) 100vw, 768px\" \/>                            <\/div>\n            <\/div>\n\n<\/div>\n\n\n<div data-link=\"false\" class=\"media-object media-content wp-block alignfull has-background has-brand-2-background-color\" data-media=\"image\" data-media-type=\"image\" data-media-position=\"before\" data-orientation=\"horizontal\">\n    <div class=\"media-object__inner\">\n                <div class=\"media-object__media img-fit \">\n\n                                    \n                    <img decoding=\"async\" width=\"768\" height=\"521\" src=\"https:\/\/www.millboard.com\/fr-fr\/wp-content\/uploads\/sites\/8\/2026\/01\/MFN360G_Fascia_Golden-Oak_and_MEBF50G_Flexible-Bullnose_Golden-Oak_Dual-1-scaled-1-768x521.jpg\" class=\"\" alt=\"\" role=\"presentation\" loading=\"lazy\" srcset=\"https:\/\/www.millboard.com\/fr-fr\/wp-content\/uploads\/sites\/8\/2026\/01\/MFN360G_Fascia_Golden-Oak_and_MEBF50G_Flexible-Bullnose_Golden-Oak_Dual-1-scaled-1-768x521.jpg 768w, https:\/\/www.millboard.com\/fr-fr\/wp-content\/uploads\/sites\/8\/2026\/01\/MFN360G_Fascia_Golden-Oak_and_MEBF50G_Flexible-Bullnose_Golden-Oak_Dual-1-scaled-1-300x204.jpg 300w, https:\/\/www.millboard.com\/fr-fr\/wp-content\/uploads\/sites\/8\/2026\/01\/MFN360G_Fascia_Golden-Oak_and_MEBF50G_Flexible-Bullnose_Golden-Oak_Dual-1-scaled-1-1024x695.jpg 1024w, https:\/\/www.millboard.com\/fr-fr\/wp-content\/uploads\/sites\/8\/2026\/01\/MFN360G_Fascia_Golden-Oak_and_MEBF50G_Flexible-Bullnose_Golden-Oak_Dual-1-scaled-1-2048x1389.jpg 2048w, https:\/\/www.millboard.com\/fr-fr\/wp-content\/uploads\/sites\/8\/2026\/01\/MFN360G_Fascia_Golden-Oak_and_MEBF50G_Flexible-Bullnose_Golden-Oak_Dual-1-scaled-1-600x407.jpg 600w\" sizes=\"auto, (max-width: 768px) 100vw, 768px\" \/>\n                                                <\/div>\n        \n        <div class=\"media-object__content flex-column\">\n                            <div class=\"media-object__meta-prefix\">\n                    Lames-chant et Contremarches                <\/div>\n            \n            \n                            <div class=\"media-object__header flex-column\">\n                                            <h2 id=\"contremarche\" class=\"media-object__heading\">Contremarche<\/h2>\n                    \n                                             <div class=\"media-object__subheading\">\n                            <p><strong>Indispensables pour les marches et les terrasses sur\u00e9lev\u00e9es<\/strong><br \/>\nLa collection des contremarches se marie en toute discr\u00e9tion avec les terrasses et lames-chant Millboard en \u00e9vitant toute rupture esth\u00e9tique et en dissimulant la structure.<\/p>\n                        <\/div>\n                     \n                                    <\/div>\n            \n            \n            \n                            <ul class=\"list list-reset--hard flex-column flex-column--mq-medium--row media-object__list media-object__buttons\">\n            <li class=\"list__item media-object__list__item\">\n            <a href=\"https:\/\/www.millboard.com\/fr-fr\/shop\/composite-decking\/fascia-board-basalte-brosse\/\" class=\"g-button--primary g-button\"><span >Contremarche<\/span><\/a>\n        <\/li>\n    <\/ul>\n                    <\/div>\n\n            <\/div>\n\n<\/div>\n\n\n<div class=\"navigation-tiles wp-block alignfull has-background has-brand-6-background-color\">\n    <div class=\"navigation-tiles__inner\">\n                    <div class=\"navigation-tiles__header\">\n                                    <div class=\"navigation-tiles__preheading is-style-typestyle-h6\">\n                        Planifiez votre espace                    <\/div>\n                                \n                                    <h2 id=\"des-outils-simples-et-une-assistance-experte\" class=\"navigation-tiles__heading\">\n                        Des outils simples et une assistance experte.                    <\/h2>\n                            <\/div>\n        \n                    <div class=\"navigation-tiles__tiles\">\n                                    <div class=\"navigation-tiles__tile\">\n                                                    <h3 class=\"navigation-tiles__tile-title\">\n                                Configurateur de terrasse                            <\/h3>\n                                                \n                                                    <div class=\"navigation-tiles__tile-description\">\n                                <p>Estimez les lames, fixations et structures n\u00e9cessaires pour votre projet.<\/p>\n                            <\/div>\n                                                \n                                                    <a target=\"_blank\" rel=\"noopener\" href=\"https:\/\/deckplanner.millboard.com\/#\/fr\" class=\"navigation-tiles__tile-cta g-button\">Ouvrir le configurateur<\/a>\n                                            <\/div>\n                                    <div class=\"navigation-tiles__tile\">\n                                                    <h3 class=\"navigation-tiles__tile-title\">\n                                Consultation design                            <\/h3>\n                                                \n                                                    <div class=\"navigation-tiles__tile-description\">\n                                <p>B\u00e9n\u00e9ficiez de conseils personnalis\u00e9s sur les agencements, couleurs et finitions.<\/p>\n                            <\/div>\n                                                \n                                                    <a target=\"_blank\" rel=\"noopener\" href=\"https:\/\/www.millboard.com\/fr-fr\/request-a-consultation\/\" class=\"navigation-tiles__tile-cta g-button\">demander consultation<\/a>\n                                            <\/div>\n                                    <div class=\"navigation-tiles__tile\">\n                                                    <h3 class=\"navigation-tiles__tile-title\">\n                                Guides d\u2019installation                            <\/h3>\n                                                \n                                                    <div class=\"navigation-tiles__tile-description\">\n                                <p>Instructions d\u00e9taill\u00e9es pour installer chaque collection.<\/p>\n                            <\/div>\n                                                \n                                                    <a target=\"_blank\" rel=\"noopener\" href=\"https:\/\/www.millboard.com\/fr-fr\/product-brochures\/\" class=\"navigation-tiles__tile-cta g-button\">Parcourir les guides<\/a>\n                                            <\/div>\n                                    <div class=\"navigation-tiles__tile\">\n                                                    <h3 class=\"navigation-tiles__tile-title\">\n                                \u00c9chantillons gratuits                             <\/h3>\n                                                \n                                                    <div class=\"navigation-tiles__tile-description\">\n                                <p>Commandez des \u00e9chantillons pour d\u00e9couvrir les textures et couleurs Millboard.<\/p>\n                            <\/div>\n                                                \n                                                    <a target=\"_blank\" rel=\"noopener\" href=\"https:\/\/www.millboard.com\/fr-fr\/product-category\/commander-des-echantillons-de-terrasses\/\" class=\"navigation-tiles__tile-cta g-button\">Commander \u00e9chantillons<\/a>\n                                            <\/div>\n                            <\/div>\n            <\/div>\n<\/div>\n","protected":false},"excerpt":{"rendered":"","protected":false},"author":10,"featured_media":0,"parent":0,"menu_order":0,"comment_status":"closed","ping_status":"closed","template":"","meta":{"_acf_changed":false,"content-type":"","footnotes":""},"class_list":["post-9374","page","type-page","status-publish","hentry"],"acf":[],"yoast_head":"<!-- This site is optimized with the Yoast SEO Premium plugin v27.5 (Yoast SEO v27.5) - https:\/\/yoast.com\/product\/yoast-seo-premium-wordpress\/ -->\n<title>Lames-chant &amp; contremarches terrasse composite<\/title>\n<meta name=\"description\" content=\"Lames-chant et contremarches Millboard : chant carr\u00e9, chant arrondi et Bullnose pour une finition soign\u00e9e de vos marches et bordures de terrasse.\" \/>\n<meta name=\"robots\" content=\"index, follow, max-snippet:-1, max-image-preview:large, max-video-preview:-1\" \/>\n<link rel=\"canonical\" href=\"https:\/\/www.millboard.com\/fr-fr\/lames-chant-et-contremarches\/\" \/>\n<meta property=\"og:locale\" content=\"fr_FR\" \/>\n<meta property=\"og:type\" content=\"article\" \/>\n<meta property=\"og:title\" content=\"Lames-chant et Contremarches\" \/>\n<meta property=\"og:description\" content=\"Lames-chant et contremarches Millboard : chant carr\u00e9, chant arrondi et Bullnose pour une finition soign\u00e9e de vos marches et bordures de terrasse.\" \/>\n<meta property=\"og:url\" content=\"https:\/\/www.millboard.com\/fr-fr\/lames-chant-et-contremarches\/\" \/>\n<meta property=\"og:site_name\" content=\"FR-FR - Residential\" \/>\n<meta property=\"article:modified_time\" content=\"2026-03-26T13:51:57+00:00\" \/>\n<meta name=\"twitter:card\" content=\"summary_large_image\" \/>\n<meta name=\"twitter:label1\" content=\"Dur\u00e9e de lecture estim\u00e9e\" \/>\n\t<meta name=\"twitter:data1\" content=\"2 minutes\" \/>\n<script type=\"application\/ld+json\" class=\"yoast-schema-graph\">{\"@context\":\"https:\\\/\\\/schema.org\",\"@graph\":[{\"@type\":\"WebPage\",\"@id\":\"https:\\\/\\\/www.millboard.com\\\/fr-fr\\\/lames-chant-et-contremarches\\\/\",\"url\":\"https:\\\/\\\/www.millboard.com\\\/fr-fr\\\/lames-chant-et-contremarches\\\/\",\"name\":\"Lames-chant & contremarches terrasse composite\",\"isPartOf\":{\"@id\":\"https:\\\/\\\/www.millboard.com\\\/fr-fr\\\/#website\"},\"datePublished\":\"2026-02-04T08:17:59+00:00\",\"dateModified\":\"2026-03-26T13:51:57+00:00\",\"description\":\"Lames-chant et contremarches Millboard : chant carr\u00e9, chant arrondi et Bullnose pour une finition soign\u00e9e de vos marches et bordures de terrasse.\",\"breadcrumb\":{\"@id\":\"https:\\\/\\\/www.millboard.com\\\/fr-fr\\\/lames-chant-et-contremarches\\\/#breadcrumb\"},\"inLanguage\":\"fr-FR\",\"potentialAction\":[{\"@type\":\"ReadAction\",\"target\":[\"https:\\\/\\\/www.millboard.com\\\/fr-fr\\\/lames-chant-et-contremarches\\\/\"]}]},{\"@type\":\"BreadcrumbList\",\"@id\":\"https:\\\/\\\/www.millboard.com\\\/fr-fr\\\/lames-chant-et-contremarches\\\/#breadcrumb\",\"itemListElement\":[{\"@type\":\"ListItem\",\"position\":1,\"name\":\"Home\",\"item\":\"https:\\\/\\\/www.millboard.com\\\/fr-fr\\\/\"},{\"@type\":\"ListItem\",\"position\":2,\"name\":\"Lames-chant et Contremarches\"}]},{\"@type\":\"WebSite\",\"@id\":\"https:\\\/\\\/www.millboard.com\\\/fr-fr\\\/#website\",\"url\":\"https:\\\/\\\/www.millboard.com\\\/fr-fr\\\/\",\"name\":\"FR-FR - Residential\",\"description\":\"Vivre. La Vie. A l&#039;Ext\u00e9rieur.\",\"potentialAction\":[{\"@type\":\"SearchAction\",\"target\":{\"@type\":\"EntryPoint\",\"urlTemplate\":\"https:\\\/\\\/www.millboard.com\\\/fr-fr\\\/?s={search_term_string}\"},\"query-input\":{\"@type\":\"PropertyValueSpecification\",\"valueRequired\":true,\"valueName\":\"search_term_string\"}}],\"inLanguage\":\"fr-FR\"}]}<\/script>\n<!-- \/ Yoast SEO Premium plugin. -->","yoast_head_json":{"title":"Lames-chant & contremarches terrasse composite","description":"Lames-chant et contremarches Millboard : chant carr\u00e9, chant arrondi et Bullnose pour une finition soign\u00e9e de vos marches et bordures de terrasse.","robots":{"index":"index","follow":"follow","max-snippet":"max-snippet:-1","max-image-preview":"max-image-preview:large","max-video-preview":"max-video-preview:-1"},"canonical":"https:\/\/www.millboard.com\/fr-fr\/lames-chant-et-contremarches\/","og_locale":"fr_FR","og_type":"article","og_title":"Lames-chant et Contremarches","og_description":"Lames-chant et contremarches Millboard : chant carr\u00e9, chant arrondi et Bullnose pour une finition soign\u00e9e de vos marches et bordures de terrasse.","og_url":"https:\/\/www.millboard.com\/fr-fr\/lames-chant-et-contremarches\/","og_site_name":"FR-FR - Residential","article_modified_time":"2026-03-26T13:51:57+00:00","twitter_card":"summary_large_image","twitter_misc":{"Dur\u00e9e de lecture estim\u00e9e":"2 minutes"},"schema":{"@context":"https:\/\/schema.org","@graph":[{"@type":"WebPage","@id":"https:\/\/www.millboard.com\/fr-fr\/lames-chant-et-contremarches\/","url":"https:\/\/www.millboard.com\/fr-fr\/lames-chant-et-contremarches\/","name":"Lames-chant & contremarches terrasse composite","isPartOf":{"@id":"https:\/\/www.millboard.com\/fr-fr\/#website"},"datePublished":"2026-02-04T08:17:59+00:00","dateModified":"2026-03-26T13:51:57+00:00","description":"Lames-chant et contremarches Millboard : chant carr\u00e9, chant arrondi et Bullnose pour une finition soign\u00e9e de vos marches et bordures de terrasse.","breadcrumb":{"@id":"https:\/\/www.millboard.com\/fr-fr\/lames-chant-et-contremarches\/#breadcrumb"},"inLanguage":"fr-FR","potentialAction":[{"@type":"ReadAction","target":["https:\/\/www.millboard.com\/fr-fr\/lames-chant-et-contremarches\/"]}]},{"@type":"BreadcrumbList","@id":"https:\/\/www.millboard.com\/fr-fr\/lames-chant-et-contremarches\/#breadcrumb","itemListElement":[{"@type":"ListItem","position":1,"name":"Home","item":"https:\/\/www.millboard.com\/fr-fr\/"},{"@type":"ListItem","position":2,"name":"Lames-chant et Contremarches"}]},{"@type":"WebSite","@id":"https:\/\/www.millboard.com\/fr-fr\/#website","url":"https:\/\/www.millboard.com\/fr-fr\/","name":"FR-FR - Residential","description":"Vivre. La Vie. A l&#039;Ext\u00e9rieur.","potentialAction":[{"@type":"SearchAction","target":{"@type":"EntryPoint","urlTemplate":"https:\/\/www.millboard.com\/fr-fr\/?s={search_term_string}"},"query-input":{"@type":"PropertyValueSpecification","valueRequired":true,"valueName":"search_term_string"}}],"inLanguage":"fr-FR"}]}},"_links":{"self":[{"href":"https:\/\/www.millboard.com\/fr-fr\/wp-json\/wp\/v2\/pages\/9374","targetHints":{"allow":["GET"]}}],"collection":[{"href":"https:\/\/www.millboard.com\/fr-fr\/wp-json\/wp\/v2\/pages"}],"about":[{"href":"https:\/\/www.millboard.com\/fr-fr\/wp-json\/wp\/v2\/types\/page"}],"author":[{"embeddable":true,"href":"https:\/\/www.millboard.com\/fr-fr\/wp-json\/wp\/v2\/users\/10"}],"replies":[{"embeddable":true,"href":"https:\/\/www.millboard.com\/fr-fr\/wp-json\/wp\/v2\/comments?post=9374"}],"version-history":[{"count":10,"href":"https:\/\/www.millboard.com\/fr-fr\/wp-json\/wp\/v2\/pages\/9374\/revisions"}],"predecessor-version":[{"id":11201,"href":"https:\/\/www.millboard.com\/fr-fr\/wp-json\/wp\/v2\/pages\/9374\/revisions\/11201"}],"wp:attachment":[{"href":"https:\/\/www.millboard.com\/fr-fr\/wp-json\/wp\/v2\/media?parent=9374"}],"curies":[{"name":"wp","href":"https:\/\/api.w.org\/{rel}","templated":true}]}}